{"id":364,"date":"2023-06-19T13:50:15","date_gmt":"2023-06-19T17:50:15","guid":{"rendered":"https:\/\/www.manaus.am.gov.br\/implurb\/?page_id=364"},"modified":"2023-08-02T10:17:09","modified_gmt":"2023-08-02T14:17:09","slug":"nossa-historia","status":"publish","type":"page","link":"https:\/\/www.manaus.am.gov.br\/implurb\/o-implurb\/nossa-historia\/","title":{"rendered":"Nossa Hist\u00f3ria"},"content":{"rendered":"\n<p>O Instituto Municipal de Planejamento Urbano (Implurb) entrou em vigor com a necessidade de dar continuidade \u00e0s atribui\u00e7\u00f5es e compet\u00eancias da antiga Empresa Municipal de Urbaniza\u00e7\u00e3o (Urbam), extinta pelo Decreto n\u00ba. 6.744, de 14 de abril de 2003. Entre os objetivos iniciais do Implurb destacam-se a defini\u00e7\u00e3o das diretrizes do desenvolvimento urbano da cidade; planejamento e ordena\u00e7\u00e3o da ocupa\u00e7\u00e3o do solo; disciplina sobre a utiliza\u00e7\u00e3o dos espa\u00e7os urbanos, descritos na Lei n\u00ba. 687 de 13 de dezembro de 2002.<\/p>\n\n\n\n<p>Em 2006, conforme Lei n\u00ba. 941, de 20 de janeiro, o Implurb foi reestruturado, sendo vinculado \u00e0 Secretaria Municipal de Desenvolvimento Urbano (Semdurb) e atuando no setor do planejamento urbano do munic\u00edpio de Manaus. Foram criados os cargos de diretor-presidente, superintendente, al\u00e9m da comiss\u00e3o de coordena\u00e7\u00e3o e assessoramento.<\/p>\n\n\n\n<p>Em 2009, o Implurb passou a gerir o Sistema Municipal de Planejamento Urbano e a definir pol\u00edticas de controle do desenvolvimento urbano com base no Plano Diretor Urbano Ambiental de Manaus, tornando-se o \u00f3rg\u00e3o executivo na cidade. A administra\u00e7\u00e3o passou a ser composta por um diretor-presidente, um vice-presidente e tr\u00eas diretores. A Secretaria Municipal de Desenvolvimento Urbano foi extinta e suas atribui\u00e7\u00f5es transferidas para o Implurb.<\/p>\n\n\n\n<h2 class=\"wp-block-heading\">O que \u00e9 Planejamento Urbano?<\/h2>\n\n\n\n<p>Planejamento. Essa \u00e9 uma das solu\u00e7\u00f5es encontradas pela Prefeitura de Manaus para solucionar os problemas urbanos mais vis\u00edveis da capital amazonense. E o trunfo para a execu\u00e7\u00e3o desse planejamento come\u00e7ou com a elabora\u00e7\u00e3o do Plano Diretor Urbano e Ambiental (PDM), uma iniciativa exclusiva do executivo municipal e que chegou ao \u00e1pice com a cria\u00e7\u00e3o do Instituto Municipal de Planejamento Urbano (Implurb).<\/p>\n\n\n\n<p>No Plano Diretor, a cria\u00e7\u00e3o das regras que definir\u00e3o os rumos de crescimento da Manaus do s\u00e9culo 21 n\u00e3o s\u00f3 passou por t\u00e9cnicos especializados das \u00e1reas de arquitetura e urbanismo e da consultoria do Instituto Brasileiro de Administra\u00e7\u00e3o Municipal (Ibam), como, primordialmente passou por uma ampla discuss\u00e3o com a sociedade<\/p>\n\n\n\n<p>A discuss\u00e3o com a sociedade foi em 2001 com a realiza\u00e7\u00e3o de dois grandes semin\u00e1rios apenas para receber propostas a serem colocadas em pr\u00e1tica por meio do PDM. O trabalho durou dez meses e teve a colabora\u00e7\u00e3o de entidades governamentais, associa\u00e7\u00f5es de bairros, t\u00e9cnicos de empresas concession\u00e1rias de servi\u00e7os, estudantes, enfim, grupos representativos da sociedade organizada.<\/p>\n\n\n\n<p>O planejamento urbano \u00e9 um conceito antigo, mas uma necessidade evidente numa cidade que cresceu mais do que o poder p\u00fablico era capaz de acompanhar. A solu\u00e7\u00e3o dos problemas resultantes do crescimento desordenado e extremamente acelerado dependem de iniciativas ousadas. Exemplo da cria\u00e7\u00e3o do novo Plano Diretor Urbano Ambiental que levou 20 anos para ser adequado \u00e0s necessidades da \u201cMetr\u00f3pole da Amaz\u00f4nia\u201d.<\/p>\n","protected":false},"excerpt":{"rendered":"","protected":false},"author":27,"featured_media":0,"parent":366,"menu_order":0,"comment_status":"closed","ping_status":"closed","template":"templates\/turismo.php","meta":{"footnotes":""},"acf":[],"yoast_head":"<!-- This site is optimized with the Yoast SEO plugin v23.0 - https:\/\/yoast.com\/wordpress\/plugins\/seo\/ -->\n<title>Nossa Hist\u00f3ria - IMPLURB<\/title>\n<meta name=\"robots\" content=\"noindex, follow\" \/>\n<meta property=\"og:locale\" content=\"pt_BR\" \/>\n<meta property=\"og:type\" content=\"article\" \/>\n<meta property=\"og:title\" content=\"Nossa Hist\u00f3ria - IMPLURB\" \/>\n<meta property=\"og:url\" content=\"https:\/\/www.manaus.am.gov.br\/implurb\/o-implurb\/nossa-historia\/\" \/>\n<meta property=\"og:site_name\" content=\"IMPLURB\" \/>\n<meta property=\"article:modified_time\" content=\"2023-08-02T14:17:09+00:00\" \/>\n<meta name=\"twitter:card\" content=\"summary_large_image\" \/>\n<meta name=\"twitter:label1\" content=\"Est. reading time\" \/>\n\t<meta name=\"twitter:data1\" content=\"3 minutos\" \/>\n<script type=\"application\/ld+json\" class=\"yoast-schema-graph\">{\"@context\":\"https:\/\/schema.org\",\"@graph\":[{\"@type\":\"WebPage\",\"@id\":\"https:\/\/www.manaus.am.gov.br\/implurb\/o-implurb\/nossa-historia\/\",\"url\":\"https:\/\/www.manaus.am.gov.br\/implurb\/o-implurb\/nossa-historia\/\",\"name\":\"Nossa Hist\u00f3ria - IMPLURB\",\"isPartOf\":{\"@id\":\"https:\/\/www.manaus.am.gov.br\/implurb\/#website\"},\"datePublished\":\"2023-06-19T17:50:15+00:00\",\"dateModified\":\"2023-08-02T14:17:09+00:00\",\"breadcrumb\":{\"@id\":\"https:\/\/www.manaus.am.gov.br\/implurb\/o-implurb\/nossa-historia\/#breadcrumb\"},\"inLanguage\":\"pt-BR\",\"potentialAction\":[{\"@type\":\"ReadAction\",\"target\":[\"https:\/\/www.manaus.am.gov.br\/implurb\/o-implurb\/nossa-historia\/\"]}]},{\"@type\":\"BreadcrumbList\",\"@id\":\"https:\/\/www.manaus.am.gov.br\/implurb\/o-implurb\/nossa-historia\/#breadcrumb\",\"itemListElement\":[{\"@type\":\"ListItem\",\"position\":1,\"name\":\"Home\",\"item\":\"https:\/\/www.manaus.am.gov.br\/implurb\/\"},{\"@type\":\"ListItem\",\"position\":2,\"name\":\"O IMPLURB\",\"item\":\"https:\/\/www.manaus.am.gov.br\/implurb\/o-implurb\/\"},{\"@type\":\"ListItem\",\"position\":3,\"name\":\"Nossa Hist\u00f3ria\"}]},{\"@type\":\"WebSite\",\"@id\":\"https:\/\/www.manaus.am.gov.br\/implurb\/#website\",\"url\":\"https:\/\/www.manaus.am.gov.br\/implurb\/\",\"name\":\"IMPLURB\",\"description\":\"Prefeitura de Manaus\",\"potentialAction\":[{\"@type\":\"SearchAction\",\"target\":{\"@type\":\"EntryPoint\",\"urlTemplate\":\"https:\/\/www.manaus.am.gov.br\/implurb\/?s={search_term_string}\"},\"query-input\":\"required name=search_term_string\"}],\"inLanguage\":\"pt-BR\"}]}<\/script>\n<!-- \/ Yoast SEO plugin. -->","yoast_head_json":{"title":"Nossa Hist\u00f3ria - IMPLURB","robots":{"index":"noindex","follow":"follow"},"og_locale":"pt_BR","og_type":"article","og_title":"Nossa Hist\u00f3ria - IMPLURB","og_url":"https:\/\/www.manaus.am.gov.br\/implurb\/o-implurb\/nossa-historia\/","og_site_name":"IMPLURB","article_modified_time":"2023-08-02T14:17:09+00:00","twitter_card":"summary_large_image","twitter_misc":{"Est. reading time":"3 minutos"},"schema":{"@context":"https:\/\/schema.org","@graph":[{"@type":"WebPage","@id":"https:\/\/www.manaus.am.gov.br\/implurb\/o-implurb\/nossa-historia\/","url":"https:\/\/www.manaus.am.gov.br\/implurb\/o-implurb\/nossa-historia\/","name":"Nossa Hist\u00f3ria - IMPLURB","isPartOf":{"@id":"https:\/\/www.manaus.am.gov.br\/implurb\/#website"},"datePublished":"2023-06-19T17:50:15+00:00","dateModified":"2023-08-02T14:17:09+00:00","breadcrumb":{"@id":"https:\/\/www.manaus.am.gov.br\/implurb\/o-implurb\/nossa-historia\/#breadcrumb"},"inLanguage":"pt-BR","potentialAction":[{"@type":"ReadAction","target":["https:\/\/www.manaus.am.gov.br\/implurb\/o-implurb\/nossa-historia\/"]}]},{"@type":"BreadcrumbList","@id":"https:\/\/www.manaus.am.gov.br\/implurb\/o-implurb\/nossa-historia\/#breadcrumb","itemListElement":[{"@type":"ListItem","position":1,"name":"Home","item":"https:\/\/www.manaus.am.gov.br\/implurb\/"},{"@type":"ListItem","position":2,"name":"O IMPLURB","item":"https:\/\/www.manaus.am.gov.br\/implurb\/o-implurb\/"},{"@type":"ListItem","position":3,"name":"Nossa Hist\u00f3ria"}]},{"@type":"WebSite","@id":"https:\/\/www.manaus.am.gov.br\/implurb\/#website","url":"https:\/\/www.manaus.am.gov.br\/implurb\/","name":"IMPLURB","description":"Prefeitura de Manaus","potentialAction":[{"@type":"SearchAction","target":{"@type":"EntryPoint","urlTemplate":"https:\/\/www.manaus.am.gov.br\/implurb\/?s={search_term_string}"},"query-input":"required name=search_term_string"}],"inLanguage":"pt-BR"}]}},"_links":{"self":[{"href":"https:\/\/www.manaus.am.gov.br\/implurb\/wp-json\/wp\/v2\/pages\/364"}],"collection":[{"href":"https:\/\/www.manaus.am.gov.br\/implurb\/wp-json\/wp\/v2\/pages"}],"about":[{"href":"https:\/\/www.manaus.am.gov.br\/implurb\/wp-json\/wp\/v2\/types\/page"}],"author":[{"embeddable":true,"href":"https:\/\/www.manaus.am.gov.br\/implurb\/wp-json\/wp\/v2\/users\/27"}],"replies":[{"embeddable":true,"href":"https:\/\/www.manaus.am.gov.br\/implurb\/wp-json\/wp\/v2\/comments?post=364"}],"version-history":[{"count":3,"href":"https:\/\/www.manaus.am.gov.br\/implurb\/wp-json\/wp\/v2\/pages\/364\/revisions"}],"predecessor-version":[{"id":1855,"href":"https:\/\/www.manaus.am.gov.br\/implurb\/wp-json\/wp\/v2\/pages\/364\/revisions\/1855"}],"up":[{"embeddable":true,"href":"https:\/\/www.manaus.am.gov.br\/implurb\/wp-json\/wp\/v2\/pages\/366"}],"wp:attachment":[{"href":"https:\/\/www.manaus.am.gov.br\/implurb\/wp-json\/wp\/v2\/media?parent=364"}],"curies":[{"name":"wp","href":"https:\/\/api.w.org\/{rel}","templated":true}]}}