{"id":1950,"date":"2023-08-02T13:59:03","date_gmt":"2023-08-02T17:59:03","guid":{"rendered":"https:\/\/www.manaus.am.gov.br\/implurb\/?page_id=1950"},"modified":"2023-08-03T09:30:58","modified_gmt":"2023-08-03T13:30:58","slug":"comissao-tecnica-de-planejamento-e-controle-urbano-ctpcu","status":"publish","type":"page","link":"https:\/\/www.manaus.am.gov.br\/implurb\/orgaos-colegiados\/comissao-tecnica-de-planejamento-e-controle-urbano-ctpcu\/","title":{"rendered":"Comiss\u00e3o T\u00e9cnica de Planejamento e Controle Urbano &#8211; CTPCU"},"content":{"rendered":"\n<p>A Comiss\u00e3o T\u00e9cnica de Planejamento e Controle Urbano \u2013 CTPCU, comp\u00f5e, em car\u00e1ter permanente, juntamente com os \u00f3rg\u00e3os da Administra\u00e7\u00e3o Direta e Indireta e com o Conselho Municipal de Desenvolvimento Urbano \u2013 CMDU, o Sistema Municipal de Planejamento Urbano.<\/p>\n\n\n\n<h2 class=\"wp-block-heading\"><a href=\"https:\/\/www.manaus.am.gov.br\/implurb\/orgaos-colegiados\/ctpcu\/\" target=\"_blank\" rel=\"noreferrer noopener\">Atas<\/a><\/h2>\n","protected":false},"excerpt":{"rendered":"","protected":false},"author":27,"featured_media":0,"parent":570,"menu_order":0,"comment_status":"closed","ping_status":"closed","template":"templates\/turismo.php","meta":{"footnotes":""},"acf":[],"yoast_head":"<!-- This site is optimized with the Yoast SEO plugin v23.0 - https:\/\/yoast.com\/wordpress\/plugins\/seo\/ -->\n<title>Comiss\u00e3o T\u00e9cnica de Planejamento e Controle Urbano - CTPCU - IMPLURB<\/title>\n<meta name=\"robots\" content=\"noindex, follow\" \/>\n<meta property=\"og:locale\" content=\"pt_BR\" \/>\n<meta property=\"og:type\" content=\"article\" \/>\n<meta property=\"og:title\" content=\"Comiss\u00e3o T\u00e9cnica de Planejamento e Controle Urbano - CTPCU - IMPLURB\" \/>\n<meta property=\"og:url\" content=\"https:\/\/www.manaus.am.gov.br\/implurb\/orgaos-colegiados\/comissao-tecnica-de-planejamento-e-controle-urbano-ctpcu\/\" \/>\n<meta property=\"og:site_name\" content=\"IMPLURB\" \/>\n<meta property=\"article:modified_time\" content=\"2023-08-03T13:30:58+00:00\" \/>\n<meta name=\"twitter:card\" content=\"summary_large_image\" \/>\n<meta name=\"twitter:label1\" content=\"Est. reading time\" \/>\n\t<meta name=\"twitter:data1\" content=\"1 minuto\" \/>\n<script type=\"application\/ld+json\" class=\"yoast-schema-graph\">{\"@context\":\"https:\/\/schema.org\",\"@graph\":[{\"@type\":\"WebPage\",\"@id\":\"https:\/\/www.manaus.am.gov.br\/implurb\/orgaos-colegiados\/comissao-tecnica-de-planejamento-e-controle-urbano-ctpcu\/\",\"url\":\"https:\/\/www.manaus.am.gov.br\/implurb\/orgaos-colegiados\/comissao-tecnica-de-planejamento-e-controle-urbano-ctpcu\/\",\"name\":\"Comiss\u00e3o T\u00e9cnica de Planejamento e Controle Urbano - CTPCU - IMPLURB\",\"isPartOf\":{\"@id\":\"https:\/\/www.manaus.am.gov.br\/implurb\/#website\"},\"datePublished\":\"2023-08-02T17:59:03+00:00\",\"dateModified\":\"2023-08-03T13:30:58+00:00\",\"breadcrumb\":{\"@id\":\"https:\/\/www.manaus.am.gov.br\/implurb\/orgaos-colegiados\/comissao-tecnica-de-planejamento-e-controle-urbano-ctpcu\/#breadcrumb\"},\"inLanguage\":\"pt-BR\",\"potentialAction\":[{\"@type\":\"ReadAction\",\"target\":[\"https:\/\/www.manaus.am.gov.br\/implurb\/orgaos-colegiados\/comissao-tecnica-de-planejamento-e-controle-urbano-ctpcu\/\"]}]},{\"@type\":\"BreadcrumbList\",\"@id\":\"https:\/\/www.manaus.am.gov.br\/implurb\/orgaos-colegiados\/comissao-tecnica-de-planejamento-e-controle-urbano-ctpcu\/#breadcrumb\",\"itemListElement\":[{\"@type\":\"ListItem\",\"position\":1,\"name\":\"Home\",\"item\":\"https:\/\/www.manaus.am.gov.br\/implurb\/\"},{\"@type\":\"ListItem\",\"position\":2,\"name\":\"Org\u00e3os do Colegiado\",\"item\":\"https:\/\/www.manaus.am.gov.br\/implurb\/orgaos-colegiados\/\"},{\"@type\":\"ListItem\",\"position\":3,\"name\":\"Comiss\u00e3o T\u00e9cnica de Planejamento e Controle Urbano &#8211; CTPCU\"}]},{\"@type\":\"WebSite\",\"@id\":\"https:\/\/www.manaus.am.gov.br\/implurb\/#website\",\"url\":\"https:\/\/www.manaus.am.gov.br\/implurb\/\",\"name\":\"IMPLURB\",\"description\":\"Prefeitura de Manaus\",\"potentialAction\":[{\"@type\":\"SearchAction\",\"target\":{\"@type\":\"EntryPoint\",\"urlTemplate\":\"https:\/\/www.manaus.am.gov.br\/implurb\/?s={search_term_string}\"},\"query-input\":\"required name=search_term_string\"}],\"inLanguage\":\"pt-BR\"}]}<\/script>\n<!-- \/ Yoast SEO plugin. -->","yoast_head_json":{"title":"Comiss\u00e3o T\u00e9cnica de Planejamento e Controle Urbano - CTPCU - IMPLURB","robots":{"index":"noindex","follow":"follow"},"og_locale":"pt_BR","og_type":"article","og_title":"Comiss\u00e3o T\u00e9cnica de Planejamento e Controle Urbano - CTPCU - IMPLURB","og_url":"https:\/\/www.manaus.am.gov.br\/implurb\/orgaos-colegiados\/comissao-tecnica-de-planejamento-e-controle-urbano-ctpcu\/","og_site_name":"IMPLURB","article_modified_time":"2023-08-03T13:30:58+00:00","twitter_card":"summary_large_image","twitter_misc":{"Est. reading time":"1 minuto"},"schema":{"@context":"https:\/\/schema.org","@graph":[{"@type":"WebPage","@id":"https:\/\/www.manaus.am.gov.br\/implurb\/orgaos-colegiados\/comissao-tecnica-de-planejamento-e-controle-urbano-ctpcu\/","url":"https:\/\/www.manaus.am.gov.br\/implurb\/orgaos-colegiados\/comissao-tecnica-de-planejamento-e-controle-urbano-ctpcu\/","name":"Comiss\u00e3o T\u00e9cnica de Planejamento e Controle Urbano - CTPCU - IMPLURB","isPartOf":{"@id":"https:\/\/www.manaus.am.gov.br\/implurb\/#website"},"datePublished":"2023-08-02T17:59:03+00:00","dateModified":"2023-08-03T13:30:58+00:00","breadcrumb":{"@id":"https:\/\/www.manaus.am.gov.br\/implurb\/orgaos-colegiados\/comissao-tecnica-de-planejamento-e-controle-urbano-ctpcu\/#breadcrumb"},"inLanguage":"pt-BR","potentialAction":[{"@type":"ReadAction","target":["https:\/\/www.manaus.am.gov.br\/implurb\/orgaos-colegiados\/comissao-tecnica-de-planejamento-e-controle-urbano-ctpcu\/"]}]},{"@type":"BreadcrumbList","@id":"https:\/\/www.manaus.am.gov.br\/implurb\/orgaos-colegiados\/comissao-tecnica-de-planejamento-e-controle-urbano-ctpcu\/#breadcrumb","itemListElement":[{"@type":"ListItem","position":1,"name":"Home","item":"https:\/\/www.manaus.am.gov.br\/implurb\/"},{"@type":"ListItem","position":2,"name":"Org\u00e3os do Colegiado","item":"https:\/\/www.manaus.am.gov.br\/implurb\/orgaos-colegiados\/"},{"@type":"ListItem","position":3,"name":"Comiss\u00e3o T\u00e9cnica de Planejamento e Controle Urbano &#8211; CTPCU"}]},{"@type":"WebSite","@id":"https:\/\/www.manaus.am.gov.br\/implurb\/#website","url":"https:\/\/www.manaus.am.gov.br\/implurb\/","name":"IMPLURB","description":"Prefeitura de Manaus","potentialAction":[{"@type":"SearchAction","target":{"@type":"EntryPoint","urlTemplate":"https:\/\/www.manaus.am.gov.br\/implurb\/?s={search_term_string}"},"query-input":"required name=search_term_string"}],"inLanguage":"pt-BR"}]}},"_links":{"self":[{"href":"https:\/\/www.manaus.am.gov.br\/implurb\/wp-json\/wp\/v2\/pages\/1950"}],"collection":[{"href":"https:\/\/www.manaus.am.gov.br\/implurb\/wp-json\/wp\/v2\/pages"}],"about":[{"href":"https:\/\/www.manaus.am.gov.br\/implurb\/wp-json\/wp\/v2\/types\/page"}],"author":[{"embeddable":true,"href":"https:\/\/www.manaus.am.gov.br\/implurb\/wp-json\/wp\/v2\/users\/27"}],"replies":[{"embeddable":true,"href":"https:\/\/www.manaus.am.gov.br\/implurb\/wp-json\/wp\/v2\/comments?post=1950"}],"version-history":[{"count":2,"href":"https:\/\/www.manaus.am.gov.br\/implurb\/wp-json\/wp\/v2\/pages\/1950\/revisions"}],"predecessor-version":[{"id":2158,"href":"https:\/\/www.manaus.am.gov.br\/implurb\/wp-json\/wp\/v2\/pages\/1950\/revisions\/2158"}],"up":[{"embeddable":true,"href":"https:\/\/www.manaus.am.gov.br\/implurb\/wp-json\/wp\/v2\/pages\/570"}],"wp:attachment":[{"href":"https:\/\/www.manaus.am.gov.br\/implurb\/wp-json\/wp\/v2\/media?parent=1950"}],"curies":[{"name":"wp","href":"https:\/\/api.w.org\/{rel}","templated":true}]}}