{"id":1948,"date":"2023-08-02T13:57:16","date_gmt":"2023-08-02T17:57:16","guid":{"rendered":"https:\/\/www.manaus.am.gov.br\/implurb\/?page_id=1948"},"modified":"2025-12-15T11:16:39","modified_gmt":"2025-12-15T15:16:39","slug":"conselho-municipal-de-desenvolvimento-urbano-cmdu","status":"publish","type":"page","link":"https:\/\/www.manaus.am.gov.br\/implurb\/orgaos-colegiados\/conselho-municipal-de-desenvolvimento-urbano-cmdu\/","title":{"rendered":"Conselho Municipal de Desenvolvimento Urbano &#8211; CMDU"},"content":{"rendered":"\n<p>O Conselho Municipal de Desenvolvimento Urbano (CMDU) \u00e9 um \u00f3rg\u00e3o colegiado de car\u00e1ter t\u00e9cnico, disciplinar e deliberativo sobre as quest\u00f5es relativas aos sistemas, servi\u00e7os e ordena\u00e7\u00e3o do espa\u00e7o urbano do munic\u00edpio de Manaus. Entre as suas compet\u00eancias est\u00e3o o acompanhamento da implementa\u00e7\u00e3o do Plano Diretor Urbano e Ambiental de Manaus; e a delibera\u00e7\u00e3o, no \u00e2mbito do Poder Executivo Municipal, sobre projetos de lei, planos, programas e projetos relativos ao desenvolvimento urbano de Manaus.<\/p>\n\n\n\n<p><\/p>\n\n\n\n<p><\/p>\n\n\n\n<p><\/p>\n\n\n\n<h2 class=\"wp-block-heading\"><a href=\"http:\/\/www2.manaus.am.gov.br\/\/docs\/portal\/secretarias\/implurb\/ATAS%20CMDU\/2025\/Calend%C3%A1rio%20CMDU%20-%202026.pdf\">Calend\u00e1rio CMDU &#8211; 2026<\/a><\/h2>\n\n\n\n<h2 class=\"wp-block-heading\"><br><a href=\"https:\/\/www.manaus.am.gov.br\/implurb\/resolucoes-publicadas-pelo-cmdu\/\" target=\"_blank\" rel=\"noreferrer noopener\">Resolu\u00e7\u00f5es Publicadas Pelo CMDU<\/a><a href=\"https:\/\/implurb.manaus.am.gov.br\/resolucoes-cmdu\/\"><br><\/a><br><a href=\"https:\/\/www.manaus.am.gov.br\/implurb\/orgaos-colegiados\/cmdu\/\" target=\"_blank\" rel=\"noreferrer noopener\">Pautas das Reuni\u00f5es<\/a><a href=\"https:\/\/implurb.manaus.am.gov.br\/cmdu\/\"><br><\/a><a href=\"https:\/\/www.manaus.am.gov.br\/implurb\/orgaos-colegiados\/cmdu\/\" target=\"_blank\" rel=\"noreferrer noopener\"><br>Distribui\u00e7\u00f5es de Processos<\/a><br><br><a href=\"https:\/\/www.manaus.am.gov.br\/implurb\/orgaos-colegiados\/cmdu\/\" target=\"_blank\" rel=\"noreferrer noopener\">Atas<\/a><\/h2>\n\n\n\n<h2 class=\"wp-block-heading\"><a href=\"https:\/\/www.manaus.am.gov.br\/implurb\/cmdu-anos-anteriores\/2022-2\/\" target=\"_blank\" rel=\"noreferrer noopener\">Atas dos anos anteriores<\/a><\/h2>\n","protected":false},"excerpt":{"rendered":"","protected":false},"author":27,"featured_media":0,"parent":570,"menu_order":0,"comment_status":"closed","ping_status":"closed","template":"templates\/turismo.php","meta":{"footnotes":""},"acf":[],"yoast_head":"<!-- This site is optimized with the Yoast SEO plugin v23.0 - https:\/\/yoast.com\/wordpress\/plugins\/seo\/ -->\n<title>Conselho Municipal de Desenvolvimento Urbano - CMDU - IMPLURB<\/title>\n<meta name=\"robots\" content=\"noindex, follow\" \/>\n<meta property=\"og:locale\" content=\"pt_BR\" \/>\n<meta property=\"og:type\" content=\"article\" \/>\n<meta property=\"og:title\" content=\"Conselho Municipal de Desenvolvimento Urbano - CMDU - IMPLURB\" \/>\n<meta property=\"og:url\" content=\"https:\/\/www.manaus.am.gov.br\/implurb\/orgaos-colegiados\/conselho-municipal-de-desenvolvimento-urbano-cmdu\/\" \/>\n<meta property=\"og:site_name\" content=\"IMPLURB\" \/>\n<meta property=\"article:modified_time\" content=\"2025-12-15T15:16:39+00:00\" \/>\n<meta name=\"twitter:card\" content=\"summary_large_image\" \/>\n<meta name=\"twitter:label1\" content=\"Est. reading time\" \/>\n\t<meta name=\"twitter:data1\" content=\"1 minuto\" \/>\n<script type=\"application\/ld+json\" class=\"yoast-schema-graph\">{\"@context\":\"https:\/\/schema.org\",\"@graph\":[{\"@type\":\"WebPage\",\"@id\":\"https:\/\/www.manaus.am.gov.br\/implurb\/orgaos-colegiados\/conselho-municipal-de-desenvolvimento-urbano-cmdu\/\",\"url\":\"https:\/\/www.manaus.am.gov.br\/implurb\/orgaos-colegiados\/conselho-municipal-de-desenvolvimento-urbano-cmdu\/\",\"name\":\"Conselho Municipal de Desenvolvimento Urbano - CMDU - IMPLURB\",\"isPartOf\":{\"@id\":\"https:\/\/www.manaus.am.gov.br\/implurb\/#website\"},\"datePublished\":\"2023-08-02T17:57:16+00:00\",\"dateModified\":\"2025-12-15T15:16:39+00:00\",\"breadcrumb\":{\"@id\":\"https:\/\/www.manaus.am.gov.br\/implurb\/orgaos-colegiados\/conselho-municipal-de-desenvolvimento-urbano-cmdu\/#breadcrumb\"},\"inLanguage\":\"pt-BR\",\"potentialAction\":[{\"@type\":\"ReadAction\",\"target\":[\"https:\/\/www.manaus.am.gov.br\/implurb\/orgaos-colegiados\/conselho-municipal-de-desenvolvimento-urbano-cmdu\/\"]}]},{\"@type\":\"BreadcrumbList\",\"@id\":\"https:\/\/www.manaus.am.gov.br\/implurb\/orgaos-colegiados\/conselho-municipal-de-desenvolvimento-urbano-cmdu\/#breadcrumb\",\"itemListElement\":[{\"@type\":\"ListItem\",\"position\":1,\"name\":\"Home\",\"item\":\"https:\/\/www.manaus.am.gov.br\/implurb\/\"},{\"@type\":\"ListItem\",\"position\":2,\"name\":\"Org\u00e3os do Colegiado\",\"item\":\"https:\/\/www.manaus.am.gov.br\/implurb\/orgaos-colegiados\/\"},{\"@type\":\"ListItem\",\"position\":3,\"name\":\"Conselho Municipal de Desenvolvimento Urbano &#8211; CMDU\"}]},{\"@type\":\"WebSite\",\"@id\":\"https:\/\/www.manaus.am.gov.br\/implurb\/#website\",\"url\":\"https:\/\/www.manaus.am.gov.br\/implurb\/\",\"name\":\"IMPLURB\",\"description\":\"Prefeitura de Manaus\",\"potentialAction\":[{\"@type\":\"SearchAction\",\"target\":{\"@type\":\"EntryPoint\",\"urlTemplate\":\"https:\/\/www.manaus.am.gov.br\/implurb\/?s={search_term_string}\"},\"query-input\":\"required name=search_term_string\"}],\"inLanguage\":\"pt-BR\"}]}<\/script>\n<!-- \/ Yoast SEO plugin. -->","yoast_head_json":{"title":"Conselho Municipal de Desenvolvimento Urbano - CMDU - IMPLURB","robots":{"index":"noindex","follow":"follow"},"og_locale":"pt_BR","og_type":"article","og_title":"Conselho Municipal de Desenvolvimento Urbano - CMDU - IMPLURB","og_url":"https:\/\/www.manaus.am.gov.br\/implurb\/orgaos-colegiados\/conselho-municipal-de-desenvolvimento-urbano-cmdu\/","og_site_name":"IMPLURB","article_modified_time":"2025-12-15T15:16:39+00:00","twitter_card":"summary_large_image","twitter_misc":{"Est. reading time":"1 minuto"},"schema":{"@context":"https:\/\/schema.org","@graph":[{"@type":"WebPage","@id":"https:\/\/www.manaus.am.gov.br\/implurb\/orgaos-colegiados\/conselho-municipal-de-desenvolvimento-urbano-cmdu\/","url":"https:\/\/www.manaus.am.gov.br\/implurb\/orgaos-colegiados\/conselho-municipal-de-desenvolvimento-urbano-cmdu\/","name":"Conselho Municipal de Desenvolvimento Urbano - CMDU - IMPLURB","isPartOf":{"@id":"https:\/\/www.manaus.am.gov.br\/implurb\/#website"},"datePublished":"2023-08-02T17:57:16+00:00","dateModified":"2025-12-15T15:16:39+00:00","breadcrumb":{"@id":"https:\/\/www.manaus.am.gov.br\/implurb\/orgaos-colegiados\/conselho-municipal-de-desenvolvimento-urbano-cmdu\/#breadcrumb"},"inLanguage":"pt-BR","potentialAction":[{"@type":"ReadAction","target":["https:\/\/www.manaus.am.gov.br\/implurb\/orgaos-colegiados\/conselho-municipal-de-desenvolvimento-urbano-cmdu\/"]}]},{"@type":"BreadcrumbList","@id":"https:\/\/www.manaus.am.gov.br\/implurb\/orgaos-colegiados\/conselho-municipal-de-desenvolvimento-urbano-cmdu\/#breadcrumb","itemListElement":[{"@type":"ListItem","position":1,"name":"Home","item":"https:\/\/www.manaus.am.gov.br\/implurb\/"},{"@type":"ListItem","position":2,"name":"Org\u00e3os do Colegiado","item":"https:\/\/www.manaus.am.gov.br\/implurb\/orgaos-colegiados\/"},{"@type":"ListItem","position":3,"name":"Conselho Municipal de Desenvolvimento Urbano &#8211; CMDU"}]},{"@type":"WebSite","@id":"https:\/\/www.manaus.am.gov.br\/implurb\/#website","url":"https:\/\/www.manaus.am.gov.br\/implurb\/","name":"IMPLURB","description":"Prefeitura de Manaus","potentialAction":[{"@type":"SearchAction","target":{"@type":"EntryPoint","urlTemplate":"https:\/\/www.manaus.am.gov.br\/implurb\/?s={search_term_string}"},"query-input":"required name=search_term_string"}],"inLanguage":"pt-BR"}]}},"_links":{"self":[{"href":"https:\/\/www.manaus.am.gov.br\/implurb\/wp-json\/wp\/v2\/pages\/1948"}],"collection":[{"href":"https:\/\/www.manaus.am.gov.br\/implurb\/wp-json\/wp\/v2\/pages"}],"about":[{"href":"https:\/\/www.manaus.am.gov.br\/implurb\/wp-json\/wp\/v2\/types\/page"}],"author":[{"embeddable":true,"href":"https:\/\/www.manaus.am.gov.br\/implurb\/wp-json\/wp\/v2\/users\/27"}],"replies":[{"embeddable":true,"href":"https:\/\/www.manaus.am.gov.br\/implurb\/wp-json\/wp\/v2\/comments?post=1948"}],"version-history":[{"count":5,"href":"https:\/\/www.manaus.am.gov.br\/implurb\/wp-json\/wp\/v2\/pages\/1948\/revisions"}],"predecessor-version":[{"id":7222,"href":"https:\/\/www.manaus.am.gov.br\/implurb\/wp-json\/wp\/v2\/pages\/1948\/revisions\/7222"}],"up":[{"embeddable":true,"href":"https:\/\/www.manaus.am.gov.br\/implurb\/wp-json\/wp\/v2\/pages\/570"}],"wp:attachment":[{"href":"https:\/\/www.manaus.am.gov.br\/implurb\/wp-json\/wp\/v2\/media?parent=1948"}],"curies":[{"name":"wp","href":"https:\/\/api.w.org\/{rel}","templated":true}]}}