{"id":1937,"date":"2023-08-02T13:42:34","date_gmt":"2023-08-02T17:42:34","guid":{"rendered":"https:\/\/www.manaus.am.gov.br\/implurb\/?page_id=1937"},"modified":"2023-11-14T15:07:02","modified_gmt":"2023-11-14T19:07:02","slug":"leis","status":"publish","type":"page","link":"https:\/\/www.manaus.am.gov.br\/implurb\/legislacao-urbana\/leis\/","title":{"rendered":"Leis"},"content":{"rendered":"\n<h2 class=\"wp-block-heading\"><a href=\"https:\/\/leismunicipais.com.br\/a\/am\/m\/manaus\/lei-ordinaria\/2010\/141\/1401\/lei-ordinaria-n-1401-2010-dispoe-sobre-a-criacao-e-a-divisao-dos-bairros-da-cidade-de-manaus-com-estabelecimento-de-novos-limites-e-da-outras-providencias\" target=\"_blank\" rel=\"noreferrer noopener\">Lei N\u00ba 1401, de 14 de Janeiro de 2010<\/a><\/h2>\n\n\n\n<p>Disp\u00f5e sobre a cria\u00e7\u00e3o e a divis\u00e3o dos bairros da cidade de Manaus, com estabelecimento de novos limites, e d\u00e1 outras provid\u00eancias.<\/p>\n\n\n\n<h2 class=\"wp-block-heading\"><a href=\"https:\/\/www.manaus.am.gov.br\/implurb\/wp-content\/uploads\/sites\/13\/2023\/08\/DOM-3937-25.07.2016_LEI-2155_25_DE_JULHO_2016.pdf\" target=\"_blank\" rel=\"noreferrer noopener\">Lei N\u00ba 2.155, de 25 de Julho de 2016<\/a><\/h2>\n\n\n\n<p>Disp\u00f5e sobre o processo simplificado para expedi\u00e7\u00e3o de Habite-se de constru\u00e7\u00f5es residenciais, comerciais e servi\u00e7os Tipo-1, consolidadas antes de novembro de 2012.&nbsp;<\/p>\n\n\n\n<h2 class=\"wp-block-heading\"><a href=\"https:\/\/www.manaus.am.gov.br\/implurb\/wp-content\/uploads\/sites\/13\/2023\/08\/ANEXO-I-HABITES-SE-SIMPLIFICADO.pdf\" target=\"_blank\" rel=\"noreferrer noopener\">Termo de Refer\u00eancia para Elabora\u00e7\u00e3o de Laudo T\u00e9cnico de Habitabilidade<\/a><\/h2>\n\n\n\n<p><\/p>\n\n\n\n<h2 class=\"wp-block-heading\"><a href=\"https:\/\/www.manaus.am.gov.br\/implurb\/wp-content\/uploads\/sites\/13\/2023\/08\/ANEXO-I-I-HABITE-SE-SIMPLIFICADO.pdf\" target=\"_blank\" rel=\"noreferrer noopener\">Termo de Anu\u00eancia &#8211; Afastamento<\/a><\/h2>\n\n\n\n<p><\/p>\n\n\n\n<h2 class=\"wp-block-heading\"><a href=\"https:\/\/www.manaus.am.gov.br\/implurb\/wp-content\/uploads\/sites\/13\/2023\/08\/DOM-4506-27.12.2018-CAD-1-LEI-2384-2018.pdf\" target=\"_blank\" rel=\"noreferrer noopener\">Lei N\u00ba 2.384, de 27 de Dezembro de 2018<\/a><\/h2>\n\n\n\n<p>Disp\u00f5es sobre as Taxas de Licenciamento e Taxas de Servi\u00e7os P\u00fablicos no \u00e2mbito do Instituto Municipal de Planejamento Urbano (Implurb) no munic\u00edpio de Manaus e d\u00e1 outras provid\u00eancias.<\/p>\n","protected":false},"excerpt":{"rendered":"","protected":false},"author":27,"featured_media":0,"parent":1917,"menu_order":0,"comment_status":"closed","ping_status":"closed","template":"templates\/turismo.php","meta":{"footnotes":""},"acf":[],"yoast_head":"<!-- This site is optimized with the Yoast SEO plugin v23.0 - https:\/\/yoast.com\/wordpress\/plugins\/seo\/ -->\n<title>Leis - IMPLURB<\/title>\n<meta name=\"robots\" content=\"noindex, follow\" \/>\n<meta property=\"og:locale\" content=\"pt_BR\" \/>\n<meta property=\"og:type\" content=\"article\" \/>\n<meta property=\"og:title\" content=\"Leis - IMPLURB\" \/>\n<meta property=\"og:url\" content=\"https:\/\/www.manaus.am.gov.br\/implurb\/legislacao-urbana\/leis\/\" \/>\n<meta property=\"og:site_name\" content=\"IMPLURB\" \/>\n<meta property=\"article:modified_time\" content=\"2023-11-14T19:07:02+00:00\" \/>\n<meta name=\"twitter:card\" content=\"summary_large_image\" \/>\n<script type=\"application\/ld+json\" class=\"yoast-schema-graph\">{\"@context\":\"https:\/\/schema.org\",\"@graph\":[{\"@type\":\"WebPage\",\"@id\":\"https:\/\/www.manaus.am.gov.br\/implurb\/legislacao-urbana\/leis\/\",\"url\":\"https:\/\/www.manaus.am.gov.br\/implurb\/legislacao-urbana\/leis\/\",\"name\":\"Leis - IMPLURB\",\"isPartOf\":{\"@id\":\"https:\/\/www.manaus.am.gov.br\/implurb\/#website\"},\"datePublished\":\"2023-08-02T17:42:34+00:00\",\"dateModified\":\"2023-11-14T19:07:02+00:00\",\"breadcrumb\":{\"@id\":\"https:\/\/www.manaus.am.gov.br\/implurb\/legislacao-urbana\/leis\/#breadcrumb\"},\"inLanguage\":\"pt-BR\",\"potentialAction\":[{\"@type\":\"ReadAction\",\"target\":[\"https:\/\/www.manaus.am.gov.br\/implurb\/legislacao-urbana\/leis\/\"]}]},{\"@type\":\"BreadcrumbList\",\"@id\":\"https:\/\/www.manaus.am.gov.br\/implurb\/legislacao-urbana\/leis\/#breadcrumb\",\"itemListElement\":[{\"@type\":\"ListItem\",\"position\":1,\"name\":\"Home\",\"item\":\"https:\/\/www.manaus.am.gov.br\/implurb\/\"},{\"@type\":\"ListItem\",\"position\":2,\"name\":\"Legisla\u00e7\u00e3o Urbana\",\"item\":\"https:\/\/www.manaus.am.gov.br\/implurb\/legislacao-urbana\/\"},{\"@type\":\"ListItem\",\"position\":3,\"name\":\"Leis\"}]},{\"@type\":\"WebSite\",\"@id\":\"https:\/\/www.manaus.am.gov.br\/implurb\/#website\",\"url\":\"https:\/\/www.manaus.am.gov.br\/implurb\/\",\"name\":\"IMPLURB\",\"description\":\"Prefeitura de Manaus\",\"potentialAction\":[{\"@type\":\"SearchAction\",\"target\":{\"@type\":\"EntryPoint\",\"urlTemplate\":\"https:\/\/www.manaus.am.gov.br\/implurb\/?s={search_term_string}\"},\"query-input\":\"required name=search_term_string\"}],\"inLanguage\":\"pt-BR\"}]}<\/script>\n<!-- \/ Yoast SEO plugin. -->","yoast_head_json":{"title":"Leis - IMPLURB","robots":{"index":"noindex","follow":"follow"},"og_locale":"pt_BR","og_type":"article","og_title":"Leis - IMPLURB","og_url":"https:\/\/www.manaus.am.gov.br\/implurb\/legislacao-urbana\/leis\/","og_site_name":"IMPLURB","article_modified_time":"2023-11-14T19:07:02+00:00","twitter_card":"summary_large_image","schema":{"@context":"https:\/\/schema.org","@graph":[{"@type":"WebPage","@id":"https:\/\/www.manaus.am.gov.br\/implurb\/legislacao-urbana\/leis\/","url":"https:\/\/www.manaus.am.gov.br\/implurb\/legislacao-urbana\/leis\/","name":"Leis - IMPLURB","isPartOf":{"@id":"https:\/\/www.manaus.am.gov.br\/implurb\/#website"},"datePublished":"2023-08-02T17:42:34+00:00","dateModified":"2023-11-14T19:07:02+00:00","breadcrumb":{"@id":"https:\/\/www.manaus.am.gov.br\/implurb\/legislacao-urbana\/leis\/#breadcrumb"},"inLanguage":"pt-BR","potentialAction":[{"@type":"ReadAction","target":["https:\/\/www.manaus.am.gov.br\/implurb\/legislacao-urbana\/leis\/"]}]},{"@type":"BreadcrumbList","@id":"https:\/\/www.manaus.am.gov.br\/implurb\/legislacao-urbana\/leis\/#breadcrumb","itemListElement":[{"@type":"ListItem","position":1,"name":"Home","item":"https:\/\/www.manaus.am.gov.br\/implurb\/"},{"@type":"ListItem","position":2,"name":"Legisla\u00e7\u00e3o Urbana","item":"https:\/\/www.manaus.am.gov.br\/implurb\/legislacao-urbana\/"},{"@type":"ListItem","position":3,"name":"Leis"}]},{"@type":"WebSite","@id":"https:\/\/www.manaus.am.gov.br\/implurb\/#website","url":"https:\/\/www.manaus.am.gov.br\/implurb\/","name":"IMPLURB","description":"Prefeitura de Manaus","potentialAction":[{"@type":"SearchAction","target":{"@type":"EntryPoint","urlTemplate":"https:\/\/www.manaus.am.gov.br\/implurb\/?s={search_term_string}"},"query-input":"required name=search_term_string"}],"inLanguage":"pt-BR"}]}},"_links":{"self":[{"href":"https:\/\/www.manaus.am.gov.br\/implurb\/wp-json\/wp\/v2\/pages\/1937"}],"collection":[{"href":"https:\/\/www.manaus.am.gov.br\/implurb\/wp-json\/wp\/v2\/pages"}],"about":[{"href":"https:\/\/www.manaus.am.gov.br\/implurb\/wp-json\/wp\/v2\/types\/page"}],"author":[{"embeddable":true,"href":"https:\/\/www.manaus.am.gov.br\/implurb\/wp-json\/wp\/v2\/users\/27"}],"replies":[{"embeddable":true,"href":"https:\/\/www.manaus.am.gov.br\/implurb\/wp-json\/wp\/v2\/comments?post=1937"}],"version-history":[{"count":5,"href":"https:\/\/www.manaus.am.gov.br\/implurb\/wp-json\/wp\/v2\/pages\/1937\/revisions"}],"predecessor-version":[{"id":2684,"href":"https:\/\/www.manaus.am.gov.br\/implurb\/wp-json\/wp\/v2\/pages\/1937\/revisions\/2684"}],"up":[{"embeddable":true,"href":"https:\/\/www.manaus.am.gov.br\/implurb\/wp-json\/wp\/v2\/pages\/1917"}],"wp:attachment":[{"href":"https:\/\/www.manaus.am.gov.br\/implurb\/wp-json\/wp\/v2\/media?parent=1937"}],"curies":[{"name":"wp","href":"https:\/\/api.w.org\/{rel}","templated":true}]}}