{"id":1922,"date":"2023-08-02T13:29:35","date_gmt":"2023-08-02T17:29:35","guid":{"rendered":"https:\/\/www.manaus.am.gov.br\/implurb\/?page_id=1922"},"modified":"2023-11-14T15:07:23","modified_gmt":"2023-11-14T19:07:23","slug":"decretos","status":"publish","type":"page","link":"https:\/\/www.manaus.am.gov.br\/implurb\/legislacao-urbana\/decretos\/","title":{"rendered":"Decretos"},"content":{"rendered":"\n<h2 class=\"wp-block-heading\"><a href=\"https:\/\/www.manaus.am.gov.br\/implurb\/wp-content\/uploads\/sites\/13\/2023\/08\/fechamentovia-2.pdf\" target=\"_blank\" rel=\"noreferrer noopener\">Decreto N\u00ba 3.074, de 24 de Abril de 2015<\/a><\/h2>\n\n\n\n<p>REGULAMENTA a autoriza\u00e7\u00e3o prec\u00e1ria para controle de acesso e cess\u00e3o de uso de vias p\u00fablicas por particulares, na circunscri\u00e7\u00e3o do Munic\u00edpio de Manaus, e d\u00e1 outras provid\u00eancias.<\/p>\n\n\n\n<h2 class=\"wp-block-heading\"><a href=\"https:\/\/www.manaus.am.gov.br\/implurb\/wp-content\/uploads\/sites\/13\/2023\/08\/DECRETO-No-3302-06.04.2016.pdf\" target=\"_blank\" rel=\"noreferrer noopener\">Decreto N\u00ba 3.302, de 06 de Abril de 2016<\/a><\/h2>\n\n\n\n<p>DISP\u00d5E sobre a simplifica\u00e7\u00e3o no processo de licenciamento de edifica\u00e7\u00f5es, prevista na Lei Complementar n\u00ba 03, de 16 de janeiro de 2014, e d\u00e1 outras provid\u00eancias<\/p>\n\n\n\n<h2 class=\"wp-block-heading\"><a href=\"https:\/\/www.manaus.am.gov.br\/implurb\/wp-content\/uploads\/sites\/13\/2023\/08\/DECLARACAO-DE-COMPROMISSO-DECRETO-No3.302-06.04.16.pdf\" target=\"_blank\" rel=\"noreferrer noopener\">Declara\u00e7\u00e3o de compromisso e responsabilidade<\/a><\/h2>\n\n\n\n<p><\/p>\n\n\n\n<h2 class=\"wp-block-heading\"><a href=\"https:\/\/www.manaus.am.gov.br\/implurb\/wp-content\/uploads\/sites\/13\/2023\/08\/decretodequeverdeManaus-1.pdf\" target=\"_blank\" rel=\"noreferrer noopener\">Decreto N\u00ba 3.520, DE 23 De Novembro de 2016<\/a><\/h2>\n\n\n\n<p>REGULAMENTA a autoriza\u00e7\u00e3o prec\u00e1ria para uso de vias p\u00fablicas por particulares, com objetivo de instala\u00e7\u00e3o de \u201cDeques Verdes\u201d na circunscri\u00e7\u00e3o do Munic\u00edpio de Manaus, e d\u00e1 outras provid\u00eancias.<\/p>\n\n\n\n<h2 class=\"wp-block-heading\"><a href=\"https:\/\/www.manaus.am.gov.br\/implurb\/wp-content\/uploads\/sites\/13\/2023\/08\/DOM-3927-11.07.2016-COMIDA-DE-RUA.pdf\" target=\"_blank\" rel=\"noreferrer noopener\">Decreto N\u00ba 3.355, de 11 De Julho de 2016<\/a><\/h2>\n\n\n\n<p>Disp\u00f5e sobre a regulamenta\u00e7\u00e3o da outorga de uso do espa\u00e7o p\u00fablico para a comercializa\u00e7\u00e3o de alimentos &#8211; comida de rua \u2013 nas \u00e1reas p\u00fablicas do Munic\u00edpio de Manaus, e d\u00e1 outras provid\u00eancias.<\/p>\n\n\n\n<h2 class=\"wp-block-heading\"><a href=\"https:\/\/www.manaus.am.gov.br\/implurb\/wp-content\/uploads\/sites\/13\/2023\/08\/DOM-4519-17.01.2019-DECRETO-4.274.pdf\" target=\"_blank\" rel=\"noreferrer noopener\">Decreto N\u00ba 4.274, de 17 de Janeiro de 2019<\/a><\/h2>\n\n\n\n<p>Institui o programa de ado\u00e7\u00e3o de pra\u00e7as p\u00fablicas, \u00e1reas verdes, \u00e1reas p\u00fablicas municipais de esporte, educa\u00e7\u00e3o, cultura e de lazer, passarelas, viadutos e afins, no \u00e2mbito do munic\u00edpio de Manaus.<\/p>\n\n\n\n<h2 class=\"wp-block-heading\"><a href=\"https:\/\/www.manaus.am.gov.br\/implurb\/wp-content\/uploads\/sites\/13\/2023\/08\/DOM-4844-20.05.2020-CAD-1-DECRETO-4833-2020.pdf\" target=\"_blank\" rel=\"noreferrer noopener\">Decreto N\u00ba 4.833, de 20 de Maio de 2020<\/a><\/h2>\n\n\n\n<p>Regulamenta as regras gerais para o lan\u00e7amento tribut\u00e1rio da Taxa de Explora\u00e7\u00e3o de Engenhos Publicit\u00e1rios, da Taxa de Licenciamento de Com\u00e9rcio e Realiza\u00e7\u00e3o de Eventos e da Taxa de Execu\u00e7\u00e3o de Obras e de Edifica\u00e7\u00f5es e d\u00e1 outras provid\u00eancias.<\/p>\n","protected":false},"excerpt":{"rendered":"","protected":false},"author":27,"featured_media":0,"parent":1917,"menu_order":0,"comment_status":"closed","ping_status":"closed","template":"templates\/turismo.php","meta":{"footnotes":""},"acf":[],"yoast_head":"<!-- This site is optimized with the Yoast SEO plugin v23.0 - https:\/\/yoast.com\/wordpress\/plugins\/seo\/ -->\n<title>Decretos - IMPLURB<\/title>\n<meta name=\"robots\" content=\"noindex, follow\" \/>\n<meta property=\"og:locale\" content=\"pt_BR\" \/>\n<meta property=\"og:type\" content=\"article\" \/>\n<meta property=\"og:title\" content=\"Decretos - IMPLURB\" \/>\n<meta property=\"og:url\" content=\"https:\/\/www.manaus.am.gov.br\/implurb\/legislacao-urbana\/decretos\/\" \/>\n<meta property=\"og:site_name\" content=\"IMPLURB\" \/>\n<meta property=\"article:modified_time\" content=\"2023-11-14T19:07:23+00:00\" \/>\n<meta name=\"twitter:card\" content=\"summary_large_image\" \/>\n<script type=\"application\/ld+json\" class=\"yoast-schema-graph\">{\"@context\":\"https:\/\/schema.org\",\"@graph\":[{\"@type\":\"WebPage\",\"@id\":\"https:\/\/www.manaus.am.gov.br\/implurb\/legislacao-urbana\/decretos\/\",\"url\":\"https:\/\/www.manaus.am.gov.br\/implurb\/legislacao-urbana\/decretos\/\",\"name\":\"Decretos - IMPLURB\",\"isPartOf\":{\"@id\":\"https:\/\/www.manaus.am.gov.br\/implurb\/#website\"},\"datePublished\":\"2023-08-02T17:29:35+00:00\",\"dateModified\":\"2023-11-14T19:07:23+00:00\",\"breadcrumb\":{\"@id\":\"https:\/\/www.manaus.am.gov.br\/implurb\/legislacao-urbana\/decretos\/#breadcrumb\"},\"inLanguage\":\"pt-BR\",\"potentialAction\":[{\"@type\":\"ReadAction\",\"target\":[\"https:\/\/www.manaus.am.gov.br\/implurb\/legislacao-urbana\/decretos\/\"]}]},{\"@type\":\"BreadcrumbList\",\"@id\":\"https:\/\/www.manaus.am.gov.br\/implurb\/legislacao-urbana\/decretos\/#breadcrumb\",\"itemListElement\":[{\"@type\":\"ListItem\",\"position\":1,\"name\":\"Home\",\"item\":\"https:\/\/www.manaus.am.gov.br\/implurb\/\"},{\"@type\":\"ListItem\",\"position\":2,\"name\":\"Legisla\u00e7\u00e3o Urbana\",\"item\":\"https:\/\/www.manaus.am.gov.br\/implurb\/legislacao-urbana\/\"},{\"@type\":\"ListItem\",\"position\":3,\"name\":\"Decretos\"}]},{\"@type\":\"WebSite\",\"@id\":\"https:\/\/www.manaus.am.gov.br\/implurb\/#website\",\"url\":\"https:\/\/www.manaus.am.gov.br\/implurb\/\",\"name\":\"IMPLURB\",\"description\":\"Prefeitura de Manaus\",\"potentialAction\":[{\"@type\":\"SearchAction\",\"target\":{\"@type\":\"EntryPoint\",\"urlTemplate\":\"https:\/\/www.manaus.am.gov.br\/implurb\/?s={search_term_string}\"},\"query-input\":\"required name=search_term_string\"}],\"inLanguage\":\"pt-BR\"}]}<\/script>\n<!-- \/ Yoast SEO plugin. -->","yoast_head_json":{"title":"Decretos - IMPLURB","robots":{"index":"noindex","follow":"follow"},"og_locale":"pt_BR","og_type":"article","og_title":"Decretos - IMPLURB","og_url":"https:\/\/www.manaus.am.gov.br\/implurb\/legislacao-urbana\/decretos\/","og_site_name":"IMPLURB","article_modified_time":"2023-11-14T19:07:23+00:00","twitter_card":"summary_large_image","schema":{"@context":"https:\/\/schema.org","@graph":[{"@type":"WebPage","@id":"https:\/\/www.manaus.am.gov.br\/implurb\/legislacao-urbana\/decretos\/","url":"https:\/\/www.manaus.am.gov.br\/implurb\/legislacao-urbana\/decretos\/","name":"Decretos - IMPLURB","isPartOf":{"@id":"https:\/\/www.manaus.am.gov.br\/implurb\/#website"},"datePublished":"2023-08-02T17:29:35+00:00","dateModified":"2023-11-14T19:07:23+00:00","breadcrumb":{"@id":"https:\/\/www.manaus.am.gov.br\/implurb\/legislacao-urbana\/decretos\/#breadcrumb"},"inLanguage":"pt-BR","potentialAction":[{"@type":"ReadAction","target":["https:\/\/www.manaus.am.gov.br\/implurb\/legislacao-urbana\/decretos\/"]}]},{"@type":"BreadcrumbList","@id":"https:\/\/www.manaus.am.gov.br\/implurb\/legislacao-urbana\/decretos\/#breadcrumb","itemListElement":[{"@type":"ListItem","position":1,"name":"Home","item":"https:\/\/www.manaus.am.gov.br\/implurb\/"},{"@type":"ListItem","position":2,"name":"Legisla\u00e7\u00e3o Urbana","item":"https:\/\/www.manaus.am.gov.br\/implurb\/legislacao-urbana\/"},{"@type":"ListItem","position":3,"name":"Decretos"}]},{"@type":"WebSite","@id":"https:\/\/www.manaus.am.gov.br\/implurb\/#website","url":"https:\/\/www.manaus.am.gov.br\/implurb\/","name":"IMPLURB","description":"Prefeitura de Manaus","potentialAction":[{"@type":"SearchAction","target":{"@type":"EntryPoint","urlTemplate":"https:\/\/www.manaus.am.gov.br\/implurb\/?s={search_term_string}"},"query-input":"required name=search_term_string"}],"inLanguage":"pt-BR"}]}},"_links":{"self":[{"href":"https:\/\/www.manaus.am.gov.br\/implurb\/wp-json\/wp\/v2\/pages\/1922"}],"collection":[{"href":"https:\/\/www.manaus.am.gov.br\/implurb\/wp-json\/wp\/v2\/pages"}],"about":[{"href":"https:\/\/www.manaus.am.gov.br\/implurb\/wp-json\/wp\/v2\/types\/page"}],"author":[{"embeddable":true,"href":"https:\/\/www.manaus.am.gov.br\/implurb\/wp-json\/wp\/v2\/users\/27"}],"replies":[{"embeddable":true,"href":"https:\/\/www.manaus.am.gov.br\/implurb\/wp-json\/wp\/v2\/comments?post=1922"}],"version-history":[{"count":7,"href":"https:\/\/www.manaus.am.gov.br\/implurb\/wp-json\/wp\/v2\/pages\/1922\/revisions"}],"predecessor-version":[{"id":2685,"href":"https:\/\/www.manaus.am.gov.br\/implurb\/wp-json\/wp\/v2\/pages\/1922\/revisions\/2685"}],"up":[{"embeddable":true,"href":"https:\/\/www.manaus.am.gov.br\/implurb\/wp-json\/wp\/v2\/pages\/1917"}],"wp:attachment":[{"href":"https:\/\/www.manaus.am.gov.br\/implurb\/wp-json\/wp\/v2\/media?parent=1922"}],"curies":[{"name":"wp","href":"https:\/\/api.w.org\/{rel}","templated":true}]}}