{"id":829,"date":"2023-07-07T08:42:46","date_gmt":"2023-07-07T12:42:46","guid":{"rendered":"https:\/\/www.manaus.am.gov.br\/immu\/?page_id=829"},"modified":"2023-07-07T08:42:47","modified_gmt":"2023-07-07T12:42:47","slug":"passa-facil","status":"publish","type":"page","link":"https:\/\/www.manaus.am.gov.br\/immu\/passa-facil\/","title":{"rendered":"Passa F\u00e1cil"},"content":{"rendered":"\n<h2 class=\"wp-block-heading\">O que \u00e9 o Passa F\u00e1cil?<\/h2>\n\n\n\n<p>\u00c9 um benef\u00edcio que consiste na isen\u00e7\u00e3o tarif\u00e1ria para Pessoas com defici\u00eancia e\/ou patologias cr\u00f4nicas, asseguradas na Lei Org\u00e2nica do Munic\u00edpio de Manaus (art. 261 &#8211; LOMAN) e regulamentadas no Decreto n\u00ba 1128, de 29\/07\/2011, para utiliza\u00e7\u00e3o nos Transportes coletivos no Munic\u00edpio de Manaus.<\/p>\n\n\n\n<p>O atendimento \u00e9 realizado somente por agendamento atrav\u00e9s do portal de servi\u00e7os do IMMU.<\/p>\n\n\n\n<h2 class=\"wp-block-heading\">Documentos Necess\u00e1rios para Emiss\u00e3o da 1\u00aa Via (Gratuita)<\/h2>\n\n\n\n<ul>\n<li>RG e CPF (original e c\u00f3pia)<\/li>\n\n\n\n<li>Certid\u00e3o de Nascimento (c\u00f3pia &#8211; quando se tratar de crian\u00e7a)<\/li>\n\n\n\n<li>Formul\u00e1rio Padr\u00e3o de concess\u00e3o do Cart\u00e3o Passa F\u00e1cil expedido pelo IMMU, devidamente preenchido e assinado por M\u00e9dico Especialista do SUS, constando seu respectivo carimbo, n\u00famero do CRM, tipo de defici\u00eancia e\/ou patologia com CID-10 e se \u00e9 necess\u00e1rio acompanhante.<\/li>\n<\/ul>\n\n\n\n<h2 class=\"wp-block-heading\">Emiss\u00e3o da 2\u00aa Via (Perda, Roubo ou Extravio)<\/h2>\n\n\n\n<ul>\n<li>Solicitar o bloqueio do Cart\u00e3o atrav\u00e9s do telefone&nbsp;<strong>2123-0700<\/strong>;<\/li>\n\n\n\n<li>Apresentar Boletim de Ocorr\u00eancia constando PASSE-LIVRE com data atualizada;<\/li>\n\n\n\n<li>RG e CPF (original);<\/li>\n\n\n\n<li>Taxa no valor R$ 15,00 que \u00e9 emitida na hora do atendimento.<\/li>\n<\/ul>\n\n\n\n<h2 class=\"wp-block-heading\">Revalida\u00e7\u00e3o do Cart\u00e3o PNE<\/h2>\n\n\n\n<ul>\n<li>Dever\u00e1 apresentar o PASSE-LIVRE, RG e CPF;<\/li>\n\n\n\n<li>Laudo M\u00e9dico.<\/li>\n<\/ul>\n\n\n\n<div style=\"height:30px\" aria-hidden=\"true\" class=\"wp-block-spacer\"><\/div>\n\n\n\n<h2 class=\"wp-block-heading\"><a href=\"https:\/\/www.manaus.am.gov.br\/immu\/wp-content\/uploads\/sites\/14\/2023\/07\/formulario_passa_facil.pdf\" target=\"_blank\" rel=\"noreferrer noopener\">Formul\u00e1rio Passa F\u00e1cil<\/a><\/h2>\n","protected":false},"excerpt":{"rendered":"","protected":false},"author":27,"featured_media":0,"parent":0,"menu_order":0,"comment_status":"closed","ping_status":"closed","template":"templates\/prefeitura.php","meta":{"footnotes":""},"acf":[],"yoast_head":"<!-- This site is optimized with the Yoast SEO plugin v23.0 - https:\/\/yoast.com\/wordpress\/plugins\/seo\/ -->\n<title>Passa F\u00e1cil - IMMU<\/title>\n<meta name=\"robots\" content=\"noindex, follow\" \/>\n<meta property=\"og:locale\" content=\"pt_BR\" \/>\n<meta property=\"og:type\" content=\"article\" \/>\n<meta property=\"og:title\" content=\"Passa F\u00e1cil - IMMU\" \/>\n<meta property=\"og:url\" content=\"https:\/\/www.manaus.am.gov.br\/immu\/passa-facil\/\" \/>\n<meta property=\"og:site_name\" content=\"IMMU\" \/>\n<meta property=\"article:modified_time\" content=\"2023-07-07T12:42:47+00:00\" \/>\n<meta name=\"twitter:card\" content=\"summary_large_image\" \/>\n<meta name=\"twitter:label1\" content=\"Est. reading time\" \/>\n\t<meta name=\"twitter:data1\" content=\"2 minutos\" \/>\n<script type=\"application\/ld+json\" class=\"yoast-schema-graph\">{\"@context\":\"https:\/\/schema.org\",\"@graph\":[{\"@type\":\"WebPage\",\"@id\":\"https:\/\/www.manaus.am.gov.br\/immu\/passa-facil\/\",\"url\":\"https:\/\/www.manaus.am.gov.br\/immu\/passa-facil\/\",\"name\":\"Passa F\u00e1cil - IMMU\",\"isPartOf\":{\"@id\":\"https:\/\/www.manaus.am.gov.br\/immu\/#website\"},\"datePublished\":\"2023-07-07T12:42:46+00:00\",\"dateModified\":\"2023-07-07T12:42:47+00:00\",\"breadcrumb\":{\"@id\":\"https:\/\/www.manaus.am.gov.br\/immu\/passa-facil\/#breadcrumb\"},\"inLanguage\":\"pt-BR\",\"potentialAction\":[{\"@type\":\"ReadAction\",\"target\":[\"https:\/\/www.manaus.am.gov.br\/immu\/passa-facil\/\"]}]},{\"@type\":\"BreadcrumbList\",\"@id\":\"https:\/\/www.manaus.am.gov.br\/immu\/passa-facil\/#breadcrumb\",\"itemListElement\":[{\"@type\":\"ListItem\",\"position\":1,\"name\":\"Home\",\"item\":\"https:\/\/www.manaus.am.gov.br\/immu\/\"},{\"@type\":\"ListItem\",\"position\":2,\"name\":\"Passa F\u00e1cil\"}]},{\"@type\":\"WebSite\",\"@id\":\"https:\/\/www.manaus.am.gov.br\/immu\/#website\",\"url\":\"https:\/\/www.manaus.am.gov.br\/immu\/\",\"name\":\"IMMU\",\"description\":\"Prefeitura de Manaus\",\"potentialAction\":[{\"@type\":\"SearchAction\",\"target\":{\"@type\":\"EntryPoint\",\"urlTemplate\":\"https:\/\/www.manaus.am.gov.br\/immu\/?s={search_term_string}\"},\"query-input\":\"required name=search_term_string\"}],\"inLanguage\":\"pt-BR\"}]}<\/script>\n<!-- \/ Yoast SEO plugin. -->","yoast_head_json":{"title":"Passa F\u00e1cil - IMMU","robots":{"index":"noindex","follow":"follow"},"og_locale":"pt_BR","og_type":"article","og_title":"Passa F\u00e1cil - IMMU","og_url":"https:\/\/www.manaus.am.gov.br\/immu\/passa-facil\/","og_site_name":"IMMU","article_modified_time":"2023-07-07T12:42:47+00:00","twitter_card":"summary_large_image","twitter_misc":{"Est. reading time":"2 minutos"},"schema":{"@context":"https:\/\/schema.org","@graph":[{"@type":"WebPage","@id":"https:\/\/www.manaus.am.gov.br\/immu\/passa-facil\/","url":"https:\/\/www.manaus.am.gov.br\/immu\/passa-facil\/","name":"Passa F\u00e1cil - IMMU","isPartOf":{"@id":"https:\/\/www.manaus.am.gov.br\/immu\/#website"},"datePublished":"2023-07-07T12:42:46+00:00","dateModified":"2023-07-07T12:42:47+00:00","breadcrumb":{"@id":"https:\/\/www.manaus.am.gov.br\/immu\/passa-facil\/#breadcrumb"},"inLanguage":"pt-BR","potentialAction":[{"@type":"ReadAction","target":["https:\/\/www.manaus.am.gov.br\/immu\/passa-facil\/"]}]},{"@type":"BreadcrumbList","@id":"https:\/\/www.manaus.am.gov.br\/immu\/passa-facil\/#breadcrumb","itemListElement":[{"@type":"ListItem","position":1,"name":"Home","item":"https:\/\/www.manaus.am.gov.br\/immu\/"},{"@type":"ListItem","position":2,"name":"Passa F\u00e1cil"}]},{"@type":"WebSite","@id":"https:\/\/www.manaus.am.gov.br\/immu\/#website","url":"https:\/\/www.manaus.am.gov.br\/immu\/","name":"IMMU","description":"Prefeitura de Manaus","potentialAction":[{"@type":"SearchAction","target":{"@type":"EntryPoint","urlTemplate":"https:\/\/www.manaus.am.gov.br\/immu\/?s={search_term_string}"},"query-input":"required name=search_term_string"}],"inLanguage":"pt-BR"}]}},"_links":{"self":[{"href":"https:\/\/www.manaus.am.gov.br\/immu\/wp-json\/wp\/v2\/pages\/829"}],"collection":[{"href":"https:\/\/www.manaus.am.gov.br\/immu\/wp-json\/wp\/v2\/pages"}],"about":[{"href":"https:\/\/www.manaus.am.gov.br\/immu\/wp-json\/wp\/v2\/types\/page"}],"author":[{"embeddable":true,"href":"https:\/\/www.manaus.am.gov.br\/immu\/wp-json\/wp\/v2\/users\/27"}],"replies":[{"embeddable":true,"href":"https:\/\/www.manaus.am.gov.br\/immu\/wp-json\/wp\/v2\/comments?post=829"}],"version-history":[{"count":1,"href":"https:\/\/www.manaus.am.gov.br\/immu\/wp-json\/wp\/v2\/pages\/829\/revisions"}],"predecessor-version":[{"id":831,"href":"https:\/\/www.manaus.am.gov.br\/immu\/wp-json\/wp\/v2\/pages\/829\/revisions\/831"}],"wp:attachment":[{"href":"https:\/\/www.manaus.am.gov.br\/immu\/wp-json\/wp\/v2\/media?parent=829"}],"curies":[{"name":"wp","href":"https:\/\/api.w.org\/{rel}","templated":true}]}}