{"id":809,"date":"2023-07-07T07:49:16","date_gmt":"2023-07-07T11:49:16","guid":{"rendered":"https:\/\/www.manaus.am.gov.br\/immu\/?page_id=809"},"modified":"2023-07-07T07:49:17","modified_gmt":"2023-07-07T11:49:17","slug":"planmob","status":"publish","type":"page","link":"https:\/\/www.manaus.am.gov.br\/immu\/planmob\/","title":{"rendered":"PlanMob"},"content":{"rendered":"\n<p>Manaus \u00e9 a oitava maior cidade brasileira, uma metr\u00f3pole que abriga aproximadamente uma frota de 500 mil ve\u00edculos (cerca de 4 hab\/ve\u00edculo) e 15 mil vias. Ap\u00f3s um diagn\u00f3stico que apontou a exist\u00eancia de v\u00e1rios problemas no tr\u00e2nsito da capital como congestionamentos acentuados, sinaliza\u00e7\u00e3o prec\u00e1ria, falta de suporte tecnol\u00f3gico, opera\u00e7\u00e3o de carga e descarga sem regulamenta\u00e7\u00e3o (ocorre 24 horas, de forma aleat\u00f3ria), polui\u00e7\u00e3o visual, falta de alternativas para escoamento do tr\u00e1fego e entre outros, o prefeito municipal de Manaus lan\u00e7ou no dia 13 de julho um Plano de Gest\u00e3o de Tr\u00e2nsito no bi\u00eanio 2010\/2012 com solu\u00e7\u00f5es permanentes para a cidade.<\/p>\n\n\n\n<div style=\"height:20px\" aria-hidden=\"true\" class=\"wp-block-spacer\"><\/div>\n\n\n\n<h2 class=\"wp-block-heading\"><a href=\"https:\/\/www.manaus.am.gov.br\/immu\/wp-content\/uploads\/sites\/14\/2023\/07\/PlanMob_Manaus.pdf\" target=\"_blank\" rel=\"noreferrer noopener\">PlanMob Manaus<\/a><\/h2>\n\n\n\n<h2 class=\"wp-block-heading\"><a href=\"https:\/\/www.manaus.am.gov.br\/immu\/wp-content\/uploads\/sites\/14\/2023\/07\/Lei-n-2.088-de-dezembro-de-2015_dom3799.pdf\" target=\"_blank\" rel=\"noreferrer noopener\">LEI N\u00ba 2.075, DE 29 DE DEZEMBRO DE 2015<\/a><\/h2>\n\n\n\n<p>Institui o Plano de Mobilidade Urbana de Manaus \u2013 PlanMob-Manaus \u2013 e estabelece as diretrizes para o acompanhamento e monitoramento de sua implementa\u00e7\u00e3o, avalia\u00e7\u00e3o e revis\u00e3o peri\u00f3dica.<\/p>\n","protected":false},"excerpt":{"rendered":"","protected":false},"author":27,"featured_media":0,"parent":0,"menu_order":0,"comment_status":"closed","ping_status":"closed","template":"templates\/prefeitura.php","meta":{"footnotes":""},"acf":[],"yoast_head":"<!-- This site is optimized with the Yoast SEO plugin v23.0 - https:\/\/yoast.com\/wordpress\/plugins\/seo\/ -->\n<title>PlanMob - IMMU<\/title>\n<meta name=\"robots\" content=\"noindex, follow\" \/>\n<meta property=\"og:locale\" content=\"pt_BR\" \/>\n<meta property=\"og:type\" content=\"article\" \/>\n<meta property=\"og:title\" content=\"PlanMob - IMMU\" \/>\n<meta property=\"og:url\" content=\"https:\/\/www.manaus.am.gov.br\/immu\/planmob\/\" \/>\n<meta property=\"og:site_name\" content=\"IMMU\" \/>\n<meta property=\"article:modified_time\" content=\"2023-07-07T11:49:17+00:00\" \/>\n<meta name=\"twitter:card\" content=\"summary_large_image\" \/>\n<meta name=\"twitter:label1\" content=\"Est. reading time\" \/>\n\t<meta name=\"twitter:data1\" content=\"1 minuto\" \/>\n<script type=\"application\/ld+json\" class=\"yoast-schema-graph\">{\"@context\":\"https:\/\/schema.org\",\"@graph\":[{\"@type\":\"WebPage\",\"@id\":\"https:\/\/www.manaus.am.gov.br\/immu\/planmob\/\",\"url\":\"https:\/\/www.manaus.am.gov.br\/immu\/planmob\/\",\"name\":\"PlanMob - IMMU\",\"isPartOf\":{\"@id\":\"https:\/\/www.manaus.am.gov.br\/immu\/#website\"},\"datePublished\":\"2023-07-07T11:49:16+00:00\",\"dateModified\":\"2023-07-07T11:49:17+00:00\",\"breadcrumb\":{\"@id\":\"https:\/\/www.manaus.am.gov.br\/immu\/planmob\/#breadcrumb\"},\"inLanguage\":\"pt-BR\",\"potentialAction\":[{\"@type\":\"ReadAction\",\"target\":[\"https:\/\/www.manaus.am.gov.br\/immu\/planmob\/\"]}]},{\"@type\":\"BreadcrumbList\",\"@id\":\"https:\/\/www.manaus.am.gov.br\/immu\/planmob\/#breadcrumb\",\"itemListElement\":[{\"@type\":\"ListItem\",\"position\":1,\"name\":\"Home\",\"item\":\"https:\/\/www.manaus.am.gov.br\/immu\/\"},{\"@type\":\"ListItem\",\"position\":2,\"name\":\"PlanMob\"}]},{\"@type\":\"WebSite\",\"@id\":\"https:\/\/www.manaus.am.gov.br\/immu\/#website\",\"url\":\"https:\/\/www.manaus.am.gov.br\/immu\/\",\"name\":\"IMMU\",\"description\":\"Prefeitura de Manaus\",\"potentialAction\":[{\"@type\":\"SearchAction\",\"target\":{\"@type\":\"EntryPoint\",\"urlTemplate\":\"https:\/\/www.manaus.am.gov.br\/immu\/?s={search_term_string}\"},\"query-input\":\"required name=search_term_string\"}],\"inLanguage\":\"pt-BR\"}]}<\/script>\n<!-- \/ Yoast SEO plugin. -->","yoast_head_json":{"title":"PlanMob - IMMU","robots":{"index":"noindex","follow":"follow"},"og_locale":"pt_BR","og_type":"article","og_title":"PlanMob - IMMU","og_url":"https:\/\/www.manaus.am.gov.br\/immu\/planmob\/","og_site_name":"IMMU","article_modified_time":"2023-07-07T11:49:17+00:00","twitter_card":"summary_large_image","twitter_misc":{"Est. reading time":"1 minuto"},"schema":{"@context":"https:\/\/schema.org","@graph":[{"@type":"WebPage","@id":"https:\/\/www.manaus.am.gov.br\/immu\/planmob\/","url":"https:\/\/www.manaus.am.gov.br\/immu\/planmob\/","name":"PlanMob - IMMU","isPartOf":{"@id":"https:\/\/www.manaus.am.gov.br\/immu\/#website"},"datePublished":"2023-07-07T11:49:16+00:00","dateModified":"2023-07-07T11:49:17+00:00","breadcrumb":{"@id":"https:\/\/www.manaus.am.gov.br\/immu\/planmob\/#breadcrumb"},"inLanguage":"pt-BR","potentialAction":[{"@type":"ReadAction","target":["https:\/\/www.manaus.am.gov.br\/immu\/planmob\/"]}]},{"@type":"BreadcrumbList","@id":"https:\/\/www.manaus.am.gov.br\/immu\/planmob\/#breadcrumb","itemListElement":[{"@type":"ListItem","position":1,"name":"Home","item":"https:\/\/www.manaus.am.gov.br\/immu\/"},{"@type":"ListItem","position":2,"name":"PlanMob"}]},{"@type":"WebSite","@id":"https:\/\/www.manaus.am.gov.br\/immu\/#website","url":"https:\/\/www.manaus.am.gov.br\/immu\/","name":"IMMU","description":"Prefeitura de Manaus","potentialAction":[{"@type":"SearchAction","target":{"@type":"EntryPoint","urlTemplate":"https:\/\/www.manaus.am.gov.br\/immu\/?s={search_term_string}"},"query-input":"required name=search_term_string"}],"inLanguage":"pt-BR"}]}},"_links":{"self":[{"href":"https:\/\/www.manaus.am.gov.br\/immu\/wp-json\/wp\/v2\/pages\/809"}],"collection":[{"href":"https:\/\/www.manaus.am.gov.br\/immu\/wp-json\/wp\/v2\/pages"}],"about":[{"href":"https:\/\/www.manaus.am.gov.br\/immu\/wp-json\/wp\/v2\/types\/page"}],"author":[{"embeddable":true,"href":"https:\/\/www.manaus.am.gov.br\/immu\/wp-json\/wp\/v2\/users\/27"}],"replies":[{"embeddable":true,"href":"https:\/\/www.manaus.am.gov.br\/immu\/wp-json\/wp\/v2\/comments?post=809"}],"version-history":[{"count":1,"href":"https:\/\/www.manaus.am.gov.br\/immu\/wp-json\/wp\/v2\/pages\/809\/revisions"}],"predecessor-version":[{"id":812,"href":"https:\/\/www.manaus.am.gov.br\/immu\/wp-json\/wp\/v2\/pages\/809\/revisions\/812"}],"wp:attachment":[{"href":"https:\/\/www.manaus.am.gov.br\/immu\/wp-json\/wp\/v2\/media?parent=809"}],"curies":[{"name":"wp","href":"https:\/\/api.w.org\/{rel}","templated":true}]}}