{"id":762,"date":"2023-07-05T16:32:19","date_gmt":"2023-07-05T20:32:19","guid":{"rendered":"https:\/\/www.manaus.am.gov.br\/immu\/?page_id=762"},"modified":"2023-07-05T16:32:20","modified_gmt":"2023-07-05T20:32:20","slug":"comissao-administrativa-de-recurso-de-infracao","status":"publish","type":"page","link":"https:\/\/www.manaus.am.gov.br\/immu\/recurso\/comissao-administrativa-de-recurso-de-infracao\/","title":{"rendered":"Comiss\u00e3o Administrativa de Recurso de Infra\u00e7\u00e3o"},"content":{"rendered":"\n<p>Em constru\u00e7\u00e3o<\/p>\n","protected":false},"excerpt":{"rendered":"","protected":false},"author":27,"featured_media":0,"parent":752,"menu_order":0,"comment_status":"closed","ping_status":"closed","template":"templates\/turismo.php","meta":{"footnotes":""},"acf":[],"yoast_head":"<!-- This site is optimized with the Yoast SEO plugin v23.0 - https:\/\/yoast.com\/wordpress\/plugins\/seo\/ -->\n<title>Comiss\u00e3o Administrativa de Recurso de Infra\u00e7\u00e3o - IMMU<\/title>\n<meta name=\"robots\" content=\"noindex, follow\" \/>\n<meta property=\"og:locale\" content=\"pt_BR\" \/>\n<meta property=\"og:type\" content=\"article\" \/>\n<meta property=\"og:title\" content=\"Comiss\u00e3o Administrativa de Recurso de Infra\u00e7\u00e3o - IMMU\" \/>\n<meta property=\"og:url\" content=\"https:\/\/www.manaus.am.gov.br\/immu\/recurso\/comissao-administrativa-de-recurso-de-infracao\/\" \/>\n<meta property=\"og:site_name\" content=\"IMMU\" \/>\n<meta property=\"article:modified_time\" content=\"2023-07-05T20:32:20+00:00\" \/>\n<meta name=\"twitter:card\" content=\"summary_large_image\" \/>\n<meta name=\"twitter:label1\" content=\"Est. reading time\" \/>\n\t<meta name=\"twitter:data1\" content=\"1 minuto\" \/>\n<script type=\"application\/ld+json\" class=\"yoast-schema-graph\">{\"@context\":\"https:\/\/schema.org\",\"@graph\":[{\"@type\":\"WebPage\",\"@id\":\"https:\/\/www.manaus.am.gov.br\/immu\/recurso\/comissao-administrativa-de-recurso-de-infracao\/\",\"url\":\"https:\/\/www.manaus.am.gov.br\/immu\/recurso\/comissao-administrativa-de-recurso-de-infracao\/\",\"name\":\"Comiss\u00e3o Administrativa de Recurso de Infra\u00e7\u00e3o - IMMU\",\"isPartOf\":{\"@id\":\"https:\/\/www.manaus.am.gov.br\/immu\/#website\"},\"datePublished\":\"2023-07-05T20:32:19+00:00\",\"dateModified\":\"2023-07-05T20:32:20+00:00\",\"breadcrumb\":{\"@id\":\"https:\/\/www.manaus.am.gov.br\/immu\/recurso\/comissao-administrativa-de-recurso-de-infracao\/#breadcrumb\"},\"inLanguage\":\"pt-BR\",\"potentialAction\":[{\"@type\":\"ReadAction\",\"target\":[\"https:\/\/www.manaus.am.gov.br\/immu\/recurso\/comissao-administrativa-de-recurso-de-infracao\/\"]}]},{\"@type\":\"BreadcrumbList\",\"@id\":\"https:\/\/www.manaus.am.gov.br\/immu\/recurso\/comissao-administrativa-de-recurso-de-infracao\/#breadcrumb\",\"itemListElement\":[{\"@type\":\"ListItem\",\"position\":1,\"name\":\"Home\",\"item\":\"https:\/\/www.manaus.am.gov.br\/immu\/\"},{\"@type\":\"ListItem\",\"position\":2,\"name\":\"Recurso\",\"item\":\"https:\/\/www.manaus.am.gov.br\/immu\/recurso\/\"},{\"@type\":\"ListItem\",\"position\":3,\"name\":\"Comiss\u00e3o Administrativa de Recurso de Infra\u00e7\u00e3o\"}]},{\"@type\":\"WebSite\",\"@id\":\"https:\/\/www.manaus.am.gov.br\/immu\/#website\",\"url\":\"https:\/\/www.manaus.am.gov.br\/immu\/\",\"name\":\"IMMU\",\"description\":\"Prefeitura de Manaus\",\"potentialAction\":[{\"@type\":\"SearchAction\",\"target\":{\"@type\":\"EntryPoint\",\"urlTemplate\":\"https:\/\/www.manaus.am.gov.br\/immu\/?s={search_term_string}\"},\"query-input\":\"required name=search_term_string\"}],\"inLanguage\":\"pt-BR\"}]}<\/script>\n<!-- \/ Yoast SEO plugin. -->","yoast_head_json":{"title":"Comiss\u00e3o Administrativa de Recurso de Infra\u00e7\u00e3o - IMMU","robots":{"index":"noindex","follow":"follow"},"og_locale":"pt_BR","og_type":"article","og_title":"Comiss\u00e3o Administrativa de Recurso de Infra\u00e7\u00e3o - IMMU","og_url":"https:\/\/www.manaus.am.gov.br\/immu\/recurso\/comissao-administrativa-de-recurso-de-infracao\/","og_site_name":"IMMU","article_modified_time":"2023-07-05T20:32:20+00:00","twitter_card":"summary_large_image","twitter_misc":{"Est. reading time":"1 minuto"},"schema":{"@context":"https:\/\/schema.org","@graph":[{"@type":"WebPage","@id":"https:\/\/www.manaus.am.gov.br\/immu\/recurso\/comissao-administrativa-de-recurso-de-infracao\/","url":"https:\/\/www.manaus.am.gov.br\/immu\/recurso\/comissao-administrativa-de-recurso-de-infracao\/","name":"Comiss\u00e3o Administrativa de Recurso de Infra\u00e7\u00e3o - IMMU","isPartOf":{"@id":"https:\/\/www.manaus.am.gov.br\/immu\/#website"},"datePublished":"2023-07-05T20:32:19+00:00","dateModified":"2023-07-05T20:32:20+00:00","breadcrumb":{"@id":"https:\/\/www.manaus.am.gov.br\/immu\/recurso\/comissao-administrativa-de-recurso-de-infracao\/#breadcrumb"},"inLanguage":"pt-BR","potentialAction":[{"@type":"ReadAction","target":["https:\/\/www.manaus.am.gov.br\/immu\/recurso\/comissao-administrativa-de-recurso-de-infracao\/"]}]},{"@type":"BreadcrumbList","@id":"https:\/\/www.manaus.am.gov.br\/immu\/recurso\/comissao-administrativa-de-recurso-de-infracao\/#breadcrumb","itemListElement":[{"@type":"ListItem","position":1,"name":"Home","item":"https:\/\/www.manaus.am.gov.br\/immu\/"},{"@type":"ListItem","position":2,"name":"Recurso","item":"https:\/\/www.manaus.am.gov.br\/immu\/recurso\/"},{"@type":"ListItem","position":3,"name":"Comiss\u00e3o Administrativa de Recurso de Infra\u00e7\u00e3o"}]},{"@type":"WebSite","@id":"https:\/\/www.manaus.am.gov.br\/immu\/#website","url":"https:\/\/www.manaus.am.gov.br\/immu\/","name":"IMMU","description":"Prefeitura de Manaus","potentialAction":[{"@type":"SearchAction","target":{"@type":"EntryPoint","urlTemplate":"https:\/\/www.manaus.am.gov.br\/immu\/?s={search_term_string}"},"query-input":"required name=search_term_string"}],"inLanguage":"pt-BR"}]}},"_links":{"self":[{"href":"https:\/\/www.manaus.am.gov.br\/immu\/wp-json\/wp\/v2\/pages\/762"}],"collection":[{"href":"https:\/\/www.manaus.am.gov.br\/immu\/wp-json\/wp\/v2\/pages"}],"about":[{"href":"https:\/\/www.manaus.am.gov.br\/immu\/wp-json\/wp\/v2\/types\/page"}],"author":[{"embeddable":true,"href":"https:\/\/www.manaus.am.gov.br\/immu\/wp-json\/wp\/v2\/users\/27"}],"replies":[{"embeddable":true,"href":"https:\/\/www.manaus.am.gov.br\/immu\/wp-json\/wp\/v2\/comments?post=762"}],"version-history":[{"count":2,"href":"https:\/\/www.manaus.am.gov.br\/immu\/wp-json\/wp\/v2\/pages\/762\/revisions"}],"predecessor-version":[{"id":764,"href":"https:\/\/www.manaus.am.gov.br\/immu\/wp-json\/wp\/v2\/pages\/762\/revisions\/764"}],"up":[{"embeddable":true,"href":"https:\/\/www.manaus.am.gov.br\/immu\/wp-json\/wp\/v2\/pages\/752"}],"wp:attachment":[{"href":"https:\/\/www.manaus.am.gov.br\/immu\/wp-json\/wp\/v2\/media?parent=762"}],"curies":[{"name":"wp","href":"https:\/\/api.w.org\/{rel}","templated":true}]}}