{"id":757,"date":"2023-07-05T16:30:45","date_gmt":"2023-07-05T20:30:45","guid":{"rendered":"https:\/\/www.manaus.am.gov.br\/immu\/?page_id=757"},"modified":"2023-07-05T16:36:47","modified_gmt":"2023-07-05T20:36:47","slug":"junta-administrativa-de-recurso-de-infracao","status":"publish","type":"page","link":"https:\/\/www.manaus.am.gov.br\/immu\/recurso\/junta-administrativa-de-recurso-de-infracao\/","title":{"rendered":"Junta Administrativa de Recurso de Infra\u00e7\u00e3o"},"content":{"rendered":"\n<p>A Junta Administrativa de Recursos de Infra\u00e7\u00f5es (Jari) \u00e9 o \u00d3rg\u00e3o Colegiado de delibera\u00e7\u00e3o superior, componente do Sistema Nacional de Tr\u00e2nsito, vinculada ao Instituto Municipal de Engenharia e Fiscaliza\u00e7\u00e3o do Tr\u00e2nsito \u2013 ManausTrans, e tem por finalidade o julgamento dos recursos interpostos contra penalidades aplicadas aos usu\u00e1rios do Tr\u00e2nsito do Munic\u00edpio de Manaus. A Jari tem regimento pr\u00f3prio, bem como suas diretrizes s\u00e3o estabelecidas pelo C\u00f3digo de Tr\u00e2nsito Brasileiro (CTB) e Resolu\u00e7\u00f5es vigentes do Conselho Nacional de Tr\u00e2nsito (Contran). O funcionamento da Jari contempla ainda as novas diretrizes determinadas pela Resolu\u00e7\u00e3o n\u02da 357\/2010-Contran.<\/p>\n\n\n\n<h2 class=\"wp-block-heading\">D\u00favidas frequentes<\/h2>\n\n\n\n<h3 class=\"wp-block-heading\">Qual a diferen\u00e7a entre a JARI e a DEFESA DE AUTUA\u00c7\u00c3O?<\/h3>\n\n\n\n<p>A DEFESA DE AUTUA\u00c7\u00c3O se concentra na an\u00e1lise da consist\u00eancia do auto de infra\u00e7\u00e3o. A Jari, al\u00e9m de analisar o preenchimento do auto de infra\u00e7\u00e3o, analisa o m\u00e9rito das alega\u00e7\u00f5es, verificando os argumentos e as provas documentais apresentadas pelo recorrente.<\/p>\n\n\n\n<h3 class=\"wp-block-heading\">Como recorrer \u00e0 Jari?<\/h3>\n\n\n\n<p>Ap\u00f3s o recebimento da Notifica\u00e7\u00e3o de Imposi\u00e7\u00e3o de Penalidade (NIP), o usu\u00e1rio tem at\u00e9 a data que consta na presente notifica\u00e7\u00e3o para se dirigir a Divis\u00e3o de Atendimento\/Protocolo do IMMU. Ou\u00a0<a href=\"https:\/\/immu.manaus.am.gov.br\/index.php?r=recurso%2Finfo\">clique aqui<\/a><\/p>\n\n\n\n<h3 class=\"wp-block-heading\">Qual a documenta\u00e7\u00e3o necess\u00e1ria para dar entrada no recurso?<\/h3>\n\n\n\n<ol type=\"a\">\n<li>Preenchimento do Formul\u00e1rio de Recurso;<\/li>\n\n\n\n<li>RG ou CNH;<\/li>\n\n\n\n<li>Comprovante de Endere\u00e7o (\u00e1gua ou telefone);<\/li>\n\n\n\n<li>Certificado de registro e licenciamento do ve\u00edculo;<\/li>\n\n\n\n<li>Notifica\u00e7\u00e3o (frente e verso);<\/li>\n\n\n\n<li>Procura\u00e7\u00e3o reconhecida em cart\u00f3rio (se o recorrente n\u00e3o for o propriet\u00e1rio do ve\u00edculo);<\/li>\n\n\n\n<li>Provas documentais (se houver);<\/li>\n\n\n\n<li>Se o ve\u00edculo estiver em nome de Pessoa Jur\u00eddica (CNPJ, Contrato Social e RG do respons\u00e1vel).<\/li>\n<\/ol>\n\n\n\n<h3 class=\"wp-block-heading\">Voc\u00ea precisa pagar a multa para entrar com recurso na Jari?<\/h3>\n\n\n\n<p>N\u00e3o. Basta preencher o formul\u00e1rio, anexar a documenta\u00e7\u00e3o necess\u00e1ria e dar entrada na Ger\u00eancia de Atendimento\/Protocolo do IMMU.<\/p>\n\n\n\n<h3 class=\"wp-block-heading\">O recorrente pode assistir ao julgamento de seu Recurso?<\/h3>\n\n\n\n<p>Sim. Desde que seja solicitado formalmente ao Presidente da Jari, via Ger\u00eancia de Atendimento do ManausTrans. Todavia, n\u00e3o caber\u00e1 sustenta\u00e7\u00e3o oral por parte do recorrente. S\u00f3 ser\u00e1 v\u00e1lida e analisada a juntada de documentos feita na ocasi\u00e3o da entrada do recurso.<\/p>\n\n\n\n<h3 class=\"wp-block-heading\">Se o recurso do usu\u00e1rio for acatado pela Jari, o que acontece?<\/h3>\n\n\n\n<p>A multa \u00e9 cancelada automaticamente. Caso a infra\u00e7\u00e3o tenha sido paga antecipadamente, o recorrente poder\u00e1 solicitar o ressarcimento do valor pago junto ao IMMU, via formul\u00e1rio pr\u00f3prio fornecido na Ger\u00eancia de Atendimento.<\/p>\n\n\n\n<h3 class=\"wp-block-heading\">Quais os documentos necess\u00e1rios para solicitar o ressarcimento?<\/h3>\n\n\n\n<ol type=\"a\">\n<li>Parecer\/Conclus\u00e3o da decis\u00e3o do Recurso (Jari ou Cetran);<\/li>\n\n\n\n<li>Requerimento fornecido pelo IMMU devidamente preenchido;<\/li>\n\n\n\n<li>Comprovante de Pagamento da Multa;<\/li>\n\n\n\n<li>Comprovante de Resid\u00eancia;<\/li>\n\n\n\n<li>Certificado de Registro e Licenciamento do ve\u00edculo, RG ou CNH;<\/li>\n\n\n\n<li>Procura\u00e7\u00e3o reconhecida em cart\u00f3rio dando poderes para receber taxas (se o recorrente n\u00e3o for o propriet\u00e1rio do ve\u00edculo).<\/li>\n<\/ol>\n","protected":false},"excerpt":{"rendered":"","protected":false},"author":27,"featured_media":0,"parent":752,"menu_order":1,"comment_status":"closed","ping_status":"closed","template":"templates\/turismo.php","meta":{"footnotes":""},"acf":[],"yoast_head":"<!-- This site is optimized with the Yoast SEO plugin v23.0 - https:\/\/yoast.com\/wordpress\/plugins\/seo\/ -->\n<title>Junta Administrativa de Recurso de Infra\u00e7\u00e3o - IMMU<\/title>\n<meta name=\"robots\" content=\"noindex, follow\" \/>\n<meta property=\"og:locale\" content=\"pt_BR\" \/>\n<meta property=\"og:type\" content=\"article\" \/>\n<meta property=\"og:title\" content=\"Junta Administrativa de Recurso de Infra\u00e7\u00e3o - IMMU\" \/>\n<meta property=\"og:url\" content=\"https:\/\/www.manaus.am.gov.br\/immu\/recurso\/junta-administrativa-de-recurso-de-infracao\/\" \/>\n<meta property=\"og:site_name\" content=\"IMMU\" \/>\n<meta property=\"article:modified_time\" content=\"2023-07-05T20:36:47+00:00\" \/>\n<meta name=\"twitter:card\" content=\"summary_large_image\" \/>\n<meta name=\"twitter:label1\" content=\"Est. reading time\" \/>\n\t<meta name=\"twitter:data1\" content=\"3 minutos\" \/>\n<script type=\"application\/ld+json\" class=\"yoast-schema-graph\">{\"@context\":\"https:\/\/schema.org\",\"@graph\":[{\"@type\":\"WebPage\",\"@id\":\"https:\/\/www.manaus.am.gov.br\/immu\/recurso\/junta-administrativa-de-recurso-de-infracao\/\",\"url\":\"https:\/\/www.manaus.am.gov.br\/immu\/recurso\/junta-administrativa-de-recurso-de-infracao\/\",\"name\":\"Junta Administrativa de Recurso de Infra\u00e7\u00e3o - IMMU\",\"isPartOf\":{\"@id\":\"https:\/\/www.manaus.am.gov.br\/immu\/#website\"},\"datePublished\":\"2023-07-05T20:30:45+00:00\",\"dateModified\":\"2023-07-05T20:36:47+00:00\",\"breadcrumb\":{\"@id\":\"https:\/\/www.manaus.am.gov.br\/immu\/recurso\/junta-administrativa-de-recurso-de-infracao\/#breadcrumb\"},\"inLanguage\":\"pt-BR\",\"potentialAction\":[{\"@type\":\"ReadAction\",\"target\":[\"https:\/\/www.manaus.am.gov.br\/immu\/recurso\/junta-administrativa-de-recurso-de-infracao\/\"]}]},{\"@type\":\"BreadcrumbList\",\"@id\":\"https:\/\/www.manaus.am.gov.br\/immu\/recurso\/junta-administrativa-de-recurso-de-infracao\/#breadcrumb\",\"itemListElement\":[{\"@type\":\"ListItem\",\"position\":1,\"name\":\"Home\",\"item\":\"https:\/\/www.manaus.am.gov.br\/immu\/\"},{\"@type\":\"ListItem\",\"position\":2,\"name\":\"Recurso\",\"item\":\"https:\/\/www.manaus.am.gov.br\/immu\/recurso\/\"},{\"@type\":\"ListItem\",\"position\":3,\"name\":\"Junta Administrativa de Recurso de Infra\u00e7\u00e3o\"}]},{\"@type\":\"WebSite\",\"@id\":\"https:\/\/www.manaus.am.gov.br\/immu\/#website\",\"url\":\"https:\/\/www.manaus.am.gov.br\/immu\/\",\"name\":\"IMMU\",\"description\":\"Prefeitura de Manaus\",\"potentialAction\":[{\"@type\":\"SearchAction\",\"target\":{\"@type\":\"EntryPoint\",\"urlTemplate\":\"https:\/\/www.manaus.am.gov.br\/immu\/?s={search_term_string}\"},\"query-input\":\"required name=search_term_string\"}],\"inLanguage\":\"pt-BR\"}]}<\/script>\n<!-- \/ Yoast SEO plugin. -->","yoast_head_json":{"title":"Junta Administrativa de Recurso de Infra\u00e7\u00e3o - IMMU","robots":{"index":"noindex","follow":"follow"},"og_locale":"pt_BR","og_type":"article","og_title":"Junta Administrativa de Recurso de Infra\u00e7\u00e3o - IMMU","og_url":"https:\/\/www.manaus.am.gov.br\/immu\/recurso\/junta-administrativa-de-recurso-de-infracao\/","og_site_name":"IMMU","article_modified_time":"2023-07-05T20:36:47+00:00","twitter_card":"summary_large_image","twitter_misc":{"Est. reading time":"3 minutos"},"schema":{"@context":"https:\/\/schema.org","@graph":[{"@type":"WebPage","@id":"https:\/\/www.manaus.am.gov.br\/immu\/recurso\/junta-administrativa-de-recurso-de-infracao\/","url":"https:\/\/www.manaus.am.gov.br\/immu\/recurso\/junta-administrativa-de-recurso-de-infracao\/","name":"Junta Administrativa de Recurso de Infra\u00e7\u00e3o - IMMU","isPartOf":{"@id":"https:\/\/www.manaus.am.gov.br\/immu\/#website"},"datePublished":"2023-07-05T20:30:45+00:00","dateModified":"2023-07-05T20:36:47+00:00","breadcrumb":{"@id":"https:\/\/www.manaus.am.gov.br\/immu\/recurso\/junta-administrativa-de-recurso-de-infracao\/#breadcrumb"},"inLanguage":"pt-BR","potentialAction":[{"@type":"ReadAction","target":["https:\/\/www.manaus.am.gov.br\/immu\/recurso\/junta-administrativa-de-recurso-de-infracao\/"]}]},{"@type":"BreadcrumbList","@id":"https:\/\/www.manaus.am.gov.br\/immu\/recurso\/junta-administrativa-de-recurso-de-infracao\/#breadcrumb","itemListElement":[{"@type":"ListItem","position":1,"name":"Home","item":"https:\/\/www.manaus.am.gov.br\/immu\/"},{"@type":"ListItem","position":2,"name":"Recurso","item":"https:\/\/www.manaus.am.gov.br\/immu\/recurso\/"},{"@type":"ListItem","position":3,"name":"Junta Administrativa de Recurso de Infra\u00e7\u00e3o"}]},{"@type":"WebSite","@id":"https:\/\/www.manaus.am.gov.br\/immu\/#website","url":"https:\/\/www.manaus.am.gov.br\/immu\/","name":"IMMU","description":"Prefeitura de Manaus","potentialAction":[{"@type":"SearchAction","target":{"@type":"EntryPoint","urlTemplate":"https:\/\/www.manaus.am.gov.br\/immu\/?s={search_term_string}"},"query-input":"required name=search_term_string"}],"inLanguage":"pt-BR"}]}},"_links":{"self":[{"href":"https:\/\/www.manaus.am.gov.br\/immu\/wp-json\/wp\/v2\/pages\/757"}],"collection":[{"href":"https:\/\/www.manaus.am.gov.br\/immu\/wp-json\/wp\/v2\/pages"}],"about":[{"href":"https:\/\/www.manaus.am.gov.br\/immu\/wp-json\/wp\/v2\/types\/page"}],"author":[{"embeddable":true,"href":"https:\/\/www.manaus.am.gov.br\/immu\/wp-json\/wp\/v2\/users\/27"}],"replies":[{"embeddable":true,"href":"https:\/\/www.manaus.am.gov.br\/immu\/wp-json\/wp\/v2\/comments?post=757"}],"version-history":[{"count":4,"href":"https:\/\/www.manaus.am.gov.br\/immu\/wp-json\/wp\/v2\/pages\/757\/revisions"}],"predecessor-version":[{"id":772,"href":"https:\/\/www.manaus.am.gov.br\/immu\/wp-json\/wp\/v2\/pages\/757\/revisions\/772"}],"up":[{"embeddable":true,"href":"https:\/\/www.manaus.am.gov.br\/immu\/wp-json\/wp\/v2\/pages\/752"}],"wp:attachment":[{"href":"https:\/\/www.manaus.am.gov.br\/immu\/wp-json\/wp\/v2\/media?parent=757"}],"curies":[{"name":"wp","href":"https:\/\/api.w.org\/{rel}","templated":true}]}}