{"id":754,"date":"2023-07-05T16:29:12","date_gmt":"2023-07-05T20:29:12","guid":{"rendered":"https:\/\/www.manaus.am.gov.br\/immu\/?page_id=754"},"modified":"2023-07-05T16:31:01","modified_gmt":"2023-07-05T20:31:01","slug":"comissao-de-defesa-de-autuacao","status":"publish","type":"page","link":"https:\/\/www.manaus.am.gov.br\/immu\/recurso\/comissao-de-defesa-de-autuacao\/","title":{"rendered":"Comiss\u00e3o de Defesa de Autua\u00e7\u00e3o"},"content":{"rendered":"\n<p>A Comiss\u00e3o de An\u00e1lise da Defesa de Autua\u00e7\u00e3o (CDA) \u00e9 respons\u00e1vel pela an\u00e1lise dos requerimentos contra a autua\u00e7\u00e3o, interposta pelo propriet\u00e1rio do ve\u00edculo, representante ou procurador legal, baseado nas quest\u00f5es formais do auto de infra\u00e7\u00e3o, de acordo com o artigo 280 do C\u00f3digo de Tr\u00e2nsito Brasileiro (CTB) e Resolu\u00e7\u00f5es vigentes do Conselho Nacional de Tr\u00e2nsito (CONTRAN).<\/p>\n\n\n\n<h2 class=\"wp-block-heading\">D\u00favidas frequentes<\/h2>\n\n\n\n<h3 class=\"wp-block-heading\">O que s\u00e3o \u201cquest\u00f5es formais\u201d do auto de infra\u00e7\u00e3o?<\/h3>\n\n\n\n<p>\u00c9 o preenchimento correto do auto de infra\u00e7\u00e3o pelo agente da autoridade de tr\u00e2nsito. Erros no preenchimento, na digita\u00e7\u00e3o, diverg\u00eancias de Marca\/Modelo, equ\u00edvocos da identifica\u00e7\u00e3o do local, aus\u00eancia de identifica\u00e7\u00e3o do agente, informa\u00e7\u00f5es confusas e rasuras ensejam cancelamento do auto de infra\u00e7\u00e3o.<\/p>\n\n\n\n<h3 class=\"wp-block-heading\">A Defesa de Autua\u00e7\u00e3o funciona de que forma?<\/h3>\n\n\n\n<p>A Comiss\u00e3o de An\u00e1lise da Defesa de Autua\u00e7\u00e3o analisa a consist\u00eancia do auto de infra\u00e7\u00e3o, certificando se tudo est\u00e1 em conformidade com o CTB e as resolu\u00e7\u00f5es do CONTRAN. Ap\u00f3s a an\u00e1lise, \u00e9 emitido um relat\u00f3rio que \u00e9 encaminhado a Autoridade Municipal de Tr\u00e2nsito. Caso haja inconsist\u00eancia, o processo \u00e9 deferido e o auto de infra\u00e7\u00e3o \u00e9 arquivado.<\/p>\n\n\n\n<h3 class=\"wp-block-heading\">Como o usu\u00e1rio procede para recorrer \u00e0 Defesa de Autua\u00e7\u00e3o?<\/h3>\n\n\n\n<p>Ap\u00f3s o recebimento da Notifica\u00e7\u00e3o de Autua\u00e7\u00e3o (N.A.) \u00e9 necess\u00e1rio verificar se a infra\u00e7\u00e3o \u00e9 de \u00e2mbito municipal, ou seja, do Instituto Municipal de Mobilidade Urbana (IMMU). Se positivo, o usu\u00e1rio deve comparecer ao IMMU para dar entrada em seu requerimento no Divis\u00e3o de Atendimento\/Protocolo.<\/p>\n\n\n\n<h3 class=\"wp-block-heading\">O que \u00e9 necess\u00e1rio para dar entrada no requerimento?<\/h3>\n\n\n\n<p>Requerimento de Defesa (formul\u00e1rio pr\u00f3prio); C\u00f3pia da Notifica\u00e7\u00e3o de Autua\u00e7\u00e3o (N.A.); C\u00f3pia da CNH ou outro documento de identifica\u00e7\u00e3o; quando for pessoa jur\u00eddica, documento comprovando representa\u00e7\u00e3o, tais como o contrato social da empresa; procura\u00e7\u00e3o, quando for o caso.<\/p>\n\n\n\n<p>Caso o recorrente queira a 2\u00aa via do auto de infra\u00e7\u00e3o, ter\u00e1 que solicitar junto a Divis\u00e3o de Atendimento.<\/p>\n\n\n\n<p><strong>Documentos Obrigat\u00f3rios<\/strong><\/p>\n\n\n\n<h4 class=\"wp-block-heading\">Pessoa f\u00edsica<\/h4>\n\n\n\n<ol type=\"a\">\n<li>Documento de Identidade ou Carteira Nacional de Habilita\u00e7\u00e3o (CNH);<\/li>\n\n\n\n<li>Certificado de Registro e Licenciamento de Ve\u00edculo \u2013 CRLV;<\/li>\n\n\n\n<li>Comprovante de Resid\u00eancia, atualizado (exceto AMAZONAS ENERGIA);<\/li>\n\n\n\n<li>Notifica\u00e7\u00f5es:\n<ol type=\"1\">\n<li>Notifica\u00e7\u00e3o de Autua\u00e7\u00e3o (frente e verso), no caso de DEFESA DE AUTUA\u00c7\u00c3O;<\/li>\n\n\n\n<li>Notifica\u00e7\u00e3o de Imposi\u00e7\u00e3o da Penalidade (frente e verso), no caso de RECURSO \u00e0 JARI;<\/li>\n<\/ol>\n<\/li>\n\n\n\n<li>Procura\u00e7\u00e3o (reconhecida em Cart\u00f3rio, caso n\u00e3o seja o propriet\u00e1rio do ve\u00edculo);<\/li>\n<\/ol>\n\n\n\n<h4 class=\"wp-block-heading\">Pessoa jur\u00eddica<\/h4>\n\n\n\n<ol type=\"a\">\n<li>Documento de Identidade ou Carteira Nacional de Habilita\u00e7\u00e3o (CNH);<\/li>\n\n\n\n<li>Certificado de Registro e Licenciamento de Ve\u00edculo \u2013 CRLV;<\/li>\n\n\n\n<li>Comprovante de Resid\u00eancia, atualizado (exceto AMAZONAS ENERGIA);<\/li>\n\n\n\n<li>Procura\u00e7\u00e3o (reconhecida em Cart\u00f3rio, caso n\u00e3o seja o propriet\u00e1rio do ve\u00edculo);<\/li>\n\n\n\n<li>CNPJ e Contrato Social;<\/li>\n\n\n\n<li>Em caso de ve\u00edculo de locadora, anexar contrato de loca\u00e7\u00e3o;<\/li>\n\n\n\n<li>Notifica\u00e7\u00e3o:\n<ol type=\"1\">\n<li>Notifica\u00e7\u00e3o de Autua\u00e7\u00e3o (frente e verso), no caso de DEFESA DE AUTUA\u00c7\u00c3O;<\/li>\n\n\n\n<li>Notifica\u00e7\u00e3o de Imposi\u00e7\u00e3o da Penalidade (frente e verso), no caso de RECURSO \u00e0 JARI;<\/li>\n<\/ol>\n<\/li>\n<\/ol>\n\n\n\n<h3 class=\"wp-block-heading\">H\u00e1 prazos para dar entrada no requerimento de Defesa de Autua\u00e7\u00e3o?<\/h3>\n\n\n\n<p>Sim. O prazo vem expresso na Notifica\u00e7\u00e3o de Autua\u00e7\u00e3o (N.A.), n\u00e3o sendo inferior a 15 (quinze) dias. Caso o usu\u00e1rio perca o prazo para recorrer, o procedimento administrativo de autua\u00e7\u00e3o continua e, automaticamente, \u00e9 emitida uma Notifica\u00e7\u00e3o de Imposi\u00e7\u00e3o de Penalidade (NIP), informando o valor a ser pago junto ao \u00f3rg\u00e3o gestor de tr\u00e2nsito. Nessa fase n\u00e3o \u00e9 mais poss\u00edvel recorrer a Defesa de Autua\u00e7\u00e3o.<\/p>\n\n\n\n<h3 class=\"wp-block-heading\">Qual a d\u00favida mais frequente do usu\u00e1rio em rela\u00e7\u00e3o a Defesa de Autua\u00e7\u00e3o?<\/h3>\n\n\n\n<p>O usu\u00e1rio deve entrar com requerimento de Defesa de Autua\u00e7\u00e3o baseado somente na an\u00e1lise do Auto de Infra\u00e7\u00e3o. Em muitos casos, o usu\u00e1rio questiona o m\u00e9rito da infra\u00e7\u00e3o de tr\u00e2nsito na DEFESA DE AUTUA\u00c7\u00c3O, procedimento incorreto para essa fase. O m\u00e9rito da infra\u00e7\u00e3o deve ser questionado na Junta Administrativa de Recursos de Infra\u00e7\u00f5es (JARI).<\/p>\n","protected":false},"excerpt":{"rendered":"","protected":false},"author":27,"featured_media":0,"parent":752,"menu_order":0,"comment_status":"closed","ping_status":"closed","template":"templates\/turismo.php","meta":{"footnotes":""},"acf":[],"yoast_head":"<!-- This site is optimized with the Yoast SEO plugin v23.0 - https:\/\/yoast.com\/wordpress\/plugins\/seo\/ -->\n<title>Comiss\u00e3o de Defesa de Autua\u00e7\u00e3o - IMMU<\/title>\n<meta name=\"robots\" content=\"noindex, follow\" \/>\n<meta property=\"og:locale\" content=\"pt_BR\" \/>\n<meta property=\"og:type\" content=\"article\" \/>\n<meta property=\"og:title\" content=\"Comiss\u00e3o de Defesa de Autua\u00e7\u00e3o - IMMU\" \/>\n<meta property=\"og:url\" content=\"https:\/\/www.manaus.am.gov.br\/immu\/recurso\/comissao-de-defesa-de-autuacao\/\" \/>\n<meta property=\"og:site_name\" content=\"IMMU\" \/>\n<meta property=\"article:modified_time\" content=\"2023-07-05T20:31:01+00:00\" \/>\n<meta name=\"twitter:card\" content=\"summary_large_image\" \/>\n<meta name=\"twitter:label1\" content=\"Est. reading time\" \/>\n\t<meta name=\"twitter:data1\" content=\"4 minutos\" \/>\n<script type=\"application\/ld+json\" class=\"yoast-schema-graph\">{\"@context\":\"https:\/\/schema.org\",\"@graph\":[{\"@type\":\"WebPage\",\"@id\":\"https:\/\/www.manaus.am.gov.br\/immu\/recurso\/comissao-de-defesa-de-autuacao\/\",\"url\":\"https:\/\/www.manaus.am.gov.br\/immu\/recurso\/comissao-de-defesa-de-autuacao\/\",\"name\":\"Comiss\u00e3o de Defesa de Autua\u00e7\u00e3o - IMMU\",\"isPartOf\":{\"@id\":\"https:\/\/www.manaus.am.gov.br\/immu\/#website\"},\"datePublished\":\"2023-07-05T20:29:12+00:00\",\"dateModified\":\"2023-07-05T20:31:01+00:00\",\"breadcrumb\":{\"@id\":\"https:\/\/www.manaus.am.gov.br\/immu\/recurso\/comissao-de-defesa-de-autuacao\/#breadcrumb\"},\"inLanguage\":\"pt-BR\",\"potentialAction\":[{\"@type\":\"ReadAction\",\"target\":[\"https:\/\/www.manaus.am.gov.br\/immu\/recurso\/comissao-de-defesa-de-autuacao\/\"]}]},{\"@type\":\"BreadcrumbList\",\"@id\":\"https:\/\/www.manaus.am.gov.br\/immu\/recurso\/comissao-de-defesa-de-autuacao\/#breadcrumb\",\"itemListElement\":[{\"@type\":\"ListItem\",\"position\":1,\"name\":\"Home\",\"item\":\"https:\/\/www.manaus.am.gov.br\/immu\/\"},{\"@type\":\"ListItem\",\"position\":2,\"name\":\"Recurso\",\"item\":\"https:\/\/www.manaus.am.gov.br\/immu\/recurso\/\"},{\"@type\":\"ListItem\",\"position\":3,\"name\":\"Comiss\u00e3o de Defesa de Autua\u00e7\u00e3o\"}]},{\"@type\":\"WebSite\",\"@id\":\"https:\/\/www.manaus.am.gov.br\/immu\/#website\",\"url\":\"https:\/\/www.manaus.am.gov.br\/immu\/\",\"name\":\"IMMU\",\"description\":\"Prefeitura de Manaus\",\"potentialAction\":[{\"@type\":\"SearchAction\",\"target\":{\"@type\":\"EntryPoint\",\"urlTemplate\":\"https:\/\/www.manaus.am.gov.br\/immu\/?s={search_term_string}\"},\"query-input\":\"required name=search_term_string\"}],\"inLanguage\":\"pt-BR\"}]}<\/script>\n<!-- \/ Yoast SEO plugin. -->","yoast_head_json":{"title":"Comiss\u00e3o de Defesa de Autua\u00e7\u00e3o - IMMU","robots":{"index":"noindex","follow":"follow"},"og_locale":"pt_BR","og_type":"article","og_title":"Comiss\u00e3o de Defesa de Autua\u00e7\u00e3o - IMMU","og_url":"https:\/\/www.manaus.am.gov.br\/immu\/recurso\/comissao-de-defesa-de-autuacao\/","og_site_name":"IMMU","article_modified_time":"2023-07-05T20:31:01+00:00","twitter_card":"summary_large_image","twitter_misc":{"Est. reading time":"4 minutos"},"schema":{"@context":"https:\/\/schema.org","@graph":[{"@type":"WebPage","@id":"https:\/\/www.manaus.am.gov.br\/immu\/recurso\/comissao-de-defesa-de-autuacao\/","url":"https:\/\/www.manaus.am.gov.br\/immu\/recurso\/comissao-de-defesa-de-autuacao\/","name":"Comiss\u00e3o de Defesa de Autua\u00e7\u00e3o - IMMU","isPartOf":{"@id":"https:\/\/www.manaus.am.gov.br\/immu\/#website"},"datePublished":"2023-07-05T20:29:12+00:00","dateModified":"2023-07-05T20:31:01+00:00","breadcrumb":{"@id":"https:\/\/www.manaus.am.gov.br\/immu\/recurso\/comissao-de-defesa-de-autuacao\/#breadcrumb"},"inLanguage":"pt-BR","potentialAction":[{"@type":"ReadAction","target":["https:\/\/www.manaus.am.gov.br\/immu\/recurso\/comissao-de-defesa-de-autuacao\/"]}]},{"@type":"BreadcrumbList","@id":"https:\/\/www.manaus.am.gov.br\/immu\/recurso\/comissao-de-defesa-de-autuacao\/#breadcrumb","itemListElement":[{"@type":"ListItem","position":1,"name":"Home","item":"https:\/\/www.manaus.am.gov.br\/immu\/"},{"@type":"ListItem","position":2,"name":"Recurso","item":"https:\/\/www.manaus.am.gov.br\/immu\/recurso\/"},{"@type":"ListItem","position":3,"name":"Comiss\u00e3o de Defesa de Autua\u00e7\u00e3o"}]},{"@type":"WebSite","@id":"https:\/\/www.manaus.am.gov.br\/immu\/#website","url":"https:\/\/www.manaus.am.gov.br\/immu\/","name":"IMMU","description":"Prefeitura de Manaus","potentialAction":[{"@type":"SearchAction","target":{"@type":"EntryPoint","urlTemplate":"https:\/\/www.manaus.am.gov.br\/immu\/?s={search_term_string}"},"query-input":"required name=search_term_string"}],"inLanguage":"pt-BR"}]}},"_links":{"self":[{"href":"https:\/\/www.manaus.am.gov.br\/immu\/wp-json\/wp\/v2\/pages\/754"}],"collection":[{"href":"https:\/\/www.manaus.am.gov.br\/immu\/wp-json\/wp\/v2\/pages"}],"about":[{"href":"https:\/\/www.manaus.am.gov.br\/immu\/wp-json\/wp\/v2\/types\/page"}],"author":[{"embeddable":true,"href":"https:\/\/www.manaus.am.gov.br\/immu\/wp-json\/wp\/v2\/users\/27"}],"replies":[{"embeddable":true,"href":"https:\/\/www.manaus.am.gov.br\/immu\/wp-json\/wp\/v2\/comments?post=754"}],"version-history":[{"count":2,"href":"https:\/\/www.manaus.am.gov.br\/immu\/wp-json\/wp\/v2\/pages\/754\/revisions"}],"predecessor-version":[{"id":760,"href":"https:\/\/www.manaus.am.gov.br\/immu\/wp-json\/wp\/v2\/pages\/754\/revisions\/760"}],"up":[{"embeddable":true,"href":"https:\/\/www.manaus.am.gov.br\/immu\/wp-json\/wp\/v2\/pages\/752"}],"wp:attachment":[{"href":"https:\/\/www.manaus.am.gov.br\/immu\/wp-json\/wp\/v2\/media?parent=754"}],"curies":[{"name":"wp","href":"https:\/\/api.w.org\/{rel}","templated":true}]}}