{"id":5227,"date":"2026-01-27T14:32:45","date_gmt":"2026-01-27T18:32:45","guid":{"rendered":"https:\/\/www.manaus.am.gov.br\/immu\/?page_id=5227"},"modified":"2026-01-27T14:33:54","modified_gmt":"2026-01-27T18:33:54","slug":"consulta-afericao-de-radar","status":"publish","type":"page","link":"https:\/\/www.manaus.am.gov.br\/immu\/consulta-afericao-de-radar\/","title":{"rendered":"Consulta Aferi\u00e7\u00e3o de Radar"},"content":{"rendered":"\n<h2 class=\"wp-block-heading\">Localiza\u00e7\u00e3o dos Radares<\/h2>\n\n\n\n<h2 class=\"wp-block-heading\">Radares de velocidade \u2013 controlador fixo<\/h2>\n\n\n\n<ol>\n<li>Avenida Santos Dumont\/Seripa 7 \u2013 Tarum\u00e3, sentido Oeste<\/li>\n\n\n\n<li>Avenida Santos Dumont\/Seripa 8 \u2013 Tarum\u00e3, sentido Leste<\/li>\n\n\n\n<li>Avenida Professor Nilton Lins, n\u00ba 900, Jardim Via Veneto \u2013 Flores, sentido Leste<\/li>\n\n\n\n<li>Avenida Professor Nilton Lins, n\u00ba 851 \u2013 Flores, sentido Oeste<\/li>\n\n\n\n<li>Avenida Torquato Tapaj\u00f3s, n\u00ba 5.555 \u2013 Innova \u2013 Tarum\u00e3, sentido Sul<\/li>\n\n\n\n<li>Avenida Coronel Teixeira \u2013 em frente \u00e0 12\u00aa Regi\u00e3o Militar \u2013 Ponta Negra, sentido Sul<\/li>\n\n\n\n<li>Avenida Coronel Teixeira\/Supermercado Yroyak \u2013 Ponta Negra, sentido complexo tur\u00edstico<\/li>\n\n\n\n<li>Avenida das Torres\/Tenente Roxana Bonessi \u2013 Nova Cidade, sentido Sul<\/li>\n\n\n\n<li>Avenida das Torres, n\u00ba 352 \u2013 Nova Galileia \u2013 Nova Cidade, sentido Norte<\/li>\n\n\n\n<li>Avenida Autaz Mirim \u2013 oposto ao Atacad\u00e3o da Grande Circular \u2013 Coroado, sentido Sul<\/li>\n\n\n\n<li>Avenida Autaz Mirim\/Creche Maria Aparecida Silva Dantas \u2013 Zumbi dos Palmares, sentido Norte<\/li>\n\n\n\n<li>Avenida Torquato Tapaj\u00f3s \u2013 frente ao Nova Era \u2013 Da Paz, sentido Sul<\/li>\n\n\n\n<li>Avenida Torquato Tapaj\u00f3s \u2013 frente \u00e0 F\u00e1brica TPV \u2013 Flores, sentido Sul<\/li>\n<\/ol>\n\n\n\n<p><\/p>\n\n\n\n<h2 class=\"wp-block-heading\">Lombadas eletr\u00f4nicas \u2013 redutores de velocidade<\/h2>\n\n\n\n<ol>\n<li>Avenida Ephig\u00eanio Salles, n\u00ba 1.835 \u2013 condom\u00ednio Bosque Imperial \u2013 Aleixo, sentido Oeste<\/li>\n\n\n\n<li>Avenida Rodrigo Ot\u00e1vio\/Rua das \u00c1guias \u2013 Vila Buriti, sentido Leste<\/li>\n<\/ol>\n\n\n\n<p><\/p>\n\n\n\n<h2 class=\"wp-block-heading\">Radares de avan\u00e7o de sinal vermelho<\/h2>\n\n\n\n<ol>\n<li>Avenida Codaj\u00e1s\/Avenida Marqu\u00eas da Silveira \u2013 Petr\u00f3polis, sentido Oeste<\/li>\n\n\n\n<li>Avenida Codaj\u00e1s\/Avenida Marqu\u00eas da Silveira \u2013 S\u00e3o Francisco, sentido Leste<\/li>\n\n\n\n<li>Avenida Para\u00edba\/Avenida Andr\u00e9 Ara\u00fajo \u2013 Adrian\u00f3polis, sentido Norte<\/li>\n\n\n\n<li>Avenida Andr\u00e9 Ara\u00fajo (al\u00e7a)\/Avenida Jornalista Umberto Calderaro Filho \u2013 Adrian\u00f3polis, sentido Leste<\/li>\n\n\n\n<li>Avenida Jornalista Umberto Calderaro Filho\/Rua Belo Horizonte \u2013 Adrian\u00f3polis, sentido Norte.<\/li>\n<\/ol>\n\n\n\n<p><\/p>\n\n\n\n<h2 class=\"wp-block-heading\">Locais de instala\u00e7\u00e3o dos novos equipamentos a partir de 1\u00ba de Fevereiro de 2026<\/h2>\n\n\n\n<h2 class=\"wp-block-heading\">Detector de Eixo<\/h2>\n\n\n\n<ol>\n<li>Avenida General Rodrigo Ot\u00e1vio Ramos, trecho anterior ao acesso da Ufam, Coroado, sentido Norte;<\/li>\n\n\n\n<li>Avenida General Rodrigo Ot\u00e1vio Ramos, trecho anterior ao acesso da Ufam, Petr\u00f3polis, sentido Sul;<\/li>\n\n\n\n<li>Avenida Ephig\u00eanio Salles, trecho posterior \u00e0 avenida Via L\u00e1ctea, Adrian\u00f3polis, sentido Leste;<\/li>\n\n\n\n<li>Avenida Ephig\u00eanio Salles, trecho posterior \u00e0 avenida Dona Amine, Aleixo, sentido Norte;<\/li>\n\n\n\n<li>Avenida Constantino Nery, trecho posterior \u00e0 avenida \u00c1lvaro Maia, S\u00e3o Geraldo, sentido Norte (bairro);<\/li>\n\n\n\n<li>Avenida Constantino Nery, trecho posterior \u00e0 avenida Darcy Vargas, Chapada, sentido Sul (Centro);<\/li>\n\n\n\n<li>Avenida Djalma Batista, trecho posterior \u00e0 avenida \u00c1lvaro Maia, Nossa Senhora das Gra\u00e7as, sentido Norte (bairro);<\/li>\n\n\n\n<li>Avenida Djalma Batista, trecho posterior \u00e0 avenida Pedro Teixeira, Chapada, sentido Sul (Centro);<\/li>\n\n\n\n<li>Avenida Leonardo Malcher, trecho posterior \u00e0 avenida Joaquim Nabuco, Centro, sentido Oeste;<\/li>\n\n\n\n<li>Avenida Ramos Ferreira, trecho posterior \u00e0 rua Major Gabriel, Centro, sentido Oeste.<\/li>\n<\/ol>\n\n\n\n<h2 class=\"wp-block-heading\">Controle de velocidade (60 quil\u00f4metros)<\/h2>\n\n\n\n<ol start=\"11\">\n<li>Avenida Pedro Teixeira, 725, nas proximidades do condom\u00ednio Paradise, Dom Pedro I, sentido Oeste;<\/li>\n\n\n\n<li>Avenida Pedro Teixeira com rua Salinas, Dom Pedro I, sentido Leste;<\/li>\n\n\n\n<li>Avenida das Torres com rua Ordu, Monte das Oliveiras, sentido Norte;<\/li>\n\n\n\n<li>Avenida Governador Jos\u00e9 Lindoso, oposto \u00e0 rua Vasco Ata\u00edde, Cidade Nova, sentido Sul;<\/li>\n\n\n\n<li>Avenida do Turismo, 3.727, Ponta Negra, sentido complexo tur\u00edstico Ponta Negra;<\/li>\n\n\n\n<li>Avenida do Turismo, oposto ao condom\u00ednio Mediterr\u00e2neo I, Tarum\u00e3, sentido aeroporto Eduardo Gomes;<\/li>\n\n\n\n<li>Avenida do Turismo com avenida Thales Loureiro, Ponta Negra, sentido complexo tur\u00edstico Ponta Negra;<\/li>\n<\/ol>\n\n\n\n<h2 class=\"wp-block-heading\">Lombada Eletr\u00f4nica (40 quil\u00f4metros)<\/h2>\n\n\n\n<ol start=\"18\">\n<li>Avenida S\u00e3o Jorge com travessa Doutor Alfredo da Mata, S\u00e3o Jorge, sentido Leste (Alphaville);<\/li>\n\n\n\n<li>Avenida General Rodrigo Ot\u00e1vio Ramos com rua Maia Andrade, Crespo, sentido Oeste (rotat\u00f3ria da Suframa);<\/li>\n<\/ol>\n\n\n\n<h2 class=\"wp-block-heading\">Avan\u00e7o de sinal de vermelho<\/h2>\n\n\n\n<ol start=\"20\">\n<li>Avenida Pedro Teixeira com avenida Dom Pedro I, Dom Pedro I, sentido Oeste (S\u00e3o Jorge \/ Ponta Negra);<\/li>\n\n\n\n<li>Avenida Pedro Teixeira com rua Paxi\u00faba, Dom Pedro I, sentido Leste (Constantino Nery);<\/li>\n\n\n\n<li>Avenida S\u00e3o Jorge com avenida Pedro Teixeira, Dom Pedro I, sentido complexo tur\u00edstico Ponta Negra;<\/li>\n\n\n\n<li>Avenida S\u00e3o Jorge com avenida Pedro Teixeira, S\u00e3o Jorge, sentido Leste;<\/li>\n\n\n\n<li>Avenida Tef\u00e9 com avenida Borba, Cachoeirinha, sentido Leste;<\/li>\n\n\n\n<li>Avenida Tef\u00e9 com avenida Borba, Cachoeirinha, sentido Oeste;<\/li>\n\n\n\n<li>Avenida Timbiras com avenida Noel Nutels, Cidade Nova, sentido Norte (bairro);<\/li>\n\n\n\n<li>Avenida General Rodrigo Ot\u00e1vio Ramos, acesso da Ufam, Coroado, sentido Norte (rotat\u00f3ria do Coroado);<\/li>\n\n\n\n<li>Avenida Leonardo Malcher com rua Em\u00edlio Moreira, Pra\u00e7a 14 de Janeiro, sentido Oeste;<\/li>\n\n\n\n<li>Avenida Leonardo Malcher com rua major Gabriel, Pra\u00e7a 14 de Janeiro, sentido Oeste;<\/li>\n\n\n\n<li>Avenida Brasil com avenida Padre Agostinho Caballera Martin, Compensa, sentido Leste (viaduto do Boulevard);<\/li>\n\n\n\n<li>Avenida Brasil com avenida Compensa, Compensa, sentido Oeste;<\/li>\n\n\n\n<li>Rua Major Gabriel com avenida Tarum\u00e3, Pra\u00e7a 14 de Janeiro, sentido Sul;<\/li>\n\n\n\n<li>Avenida Max Teixeira com rua S\u00e3o Judas Tadeu, Flores Nova, sentido Leste;<\/li>\n\n\n\n<li>Avenida Max Teixeira, oposto \u00e0 rua S\u00e3o Judas Tadeu (al\u00e7a de retorno), Col\u00f4nia Santo Ant\u00f4nio, sentido Oeste.<\/li>\n<\/ol>\n\n\n\n<p><\/p>\n\n\n\n<h2 class=\"wp-block-heading\">Informa\u00e7\u00f5es Importantes &#8211; Consulta Aferi\u00e7\u00e3o dos Radares<\/h2>\n\n\n\n<h3 class=\"wp-block-heading\">O que \u00e9?<\/h3>\n\n\n\n<p>\u00c9 a possibilidade de consultar se os radares (medidores de velocidade) est\u00e3o com o certificado de verifica\u00e7\u00e3o v\u00e1lido.<br>Os equipamentos aprovados recebem um laudo t\u00e9cnico com validade de um ano. Em caso de reprova\u00e7\u00e3o, a empresa respons\u00e1vel pelo radar \u00e9 autuada e o equipamento interditado. Para a legitimidade das multas emitidas em fun\u00e7\u00e3o dos radares &#8211; atendendo os par\u00e2metros determinados pelo C\u00f3digo de Tr\u00e2nsito Brasileiro -, o medidor de velocidade (radar) precisa estar verificado e aprovado pelo Ipem-AM e a verifica\u00e7\u00e3o estar dentro do prazo de validade.<\/p>\n\n\n\n<h3 class=\"wp-block-heading\">Quem pode solicitar?<\/h3>\n\n\n\n<p>Cidad\u00e3o<\/p>\n\n\n\n<h3 class=\"wp-block-heading\">Onde pode solicitar?<\/h3>\n\n\n\n<p>Pela internet<\/p>\n\n\n\n<h3 class=\"wp-block-heading\">Como pode solicitar?<\/h3>\n\n\n\n<p>No Portal de Servi\u00e7os do Inmetro nos estados, informe:<\/p>\n\n\n\n<ul>\n<li>em Tipo de Instrumento, escolha Medidor de Velocidade<\/li>\n\n\n\n<li>em Estado, onde o radar est\u00e1 instalado<\/li>\n<\/ul>\n\n\n\n<p>Quanto mais dados puder informar, maior a possibilidade de encontrar o radar que est\u00e1 buscando.<\/p>\n\n\n\n<h3 class=\"wp-block-heading\">Prazo<\/h3>\n\n\n\n<p>A consulta \u00e9 imediata.<\/p>\n\n\n\n<p><\/p>\n\n\n\n<h2 class=\"wp-block-heading\">Levantamentos T\u00e9cnicos<\/h2>\n\n\n\n<p><a href=\"https:\/\/www.manaus.am.gov.br\/immu\/wp-content\/uploads\/sites\/14\/2026\/01\/Levantamento-tecnico-avturismofilm.pdf\">Av. do Turismo, oposto a empresa vida film n\u00ba 12568 &#8211; Tarum\u00e3-a\u00e7u sentido oeste<\/a><\/p>\n\n\n\n<p><\/p>\n\n\n\n<p><a href=\"https:\/\/www.manaus.am.gov.br\/immu\/wp-content\/uploads\/sites\/14\/2026\/01\/Levantamento-tecnico-avturismothalesloureiro.pdf\">Av. do Turismo\/Av. Thales Loureiro &#8211; Ponta negra sentido compl tur ponta negra<\/a><\/p>\n\n\n\n<p><\/p>\n\n\n\n<p><a href=\"https:\/\/www.manaus.am.gov.br\/immu\/wp-content\/uploads\/sites\/14\/2026\/01\/Levantamento-tecnico-avturismo123ieadm.pdf\">Av. do Turismo, em frente a 123\u00aa IEADAM &#8211; Tarum\u00e3 sentido norte<\/a><\/p>\n\n\n\n<p><\/p>\n\n\n\n<p><a href=\"https:\/\/www.manaus.am.gov.br\/immu\/wp-content\/uploads\/sites\/14\/2026\/01\/Levantamento-tecnico-avturismo3727.pdf\">Av. do Turismo, 3727 &#8211; Ponta negra sentido compl tur ponta negra<\/a><\/p>\n\n\n\n<p><\/p>\n\n\n\n<p><a href=\"https:\/\/www.manaus.am.gov.br\/immu\/wp-content\/uploads\/sites\/14\/2026\/01\/Levantamento-tecnico-avturismocondvivertaruma.pdf\">Av. do Turismo, oposto ao Cond Viver Tarum\u00e3 &#8211; Tarum\u00e3-A\u00e7u sentido oeste<\/a><\/p>\n\n\n\n<p><\/p>\n\n\n\n<p><a href=\"https:\/\/www.manaus.am.gov.br\/immu\/wp-content\/uploads\/sites\/14\/2026\/01\/Levantamento-tecnico-avturismomediterraneo.pdf\">Av. do Turismo, oposto Cond. Mediterr\u00e2neo I &#8211; Tarum\u00e3 sentido aerop Eduardo Gomes<\/a><\/p>\n\n\n\n<p><\/p>\n\n\n\n<p><a href=\"https:\/\/www.manaus.am.gov.br\/immu\/wp-content\/uploads\/sites\/14\/2026\/01\/Levantamento-tecnico-avturismocondvivataruma.pdf\">Av. do Turismo, em frente ao Cond Viva Vida Tarum\u00e3 &#8211; Tarum\u00e3 sentido leste<\/a><\/p>\n\n\n\n<p><\/p>\n\n\n\n<p><\/p>\n\n\n\n<div class=\"wp-block-buttons is-layout-flex wp-block-buttons-is-layout-flex\">\n<div class=\"wp-block-button\"><a class=\"wp-block-button__link wp-element-button\" href=\"https:\/\/servicos.rbmlq.gov.br\/Instrumento\" target=\"_blank\" rel=\"noreferrer noopener\">Acesse o site do Inmetro<\/a><\/div>\n<\/div>\n","protected":false},"excerpt":{"rendered":"","protected":false},"author":8,"featured_media":0,"parent":0,"menu_order":0,"comment_status":"closed","ping_status":"closed","template":"","meta":{"footnotes":""},"acf":[],"yoast_head":"<!-- This site is optimized with the Yoast SEO plugin v23.0 - https:\/\/yoast.com\/wordpress\/plugins\/seo\/ -->\n<title>Consulta Aferi\u00e7\u00e3o de Radar - IMMU<\/title>\n<meta name=\"robots\" content=\"noindex, follow\" \/>\n<meta property=\"og:locale\" content=\"pt_BR\" \/>\n<meta property=\"og:type\" content=\"article\" \/>\n<meta property=\"og:title\" content=\"Consulta Aferi\u00e7\u00e3o de Radar - IMMU\" \/>\n<meta property=\"og:url\" content=\"https:\/\/www.manaus.am.gov.br\/immu\/consulta-afericao-de-radar\/\" \/>\n<meta property=\"og:site_name\" content=\"IMMU\" \/>\n<meta property=\"article:modified_time\" content=\"2026-01-27T18:33:54+00:00\" \/>\n<meta name=\"twitter:card\" content=\"summary_large_image\" \/>\n<meta name=\"twitter:label1\" content=\"Est. reading time\" \/>\n\t<meta name=\"twitter:data1\" content=\"6 minutos\" \/>\n<script type=\"application\/ld+json\" class=\"yoast-schema-graph\">{\"@context\":\"https:\/\/schema.org\",\"@graph\":[{\"@type\":\"WebPage\",\"@id\":\"https:\/\/www.manaus.am.gov.br\/immu\/consulta-afericao-de-radar\/\",\"url\":\"https:\/\/www.manaus.am.gov.br\/immu\/consulta-afericao-de-radar\/\",\"name\":\"Consulta Aferi\u00e7\u00e3o de Radar - IMMU\",\"isPartOf\":{\"@id\":\"https:\/\/www.manaus.am.gov.br\/immu\/#website\"},\"datePublished\":\"2026-01-27T18:32:45+00:00\",\"dateModified\":\"2026-01-27T18:33:54+00:00\",\"breadcrumb\":{\"@id\":\"https:\/\/www.manaus.am.gov.br\/immu\/consulta-afericao-de-radar\/#breadcrumb\"},\"inLanguage\":\"pt-BR\",\"potentialAction\":[{\"@type\":\"ReadAction\",\"target\":[\"https:\/\/www.manaus.am.gov.br\/immu\/consulta-afericao-de-radar\/\"]}]},{\"@type\":\"BreadcrumbList\",\"@id\":\"https:\/\/www.manaus.am.gov.br\/immu\/consulta-afericao-de-radar\/#breadcrumb\",\"itemListElement\":[{\"@type\":\"ListItem\",\"position\":1,\"name\":\"Home\",\"item\":\"https:\/\/www.manaus.am.gov.br\/immu\/\"},{\"@type\":\"ListItem\",\"position\":2,\"name\":\"Consulta Aferi\u00e7\u00e3o de Radar\"}]},{\"@type\":\"WebSite\",\"@id\":\"https:\/\/www.manaus.am.gov.br\/immu\/#website\",\"url\":\"https:\/\/www.manaus.am.gov.br\/immu\/\",\"name\":\"IMMU\",\"description\":\"Prefeitura de Manaus\",\"potentialAction\":[{\"@type\":\"SearchAction\",\"target\":{\"@type\":\"EntryPoint\",\"urlTemplate\":\"https:\/\/www.manaus.am.gov.br\/immu\/?s={search_term_string}\"},\"query-input\":\"required name=search_term_string\"}],\"inLanguage\":\"pt-BR\"}]}<\/script>\n<!-- \/ Yoast SEO plugin. -->","yoast_head_json":{"title":"Consulta Aferi\u00e7\u00e3o de Radar - IMMU","robots":{"index":"noindex","follow":"follow"},"og_locale":"pt_BR","og_type":"article","og_title":"Consulta Aferi\u00e7\u00e3o de Radar - IMMU","og_url":"https:\/\/www.manaus.am.gov.br\/immu\/consulta-afericao-de-radar\/","og_site_name":"IMMU","article_modified_time":"2026-01-27T18:33:54+00:00","twitter_card":"summary_large_image","twitter_misc":{"Est. reading time":"6 minutos"},"schema":{"@context":"https:\/\/schema.org","@graph":[{"@type":"WebPage","@id":"https:\/\/www.manaus.am.gov.br\/immu\/consulta-afericao-de-radar\/","url":"https:\/\/www.manaus.am.gov.br\/immu\/consulta-afericao-de-radar\/","name":"Consulta Aferi\u00e7\u00e3o de Radar - IMMU","isPartOf":{"@id":"https:\/\/www.manaus.am.gov.br\/immu\/#website"},"datePublished":"2026-01-27T18:32:45+00:00","dateModified":"2026-01-27T18:33:54+00:00","breadcrumb":{"@id":"https:\/\/www.manaus.am.gov.br\/immu\/consulta-afericao-de-radar\/#breadcrumb"},"inLanguage":"pt-BR","potentialAction":[{"@type":"ReadAction","target":["https:\/\/www.manaus.am.gov.br\/immu\/consulta-afericao-de-radar\/"]}]},{"@type":"BreadcrumbList","@id":"https:\/\/www.manaus.am.gov.br\/immu\/consulta-afericao-de-radar\/#breadcrumb","itemListElement":[{"@type":"ListItem","position":1,"name":"Home","item":"https:\/\/www.manaus.am.gov.br\/immu\/"},{"@type":"ListItem","position":2,"name":"Consulta Aferi\u00e7\u00e3o de Radar"}]},{"@type":"WebSite","@id":"https:\/\/www.manaus.am.gov.br\/immu\/#website","url":"https:\/\/www.manaus.am.gov.br\/immu\/","name":"IMMU","description":"Prefeitura de Manaus","potentialAction":[{"@type":"SearchAction","target":{"@type":"EntryPoint","urlTemplate":"https:\/\/www.manaus.am.gov.br\/immu\/?s={search_term_string}"},"query-input":"required name=search_term_string"}],"inLanguage":"pt-BR"}]}},"_links":{"self":[{"href":"https:\/\/www.manaus.am.gov.br\/immu\/wp-json\/wp\/v2\/pages\/5227"}],"collection":[{"href":"https:\/\/www.manaus.am.gov.br\/immu\/wp-json\/wp\/v2\/pages"}],"about":[{"href":"https:\/\/www.manaus.am.gov.br\/immu\/wp-json\/wp\/v2\/types\/page"}],"author":[{"embeddable":true,"href":"https:\/\/www.manaus.am.gov.br\/immu\/wp-json\/wp\/v2\/users\/8"}],"replies":[{"embeddable":true,"href":"https:\/\/www.manaus.am.gov.br\/immu\/wp-json\/wp\/v2\/comments?post=5227"}],"version-history":[{"count":3,"href":"https:\/\/www.manaus.am.gov.br\/immu\/wp-json\/wp\/v2\/pages\/5227\/revisions"}],"predecessor-version":[{"id":5239,"href":"https:\/\/www.manaus.am.gov.br\/immu\/wp-json\/wp\/v2\/pages\/5227\/revisions\/5239"}],"wp:attachment":[{"href":"https:\/\/www.manaus.am.gov.br\/immu\/wp-json\/wp\/v2\/media?parent=5227"}],"curies":[{"name":"wp","href":"https:\/\/api.w.org\/{rel}","templated":true}]}}