{"id":431,"date":"2023-04-11T15:38:21","date_gmt":"2023-04-11T19:38:21","guid":{"rendered":"https:\/\/www.manaus.am.gov.br\/immu\/?page_id=431"},"modified":"2023-04-11T15:43:01","modified_gmt":"2023-04-11T19:43:01","slug":"transporte-comercial-de-turismo","status":"publish","type":"page","link":"https:\/\/www.manaus.am.gov.br\/immu\/transporte-urbano\/transporte-comercial-de-turismo\/","title":{"rendered":"Transporte Comercial de Turismo"},"content":{"rendered":"\n<p>Modalidade de Transporte outorgada pelo Decreto n\u00ba 6.613, de 16 de janeiro de 2003, enquadrando-se como transporte de fretamento, observando as exig\u00eancias de maior conforto, seguran\u00e7a e ve\u00edculos apropriados.<\/p>\n\n\n\n<p>Para execu\u00e7\u00e3o do Servi\u00e7o de Transporte de Turismo, inclusive por ag\u00eancias de viagem e hotel, a empresa deve ainda apresentar registro expedido pela EMBRATUR.<\/p>\n\n\n<div class=\"wp-block-image\">\n<figure class=\"aligncenter size-full is-resized\"><a href=\"https:\/\/www.manaus.am.gov.br\/immu\/wp-content\/uploads\/sites\/14\/2023\/04\/documentos-obrigatorios.png\"><img loading=\"lazy\" decoding=\"async\" src=\"https:\/\/www.manaus.am.gov.br\/immu\/wp-content\/uploads\/sites\/14\/2023\/04\/documentos-obrigatorios.png\" alt=\"Documentos obrigat\u00f3rios\" class=\"wp-image-432\" width=\"825\" height=\"312\" srcset=\"https:\/\/www.manaus.am.gov.br\/immu\/wp-content\/uploads\/sites\/14\/2023\/04\/documentos-obrigatorios.png 742w, https:\/\/www.manaus.am.gov.br\/immu\/wp-content\/uploads\/sites\/14\/2023\/04\/documentos-obrigatorios-300x114.png 300w\" sizes=\"(max-width: 825px) 100vw, 825px\" \/><\/a><\/figure><\/div>","protected":false},"excerpt":{"rendered":"","protected":false},"author":27,"featured_media":0,"parent":381,"menu_order":0,"comment_status":"closed","ping_status":"closed","template":"templates\/turismo.php","meta":{"footnotes":""},"acf":[],"yoast_head":"<!-- This site is optimized with the Yoast SEO plugin v23.0 - https:\/\/yoast.com\/wordpress\/plugins\/seo\/ -->\n<title>Transporte Comercial de Turismo - IMMU<\/title>\n<meta name=\"robots\" content=\"noindex, follow\" \/>\n<meta property=\"og:locale\" content=\"pt_BR\" \/>\n<meta property=\"og:type\" content=\"article\" \/>\n<meta property=\"og:title\" content=\"Transporte Comercial de Turismo - IMMU\" \/>\n<meta property=\"og:url\" content=\"https:\/\/www.manaus.am.gov.br\/immu\/transporte-urbano\/transporte-comercial-de-turismo\/\" \/>\n<meta property=\"og:site_name\" content=\"IMMU\" \/>\n<meta property=\"article:modified_time\" content=\"2023-04-11T19:43:01+00:00\" \/>\n<meta property=\"og:image\" content=\"https:\/\/www.manaus.am.gov.br\/immu\/wp-content\/uploads\/sites\/14\/2023\/04\/documentos-obrigatorios.png\" \/>\n<meta name=\"twitter:card\" content=\"summary_large_image\" \/>\n<meta name=\"twitter:label1\" content=\"Est. reading time\" \/>\n\t<meta name=\"twitter:data1\" content=\"1 minuto\" \/>\n<script type=\"application\/ld+json\" class=\"yoast-schema-graph\">{\"@context\":\"https:\/\/schema.org\",\"@graph\":[{\"@type\":\"WebPage\",\"@id\":\"https:\/\/www.manaus.am.gov.br\/immu\/transporte-urbano\/transporte-comercial-de-turismo\/\",\"url\":\"https:\/\/www.manaus.am.gov.br\/immu\/transporte-urbano\/transporte-comercial-de-turismo\/\",\"name\":\"Transporte Comercial de Turismo - IMMU\",\"isPartOf\":{\"@id\":\"https:\/\/www.manaus.am.gov.br\/immu\/#website\"},\"primaryImageOfPage\":{\"@id\":\"https:\/\/www.manaus.am.gov.br\/immu\/transporte-urbano\/transporte-comercial-de-turismo\/#primaryimage\"},\"image\":{\"@id\":\"https:\/\/www.manaus.am.gov.br\/immu\/transporte-urbano\/transporte-comercial-de-turismo\/#primaryimage\"},\"thumbnailUrl\":\"https:\/\/www.manaus.am.gov.br\/immu\/wp-content\/uploads\/sites\/14\/2023\/04\/documentos-obrigatorios.png\",\"datePublished\":\"2023-04-11T19:38:21+00:00\",\"dateModified\":\"2023-04-11T19:43:01+00:00\",\"breadcrumb\":{\"@id\":\"https:\/\/www.manaus.am.gov.br\/immu\/transporte-urbano\/transporte-comercial-de-turismo\/#breadcrumb\"},\"inLanguage\":\"pt-BR\",\"potentialAction\":[{\"@type\":\"ReadAction\",\"target\":[\"https:\/\/www.manaus.am.gov.br\/immu\/transporte-urbano\/transporte-comercial-de-turismo\/\"]}]},{\"@type\":\"ImageObject\",\"inLanguage\":\"pt-BR\",\"@id\":\"https:\/\/www.manaus.am.gov.br\/immu\/transporte-urbano\/transporte-comercial-de-turismo\/#primaryimage\",\"url\":\"https:\/\/www.manaus.am.gov.br\/immu\/wp-content\/uploads\/sites\/14\/2023\/04\/documentos-obrigatorios.png\",\"contentUrl\":\"https:\/\/www.manaus.am.gov.br\/immu\/wp-content\/uploads\/sites\/14\/2023\/04\/documentos-obrigatorios.png\"},{\"@type\":\"BreadcrumbList\",\"@id\":\"https:\/\/www.manaus.am.gov.br\/immu\/transporte-urbano\/transporte-comercial-de-turismo\/#breadcrumb\",\"itemListElement\":[{\"@type\":\"ListItem\",\"position\":1,\"name\":\"Home\",\"item\":\"https:\/\/www.manaus.am.gov.br\/immu\/\"},{\"@type\":\"ListItem\",\"position\":2,\"name\":\"TRANSPORTE URBANO\",\"item\":\"https:\/\/www.manaus.am.gov.br\/immu\/transporte-urbano\/\"},{\"@type\":\"ListItem\",\"position\":3,\"name\":\"Transporte Comercial de Turismo\"}]},{\"@type\":\"WebSite\",\"@id\":\"https:\/\/www.manaus.am.gov.br\/immu\/#website\",\"url\":\"https:\/\/www.manaus.am.gov.br\/immu\/\",\"name\":\"IMMU\",\"description\":\"Prefeitura de Manaus\",\"potentialAction\":[{\"@type\":\"SearchAction\",\"target\":{\"@type\":\"EntryPoint\",\"urlTemplate\":\"https:\/\/www.manaus.am.gov.br\/immu\/?s={search_term_string}\"},\"query-input\":\"required name=search_term_string\"}],\"inLanguage\":\"pt-BR\"}]}<\/script>\n<!-- \/ Yoast SEO plugin. -->","yoast_head_json":{"title":"Transporte Comercial de Turismo - IMMU","robots":{"index":"noindex","follow":"follow"},"og_locale":"pt_BR","og_type":"article","og_title":"Transporte Comercial de Turismo - IMMU","og_url":"https:\/\/www.manaus.am.gov.br\/immu\/transporte-urbano\/transporte-comercial-de-turismo\/","og_site_name":"IMMU","article_modified_time":"2023-04-11T19:43:01+00:00","og_image":[{"url":"https:\/\/www.manaus.am.gov.br\/immu\/wp-content\/uploads\/sites\/14\/2023\/04\/documentos-obrigatorios.png"}],"twitter_card":"summary_large_image","twitter_misc":{"Est. reading time":"1 minuto"},"schema":{"@context":"https:\/\/schema.org","@graph":[{"@type":"WebPage","@id":"https:\/\/www.manaus.am.gov.br\/immu\/transporte-urbano\/transporte-comercial-de-turismo\/","url":"https:\/\/www.manaus.am.gov.br\/immu\/transporte-urbano\/transporte-comercial-de-turismo\/","name":"Transporte Comercial de Turismo - IMMU","isPartOf":{"@id":"https:\/\/www.manaus.am.gov.br\/immu\/#website"},"primaryImageOfPage":{"@id":"https:\/\/www.manaus.am.gov.br\/immu\/transporte-urbano\/transporte-comercial-de-turismo\/#primaryimage"},"image":{"@id":"https:\/\/www.manaus.am.gov.br\/immu\/transporte-urbano\/transporte-comercial-de-turismo\/#primaryimage"},"thumbnailUrl":"https:\/\/www.manaus.am.gov.br\/immu\/wp-content\/uploads\/sites\/14\/2023\/04\/documentos-obrigatorios.png","datePublished":"2023-04-11T19:38:21+00:00","dateModified":"2023-04-11T19:43:01+00:00","breadcrumb":{"@id":"https:\/\/www.manaus.am.gov.br\/immu\/transporte-urbano\/transporte-comercial-de-turismo\/#breadcrumb"},"inLanguage":"pt-BR","potentialAction":[{"@type":"ReadAction","target":["https:\/\/www.manaus.am.gov.br\/immu\/transporte-urbano\/transporte-comercial-de-turismo\/"]}]},{"@type":"ImageObject","inLanguage":"pt-BR","@id":"https:\/\/www.manaus.am.gov.br\/immu\/transporte-urbano\/transporte-comercial-de-turismo\/#primaryimage","url":"https:\/\/www.manaus.am.gov.br\/immu\/wp-content\/uploads\/sites\/14\/2023\/04\/documentos-obrigatorios.png","contentUrl":"https:\/\/www.manaus.am.gov.br\/immu\/wp-content\/uploads\/sites\/14\/2023\/04\/documentos-obrigatorios.png"},{"@type":"BreadcrumbList","@id":"https:\/\/www.manaus.am.gov.br\/immu\/transporte-urbano\/transporte-comercial-de-turismo\/#breadcrumb","itemListElement":[{"@type":"ListItem","position":1,"name":"Home","item":"https:\/\/www.manaus.am.gov.br\/immu\/"},{"@type":"ListItem","position":2,"name":"TRANSPORTE URBANO","item":"https:\/\/www.manaus.am.gov.br\/immu\/transporte-urbano\/"},{"@type":"ListItem","position":3,"name":"Transporte Comercial de Turismo"}]},{"@type":"WebSite","@id":"https:\/\/www.manaus.am.gov.br\/immu\/#website","url":"https:\/\/www.manaus.am.gov.br\/immu\/","name":"IMMU","description":"Prefeitura de Manaus","potentialAction":[{"@type":"SearchAction","target":{"@type":"EntryPoint","urlTemplate":"https:\/\/www.manaus.am.gov.br\/immu\/?s={search_term_string}"},"query-input":"required name=search_term_string"}],"inLanguage":"pt-BR"}]}},"_links":{"self":[{"href":"https:\/\/www.manaus.am.gov.br\/immu\/wp-json\/wp\/v2\/pages\/431"}],"collection":[{"href":"https:\/\/www.manaus.am.gov.br\/immu\/wp-json\/wp\/v2\/pages"}],"about":[{"href":"https:\/\/www.manaus.am.gov.br\/immu\/wp-json\/wp\/v2\/types\/page"}],"author":[{"embeddable":true,"href":"https:\/\/www.manaus.am.gov.br\/immu\/wp-json\/wp\/v2\/users\/27"}],"replies":[{"embeddable":true,"href":"https:\/\/www.manaus.am.gov.br\/immu\/wp-json\/wp\/v2\/comments?post=431"}],"version-history":[{"count":3,"href":"https:\/\/www.manaus.am.gov.br\/immu\/wp-json\/wp\/v2\/pages\/431\/revisions"}],"predecessor-version":[{"id":441,"href":"https:\/\/www.manaus.am.gov.br\/immu\/wp-json\/wp\/v2\/pages\/431\/revisions\/441"}],"up":[{"embeddable":true,"href":"https:\/\/www.manaus.am.gov.br\/immu\/wp-json\/wp\/v2\/pages\/381"}],"wp:attachment":[{"href":"https:\/\/www.manaus.am.gov.br\/immu\/wp-json\/wp\/v2\/media?parent=431"}],"curies":[{"name":"wp","href":"https:\/\/api.w.org\/{rel}","templated":true}]}}