{"id":384,"date":"2023-04-11T11:28:17","date_gmt":"2023-04-11T15:28:17","guid":{"rendered":"https:\/\/www.manaus.am.gov.br\/immu\/?page_id=384"},"modified":"2023-04-11T11:28:18","modified_gmt":"2023-04-11T15:28:18","slug":"transporte-comercial-de-fretamento","status":"publish","type":"page","link":"https:\/\/www.manaus.am.gov.br\/immu\/transporte-urbano\/transporte-comercial-de-fretamento\/","title":{"rendered":"Transporte Comercial de Fretamento"},"content":{"rendered":"\n<p>O Transporte de Fretamento foi outorgado pelo Decreto n\u00ba 6.613, de 16 de janeiro de 2003.<\/p>\n\n\n\n<p>O Instituto Municipal de Mobilidade Urbana (IMMU) \u2013 Gest\u00e3o de Transporte Urbano gerencia o Servi\u00e7o de Transporte Coletivo de Passageiros por Fretamento licenciando empresas ou entidades a executarem este servi\u00e7o.<\/p>\n\n\n\n<p>Esta modalidade possui duas subdivis\u00f5es, sendo eles: o Servi\u00e7o de Fretamento Cont\u00ednuo e o Servi\u00e7o de Fretamento Eventual.<\/p>\n\n\n\n<p>O Fretamento Cont\u00ednuo \u00e9 o servi\u00e7o prestado a pessoa jur\u00eddica, mediante contrato escrito tendo por objetivo o exclusivo transporte de pessoas relacionadas com a atividade da empresa. Este servi\u00e7o \u00e9 utilizado pelas empresas para garantirem o transporte e deslocamento dos seus funcion\u00e1rios, sendo conhecido como \u201crota\u201d.<\/p>\n\n\n\n<p>O Fretamento Eventual \u00e9 o servi\u00e7o prestado a um cliente ou a um grupo de pessoas previamente acertado para uma viagem.<\/p>\n\n\n<div class=\"wp-block-image\">\n<figure class=\"aligncenter size-full\"><a href=\"https:\/\/www.manaus.am.gov.br\/immu\/wp-content\/uploads\/sites\/14\/2023\/04\/documentos-necessarios-para-cadastro.png\"><img loading=\"lazy\" decoding=\"async\" width=\"1218\" height=\"1023\" src=\"https:\/\/www.manaus.am.gov.br\/immu\/wp-content\/uploads\/sites\/14\/2023\/04\/documentos-necessarios-para-cadastro.png\" alt=\"Documentos necess\u00e1rios para cadastro\" class=\"wp-image-385\" srcset=\"https:\/\/www.manaus.am.gov.br\/immu\/wp-content\/uploads\/sites\/14\/2023\/04\/documentos-necessarios-para-cadastro.png 1218w, https:\/\/www.manaus.am.gov.br\/immu\/wp-content\/uploads\/sites\/14\/2023\/04\/documentos-necessarios-para-cadastro-300x252.png 300w, https:\/\/www.manaus.am.gov.br\/immu\/wp-content\/uploads\/sites\/14\/2023\/04\/documentos-necessarios-para-cadastro-1024x860.png 1024w, https:\/\/www.manaus.am.gov.br\/immu\/wp-content\/uploads\/sites\/14\/2023\/04\/documentos-necessarios-para-cadastro-768x645.png 768w\" sizes=\"(max-width: 1218px) 100vw, 1218px\" \/><\/a><figcaption class=\"wp-element-caption\">Documentos necess\u00e1rios para cadastro<\/figcaption><\/figure><\/div>","protected":false},"excerpt":{"rendered":"","protected":false},"author":27,"featured_media":0,"parent":381,"menu_order":0,"comment_status":"closed","ping_status":"closed","template":"templates\/turismo.php","meta":{"footnotes":""},"acf":[],"yoast_head":"<!-- This site is optimized with the Yoast SEO plugin v23.0 - https:\/\/yoast.com\/wordpress\/plugins\/seo\/ -->\n<title>Transporte Comercial de Fretamento - IMMU<\/title>\n<meta name=\"robots\" content=\"noindex, follow\" \/>\n<meta property=\"og:locale\" content=\"pt_BR\" \/>\n<meta property=\"og:type\" content=\"article\" \/>\n<meta property=\"og:title\" content=\"Transporte Comercial de Fretamento - IMMU\" \/>\n<meta property=\"og:url\" content=\"https:\/\/www.manaus.am.gov.br\/immu\/transporte-urbano\/transporte-comercial-de-fretamento\/\" \/>\n<meta property=\"og:site_name\" content=\"IMMU\" \/>\n<meta property=\"article:modified_time\" content=\"2023-04-11T15:28:18+00:00\" \/>\n<meta property=\"og:image\" content=\"https:\/\/www.manaus.am.gov.br\/immu\/wp-content\/uploads\/sites\/14\/2023\/04\/documentos-necessarios-para-cadastro.png\" \/>\n<meta name=\"twitter:card\" content=\"summary_large_image\" \/>\n<meta name=\"twitter:label1\" content=\"Est. reading time\" \/>\n\t<meta name=\"twitter:data1\" content=\"1 minuto\" \/>\n<script type=\"application\/ld+json\" class=\"yoast-schema-graph\">{\"@context\":\"https:\/\/schema.org\",\"@graph\":[{\"@type\":\"WebPage\",\"@id\":\"https:\/\/www.manaus.am.gov.br\/immu\/transporte-urbano\/transporte-comercial-de-fretamento\/\",\"url\":\"https:\/\/www.manaus.am.gov.br\/immu\/transporte-urbano\/transporte-comercial-de-fretamento\/\",\"name\":\"Transporte Comercial de Fretamento - IMMU\",\"isPartOf\":{\"@id\":\"https:\/\/www.manaus.am.gov.br\/immu\/#website\"},\"primaryImageOfPage\":{\"@id\":\"https:\/\/www.manaus.am.gov.br\/immu\/transporte-urbano\/transporte-comercial-de-fretamento\/#primaryimage\"},\"image\":{\"@id\":\"https:\/\/www.manaus.am.gov.br\/immu\/transporte-urbano\/transporte-comercial-de-fretamento\/#primaryimage\"},\"thumbnailUrl\":\"https:\/\/www.manaus.am.gov.br\/immu\/wp-content\/uploads\/sites\/14\/2023\/04\/documentos-necessarios-para-cadastro.png\",\"datePublished\":\"2023-04-11T15:28:17+00:00\",\"dateModified\":\"2023-04-11T15:28:18+00:00\",\"breadcrumb\":{\"@id\":\"https:\/\/www.manaus.am.gov.br\/immu\/transporte-urbano\/transporte-comercial-de-fretamento\/#breadcrumb\"},\"inLanguage\":\"pt-BR\",\"potentialAction\":[{\"@type\":\"ReadAction\",\"target\":[\"https:\/\/www.manaus.am.gov.br\/immu\/transporte-urbano\/transporte-comercial-de-fretamento\/\"]}]},{\"@type\":\"ImageObject\",\"inLanguage\":\"pt-BR\",\"@id\":\"https:\/\/www.manaus.am.gov.br\/immu\/transporte-urbano\/transporte-comercial-de-fretamento\/#primaryimage\",\"url\":\"https:\/\/www.manaus.am.gov.br\/immu\/wp-content\/uploads\/sites\/14\/2023\/04\/documentos-necessarios-para-cadastro.png\",\"contentUrl\":\"https:\/\/www.manaus.am.gov.br\/immu\/wp-content\/uploads\/sites\/14\/2023\/04\/documentos-necessarios-para-cadastro.png\"},{\"@type\":\"BreadcrumbList\",\"@id\":\"https:\/\/www.manaus.am.gov.br\/immu\/transporte-urbano\/transporte-comercial-de-fretamento\/#breadcrumb\",\"itemListElement\":[{\"@type\":\"ListItem\",\"position\":1,\"name\":\"Home\",\"item\":\"https:\/\/www.manaus.am.gov.br\/immu\/\"},{\"@type\":\"ListItem\",\"position\":2,\"name\":\"TRANSPORTE URBANO\",\"item\":\"https:\/\/www.manaus.am.gov.br\/immu\/transporte-urbano\/\"},{\"@type\":\"ListItem\",\"position\":3,\"name\":\"Transporte Comercial de Fretamento\"}]},{\"@type\":\"WebSite\",\"@id\":\"https:\/\/www.manaus.am.gov.br\/immu\/#website\",\"url\":\"https:\/\/www.manaus.am.gov.br\/immu\/\",\"name\":\"IMMU\",\"description\":\"Prefeitura de Manaus\",\"potentialAction\":[{\"@type\":\"SearchAction\",\"target\":{\"@type\":\"EntryPoint\",\"urlTemplate\":\"https:\/\/www.manaus.am.gov.br\/immu\/?s={search_term_string}\"},\"query-input\":\"required name=search_term_string\"}],\"inLanguage\":\"pt-BR\"}]}<\/script>\n<!-- \/ Yoast SEO plugin. -->","yoast_head_json":{"title":"Transporte Comercial de Fretamento - IMMU","robots":{"index":"noindex","follow":"follow"},"og_locale":"pt_BR","og_type":"article","og_title":"Transporte Comercial de Fretamento - IMMU","og_url":"https:\/\/www.manaus.am.gov.br\/immu\/transporte-urbano\/transporte-comercial-de-fretamento\/","og_site_name":"IMMU","article_modified_time":"2023-04-11T15:28:18+00:00","og_image":[{"url":"https:\/\/www.manaus.am.gov.br\/immu\/wp-content\/uploads\/sites\/14\/2023\/04\/documentos-necessarios-para-cadastro.png"}],"twitter_card":"summary_large_image","twitter_misc":{"Est. reading time":"1 minuto"},"schema":{"@context":"https:\/\/schema.org","@graph":[{"@type":"WebPage","@id":"https:\/\/www.manaus.am.gov.br\/immu\/transporte-urbano\/transporte-comercial-de-fretamento\/","url":"https:\/\/www.manaus.am.gov.br\/immu\/transporte-urbano\/transporte-comercial-de-fretamento\/","name":"Transporte Comercial de Fretamento - IMMU","isPartOf":{"@id":"https:\/\/www.manaus.am.gov.br\/immu\/#website"},"primaryImageOfPage":{"@id":"https:\/\/www.manaus.am.gov.br\/immu\/transporte-urbano\/transporte-comercial-de-fretamento\/#primaryimage"},"image":{"@id":"https:\/\/www.manaus.am.gov.br\/immu\/transporte-urbano\/transporte-comercial-de-fretamento\/#primaryimage"},"thumbnailUrl":"https:\/\/www.manaus.am.gov.br\/immu\/wp-content\/uploads\/sites\/14\/2023\/04\/documentos-necessarios-para-cadastro.png","datePublished":"2023-04-11T15:28:17+00:00","dateModified":"2023-04-11T15:28:18+00:00","breadcrumb":{"@id":"https:\/\/www.manaus.am.gov.br\/immu\/transporte-urbano\/transporte-comercial-de-fretamento\/#breadcrumb"},"inLanguage":"pt-BR","potentialAction":[{"@type":"ReadAction","target":["https:\/\/www.manaus.am.gov.br\/immu\/transporte-urbano\/transporte-comercial-de-fretamento\/"]}]},{"@type":"ImageObject","inLanguage":"pt-BR","@id":"https:\/\/www.manaus.am.gov.br\/immu\/transporte-urbano\/transporte-comercial-de-fretamento\/#primaryimage","url":"https:\/\/www.manaus.am.gov.br\/immu\/wp-content\/uploads\/sites\/14\/2023\/04\/documentos-necessarios-para-cadastro.png","contentUrl":"https:\/\/www.manaus.am.gov.br\/immu\/wp-content\/uploads\/sites\/14\/2023\/04\/documentos-necessarios-para-cadastro.png"},{"@type":"BreadcrumbList","@id":"https:\/\/www.manaus.am.gov.br\/immu\/transporte-urbano\/transporte-comercial-de-fretamento\/#breadcrumb","itemListElement":[{"@type":"ListItem","position":1,"name":"Home","item":"https:\/\/www.manaus.am.gov.br\/immu\/"},{"@type":"ListItem","position":2,"name":"TRANSPORTE URBANO","item":"https:\/\/www.manaus.am.gov.br\/immu\/transporte-urbano\/"},{"@type":"ListItem","position":3,"name":"Transporte Comercial de Fretamento"}]},{"@type":"WebSite","@id":"https:\/\/www.manaus.am.gov.br\/immu\/#website","url":"https:\/\/www.manaus.am.gov.br\/immu\/","name":"IMMU","description":"Prefeitura de Manaus","potentialAction":[{"@type":"SearchAction","target":{"@type":"EntryPoint","urlTemplate":"https:\/\/www.manaus.am.gov.br\/immu\/?s={search_term_string}"},"query-input":"required name=search_term_string"}],"inLanguage":"pt-BR"}]}},"_links":{"self":[{"href":"https:\/\/www.manaus.am.gov.br\/immu\/wp-json\/wp\/v2\/pages\/384"}],"collection":[{"href":"https:\/\/www.manaus.am.gov.br\/immu\/wp-json\/wp\/v2\/pages"}],"about":[{"href":"https:\/\/www.manaus.am.gov.br\/immu\/wp-json\/wp\/v2\/types\/page"}],"author":[{"embeddable":true,"href":"https:\/\/www.manaus.am.gov.br\/immu\/wp-json\/wp\/v2\/users\/27"}],"replies":[{"embeddable":true,"href":"https:\/\/www.manaus.am.gov.br\/immu\/wp-json\/wp\/v2\/comments?post=384"}],"version-history":[{"count":2,"href":"https:\/\/www.manaus.am.gov.br\/immu\/wp-json\/wp\/v2\/pages\/384\/revisions"}],"predecessor-version":[{"id":387,"href":"https:\/\/www.manaus.am.gov.br\/immu\/wp-json\/wp\/v2\/pages\/384\/revisions\/387"}],"up":[{"embeddable":true,"href":"https:\/\/www.manaus.am.gov.br\/immu\/wp-json\/wp\/v2\/pages\/381"}],"wp:attachment":[{"href":"https:\/\/www.manaus.am.gov.br\/immu\/wp-json\/wp\/v2\/media?parent=384"}],"curies":[{"name":"wp","href":"https:\/\/api.w.org\/{rel}","templated":true}]}}