{"id":365,"date":"2023-04-11T11:18:18","date_gmt":"2023-04-11T15:18:18","guid":{"rendered":"https:\/\/www.manaus.am.gov.br\/immu\/?page_id=365"},"modified":"2023-07-05T16:19:07","modified_gmt":"2023-07-05T20:19:07","slug":"educacao-para-o-transito","status":"publish","type":"page","link":"https:\/\/www.manaus.am.gov.br\/immu\/transito\/educacao-para-o-transito\/","title":{"rendered":"Educa\u00e7\u00e3o para o Tr\u00e2nsito"},"content":{"rendered":"\n<p>O Instituto Municipal de Mobilidade Urbana \u2013 IMMU apresenta o seu PROGRAMA DE EDUCA\u00c7\u00c3O PARA O TR\u00c2NSITO desenvolvido no per\u00edodo de 2013\/2020, no que se refere \u00e0 Educa\u00e7\u00e3o, a\u00e7\u00f5es efetivadas em projetos, campanhas, eventos e outros atendimentos, em busca de despertar em crian\u00e7as, adolescentes, jovens e adultos, pedestres e condutores, um comportamento mais seguro e humano por meio da cidadania, da \u00e9tica e do respeito que s\u00e3o elementos fundamentais da vida em sociedade.<\/p>\n\n\n\n<p>Conforme preceitua a Pol\u00edtica Nacional de Tr\u00e2nsito, a educa\u00e7\u00e3o inclui a percep\u00e7\u00e3o da realidade e a adapta\u00e7\u00e3o, assimila\u00e7\u00e3o e incorpora\u00e7\u00e3o de novos h\u00e1bitos e atitudes frente ao tr\u00e2nsito, enfatizando a co-responsabilidade governo e sociedade, em busca da seguran\u00e7a e bem-estar. \u00c9 preciso fomentar e executar programas educativos cont\u00ednuos, junto \u00e0 comunidade organizada, centrados em resultados e integrados, de forma planejada, incisiva aos outros aspectos da gest\u00e3o do tr\u00e2nsito, principalmente com rela\u00e7\u00e3o \u00e0 seguran\u00e7a, \u00e0 engenharia de tr\u00e1fego e \u00e0 fiscaliza\u00e7\u00e3o.<\/p>\n\n\n\n<p>A busca por uma melhor qualidade de vida passa pela humaniza\u00e7\u00e3o do tr\u00e2nsito e pela transforma\u00e7\u00e3o que se espera atingir por meio da educa\u00e7\u00e3o. Com dinamismo e continuidade, ser\u00e1 poss\u00edvel reduzir o n\u00famero de mortos e feridos em acidentes de tr\u00e2nsito e construir uma cultura de paz no espa\u00e7o p\u00fablico, promovendo uma reeduca\u00e7\u00e3o de valores, atitudes e comportamentos.<\/p>\n\n\n\n<h2 class=\"wp-block-heading\">Projetos Educativos<\/h2>\n\n\n\n<h3 class=\"wp-block-heading\">Condutor Consciente<\/h3>\n\n\n\n<p>Visa a sensibiliza\u00e7\u00e3o de condutores profissionais e n\u00e3o profissionais, oportunizando a atualiza\u00e7\u00e3o de informa\u00e7\u00f5es e conhecimentos da legisla\u00e7\u00e3o de tr\u00e2nsito em vigor, contribuindo para a harmonia e a seguran\u00e7a no tr\u00e2nsito da cidade.<\/p>\n\n\n\n<ul>\n<li>P\u00fablico Alvo: condutores do sistema vi\u00e1rio: motoristas, motociclistas e ciclistas<\/li>\n\n\n\n<li>Carga hor\u00e1ria: no m\u00ednimo 1 hora de dura\u00e7\u00e3o<\/li>\n\n\n\n<li>Quem pode solicitar: institui\u00e7\u00f5es e empresas<\/li>\n\n\n\n<li>Como solicitar: por meio de of\u00edcio ao diretor presidente do IMMU.<\/li>\n<\/ul>\n\n\n\n<p>Voc\u00ea pode realizar essa solicita\u00e7\u00e3o completamente online. Envie o seu documento assinado pelo portal de servi\u00e7os clicando no bot\u00e3o abaixo:<\/p>\n\n\n\n<p><a href=\"#\">Enviar Documento Assinado<\/a><\/p>\n\n\n\n<h3 class=\"wp-block-heading\">Ciclos da Vida<\/h3>\n\n\n\n<p>Busca o desenvolvimento de a\u00e7\u00f5es no \u00e2mbito da educa\u00e7\u00e3o de tr\u00e2nsito e da sinaliza\u00e7\u00e3o vi\u00e1ria para refor\u00e7ar a seguran\u00e7a e o respeito ao ciclista, possibilitando o uso da bicicleta como meio de transporte sustent\u00e1vel e vi\u00e1vel \u00e0 mobilidade urbana.<\/p>\n\n\n\n<ul>\n<li>Estrat\u00e9gias: passeios cicl\u00edsticos, abordagens, viv\u00eancias educativas e forma\u00e7\u00e3o.<\/li>\n\n\n\n<li>P\u00fablico Alvo: Ciclistas e pedestres.<\/li>\n<\/ul>\n\n\n\n<h3 class=\"wp-block-heading\">Humaniza Tr\u00e2nsito<\/h3>\n\n\n\n<p>O projeto Humaniza Tr\u00e2nsito baseia-se na \u00eanfase de informa\u00e7\u00f5es sobre tr\u00e2nsito seguro, convidando a sociedade em geral a rever conceitos, quebrar paradgmas e propor mudan\u00e7as de comportamento e atitudes para um tr\u00e2nsito mais humano. A a\u00e7\u00e3o alterna momentos no estilo roda de conversa e intera\u00e7\u00e3o com jogos pedag\u00f3gicos de tr\u00e2nsito.<\/p>\n\n\n\n<ul>\n<li>Estrat\u00e9gias: roda de conversa, intera\u00e7\u00e3o com jogos de tr\u00e2nsito<\/li>\n\n\n\n<li>P\u00fablico alvo: Adulto<\/li>\n\n\n\n<li>Carga hor\u00e1ria: no m\u00ednimo 1 hora<\/li>\n\n\n\n<li>Quem pode solicitar: institui\u00e7\u00f5es e empresas<\/li>\n\n\n\n<li>Como solicitar: por of\u00edcio ao diretor presidente do IMMU.<\/li>\n<\/ul>\n\n\n\n<p>Voc\u00ea pode realizar essa solicita\u00e7\u00e3o completamente online. Envie o seu documento assinado pelo portal de servi\u00e7os clicando no bot\u00e3o abaixo:<\/p>\n\n\n\n<p><a href=\"#\">Enviar Documento Assinado<\/a><\/p>\n\n\n\n<h3 class=\"wp-block-heading\">O Idoso e o Tr\u00e2nsito<\/h3>\n\n\n\n<p>Visa promover a inclus\u00e3o da popula\u00e7\u00e3o idosa nas a\u00e7\u00f5es de educa\u00e7\u00e3o para o tr\u00e2nsito, possibilitando o acesso \u00e0s informa\u00e7\u00f5es e cuidados preventivos para a melhoria da qualidade de vida e a seguran\u00e7a. Consiste em viv\u00eancias, rodas de conversas e intera\u00e7\u00e3o com jogos educativos de tr\u00e2nsito.<\/p>\n\n\n\n<ul>\n<li>Estrat\u00e9gias: roda de conversa, viv\u00eancias, intera\u00e7\u00e3o com jogos educativos<\/li>\n\n\n\n<li>Carga hor\u00e1ria: 1h<\/li>\n\n\n\n<li>Quem pode solicitar: Centros de Assist\u00eancia ao Idoso, comunidades religiosas e outras.<\/li>\n\n\n\n<li>Como solicitar: por of\u00edcio ao diretor presidente do IMMU.<\/li>\n<\/ul>\n\n\n\n<p>Voc\u00ea pode realizar essa solicita\u00e7\u00e3o completamente online. Envie o seu documento assinado pelo portal de servi\u00e7os clicando no bot\u00e3o abaixo:<\/p>\n\n\n\n<p><a href=\"#\">Enviar Documento Assinado<\/a><\/p>\n\n\n\n<h3 class=\"wp-block-heading\">Atravesse na Faixa<\/h3>\n\n\n\n<p>Visa o respeito \u00e0s faixas de pedestres, tanto por condutores quanto pelos pr\u00f3prios pedestres, ensinando a esperar na cal\u00e7ada e sinalizar estendo o bra\u00e7o para uma travessia mais segura. A a\u00e7\u00e3o \u00e9 desenvolvida nas principais vias de Manaus.<\/p>\n\n\n\n<ul>\n<li>Estrat\u00e9gias: abordagem, orienta\u00e7\u00e3o<\/li>\n\n\n\n<li>P\u00fablico Alvo: Condutores e pedestres<\/li>\n\n\n\n<li>As atividades fazem parte da rotina do setor de educa\u00e7\u00e3o de tr\u00e2nsito do IMMU.<\/li>\n<\/ul>\n\n\n\n<h3 class=\"wp-block-heading\">Tr\u00e2nsito em Conex\u00e3o<\/h3>\n\n\n\n<p>Sensibilizar a comunidade acad\u00eamica para o tr\u00e2nsito seguro, al\u00e9m de estimular e incentivar a produ\u00e7\u00e3o de projetos de pesquisa voltados ao tema. Usa estrat\u00e9gias pedag\u00f3gicas como: rodas de conversa, oficinas interativas com jogos educativos de tr\u00e2nsito.<\/p>\n\n\n\n<ul>\n<li>P\u00fablico Alvo: universit\u00e1rios<\/li>\n\n\n\n<li>Quem pode solicitar: universidade p\u00fablica e particular<\/li>\n\n\n\n<li>Como solicitar: por of\u00edcio ao diretor presidente do IMMU<\/li>\n<\/ul>\n\n\n\n<p>Voc\u00ea pode realizar essa solicita\u00e7\u00e3o completamente online. Envie o seu documento assinado pelo portal de servi\u00e7os clicando no bot\u00e3o abaixo:<\/p>\n\n\n\n<p><a href=\"#\">Enviar Documento Assinado<\/a><\/p>\n\n\n\n<h3 class=\"wp-block-heading\">Tr\u00e2nsito na Escola<\/h3>\n\n\n\n<p>Promove a inclus\u00e3o do tema tr\u00e2nsito na pr\u00e1tica escolar de forma cont\u00ednua e sistem\u00e1tica para estimular a comunidade escolar a construir um tr\u00e2nsito mais humano e seguro. \u00c9 desenvolvido por meio da parceria com a Secretaria Municipal de Educa\u00e7\u00e3o \u2013 SEMED. \u00c9 primeiro lugar no pr\u00eamio Denatran de Educa\u00e7\u00e3o no Tr\u00e2nsito de 2017.<\/p>\n\n\n\n<ul>\n<li>Estrat\u00e9gias pedag\u00f3gicas: encontros de forma\u00e7\u00e3o, mostra p\u00fablica, teatro de fantoche, viv\u00eancia de travessia, intera\u00e7\u00e3o com jogos educativos de tr\u00e2nsito.<\/li>\n\n\n\n<li>P\u00fablico Alvo: Alunos da educa\u00e7\u00e3o infantil e Ensino Fundamental<\/li>\n\n\n\n<li>Escolas alvo: rede municipal de ensino<\/li>\n<\/ul>\n\n\n\n<h3 class=\"wp-block-heading\">Projeto Cine Moto<\/h3>\n\n\n\n<p>A\u00e7\u00e3o educativa que prop\u00f5e a sensibiliza\u00e7\u00e3o de motociclistas e passageiros quanto a ado\u00e7\u00e3o de atitudes e comportamentos adequados, o respeito \u00e0s normas para a redu\u00e7\u00e3o dos n\u00edveis de acidentalidade e a forma\u00e7\u00e3o de um ambiente de circula\u00e7\u00e3o mais humano.<\/p>\n\n\n\n<ul>\n<li>Parcerias: SAMU, HONDA, PM (BATRAN)<\/li>\n\n\n\n<li>Estrat\u00e9gias de a\u00e7\u00e3o: (blitz educativa, v\u00eddeos educativos, palestras (IMMU, SAMU, HONDA, PM);<\/li>\n\n\n\n<li>P\u00fablico alvo: motociclistas<\/li>\n\n\n\n<li>As atividades fazem parte da rotina do setor de educa\u00e7\u00e3o de tr\u00e2nsito do IMMU.<\/li>\n<\/ul>\n\n\n\n<div style=\"height:40px\" aria-hidden=\"true\" class=\"wp-block-spacer\"><\/div>\n\n\n\n<h2 class=\"wp-block-heading\">Campanhas Educativas<\/h2>\n\n\n\n<h3 class=\"wp-block-heading\">Maio Amarelo<\/h3>\n\n\n\n<p>Movimento Internacional proposto pela ONU que visa conscientizar, mobilizar e chamar aten\u00e7\u00e3o para a seguran\u00e7a no tr\u00e2nsito, estimulando a participa\u00e7\u00e3o de todos os segmentos da sociedade. Em 2023 o tema nacional do Maio Amarelo \u00e9: \u201cNo tr\u00e2nsito, escolha a vida!\u201d. O IMMU intensifica nesse per\u00edodo as a\u00e7\u00f5es de educa\u00e7\u00e3o nas ruas, escolas, empresas p\u00fablicas e privadas.<\/p>\n\n\n\n<ul>\n<li>P\u00fablico Alvo: motociclistas, ciclistas, pedestres, motoristas e popula\u00e7\u00e3o em geral<\/li>\n\n\n\n<li>Quem pode solicitar: empresas, escolas e demais institui\u00e7\u00f5es<\/li>\n\n\n\n<li>Como solicitar: por of\u00edcio ao diretor presidente do IMMU.<\/li>\n<\/ul>\n\n\n\n<p>Voc\u00ea pode realizar essa solicita\u00e7\u00e3o completamente online. Envie o seu documento assinado pelo portal de servi\u00e7os clicando no bot\u00e3o abaixo:<\/p>\n\n\n\n<p><a href=\"#\">Enviar Documento Assinado<\/a><\/p>\n\n\n\n<h3 class=\"wp-block-heading\">Semana Municipal de Preven\u00e7\u00e3o de Combate \u00e0 Viol\u00eancia no Tr\u00e2nsito<\/h3>\n\n\n\n<p>A\u00e7\u00e3o criada pela Prefeitura de Manaus para alertar sobre a necessidade da redu\u00e7\u00e3o nos \u00edndices de acidentes no tr\u00e2nsito e a cria\u00e7\u00e3o de um ambiente de circula\u00e7\u00e3o pac\u00edfico.<\/p>\n\n\n\n<ul>\n<li>P\u00fablico alvo: popula\u00e7\u00e3o em geral<\/li>\n\n\n\n<li>Estrat\u00e9gias de a\u00e7\u00e3o: campanha na m\u00eddia, atividades com grupos espec\u00edficos (pedestres, ciclistas, motoristas), al\u00e9m de escolares.<\/li>\n\n\n\n<li>A\u00e7\u00e3o realizada na \u00faltima semana do m\u00eas de mar\u00e7o.<\/li>\n<\/ul>\n\n\n\n<h3 class=\"wp-block-heading\">Semana Nacional de Tr\u00e2nsito<\/h3>\n\n\n\n<p>Promover a\u00e7\u00f5es educativas e preventivas para a melhoria da seguran\u00e7a no tr\u00e2nsito de todos seus usu\u00e1rios.<\/p>\n\n\n\n<ul>\n<li>P\u00fablico alvo: popula\u00e7\u00e3o em geral<\/li>\n\n\n\n<li>Estrat\u00e9gias de a\u00e7\u00e3o: mostras, dia D do tr\u00e2nsito, corrida pela paz no tr\u00e2nsito, palestras.<\/li>\n\n\n\n<li>Ocorre no per\u00edodo de 18 a 25 de setembro.<\/li>\n<\/ul>\n\n\n\n<h3 class=\"wp-block-heading\">O Tr\u00e2nsito n\u00e3o tira f\u00e9rias<\/h3>\n\n\n\n<p>A\u00e7\u00e3o que leva educa\u00e7\u00e3o e experi\u00eancias de tr\u00e2nsito aos espa\u00e7os de conviv\u00eancia e shoppings em per\u00edodos de recesso escolar.<\/p>\n\n\n\n<ul>\n<li>Estrat\u00e9gias de a\u00e7\u00e3o: exposi\u00e7\u00e3o, intera\u00e7\u00e3o com jogos educativos, brincadeiras<\/li>\n\n\n\n<li>P\u00fablico alvo: crian\u00e7as e adolescentes<\/li>\n\n\n\n<li>Atividade espec\u00edfica para f\u00e9rias escolares.<\/li>\n<\/ul>\n\n\n\n<h3 class=\"wp-block-heading\">Volta \u00e0s Aulas<\/h3>\n\n\n\n<p>Desenvolver a\u00e7\u00f5es de educa\u00e7\u00e3o de tr\u00e2nsito voltada ao p\u00fablico escolar visando promover a sensibiliza\u00e7\u00e3o e a participa\u00e7\u00e3o na constru\u00e7\u00e3o de um tr\u00e2nsito seguro, comprometendo-os com a transforma\u00e7\u00e3o da realidade e com o exerc\u00edcio da cidadania.<\/p>\n\n\n\n<ul>\n<li>Estrat\u00e9gias: abordagem, orienta\u00e7\u00e3o e atividades l\u00fadicas.<\/li>\n\n\n\n<li>P\u00fablico Alvo: Condutores e pedestres<\/li>\n\n\n\n<li>As atividades fazem parte da rotina do setor de educa\u00e7\u00e3o de tr\u00e2nsito do IMMU.<\/li>\n<\/ul>\n","protected":false},"excerpt":{"rendered":"","protected":false},"author":27,"featured_media":0,"parent":349,"menu_order":0,"comment_status":"closed","ping_status":"closed","template":"templates\/turismo.php","meta":{"footnotes":""},"acf":[],"yoast_head":"<!-- This site is optimized with the Yoast SEO plugin v23.0 - https:\/\/yoast.com\/wordpress\/plugins\/seo\/ -->\n<title>Educa\u00e7\u00e3o para o Tr\u00e2nsito - IMMU<\/title>\n<meta name=\"robots\" content=\"noindex, follow\" \/>\n<meta property=\"og:locale\" content=\"pt_BR\" \/>\n<meta property=\"og:type\" content=\"article\" \/>\n<meta property=\"og:title\" content=\"Educa\u00e7\u00e3o para o Tr\u00e2nsito - IMMU\" \/>\n<meta property=\"og:url\" content=\"https:\/\/www.manaus.am.gov.br\/immu\/transito\/educacao-para-o-transito\/\" \/>\n<meta property=\"og:site_name\" content=\"IMMU\" \/>\n<meta property=\"article:modified_time\" content=\"2023-07-05T20:19:07+00:00\" \/>\n<meta name=\"twitter:card\" content=\"summary_large_image\" \/>\n<meta name=\"twitter:label1\" content=\"Est. reading time\" \/>\n\t<meta name=\"twitter:data1\" content=\"7 minutos\" \/>\n<script type=\"application\/ld+json\" class=\"yoast-schema-graph\">{\"@context\":\"https:\/\/schema.org\",\"@graph\":[{\"@type\":\"WebPage\",\"@id\":\"https:\/\/www.manaus.am.gov.br\/immu\/transito\/educacao-para-o-transito\/\",\"url\":\"https:\/\/www.manaus.am.gov.br\/immu\/transito\/educacao-para-o-transito\/\",\"name\":\"Educa\u00e7\u00e3o para o Tr\u00e2nsito - IMMU\",\"isPartOf\":{\"@id\":\"https:\/\/www.manaus.am.gov.br\/immu\/#website\"},\"datePublished\":\"2023-04-11T15:18:18+00:00\",\"dateModified\":\"2023-07-05T20:19:07+00:00\",\"breadcrumb\":{\"@id\":\"https:\/\/www.manaus.am.gov.br\/immu\/transito\/educacao-para-o-transito\/#breadcrumb\"},\"inLanguage\":\"pt-BR\",\"potentialAction\":[{\"@type\":\"ReadAction\",\"target\":[\"https:\/\/www.manaus.am.gov.br\/immu\/transito\/educacao-para-o-transito\/\"]}]},{\"@type\":\"BreadcrumbList\",\"@id\":\"https:\/\/www.manaus.am.gov.br\/immu\/transito\/educacao-para-o-transito\/#breadcrumb\",\"itemListElement\":[{\"@type\":\"ListItem\",\"position\":1,\"name\":\"Home\",\"item\":\"https:\/\/www.manaus.am.gov.br\/immu\/\"},{\"@type\":\"ListItem\",\"position\":2,\"name\":\"Tr\u00e2nsito\",\"item\":\"https:\/\/www.manaus.am.gov.br\/immu\/transito\/\"},{\"@type\":\"ListItem\",\"position\":3,\"name\":\"Educa\u00e7\u00e3o para o Tr\u00e2nsito\"}]},{\"@type\":\"WebSite\",\"@id\":\"https:\/\/www.manaus.am.gov.br\/immu\/#website\",\"url\":\"https:\/\/www.manaus.am.gov.br\/immu\/\",\"name\":\"IMMU\",\"description\":\"Prefeitura de Manaus\",\"potentialAction\":[{\"@type\":\"SearchAction\",\"target\":{\"@type\":\"EntryPoint\",\"urlTemplate\":\"https:\/\/www.manaus.am.gov.br\/immu\/?s={search_term_string}\"},\"query-input\":\"required name=search_term_string\"}],\"inLanguage\":\"pt-BR\"}]}<\/script>\n<!-- \/ Yoast SEO plugin. -->","yoast_head_json":{"title":"Educa\u00e7\u00e3o para o Tr\u00e2nsito - IMMU","robots":{"index":"noindex","follow":"follow"},"og_locale":"pt_BR","og_type":"article","og_title":"Educa\u00e7\u00e3o para o Tr\u00e2nsito - IMMU","og_url":"https:\/\/www.manaus.am.gov.br\/immu\/transito\/educacao-para-o-transito\/","og_site_name":"IMMU","article_modified_time":"2023-07-05T20:19:07+00:00","twitter_card":"summary_large_image","twitter_misc":{"Est. reading time":"7 minutos"},"schema":{"@context":"https:\/\/schema.org","@graph":[{"@type":"WebPage","@id":"https:\/\/www.manaus.am.gov.br\/immu\/transito\/educacao-para-o-transito\/","url":"https:\/\/www.manaus.am.gov.br\/immu\/transito\/educacao-para-o-transito\/","name":"Educa\u00e7\u00e3o para o Tr\u00e2nsito - IMMU","isPartOf":{"@id":"https:\/\/www.manaus.am.gov.br\/immu\/#website"},"datePublished":"2023-04-11T15:18:18+00:00","dateModified":"2023-07-05T20:19:07+00:00","breadcrumb":{"@id":"https:\/\/www.manaus.am.gov.br\/immu\/transito\/educacao-para-o-transito\/#breadcrumb"},"inLanguage":"pt-BR","potentialAction":[{"@type":"ReadAction","target":["https:\/\/www.manaus.am.gov.br\/immu\/transito\/educacao-para-o-transito\/"]}]},{"@type":"BreadcrumbList","@id":"https:\/\/www.manaus.am.gov.br\/immu\/transito\/educacao-para-o-transito\/#breadcrumb","itemListElement":[{"@type":"ListItem","position":1,"name":"Home","item":"https:\/\/www.manaus.am.gov.br\/immu\/"},{"@type":"ListItem","position":2,"name":"Tr\u00e2nsito","item":"https:\/\/www.manaus.am.gov.br\/immu\/transito\/"},{"@type":"ListItem","position":3,"name":"Educa\u00e7\u00e3o para o Tr\u00e2nsito"}]},{"@type":"WebSite","@id":"https:\/\/www.manaus.am.gov.br\/immu\/#website","url":"https:\/\/www.manaus.am.gov.br\/immu\/","name":"IMMU","description":"Prefeitura de Manaus","potentialAction":[{"@type":"SearchAction","target":{"@type":"EntryPoint","urlTemplate":"https:\/\/www.manaus.am.gov.br\/immu\/?s={search_term_string}"},"query-input":"required name=search_term_string"}],"inLanguage":"pt-BR"}]}},"_links":{"self":[{"href":"https:\/\/www.manaus.am.gov.br\/immu\/wp-json\/wp\/v2\/pages\/365"}],"collection":[{"href":"https:\/\/www.manaus.am.gov.br\/immu\/wp-json\/wp\/v2\/pages"}],"about":[{"href":"https:\/\/www.manaus.am.gov.br\/immu\/wp-json\/wp\/v2\/types\/page"}],"author":[{"embeddable":true,"href":"https:\/\/www.manaus.am.gov.br\/immu\/wp-json\/wp\/v2\/users\/27"}],"replies":[{"embeddable":true,"href":"https:\/\/www.manaus.am.gov.br\/immu\/wp-json\/wp\/v2\/comments?post=365"}],"version-history":[{"count":6,"href":"https:\/\/www.manaus.am.gov.br\/immu\/wp-json\/wp\/v2\/pages\/365\/revisions"}],"predecessor-version":[{"id":749,"href":"https:\/\/www.manaus.am.gov.br\/immu\/wp-json\/wp\/v2\/pages\/365\/revisions\/749"}],"up":[{"embeddable":true,"href":"https:\/\/www.manaus.am.gov.br\/immu\/wp-json\/wp\/v2\/pages\/349"}],"wp:attachment":[{"href":"https:\/\/www.manaus.am.gov.br\/immu\/wp-json\/wp\/v2\/media?parent=365"}],"curies":[{"name":"wp","href":"https:\/\/api.w.org\/{rel}","templated":true}]}}