{"id":352,"date":"2023-04-11T10:58:22","date_gmt":"2023-04-11T14:58:22","guid":{"rendered":"https:\/\/www.manaus.am.gov.br\/immu\/?page_id=352"},"modified":"2023-04-11T11:20:54","modified_gmt":"2023-04-11T15:20:54","slug":"engenharia-de-transito","status":"publish","type":"page","link":"https:\/\/www.manaus.am.gov.br\/immu\/transito\/engenharia-de-transito\/","title":{"rendered":"Engenharia de Tr\u00e2nsito"},"content":{"rendered":"\n<p>Quanto \u00e0 engenharia, o IMMU realiza atividades voltadas a ampliar as condi\u00e7\u00f5es de fluidez e de seguran\u00e7a no tr\u00e2nsito, tais como:<\/p>\n\n\n\n<ul>\n<li>Elabora\u00e7\u00e3o e atualiza\u00e7\u00e3o de mapa vi\u00e1rio; desenvolvimento e implanta\u00e7\u00e3o de corredores especiais de tr\u00e2nsito nas vias j\u00e1 existentes;<\/li>\n\n\n\n<li>identifica\u00e7\u00e3o, estudo e an\u00e1lise de novos polos geradores de tr\u00e2nsito;<\/li>\n\n\n\n<li>estudos e estat\u00edsticas de acidentes de tr\u00e2nsito;<\/li>\n\n\n\n<li>estudos e an\u00e1lises da utiliza\u00e7\u00e3o das faixas de dom\u00ednio do sistema vi\u00e1rio (m\u00e3o de dire\u00e7\u00e3o, seguran\u00e7a, pedestres, sinaliza\u00e7\u00e3o);<\/li>\n\n\n\n<li>atualiza\u00e7\u00e3o e manuten\u00e7\u00e3o do cadastro de projetos do sistema vi\u00e1rio;<\/li>\n\n\n\n<li>al\u00e9m de estudos e projetos necess\u00e1rios a adequa\u00e7\u00f5es e melhorias no sistema vi\u00e1rio (faixas exclusivas, localiza\u00e7\u00e3o de pontos de \u00f4nibus, prioridade em sem\u00e1foros), defini\u00e7\u00e3o de pol\u00edticas de estacionamento, carga e descarga de mercadorias, seguran\u00e7a de tr\u00e2nsito de pedestres, ve\u00edculos de duas rodas, de circula\u00e7\u00e3o e estacionamento de ve\u00edculos de tra\u00e7\u00e3o animal;<\/li>\n\n\n\n<li>autoriza\u00e7\u00e3o de obras e eventos, na via ou fora dela, que possam gerar impacto no tr\u00e2nsito (obras vi\u00e1rias, shows, jogos de futebol, passeios cicl\u00edsticos, maratonas, festas juninas, filmagens).<\/li>\n<\/ul>\n","protected":false},"excerpt":{"rendered":"","protected":false},"author":27,"featured_media":0,"parent":349,"menu_order":2,"comment_status":"closed","ping_status":"closed","template":"templates\/turismo.php","meta":{"footnotes":""},"acf":[],"yoast_head":"<!-- This site is optimized with the Yoast SEO plugin v23.0 - https:\/\/yoast.com\/wordpress\/plugins\/seo\/ -->\n<title>Engenharia de Tr\u00e2nsito - IMMU<\/title>\n<meta name=\"robots\" content=\"noindex, follow\" \/>\n<meta property=\"og:locale\" content=\"pt_BR\" \/>\n<meta property=\"og:type\" content=\"article\" \/>\n<meta property=\"og:title\" content=\"Engenharia de Tr\u00e2nsito - IMMU\" \/>\n<meta property=\"og:url\" content=\"https:\/\/www.manaus.am.gov.br\/immu\/transito\/engenharia-de-transito\/\" \/>\n<meta property=\"og:site_name\" content=\"IMMU\" \/>\n<meta property=\"article:modified_time\" content=\"2023-04-11T15:20:54+00:00\" \/>\n<meta name=\"twitter:card\" content=\"summary_large_image\" \/>\n<meta name=\"twitter:label1\" content=\"Est. reading time\" \/>\n\t<meta name=\"twitter:data1\" content=\"1 minuto\" \/>\n<script type=\"application\/ld+json\" class=\"yoast-schema-graph\">{\"@context\":\"https:\/\/schema.org\",\"@graph\":[{\"@type\":\"WebPage\",\"@id\":\"https:\/\/www.manaus.am.gov.br\/immu\/transito\/engenharia-de-transito\/\",\"url\":\"https:\/\/www.manaus.am.gov.br\/immu\/transito\/engenharia-de-transito\/\",\"name\":\"Engenharia de Tr\u00e2nsito - IMMU\",\"isPartOf\":{\"@id\":\"https:\/\/www.manaus.am.gov.br\/immu\/#website\"},\"datePublished\":\"2023-04-11T14:58:22+00:00\",\"dateModified\":\"2023-04-11T15:20:54+00:00\",\"breadcrumb\":{\"@id\":\"https:\/\/www.manaus.am.gov.br\/immu\/transito\/engenharia-de-transito\/#breadcrumb\"},\"inLanguage\":\"pt-BR\",\"potentialAction\":[{\"@type\":\"ReadAction\",\"target\":[\"https:\/\/www.manaus.am.gov.br\/immu\/transito\/engenharia-de-transito\/\"]}]},{\"@type\":\"BreadcrumbList\",\"@id\":\"https:\/\/www.manaus.am.gov.br\/immu\/transito\/engenharia-de-transito\/#breadcrumb\",\"itemListElement\":[{\"@type\":\"ListItem\",\"position\":1,\"name\":\"Home\",\"item\":\"https:\/\/www.manaus.am.gov.br\/immu\/\"},{\"@type\":\"ListItem\",\"position\":2,\"name\":\"Tr\u00e2nsito\",\"item\":\"https:\/\/www.manaus.am.gov.br\/immu\/transito\/\"},{\"@type\":\"ListItem\",\"position\":3,\"name\":\"Engenharia de Tr\u00e2nsito\"}]},{\"@type\":\"WebSite\",\"@id\":\"https:\/\/www.manaus.am.gov.br\/immu\/#website\",\"url\":\"https:\/\/www.manaus.am.gov.br\/immu\/\",\"name\":\"IMMU\",\"description\":\"Prefeitura de Manaus\",\"potentialAction\":[{\"@type\":\"SearchAction\",\"target\":{\"@type\":\"EntryPoint\",\"urlTemplate\":\"https:\/\/www.manaus.am.gov.br\/immu\/?s={search_term_string}\"},\"query-input\":\"required name=search_term_string\"}],\"inLanguage\":\"pt-BR\"}]}<\/script>\n<!-- \/ Yoast SEO plugin. -->","yoast_head_json":{"title":"Engenharia de Tr\u00e2nsito - IMMU","robots":{"index":"noindex","follow":"follow"},"og_locale":"pt_BR","og_type":"article","og_title":"Engenharia de Tr\u00e2nsito - IMMU","og_url":"https:\/\/www.manaus.am.gov.br\/immu\/transito\/engenharia-de-transito\/","og_site_name":"IMMU","article_modified_time":"2023-04-11T15:20:54+00:00","twitter_card":"summary_large_image","twitter_misc":{"Est. reading time":"1 minuto"},"schema":{"@context":"https:\/\/schema.org","@graph":[{"@type":"WebPage","@id":"https:\/\/www.manaus.am.gov.br\/immu\/transito\/engenharia-de-transito\/","url":"https:\/\/www.manaus.am.gov.br\/immu\/transito\/engenharia-de-transito\/","name":"Engenharia de Tr\u00e2nsito - IMMU","isPartOf":{"@id":"https:\/\/www.manaus.am.gov.br\/immu\/#website"},"datePublished":"2023-04-11T14:58:22+00:00","dateModified":"2023-04-11T15:20:54+00:00","breadcrumb":{"@id":"https:\/\/www.manaus.am.gov.br\/immu\/transito\/engenharia-de-transito\/#breadcrumb"},"inLanguage":"pt-BR","potentialAction":[{"@type":"ReadAction","target":["https:\/\/www.manaus.am.gov.br\/immu\/transito\/engenharia-de-transito\/"]}]},{"@type":"BreadcrumbList","@id":"https:\/\/www.manaus.am.gov.br\/immu\/transito\/engenharia-de-transito\/#breadcrumb","itemListElement":[{"@type":"ListItem","position":1,"name":"Home","item":"https:\/\/www.manaus.am.gov.br\/immu\/"},{"@type":"ListItem","position":2,"name":"Tr\u00e2nsito","item":"https:\/\/www.manaus.am.gov.br\/immu\/transito\/"},{"@type":"ListItem","position":3,"name":"Engenharia de Tr\u00e2nsito"}]},{"@type":"WebSite","@id":"https:\/\/www.manaus.am.gov.br\/immu\/#website","url":"https:\/\/www.manaus.am.gov.br\/immu\/","name":"IMMU","description":"Prefeitura de Manaus","potentialAction":[{"@type":"SearchAction","target":{"@type":"EntryPoint","urlTemplate":"https:\/\/www.manaus.am.gov.br\/immu\/?s={search_term_string}"},"query-input":"required name=search_term_string"}],"inLanguage":"pt-BR"}]}},"_links":{"self":[{"href":"https:\/\/www.manaus.am.gov.br\/immu\/wp-json\/wp\/v2\/pages\/352"}],"collection":[{"href":"https:\/\/www.manaus.am.gov.br\/immu\/wp-json\/wp\/v2\/pages"}],"about":[{"href":"https:\/\/www.manaus.am.gov.br\/immu\/wp-json\/wp\/v2\/types\/page"}],"author":[{"embeddable":true,"href":"https:\/\/www.manaus.am.gov.br\/immu\/wp-json\/wp\/v2\/users\/27"}],"replies":[{"embeddable":true,"href":"https:\/\/www.manaus.am.gov.br\/immu\/wp-json\/wp\/v2\/comments?post=352"}],"version-history":[{"count":2,"href":"https:\/\/www.manaus.am.gov.br\/immu\/wp-json\/wp\/v2\/pages\/352\/revisions"}],"predecessor-version":[{"id":377,"href":"https:\/\/www.manaus.am.gov.br\/immu\/wp-json\/wp\/v2\/pages\/352\/revisions\/377"}],"up":[{"embeddable":true,"href":"https:\/\/www.manaus.am.gov.br\/immu\/wp-json\/wp\/v2\/pages\/349"}],"wp:attachment":[{"href":"https:\/\/www.manaus.am.gov.br\/immu\/wp-json\/wp\/v2\/media?parent=352"}],"curies":[{"name":"wp","href":"https:\/\/api.w.org\/{rel}","templated":true}]}}