{"id":347,"date":"2023-04-11T10:56:54","date_gmt":"2023-04-11T14:56:54","guid":{"rendered":"https:\/\/www.manaus.am.gov.br\/immu\/?page_id=347"},"modified":"2023-04-11T11:18:45","modified_gmt":"2023-04-11T15:18:45","slug":"fiscalizacao-de-transito","status":"publish","type":"page","link":"https:\/\/www.manaus.am.gov.br\/immu\/transito\/fiscalizacao-de-transito\/","title":{"rendered":"Fiscaliza\u00e7\u00e3o de Tr\u00e2nsito"},"content":{"rendered":"\n<p>A Fiscaliza\u00e7\u00e3o e Opera\u00e7\u00e3o de Tr\u00e2nsito \u00e9 realizada rotineiramente pelos Agentes de Tr\u00e2nsito em vias terrestres, edifica\u00e7\u00f5es de uso p\u00fablico e edifica\u00e7\u00f5es privadas de uso coletivo (Lei 13.281\/2016) de maneira padronizada em conformidade a Resolu\u00e7\u00e3o 371\/2010 que instituiu o Manual Brasileiro de Fiscaliza\u00e7\u00e3o de Tr\u00e2nsito (MBFT).<\/p>\n\n\n\n<p>Segundo o Anexo I do CTB, a fiscaliza\u00e7\u00e3o de tr\u00e2nsito \u00e9 o \u201cato de controlar o cumprimento das normas estabelecidas na legisla\u00e7\u00e3o de tr\u00e2nsito, por meio do poder de pol\u00edcia administrativa de tr\u00e2nsito\u201d. A fiscaliza\u00e7\u00e3o \u00e9 fundamental para a obedi\u00eancia \u00e0s leis de tr\u00e2nsito.<\/p>\n\n\n\n<p>Cabe ao IMMU o exerc\u00edcio do poder de pol\u00edcia administrativa de tr\u00e2nsito, aplicando as penalidades cab\u00edveis e arrecadando as multas que aplicar dentro da compet\u00eancia legalmente estabelecida e no \u00e2mbito da circunscri\u00e7\u00e3o do munic\u00edpio, atrav\u00e9s dos meios eletr\u00f4nicos e n\u00e3o eletr\u00f4nicos; autua\u00e7\u00e3o, processamento de multas, sele\u00e7\u00e3o, capacita\u00e7\u00e3o, treinamento, designa\u00e7\u00e3o e credenciamento de agentes de fiscaliza\u00e7\u00e3o.<\/p>\n\n\n\n<p>A fiscaliza\u00e7\u00e3o constitui uma das ferramentas da opera\u00e7\u00e3o de tr\u00e2nsito, na medida em que confere aos Agentes o poder de autuar e, consequentemente, \u201csensibilizar\u201d o usu\u00e1rio da via no sentido de respeitar a legisla\u00e7\u00e3o, fato que assegura a obten\u00e7\u00e3o de melhorias das condi\u00e7\u00f5es do tr\u00e2nsito.<\/p>\n","protected":false},"excerpt":{"rendered":"","protected":false},"author":27,"featured_media":0,"parent":349,"menu_order":1,"comment_status":"closed","ping_status":"closed","template":"templates\/turismo.php","meta":{"footnotes":""},"acf":[],"yoast_head":"<!-- This site is optimized with the Yoast SEO plugin v23.0 - https:\/\/yoast.com\/wordpress\/plugins\/seo\/ -->\n<title>Fiscaliza\u00e7\u00e3o de Tr\u00e2nsito - IMMU<\/title>\n<meta name=\"robots\" content=\"noindex, follow\" \/>\n<meta property=\"og:locale\" content=\"pt_BR\" \/>\n<meta property=\"og:type\" content=\"article\" \/>\n<meta property=\"og:title\" content=\"Fiscaliza\u00e7\u00e3o de Tr\u00e2nsito - IMMU\" \/>\n<meta property=\"og:url\" content=\"https:\/\/www.manaus.am.gov.br\/immu\/transito\/fiscalizacao-de-transito\/\" \/>\n<meta property=\"og:site_name\" content=\"IMMU\" \/>\n<meta property=\"article:modified_time\" content=\"2023-04-11T15:18:45+00:00\" \/>\n<meta name=\"twitter:card\" content=\"summary_large_image\" \/>\n<meta name=\"twitter:label1\" content=\"Est. reading time\" \/>\n\t<meta name=\"twitter:data1\" content=\"2 minutos\" \/>\n<script type=\"application\/ld+json\" class=\"yoast-schema-graph\">{\"@context\":\"https:\/\/schema.org\",\"@graph\":[{\"@type\":\"WebPage\",\"@id\":\"https:\/\/www.manaus.am.gov.br\/immu\/transito\/fiscalizacao-de-transito\/\",\"url\":\"https:\/\/www.manaus.am.gov.br\/immu\/transito\/fiscalizacao-de-transito\/\",\"name\":\"Fiscaliza\u00e7\u00e3o de Tr\u00e2nsito - IMMU\",\"isPartOf\":{\"@id\":\"https:\/\/www.manaus.am.gov.br\/immu\/#website\"},\"datePublished\":\"2023-04-11T14:56:54+00:00\",\"dateModified\":\"2023-04-11T15:18:45+00:00\",\"breadcrumb\":{\"@id\":\"https:\/\/www.manaus.am.gov.br\/immu\/transito\/fiscalizacao-de-transito\/#breadcrumb\"},\"inLanguage\":\"pt-BR\",\"potentialAction\":[{\"@type\":\"ReadAction\",\"target\":[\"https:\/\/www.manaus.am.gov.br\/immu\/transito\/fiscalizacao-de-transito\/\"]}]},{\"@type\":\"BreadcrumbList\",\"@id\":\"https:\/\/www.manaus.am.gov.br\/immu\/transito\/fiscalizacao-de-transito\/#breadcrumb\",\"itemListElement\":[{\"@type\":\"ListItem\",\"position\":1,\"name\":\"Home\",\"item\":\"https:\/\/www.manaus.am.gov.br\/immu\/\"},{\"@type\":\"ListItem\",\"position\":2,\"name\":\"Tr\u00e2nsito\",\"item\":\"https:\/\/www.manaus.am.gov.br\/immu\/transito\/\"},{\"@type\":\"ListItem\",\"position\":3,\"name\":\"Fiscaliza\u00e7\u00e3o de Tr\u00e2nsito\"}]},{\"@type\":\"WebSite\",\"@id\":\"https:\/\/www.manaus.am.gov.br\/immu\/#website\",\"url\":\"https:\/\/www.manaus.am.gov.br\/immu\/\",\"name\":\"IMMU\",\"description\":\"Prefeitura de Manaus\",\"potentialAction\":[{\"@type\":\"SearchAction\",\"target\":{\"@type\":\"EntryPoint\",\"urlTemplate\":\"https:\/\/www.manaus.am.gov.br\/immu\/?s={search_term_string}\"},\"query-input\":\"required name=search_term_string\"}],\"inLanguage\":\"pt-BR\"}]}<\/script>\n<!-- \/ Yoast SEO plugin. -->","yoast_head_json":{"title":"Fiscaliza\u00e7\u00e3o de Tr\u00e2nsito - IMMU","robots":{"index":"noindex","follow":"follow"},"og_locale":"pt_BR","og_type":"article","og_title":"Fiscaliza\u00e7\u00e3o de Tr\u00e2nsito - IMMU","og_url":"https:\/\/www.manaus.am.gov.br\/immu\/transito\/fiscalizacao-de-transito\/","og_site_name":"IMMU","article_modified_time":"2023-04-11T15:18:45+00:00","twitter_card":"summary_large_image","twitter_misc":{"Est. reading time":"2 minutos"},"schema":{"@context":"https:\/\/schema.org","@graph":[{"@type":"WebPage","@id":"https:\/\/www.manaus.am.gov.br\/immu\/transito\/fiscalizacao-de-transito\/","url":"https:\/\/www.manaus.am.gov.br\/immu\/transito\/fiscalizacao-de-transito\/","name":"Fiscaliza\u00e7\u00e3o de Tr\u00e2nsito - IMMU","isPartOf":{"@id":"https:\/\/www.manaus.am.gov.br\/immu\/#website"},"datePublished":"2023-04-11T14:56:54+00:00","dateModified":"2023-04-11T15:18:45+00:00","breadcrumb":{"@id":"https:\/\/www.manaus.am.gov.br\/immu\/transito\/fiscalizacao-de-transito\/#breadcrumb"},"inLanguage":"pt-BR","potentialAction":[{"@type":"ReadAction","target":["https:\/\/www.manaus.am.gov.br\/immu\/transito\/fiscalizacao-de-transito\/"]}]},{"@type":"BreadcrumbList","@id":"https:\/\/www.manaus.am.gov.br\/immu\/transito\/fiscalizacao-de-transito\/#breadcrumb","itemListElement":[{"@type":"ListItem","position":1,"name":"Home","item":"https:\/\/www.manaus.am.gov.br\/immu\/"},{"@type":"ListItem","position":2,"name":"Tr\u00e2nsito","item":"https:\/\/www.manaus.am.gov.br\/immu\/transito\/"},{"@type":"ListItem","position":3,"name":"Fiscaliza\u00e7\u00e3o de Tr\u00e2nsito"}]},{"@type":"WebSite","@id":"https:\/\/www.manaus.am.gov.br\/immu\/#website","url":"https:\/\/www.manaus.am.gov.br\/immu\/","name":"IMMU","description":"Prefeitura de Manaus","potentialAction":[{"@type":"SearchAction","target":{"@type":"EntryPoint","urlTemplate":"https:\/\/www.manaus.am.gov.br\/immu\/?s={search_term_string}"},"query-input":"required name=search_term_string"}],"inLanguage":"pt-BR"}]}},"_links":{"self":[{"href":"https:\/\/www.manaus.am.gov.br\/immu\/wp-json\/wp\/v2\/pages\/347"}],"collection":[{"href":"https:\/\/www.manaus.am.gov.br\/immu\/wp-json\/wp\/v2\/pages"}],"about":[{"href":"https:\/\/www.manaus.am.gov.br\/immu\/wp-json\/wp\/v2\/types\/page"}],"author":[{"embeddable":true,"href":"https:\/\/www.manaus.am.gov.br\/immu\/wp-json\/wp\/v2\/users\/27"}],"replies":[{"embeddable":true,"href":"https:\/\/www.manaus.am.gov.br\/immu\/wp-json\/wp\/v2\/comments?post=347"}],"version-history":[{"count":3,"href":"https:\/\/www.manaus.am.gov.br\/immu\/wp-json\/wp\/v2\/pages\/347\/revisions"}],"predecessor-version":[{"id":354,"href":"https:\/\/www.manaus.am.gov.br\/immu\/wp-json\/wp\/v2\/pages\/347\/revisions\/354"}],"up":[{"embeddable":true,"href":"https:\/\/www.manaus.am.gov.br\/immu\/wp-json\/wp\/v2\/pages\/349"}],"wp:attachment":[{"href":"https:\/\/www.manaus.am.gov.br\/immu\/wp-json\/wp\/v2\/media?parent=347"}],"curies":[{"name":"wp","href":"https:\/\/api.w.org\/{rel}","templated":true}]}}