{"id":335,"date":"2023-04-11T10:51:43","date_gmt":"2023-04-11T14:51:43","guid":{"rendered":"https:\/\/www.manaus.am.gov.br\/immu\/?page_id=335"},"modified":"2023-07-05T15:33:28","modified_gmt":"2023-07-05T19:33:28","slug":"plano-de-gestao","status":"publish","type":"page","link":"https:\/\/www.manaus.am.gov.br\/immu\/immu\/plano-de-gestao\/","title":{"rendered":"Plano de Gest\u00e3o"},"content":{"rendered":"\n<p>Manaus \u00e9 a oitava maior cidade brasileira, uma metr\u00f3pole que abriga aproximadamente uma frota de 500 mil ve\u00edculos (cerca de 4 hab\/ve\u00edculo) e 15 mil vias. Ap\u00f3s um diagn\u00f3stico que apontou a exist\u00eancia de v\u00e1rios problemas no tr\u00e2nsito da capital como congestionamentos acentuados, sinaliza\u00e7\u00e3o prec\u00e1ria, falta de suporte tecnol\u00f3gico, opera\u00e7\u00e3o de carga e descarga sem regulamenta\u00e7\u00e3o (que ocorre 24 horas, de forma aleat\u00f3ria), polui\u00e7\u00e3o visual, falta de alternativas para escoamento do tr\u00e1fego, entre outros, o prefeito municipal de Manaus lan\u00e7ou no dia 13 de julho um Plano de Gest\u00e3o de Tr\u00e2nsito no bi\u00eanio 2010\/2012, com solu\u00e7\u00f5es permanentes para a cidade.<\/p>\n\n\n\n<p>As solu\u00e7\u00f5es para os problemas come\u00e7aram a ser implantadas em agosto de 2010 nestas \u00e1reas mais cr\u00edticas da cidade: \u00e1rea central (principalmente Centro Hist\u00f3rico), \u201cquadril\u00e1tero\u201d (Av.Constantino Nery \u2013 Boulevard \u00c1lvaro Maia \u2013 Para\u00edba- Ephig\u00eanio Salles\/Darcy Vargas), corredores (Av. Constantino Nery e Av. Djalma Batista), entre outros.<\/p>\n\n\n\n<p>O Plano de Gest\u00e3o a ser executado pela Prefeitura de Manaus tem como princ\u00edpio trabalhar de forma organizada e participativa, ouvindo os usu\u00e1rios e\/ ou suas entidades representativas, por\u00e9m sempre colocando o interesse da cidade acima de interesses pessoais ou corporativos. E esta atua\u00e7\u00e3o tem que se dar de forma planejada, incisiva e cont\u00ednua nas frentes de Engenharia, Educa\u00e7\u00e3o e Fiscaliza\u00e7\u00e3o.<\/p>\n\n\n\n<p>Para viabilizar as solu\u00e7\u00f5es previstas, tanto nas \u00e1reas priorit\u00e1rias como nos demais locais da cidade, est\u00e3o sendo criados diversos programas dentro do Plano de Gest\u00e3o do Tr\u00e2nsito. Esses programas dever\u00e3o ser realizados de forma permanente a partir do seu lan\u00e7amento, uma vez que a quest\u00e3o do \u201ctr\u00e2nsito\u201d \u00e9 tema que exige esfor\u00e7o diuturno e ininterrupto.<\/p>\n\n\n\n<h2 class=\"wp-block-heading\">Programa Estacionamento Legal<\/h2>\n\n\n\n<p>Vai ordenar os espa\u00e7os destinados \u00e0 parada e ao estacionamento das vias da cidade. Por meio das seguintes a\u00e7\u00f5es:<\/p>\n\n\n\n<ul>\n<li>Cria\u00e7\u00e3o do Sistema de Estacionamento Rotativo (\u201cZona Azul \/ Zona de Restri\u00e7\u00e3o\u201d) \u00e9 um sistema de controle de uso de vaga de estacionamento rotativo por meio de tickets, voltados para os ve\u00edculos de passeio que objetiva aumentar a rotatividade do uso dessas vagas;<\/li>\n\n\n\n<li>Incentivo \u00e0 cria\u00e7\u00e3o de Estacionamentos Privativos;<\/li>\n\n\n\n<li>Organiza\u00e7\u00e3o dos Pontos de T\u00e1xi;<\/li>\n\n\n\n<li>Restri\u00e7\u00e3o \u00e0 Circula\u00e7\u00e3o de Ve\u00edculos de Carga (ve\u00edculos pesados) em determinadas \u00e1reas e\/ou hor\u00e1rios;<\/li>\n\n\n\n<li>Organiza\u00e7\u00e3o de outros tipos de estacionamento (carga\/descarga de valores, farm\u00e1cias, ambul\u00e2ncias, bancos, etc.);<\/li>\n\n\n\n<li>Organiza\u00e7\u00e3o e moderniza\u00e7\u00e3o do Parqueamento.<\/li>\n<\/ul>\n\n\n\n<p> <\/p>\n\n\n\n<h2 class=\"wp-block-heading\">Programa Pedestre Vivo<\/h2>\n\n\n\n<p>Vai melhorar as condi\u00e7\u00f5es de seguran\u00e7a e conforto para TODOS os pedestres, por meio das seguintes a\u00e7\u00f5es:<\/p>\n\n\n\n<ul>\n<li>Implanta\u00e7\u00e3o de travessias bem sinalizadas, iluminadas e tratadas com prioridade ao pedestre;<\/li>\n\n\n\n<li>Implanta\u00e7\u00e3o de rampa para acesso dos portadores de mobilidade reduzida;<\/li>\n\n\n\n<li>Travessias com sinais sonoros e pisos t\u00e1teis para pessoas com defici\u00eancia visual;<\/li>\n\n\n\n<li>Lombadas eletr\u00f4nicas nas principais escolas e pontos de concentra\u00e7\u00e3o de travessia (hospitais, etc.).<\/li>\n<\/ul>\n\n\n\n<p> <\/p>\n\n\n\n<h2 class=\"wp-block-heading\">Programa de Orienta\u00e7\u00e3o para o Tr\u00e2nsito<\/h2>\n\n\n\n<p>Vai realizar a implanta\u00e7\u00e3o de placas indicativas e ou de orienta\u00e7\u00e3o, objetivando dar ao usu\u00e1rio e motorista as informa\u00e7\u00f5es sobre as principais rotas de deslocamento na cidade (regi\u00f5es, bairros e principais logradouros), bem como dos mais significativos equipamentos urbanos existentes, quer sejam de servi\u00e7os p\u00fablicos, lazer, religiosos, esportivos ou tur\u00edsticos.<\/p>\n\n\n\n<p> <\/p>\n\n\n\n<h2 class=\"wp-block-heading\">Programa Sem\u00e1foros Inteligentes<\/h2>\n\n\n\n<p>O programa implantar\u00e1 novos equipamentos de controle de sem\u00e1foros com o objetivo de implantar o Sistema de Opera\u00e7\u00e3o de Sem\u00e1foro sincronizado visando a otimiza\u00e7\u00e3o da fluidez do tr\u00e2nsito proporcionando seguran\u00e7a aos condutores e pedestres. O sistema proporciona ainda contagem de volume de tr\u00e1fego criando um banco de dados para uma melhor aplica\u00e7\u00e3o do mesmo. Inicialmente os \u201cSem\u00e1foros Inteligentes\u201d ser\u00e3o nas \u00e1reas do Centro e do Quadril\u00e1tero, nas principais vias onde se concentram maior fluxo de ve\u00edculos, como av. Darcy Vargas, av. Jo\u00e3o Val\u00e9rio, Boulevard \u00c1lvaro Maia, ruas Par\u00e1 e Macei\u00f3, entre outras.<\/p>\n\n\n\n<p>O sistema tamb\u00e9m contar\u00e1 com o monitoramento por meio de c\u00e2meras de circuito fechado instaladas em locais estrat\u00e9gicos, que permitir\u00e3o acompanhar o tr\u00e1fego, agilizando a solu\u00e7\u00e3o de problemas detectados, atrav\u00e9s de um atendimento eficaz, com respostas r\u00e1pidas, estrutura operacional e administrativa preparada para receber reclama\u00e7\u00f5es e sugest\u00f5es e transpar\u00eancia e justificativa nas a\u00e7\u00f5es de fiscaliza\u00e7\u00e3o.<\/p>\n\n\n\n<p>Tantos os sem\u00e1foros inteligentes como as c\u00e2meras de circuito fechado estar\u00e3o interligados ao Centro de Controle Operacional \u2013 CCO que vai gerenciar todo o sistema de fiscaliza\u00e7\u00e3o eletr\u00f4nica, sem\u00e1foros inteligentes, c\u00e2meras de circuito fechado, central de r\u00e1dio e central telef\u00f4nica.<\/p>\n\n\n\n<p> <\/p>\n\n\n\n<h2 class=\"wp-block-heading\">Programa de Tratamento de Pontos Cr\u00edticos<\/h2>\n\n\n\n<p>Por meio de estudos permanentes, tem o objetivo determinar solu\u00e7\u00f5es para eliminar ou minimizar os congestionamentos e dar maior fluidez ao tr\u00e2nsito em locais espec\u00edficos, nas diversas regi\u00f5es da cidade, em pontos como, as entradas da UFAM (Av.General Rodrigo Ot\u00e1vio) e do Manoa (Rua S\u00e3o Jo\u00e3o), av. S\u00e3o Jorge (R.Artur Bernardes x Av.Constantino), Aleixo (Rua Gabriel Gon\u00e7alves x Av.Andr\u00e9 Ara\u00fajo) dentre outros.<\/p>\n\n\n\n<p> <\/p>\n\n\n\n<h2 class=\"wp-block-heading\">Programa Opera\u00e7\u00e3o Cidad\u00e3o<\/h2>\n\n\n\n<p>Prev\u00ea um choque de gest\u00e3o na opera\u00e7\u00e3o e fiscaliza\u00e7\u00e3o de tr\u00e2nsito, por meio de:<\/p>\n\n\n\n<ul>\n<li>Nova postura e novo enfoque: orientar e educar para garantir a livre circula\u00e7\u00e3o de ve\u00edculos e pedestres;<\/li>\n\n\n\n<li>Capacita\u00e7\u00e3o dos Agentes de Tr\u00e2nsito;<\/li>\n\n\n\n<li>Aumento do efetivo de Agentes de Tr\u00e2nsito.<\/li>\n<\/ul>\n\n\n\n<p> <\/p>\n\n\n\n<h2 class=\"wp-block-heading\">Programa Educa\u00e7\u00e3o para o Tr\u00e2nsito<\/h2>\n\n\n\n<p>Planejar e executar projetos, programas e campanhas de educa\u00e7\u00e3o permanentes para o tr\u00e2nsito, tendo como princ\u00edpios norteadores o desenvolvimento e o exerc\u00edcio da cidadania e a melhoria da qualidade de vida.<\/p>\n\n\n\n<p><strong>Principais a\u00e7\u00f5es:<\/strong><\/p>\n\n\n\n<ul>\n<li>Encontros de professores;<\/li>\n\n\n\n<li>Espet\u00e1culos teatrais;<\/li>\n\n\n\n<li>Sess\u00f5es de v\u00eddeo;<\/li>\n\n\n\n<li>Oficinas com alunos;<\/li>\n\n\n\n<li>Encontros com pais, alunos e comunidade;<\/li>\n\n\n\n<li>Concursos liter\u00e1rios.<\/li>\n<\/ul>\n","protected":false},"excerpt":{"rendered":"","protected":false},"author":27,"featured_media":0,"parent":337,"menu_order":3,"comment_status":"closed","ping_status":"closed","template":"templates\/turismo.php","meta":{"footnotes":""},"acf":[],"yoast_head":"<!-- This site is optimized with the Yoast SEO plugin v23.0 - https:\/\/yoast.com\/wordpress\/plugins\/seo\/ -->\n<title>Plano de Gest\u00e3o - IMMU<\/title>\n<meta name=\"robots\" content=\"noindex, follow\" \/>\n<meta property=\"og:locale\" content=\"pt_BR\" \/>\n<meta property=\"og:type\" content=\"article\" \/>\n<meta property=\"og:title\" content=\"Plano de Gest\u00e3o - IMMU\" \/>\n<meta property=\"og:url\" content=\"https:\/\/www.manaus.am.gov.br\/immu\/immu\/plano-de-gestao\/\" \/>\n<meta property=\"og:site_name\" content=\"IMMU\" \/>\n<meta property=\"article:modified_time\" content=\"2023-07-05T19:33:28+00:00\" \/>\n<meta name=\"twitter:card\" content=\"summary_large_image\" \/>\n<meta name=\"twitter:label1\" content=\"Est. reading time\" \/>\n\t<meta name=\"twitter:data1\" content=\"5 minutos\" \/>\n<script type=\"application\/ld+json\" class=\"yoast-schema-graph\">{\"@context\":\"https:\/\/schema.org\",\"@graph\":[{\"@type\":\"WebPage\",\"@id\":\"https:\/\/www.manaus.am.gov.br\/immu\/immu\/plano-de-gestao\/\",\"url\":\"https:\/\/www.manaus.am.gov.br\/immu\/immu\/plano-de-gestao\/\",\"name\":\"Plano de Gest\u00e3o - IMMU\",\"isPartOf\":{\"@id\":\"https:\/\/www.manaus.am.gov.br\/immu\/#website\"},\"datePublished\":\"2023-04-11T14:51:43+00:00\",\"dateModified\":\"2023-07-05T19:33:28+00:00\",\"breadcrumb\":{\"@id\":\"https:\/\/www.manaus.am.gov.br\/immu\/immu\/plano-de-gestao\/#breadcrumb\"},\"inLanguage\":\"pt-BR\",\"potentialAction\":[{\"@type\":\"ReadAction\",\"target\":[\"https:\/\/www.manaus.am.gov.br\/immu\/immu\/plano-de-gestao\/\"]}]},{\"@type\":\"BreadcrumbList\",\"@id\":\"https:\/\/www.manaus.am.gov.br\/immu\/immu\/plano-de-gestao\/#breadcrumb\",\"itemListElement\":[{\"@type\":\"ListItem\",\"position\":1,\"name\":\"Home\",\"item\":\"https:\/\/www.manaus.am.gov.br\/immu\/\"},{\"@type\":\"ListItem\",\"position\":2,\"name\":\"IMMU\",\"item\":\"https:\/\/www.manaus.am.gov.br\/immu\/immu\/\"},{\"@type\":\"ListItem\",\"position\":3,\"name\":\"Plano de Gest\u00e3o\"}]},{\"@type\":\"WebSite\",\"@id\":\"https:\/\/www.manaus.am.gov.br\/immu\/#website\",\"url\":\"https:\/\/www.manaus.am.gov.br\/immu\/\",\"name\":\"IMMU\",\"description\":\"Prefeitura de Manaus\",\"potentialAction\":[{\"@type\":\"SearchAction\",\"target\":{\"@type\":\"EntryPoint\",\"urlTemplate\":\"https:\/\/www.manaus.am.gov.br\/immu\/?s={search_term_string}\"},\"query-input\":\"required name=search_term_string\"}],\"inLanguage\":\"pt-BR\"}]}<\/script>\n<!-- \/ Yoast SEO plugin. -->","yoast_head_json":{"title":"Plano de Gest\u00e3o - IMMU","robots":{"index":"noindex","follow":"follow"},"og_locale":"pt_BR","og_type":"article","og_title":"Plano de Gest\u00e3o - IMMU","og_url":"https:\/\/www.manaus.am.gov.br\/immu\/immu\/plano-de-gestao\/","og_site_name":"IMMU","article_modified_time":"2023-07-05T19:33:28+00:00","twitter_card":"summary_large_image","twitter_misc":{"Est. reading time":"5 minutos"},"schema":{"@context":"https:\/\/schema.org","@graph":[{"@type":"WebPage","@id":"https:\/\/www.manaus.am.gov.br\/immu\/immu\/plano-de-gestao\/","url":"https:\/\/www.manaus.am.gov.br\/immu\/immu\/plano-de-gestao\/","name":"Plano de Gest\u00e3o - IMMU","isPartOf":{"@id":"https:\/\/www.manaus.am.gov.br\/immu\/#website"},"datePublished":"2023-04-11T14:51:43+00:00","dateModified":"2023-07-05T19:33:28+00:00","breadcrumb":{"@id":"https:\/\/www.manaus.am.gov.br\/immu\/immu\/plano-de-gestao\/#breadcrumb"},"inLanguage":"pt-BR","potentialAction":[{"@type":"ReadAction","target":["https:\/\/www.manaus.am.gov.br\/immu\/immu\/plano-de-gestao\/"]}]},{"@type":"BreadcrumbList","@id":"https:\/\/www.manaus.am.gov.br\/immu\/immu\/plano-de-gestao\/#breadcrumb","itemListElement":[{"@type":"ListItem","position":1,"name":"Home","item":"https:\/\/www.manaus.am.gov.br\/immu\/"},{"@type":"ListItem","position":2,"name":"IMMU","item":"https:\/\/www.manaus.am.gov.br\/immu\/immu\/"},{"@type":"ListItem","position":3,"name":"Plano de Gest\u00e3o"}]},{"@type":"WebSite","@id":"https:\/\/www.manaus.am.gov.br\/immu\/#website","url":"https:\/\/www.manaus.am.gov.br\/immu\/","name":"IMMU","description":"Prefeitura de Manaus","potentialAction":[{"@type":"SearchAction","target":{"@type":"EntryPoint","urlTemplate":"https:\/\/www.manaus.am.gov.br\/immu\/?s={search_term_string}"},"query-input":"required name=search_term_string"}],"inLanguage":"pt-BR"}]}},"_links":{"self":[{"href":"https:\/\/www.manaus.am.gov.br\/immu\/wp-json\/wp\/v2\/pages\/335"}],"collection":[{"href":"https:\/\/www.manaus.am.gov.br\/immu\/wp-json\/wp\/v2\/pages"}],"about":[{"href":"https:\/\/www.manaus.am.gov.br\/immu\/wp-json\/wp\/v2\/types\/page"}],"author":[{"embeddable":true,"href":"https:\/\/www.manaus.am.gov.br\/immu\/wp-json\/wp\/v2\/users\/27"}],"replies":[{"embeddable":true,"href":"https:\/\/www.manaus.am.gov.br\/immu\/wp-json\/wp\/v2\/comments?post=335"}],"version-history":[{"count":3,"href":"https:\/\/www.manaus.am.gov.br\/immu\/wp-json\/wp\/v2\/pages\/335\/revisions"}],"predecessor-version":[{"id":741,"href":"https:\/\/www.manaus.am.gov.br\/immu\/wp-json\/wp\/v2\/pages\/335\/revisions\/741"}],"up":[{"embeddable":true,"href":"https:\/\/www.manaus.am.gov.br\/immu\/wp-json\/wp\/v2\/pages\/337"}],"wp:attachment":[{"href":"https:\/\/www.manaus.am.gov.br\/immu\/wp-json\/wp\/v2\/media?parent=335"}],"curies":[{"name":"wp","href":"https:\/\/api.w.org\/{rel}","templated":true}]}}