{"id":333,"date":"2023-04-11T10:49:39","date_gmt":"2023-04-11T14:49:39","guid":{"rendered":"https:\/\/www.manaus.am.gov.br\/immu\/?page_id=333"},"modified":"2023-04-11T11:00:47","modified_gmt":"2023-04-11T15:00:47","slug":"lei-de-criacao-do-immu","status":"publish","type":"page","link":"https:\/\/www.manaus.am.gov.br\/immu\/immu\/lei-de-criacao-do-immu\/","title":{"rendered":"Lei de Cria\u00e7\u00e3o do IMMU"},"content":{"rendered":"\n<h2 class=\"wp-block-heading\"><a href=\"https:\/\/leismunicipais.com.br\/a\/am\/m\/manaus\/lei-ordinaria\/2019\/243\/2428\/lei-ordinaria-n-2428-2019-dispoe-sobre-a-estrutura-organizacional-do-instituto-municipal-de-mobilidade-urbana-immu-e-da-outras-providencias\" target=\"_blank\" rel=\"noreferrer noopener\">LEI N\u00ba 2.428, DE 07 DE MAIO DE 2019<\/a><\/h2>\n\n\n\n<p>Disp\u00f5e sobre a estrutura organizacional do Instituto Municipal de Mobilidade Urbana (IMMU) e d\u00e1 outras provid\u00eancias.<\/p>\n\n\n\n<h2 class=\"wp-block-heading\"><a href=\"http:\/\/dom.manaus.am.gov.br\/pdf\/2019\/junho\/DOM%204612%2005.06.2019%20CAD%201.pdf\" target=\"_blank\" rel=\"noreferrer noopener\">LEI N.\u00ba 2.451, DE 05 DE JUNHO DE 2019<\/a><\/h2>\n\n\n\n<p>Estabelece prazo para os procedimentos necess\u00e1rios \u00e0 execu\u00e7\u00e3o da Lei n. 2.428, de 7 de maio de 2019.<\/p>\n","protected":false},"excerpt":{"rendered":"","protected":false},"author":27,"featured_media":0,"parent":337,"menu_order":2,"comment_status":"closed","ping_status":"closed","template":"templates\/turismo.php","meta":{"footnotes":""},"acf":[],"yoast_head":"<!-- This site is optimized with the Yoast SEO plugin v23.0 - https:\/\/yoast.com\/wordpress\/plugins\/seo\/ -->\n<title>Lei de Cria\u00e7\u00e3o do IMMU - IMMU<\/title>\n<meta name=\"robots\" content=\"noindex, follow\" \/>\n<meta property=\"og:locale\" content=\"pt_BR\" \/>\n<meta property=\"og:type\" content=\"article\" \/>\n<meta property=\"og:title\" content=\"Lei de Cria\u00e7\u00e3o do IMMU - IMMU\" \/>\n<meta property=\"og:url\" content=\"https:\/\/www.manaus.am.gov.br\/immu\/immu\/lei-de-criacao-do-immu\/\" \/>\n<meta property=\"og:site_name\" content=\"IMMU\" \/>\n<meta property=\"article:modified_time\" content=\"2023-04-11T15:00:47+00:00\" \/>\n<meta name=\"twitter:card\" content=\"summary_large_image\" \/>\n<meta name=\"twitter:label1\" content=\"Est. reading time\" \/>\n\t<meta name=\"twitter:data1\" content=\"1 minuto\" \/>\n<script type=\"application\/ld+json\" class=\"yoast-schema-graph\">{\"@context\":\"https:\/\/schema.org\",\"@graph\":[{\"@type\":\"WebPage\",\"@id\":\"https:\/\/www.manaus.am.gov.br\/immu\/immu\/lei-de-criacao-do-immu\/\",\"url\":\"https:\/\/www.manaus.am.gov.br\/immu\/immu\/lei-de-criacao-do-immu\/\",\"name\":\"Lei de Cria\u00e7\u00e3o do IMMU - IMMU\",\"isPartOf\":{\"@id\":\"https:\/\/www.manaus.am.gov.br\/immu\/#website\"},\"datePublished\":\"2023-04-11T14:49:39+00:00\",\"dateModified\":\"2023-04-11T15:00:47+00:00\",\"breadcrumb\":{\"@id\":\"https:\/\/www.manaus.am.gov.br\/immu\/immu\/lei-de-criacao-do-immu\/#breadcrumb\"},\"inLanguage\":\"pt-BR\",\"potentialAction\":[{\"@type\":\"ReadAction\",\"target\":[\"https:\/\/www.manaus.am.gov.br\/immu\/immu\/lei-de-criacao-do-immu\/\"]}]},{\"@type\":\"BreadcrumbList\",\"@id\":\"https:\/\/www.manaus.am.gov.br\/immu\/immu\/lei-de-criacao-do-immu\/#breadcrumb\",\"itemListElement\":[{\"@type\":\"ListItem\",\"position\":1,\"name\":\"Home\",\"item\":\"https:\/\/www.manaus.am.gov.br\/immu\/\"},{\"@type\":\"ListItem\",\"position\":2,\"name\":\"IMMU\",\"item\":\"https:\/\/www.manaus.am.gov.br\/immu\/immu\/\"},{\"@type\":\"ListItem\",\"position\":3,\"name\":\"Lei de Cria\u00e7\u00e3o do IMMU\"}]},{\"@type\":\"WebSite\",\"@id\":\"https:\/\/www.manaus.am.gov.br\/immu\/#website\",\"url\":\"https:\/\/www.manaus.am.gov.br\/immu\/\",\"name\":\"IMMU\",\"description\":\"Prefeitura de Manaus\",\"potentialAction\":[{\"@type\":\"SearchAction\",\"target\":{\"@type\":\"EntryPoint\",\"urlTemplate\":\"https:\/\/www.manaus.am.gov.br\/immu\/?s={search_term_string}\"},\"query-input\":\"required name=search_term_string\"}],\"inLanguage\":\"pt-BR\"}]}<\/script>\n<!-- \/ Yoast SEO plugin. -->","yoast_head_json":{"title":"Lei de Cria\u00e7\u00e3o do IMMU - IMMU","robots":{"index":"noindex","follow":"follow"},"og_locale":"pt_BR","og_type":"article","og_title":"Lei de Cria\u00e7\u00e3o do IMMU - IMMU","og_url":"https:\/\/www.manaus.am.gov.br\/immu\/immu\/lei-de-criacao-do-immu\/","og_site_name":"IMMU","article_modified_time":"2023-04-11T15:00:47+00:00","twitter_card":"summary_large_image","twitter_misc":{"Est. reading time":"1 minuto"},"schema":{"@context":"https:\/\/schema.org","@graph":[{"@type":"WebPage","@id":"https:\/\/www.manaus.am.gov.br\/immu\/immu\/lei-de-criacao-do-immu\/","url":"https:\/\/www.manaus.am.gov.br\/immu\/immu\/lei-de-criacao-do-immu\/","name":"Lei de Cria\u00e7\u00e3o do IMMU - IMMU","isPartOf":{"@id":"https:\/\/www.manaus.am.gov.br\/immu\/#website"},"datePublished":"2023-04-11T14:49:39+00:00","dateModified":"2023-04-11T15:00:47+00:00","breadcrumb":{"@id":"https:\/\/www.manaus.am.gov.br\/immu\/immu\/lei-de-criacao-do-immu\/#breadcrumb"},"inLanguage":"pt-BR","potentialAction":[{"@type":"ReadAction","target":["https:\/\/www.manaus.am.gov.br\/immu\/immu\/lei-de-criacao-do-immu\/"]}]},{"@type":"BreadcrumbList","@id":"https:\/\/www.manaus.am.gov.br\/immu\/immu\/lei-de-criacao-do-immu\/#breadcrumb","itemListElement":[{"@type":"ListItem","position":1,"name":"Home","item":"https:\/\/www.manaus.am.gov.br\/immu\/"},{"@type":"ListItem","position":2,"name":"IMMU","item":"https:\/\/www.manaus.am.gov.br\/immu\/immu\/"},{"@type":"ListItem","position":3,"name":"Lei de Cria\u00e7\u00e3o do IMMU"}]},{"@type":"WebSite","@id":"https:\/\/www.manaus.am.gov.br\/immu\/#website","url":"https:\/\/www.manaus.am.gov.br\/immu\/","name":"IMMU","description":"Prefeitura de Manaus","potentialAction":[{"@type":"SearchAction","target":{"@type":"EntryPoint","urlTemplate":"https:\/\/www.manaus.am.gov.br\/immu\/?s={search_term_string}"},"query-input":"required name=search_term_string"}],"inLanguage":"pt-BR"}]}},"_links":{"self":[{"href":"https:\/\/www.manaus.am.gov.br\/immu\/wp-json\/wp\/v2\/pages\/333"}],"collection":[{"href":"https:\/\/www.manaus.am.gov.br\/immu\/wp-json\/wp\/v2\/pages"}],"about":[{"href":"https:\/\/www.manaus.am.gov.br\/immu\/wp-json\/wp\/v2\/types\/page"}],"author":[{"embeddable":true,"href":"https:\/\/www.manaus.am.gov.br\/immu\/wp-json\/wp\/v2\/users\/27"}],"replies":[{"embeddable":true,"href":"https:\/\/www.manaus.am.gov.br\/immu\/wp-json\/wp\/v2\/comments?post=333"}],"version-history":[{"count":2,"href":"https:\/\/www.manaus.am.gov.br\/immu\/wp-json\/wp\/v2\/pages\/333\/revisions"}],"predecessor-version":[{"id":357,"href":"https:\/\/www.manaus.am.gov.br\/immu\/wp-json\/wp\/v2\/pages\/333\/revisions\/357"}],"up":[{"embeddable":true,"href":"https:\/\/www.manaus.am.gov.br\/immu\/wp-json\/wp\/v2\/pages\/337"}],"wp:attachment":[{"href":"https:\/\/www.manaus.am.gov.br\/immu\/wp-json\/wp\/v2\/media?parent=333"}],"curies":[{"name":"wp","href":"https:\/\/api.w.org\/{rel}","templated":true}]}}