{"id":331,"date":"2023-04-11T10:45:07","date_gmt":"2023-04-11T14:45:07","guid":{"rendered":"https:\/\/www.manaus.am.gov.br\/immu\/?page_id=331"},"modified":"2023-04-11T10:52:49","modified_gmt":"2023-04-11T14:52:49","slug":"sobre","status":"publish","type":"page","link":"https:\/\/www.manaus.am.gov.br\/immu\/immu\/sobre\/","title":{"rendered":"Sobre"},"content":{"rendered":"\n<h2 class=\"wp-block-heading\">Transporte Coletivo De Manaus 1957 a 2011<\/h2>\n\n\n\n<p>1\u00aa Fase \u2013 Implanta\u00e7\u00e3o e desativa\u00e7\u00e3o dos bondes (1896 -1939).<\/p>\n\n\n\n<p>2\u00aa Fase \u2013 Atividades dos \u00f4nibus artesanais (1939 \u2013 1957) per\u00edodo em que, fazendo concorr\u00eancia com os bondes ingleses, foram iniciadas as atividades dos \u00f4nibus de madeira.<\/p>\n\n\n\n<p>3\u00aa Fase \u2013 Empresa P\u00fablica\/Empresas Privadas (1957 \u2013 1980); Cria\u00e7\u00e3o de uma empresa de economia mista, a Transportamazon, opera\u00e7\u00e3o no servi\u00e7o de transporte coletivo.<\/p>\n\n\n\n<p>4\u00aa Fase \u2013 Cria\u00e7\u00e3o de um \u00d3rg\u00e3o Gestor (1980), que compreende o per\u00edodo de forma\u00e7\u00e3o da EMTU \u2013 Empresa Municipal de Transportes Urbanos e sua trajet\u00f3ria no gerenciamento de Transporte Urbano de Manaus.<br>Lei N.\u00ba 1.323 de 12 \/ 12 \/ 1977, sendo regulamentada pelo Decreto N.\u00ba 1.988 de 03 \/ 06 \/ 1980<\/p>\n\n\n\n<p>5\u00aa Fase \u2013 IMTU \u2013 Instituto Municipal de Transportes Urbanos, org\u00e3o sucessor da extinta EMTU.<br>Lei N.\u00ba 938 de 20 \/ 01 \/ 2006<\/p>\n\n\n\n<p>6\u00aa Fase \u2013 IMTT \u2013 Instituto Municipal de Tr\u00e2nsito e Transportes, org\u00e3o sucessor do IMTU.<br>Lei N.\u00ba 1.320 de 16 \/ 04 \/ 2009<\/p>\n\n\n\n<p>7\u00aa Fase \u2013 Lei N.\u00ba 1.508, de 21 de setembro de 2010 \u2013 Cria o Instituto Municipal de Engenharia e Fiscaliza\u00e7\u00e3o do Tr\u00e2nsito \u2013 MANAUSTRANS, altera a denomina\u00e7\u00e3o e a estrutura organizacional do Instituto Municipal de Tr\u00e2nsito e Transportes \u2013 IMTT.<br>O Instituto Municipal de Transportes Urbanos \u2013 IMTT, objetivo da Lei N.\u00ba 1.320, de 16 de abril de 2009, passa a denominar-se Superintend\u00eancia Municipal de Transportes Urbanos \u2013 SMTU.<\/p>\n\n\n\n<p>A Superintend\u00eancia Municipal de Transportes Urbanos (SMTU) foi criada em 2010 com a miss\u00e3o de programar a\u00e7\u00f5es estrat\u00e9gicas de planejamento, opera\u00e7\u00e3o e fiscaliza\u00e7\u00e3o, que envolvem os servi\u00e7os essenciais de transporte p\u00fablico.<br>O Instituto Municipal de Mobilidade Urbana (IMMU) \u2013 Gest\u00e3o de Transporte Urbano foi criado em maio de 2019, com a miss\u00e3o de programar a\u00e7\u00f5es estrat\u00e9gicas de planejamento, opera\u00e7\u00e3o e fiscaliza\u00e7\u00e3o, que envolvem os servi\u00e7os essenciais de transporte p\u00fablico. Aliada a essas iniciativas, o IMMU \u2013 Gest\u00e3o de Transporte prioriza a seguran\u00e7a dos usu\u00e1rios e a presta\u00e7\u00e3o de servi\u00e7os com qualidade e efici\u00eancia.<\/p>\n\n\n\n<h2 class=\"wp-block-heading\">Tr\u00e2nsito<\/h2>\n\n\n\n<p>Com o advento da publica\u00e7\u00e3o do Novo C\u00f3digo de Tr\u00e2nsito Brasileiro, no ano de 1997, e a previs\u00e3o de compet\u00eancias legais aos munic\u00edpios, no que diz respeito ao tr\u00e2nsito terrestre, a Prefeitura de Manaus, atrav\u00e9s do Decreto N.\u00ba 4.065 de janeiro de 1998, municipalizou o tr\u00e2nsito da capital.<\/p>\n\n\n\n<p>Em setembro de 1999, a Prefeitura de Manaus, por meio da Empresa Municipal de Transportes Urbanos (EMTU), que na \u00e9poca era o \u00f3rg\u00e3o executivo municipal de tr\u00e2nsito, publicou edital de um concurso p\u00fablico para contrata\u00e7\u00e3o de 200 agentes de tr\u00e2nsito. Ap\u00f3s alguns meses teve in\u00edcio o curso capacita\u00e7\u00e3o e treinamento com acompanhamento de profissionais de S\u00e3o Paulo, em virtude desta cidade possuir o tr\u00e2nsito municipalizado h\u00e1 mais de 30 anos.<\/p>\n\n\n\n<p>Em mar\u00e7o de 2000, 195 agentes iniciaram atividades de orienta\u00e7\u00f5es e opera\u00e7\u00f5es de tr\u00e2nsito em nossa capital. Fardados com uma indument\u00e1ria confeccionada com um tecido de cor azul, esses servidores ficaram conhecidos como \u201cazulzinhos\u201d.<\/p>\n\n\n\n<p>Em 20 de janeiro de 2006, a Prefeitura de Manaus extinguiu a ent\u00e3o EMTU e criou dois Institutos distintos, um com a finalidade de gerenciar o transporte p\u00fablico e outro, o tr\u00e2nsito. Nesse ano, por meio da Lei no. 939\/06, o Instituto Municipal de Tr\u00e2nsito, com a sigla IMTRANS, foi criado como autarquia sob regime especial, integrante da estrutura b\u00e1sica do Poder Executivo Municipal vinculado \u00e0 Secretaria Municipal de Desenvolvimento Urbano \u2013 SEMDURB, este \u00e9 dotado de personalidade jur\u00eddica de direito p\u00fablico e autonomia administrativa, patrimonial e financeira.<\/p>\n\n\n\n<p>Por\u00e9m, o IMTRANS passou a ser \u00f3rg\u00e3o integrante do SNT por apenas tr\u00eas anos. Em 2009, o \u00f3rg\u00e3o respons\u00e1vel pelo transporte p\u00fablico, o IMTU (Instituto Municipal de Transportes Urbanos), foi extinto e o IMTRANS passou a acumular as atribui\u00e7\u00f5es do tr\u00e2nsito e do transporte, adotando uma nova nomenclatura, o Instituto Municipal de Tr\u00e2nsito e Transportes, com a sigla IMTTT, criado em 05 de Fevereiro por meio da Lei N.\u00ba1.203\/ 09.<\/p>\n\n\n\n<p>Em 2010, a Prefeitura de Manaus novamente entende que pelo crescimento econ\u00f4mico e social da capital, e do poder aquisitivo da popula\u00e7\u00e3o, consequentemente da frota de ve\u00edculos, h\u00e1 a necessidade de que o \u00f3rg\u00e3o que gerencia o tr\u00e2nsito tenha exclusivamente essa finalidade.<\/p>\n\n\n\n<p>Sendo assim, em 21 de setembro de 2010, por meio da Lei N.\u00ba 1.508, o antigo IMTT \u00e9 desmembrado e fica criado o Instituto Municipal de Engenharia e Fiscaliza\u00e7\u00e3o do Tr\u00e2nsito, com a sigla Manaustrans.<\/p>\n\n\n\n<p>O Manaustrans possui o mesmo regime jur\u00eddico de todos os outros Institutos sendo vinculado, por\u00e9m, ao Chefe do Poder Executivo, o Prefeito, tendo por finalidades \u00e0 elabora\u00e7\u00e3o, a coordena\u00e7\u00e3o, a execu\u00e7\u00e3o e a gest\u00e3o de pol\u00edticas p\u00fablicas direcionadas ao tr\u00e2nsito no \u00e2mbito do Munic\u00edpio de Manaus. Especialmente para o pleno exerc\u00edcio do Poder de Pol\u00edcia Administrativa, e dos setores que lhe s\u00e3o afetos.<\/p>\n\n\n\n<p>No dia 07 de maio de 2019 , de acordo com a LEI N.\u00ba 2.428, o prefeito de Manaus, Arthur Neto, criou o Instituto Municipal de Mobilidade Urbana (IMMU), autarquia vinculada diretamente ao Prefeito, com o objetivo de elaborar, coordenar, executar e gerir as pol\u00edticas p\u00fablicas direcionadas ao tr\u00e2nsito e transporte urbano.<\/p>\n","protected":false},"excerpt":{"rendered":"","protected":false},"author":27,"featured_media":0,"parent":337,"menu_order":0,"comment_status":"closed","ping_status":"closed","template":"templates\/turismo.php","meta":{"footnotes":""},"acf":[],"yoast_head":"<!-- This site is optimized with the Yoast SEO plugin v23.0 - https:\/\/yoast.com\/wordpress\/plugins\/seo\/ -->\n<title>Sobre - IMMU<\/title>\n<meta name=\"robots\" content=\"noindex, follow\" \/>\n<meta property=\"og:locale\" content=\"pt_BR\" \/>\n<meta property=\"og:type\" content=\"article\" \/>\n<meta property=\"og:title\" content=\"Sobre - IMMU\" \/>\n<meta property=\"og:url\" content=\"https:\/\/www.manaus.am.gov.br\/immu\/immu\/sobre\/\" \/>\n<meta property=\"og:site_name\" content=\"IMMU\" \/>\n<meta property=\"article:modified_time\" content=\"2023-04-11T14:52:49+00:00\" \/>\n<meta name=\"twitter:card\" content=\"summary_large_image\" \/>\n<meta name=\"twitter:label1\" content=\"Est. reading time\" \/>\n\t<meta name=\"twitter:data1\" content=\"5 minutos\" \/>\n<script type=\"application\/ld+json\" class=\"yoast-schema-graph\">{\"@context\":\"https:\/\/schema.org\",\"@graph\":[{\"@type\":\"WebPage\",\"@id\":\"https:\/\/www.manaus.am.gov.br\/immu\/immu\/sobre\/\",\"url\":\"https:\/\/www.manaus.am.gov.br\/immu\/immu\/sobre\/\",\"name\":\"Sobre - IMMU\",\"isPartOf\":{\"@id\":\"https:\/\/www.manaus.am.gov.br\/immu\/#website\"},\"datePublished\":\"2023-04-11T14:45:07+00:00\",\"dateModified\":\"2023-04-11T14:52:49+00:00\",\"breadcrumb\":{\"@id\":\"https:\/\/www.manaus.am.gov.br\/immu\/immu\/sobre\/#breadcrumb\"},\"inLanguage\":\"pt-BR\",\"potentialAction\":[{\"@type\":\"ReadAction\",\"target\":[\"https:\/\/www.manaus.am.gov.br\/immu\/immu\/sobre\/\"]}]},{\"@type\":\"BreadcrumbList\",\"@id\":\"https:\/\/www.manaus.am.gov.br\/immu\/immu\/sobre\/#breadcrumb\",\"itemListElement\":[{\"@type\":\"ListItem\",\"position\":1,\"name\":\"Home\",\"item\":\"https:\/\/www.manaus.am.gov.br\/immu\/\"},{\"@type\":\"ListItem\",\"position\":2,\"name\":\"IMMU\",\"item\":\"https:\/\/www.manaus.am.gov.br\/immu\/immu\/\"},{\"@type\":\"ListItem\",\"position\":3,\"name\":\"Sobre\"}]},{\"@type\":\"WebSite\",\"@id\":\"https:\/\/www.manaus.am.gov.br\/immu\/#website\",\"url\":\"https:\/\/www.manaus.am.gov.br\/immu\/\",\"name\":\"IMMU\",\"description\":\"Prefeitura de Manaus\",\"potentialAction\":[{\"@type\":\"SearchAction\",\"target\":{\"@type\":\"EntryPoint\",\"urlTemplate\":\"https:\/\/www.manaus.am.gov.br\/immu\/?s={search_term_string}\"},\"query-input\":\"required name=search_term_string\"}],\"inLanguage\":\"pt-BR\"}]}<\/script>\n<!-- \/ Yoast SEO plugin. -->","yoast_head_json":{"title":"Sobre - IMMU","robots":{"index":"noindex","follow":"follow"},"og_locale":"pt_BR","og_type":"article","og_title":"Sobre - IMMU","og_url":"https:\/\/www.manaus.am.gov.br\/immu\/immu\/sobre\/","og_site_name":"IMMU","article_modified_time":"2023-04-11T14:52:49+00:00","twitter_card":"summary_large_image","twitter_misc":{"Est. reading time":"5 minutos"},"schema":{"@context":"https:\/\/schema.org","@graph":[{"@type":"WebPage","@id":"https:\/\/www.manaus.am.gov.br\/immu\/immu\/sobre\/","url":"https:\/\/www.manaus.am.gov.br\/immu\/immu\/sobre\/","name":"Sobre - IMMU","isPartOf":{"@id":"https:\/\/www.manaus.am.gov.br\/immu\/#website"},"datePublished":"2023-04-11T14:45:07+00:00","dateModified":"2023-04-11T14:52:49+00:00","breadcrumb":{"@id":"https:\/\/www.manaus.am.gov.br\/immu\/immu\/sobre\/#breadcrumb"},"inLanguage":"pt-BR","potentialAction":[{"@type":"ReadAction","target":["https:\/\/www.manaus.am.gov.br\/immu\/immu\/sobre\/"]}]},{"@type":"BreadcrumbList","@id":"https:\/\/www.manaus.am.gov.br\/immu\/immu\/sobre\/#breadcrumb","itemListElement":[{"@type":"ListItem","position":1,"name":"Home","item":"https:\/\/www.manaus.am.gov.br\/immu\/"},{"@type":"ListItem","position":2,"name":"IMMU","item":"https:\/\/www.manaus.am.gov.br\/immu\/immu\/"},{"@type":"ListItem","position":3,"name":"Sobre"}]},{"@type":"WebSite","@id":"https:\/\/www.manaus.am.gov.br\/immu\/#website","url":"https:\/\/www.manaus.am.gov.br\/immu\/","name":"IMMU","description":"Prefeitura de Manaus","potentialAction":[{"@type":"SearchAction","target":{"@type":"EntryPoint","urlTemplate":"https:\/\/www.manaus.am.gov.br\/immu\/?s={search_term_string}"},"query-input":"required name=search_term_string"}],"inLanguage":"pt-BR"}]}},"_links":{"self":[{"href":"https:\/\/www.manaus.am.gov.br\/immu\/wp-json\/wp\/v2\/pages\/331"}],"collection":[{"href":"https:\/\/www.manaus.am.gov.br\/immu\/wp-json\/wp\/v2\/pages"}],"about":[{"href":"https:\/\/www.manaus.am.gov.br\/immu\/wp-json\/wp\/v2\/types\/page"}],"author":[{"embeddable":true,"href":"https:\/\/www.manaus.am.gov.br\/immu\/wp-json\/wp\/v2\/users\/27"}],"replies":[{"embeddable":true,"href":"https:\/\/www.manaus.am.gov.br\/immu\/wp-json\/wp\/v2\/comments?post=331"}],"version-history":[{"count":1,"href":"https:\/\/www.manaus.am.gov.br\/immu\/wp-json\/wp\/v2\/pages\/331\/revisions"}],"predecessor-version":[{"id":332,"href":"https:\/\/www.manaus.am.gov.br\/immu\/wp-json\/wp\/v2\/pages\/331\/revisions\/332"}],"up":[{"embeddable":true,"href":"https:\/\/www.manaus.am.gov.br\/immu\/wp-json\/wp\/v2\/pages\/337"}],"wp:attachment":[{"href":"https:\/\/www.manaus.am.gov.br\/immu\/wp-json\/wp\/v2\/media?parent=331"}],"curies":[{"name":"wp","href":"https:\/\/api.w.org\/{rel}","templated":true}]}}