{"id":592,"date":"2023-08-01T09:14:17","date_gmt":"2023-08-01T13:14:17","guid":{"rendered":"https:\/\/www.manaus.am.gov.br\/fms\/?page_id=592"},"modified":"2024-07-15T08:34:48","modified_gmt":"2024-07-15T12:34:48","slug":"endereco","status":"publish","type":"page","link":"https:\/\/www.manaus.am.gov.br\/fms\/fundo-manaus-solidaria\/endereco\/","title":{"rendered":"Endere\u00e7o"},"content":{"rendered":"\n<p>Av. Brasil, 2971 &#8211; Compensa I, Manaus &#8211; AM, 69036-110<\/p>\n","protected":false},"excerpt":{"rendered":"","protected":false},"author":27,"featured_media":0,"parent":168,"menu_order":0,"comment_status":"closed","ping_status":"closed","template":"templates\/turismo.php","meta":{"footnotes":""},"acf":[],"yoast_head":"<!-- This site is optimized with the Yoast SEO plugin v23.0 - https:\/\/yoast.com\/wordpress\/plugins\/seo\/ -->\n<title>Endere\u00e7o - Fundo Manaus Solid\u00e1ria<\/title>\n<meta name=\"robots\" content=\"noindex, follow\" \/>\n<meta property=\"og:locale\" content=\"pt_BR\" \/>\n<meta property=\"og:type\" content=\"article\" \/>\n<meta property=\"og:title\" content=\"Endere\u00e7o - Fundo Manaus Solid\u00e1ria\" \/>\n<meta property=\"og:url\" content=\"https:\/\/www.manaus.am.gov.br\/fms\/fundo-manaus-solidaria\/endereco\/\" \/>\n<meta property=\"og:site_name\" content=\"Fundo Manaus Solid\u00e1ria\" \/>\n<meta property=\"article:modified_time\" content=\"2024-07-15T12:34:48+00:00\" \/>\n<meta name=\"twitter:card\" content=\"summary_large_image\" \/>\n<meta name=\"twitter:label1\" content=\"Est. reading time\" \/>\n\t<meta name=\"twitter:data1\" content=\"1 minuto\" \/>\n<script type=\"application\/ld+json\" class=\"yoast-schema-graph\">{\"@context\":\"https:\/\/schema.org\",\"@graph\":[{\"@type\":\"WebPage\",\"@id\":\"https:\/\/www.manaus.am.gov.br\/fms\/fundo-manaus-solidaria\/endereco\/\",\"url\":\"https:\/\/www.manaus.am.gov.br\/fms\/fundo-manaus-solidaria\/endereco\/\",\"name\":\"Endere\u00e7o - Fundo Manaus Solid\u00e1ria\",\"isPartOf\":{\"@id\":\"https:\/\/www.manaus.am.gov.br\/fms\/#website\"},\"datePublished\":\"2023-08-01T13:14:17+00:00\",\"dateModified\":\"2024-07-15T12:34:48+00:00\",\"breadcrumb\":{\"@id\":\"https:\/\/www.manaus.am.gov.br\/fms\/fundo-manaus-solidaria\/endereco\/#breadcrumb\"},\"inLanguage\":\"pt-BR\",\"potentialAction\":[{\"@type\":\"ReadAction\",\"target\":[\"https:\/\/www.manaus.am.gov.br\/fms\/fundo-manaus-solidaria\/endereco\/\"]}]},{\"@type\":\"BreadcrumbList\",\"@id\":\"https:\/\/www.manaus.am.gov.br\/fms\/fundo-manaus-solidaria\/endereco\/#breadcrumb\",\"itemListElement\":[{\"@type\":\"ListItem\",\"position\":1,\"name\":\"Home\",\"item\":\"https:\/\/www.manaus.am.gov.br\/fms\/\"},{\"@type\":\"ListItem\",\"position\":2,\"name\":\"Fundo Manaus Solid\u00e1ria\",\"item\":\"https:\/\/www.manaus.am.gov.br\/fms\/fundo-manaus-solidaria\/\"},{\"@type\":\"ListItem\",\"position\":3,\"name\":\"Endere\u00e7o\"}]},{\"@type\":\"WebSite\",\"@id\":\"https:\/\/www.manaus.am.gov.br\/fms\/#website\",\"url\":\"https:\/\/www.manaus.am.gov.br\/fms\/\",\"name\":\"Fundo Manaus Solid\u00e1ria\",\"description\":\"Prefeitura de Manaus\",\"potentialAction\":[{\"@type\":\"SearchAction\",\"target\":{\"@type\":\"EntryPoint\",\"urlTemplate\":\"https:\/\/www.manaus.am.gov.br\/fms\/?s={search_term_string}\"},\"query-input\":\"required name=search_term_string\"}],\"inLanguage\":\"pt-BR\"}]}<\/script>\n<!-- \/ Yoast SEO plugin. -->","yoast_head_json":{"title":"Endere\u00e7o - Fundo Manaus Solid\u00e1ria","robots":{"index":"noindex","follow":"follow"},"og_locale":"pt_BR","og_type":"article","og_title":"Endere\u00e7o - Fundo Manaus Solid\u00e1ria","og_url":"https:\/\/www.manaus.am.gov.br\/fms\/fundo-manaus-solidaria\/endereco\/","og_site_name":"Fundo Manaus Solid\u00e1ria","article_modified_time":"2024-07-15T12:34:48+00:00","twitter_card":"summary_large_image","twitter_misc":{"Est. reading time":"1 minuto"},"schema":{"@context":"https:\/\/schema.org","@graph":[{"@type":"WebPage","@id":"https:\/\/www.manaus.am.gov.br\/fms\/fundo-manaus-solidaria\/endereco\/","url":"https:\/\/www.manaus.am.gov.br\/fms\/fundo-manaus-solidaria\/endereco\/","name":"Endere\u00e7o - Fundo Manaus Solid\u00e1ria","isPartOf":{"@id":"https:\/\/www.manaus.am.gov.br\/fms\/#website"},"datePublished":"2023-08-01T13:14:17+00:00","dateModified":"2024-07-15T12:34:48+00:00","breadcrumb":{"@id":"https:\/\/www.manaus.am.gov.br\/fms\/fundo-manaus-solidaria\/endereco\/#breadcrumb"},"inLanguage":"pt-BR","potentialAction":[{"@type":"ReadAction","target":["https:\/\/www.manaus.am.gov.br\/fms\/fundo-manaus-solidaria\/endereco\/"]}]},{"@type":"BreadcrumbList","@id":"https:\/\/www.manaus.am.gov.br\/fms\/fundo-manaus-solidaria\/endereco\/#breadcrumb","itemListElement":[{"@type":"ListItem","position":1,"name":"Home","item":"https:\/\/www.manaus.am.gov.br\/fms\/"},{"@type":"ListItem","position":2,"name":"Fundo Manaus Solid\u00e1ria","item":"https:\/\/www.manaus.am.gov.br\/fms\/fundo-manaus-solidaria\/"},{"@type":"ListItem","position":3,"name":"Endere\u00e7o"}]},{"@type":"WebSite","@id":"https:\/\/www.manaus.am.gov.br\/fms\/#website","url":"https:\/\/www.manaus.am.gov.br\/fms\/","name":"Fundo Manaus Solid\u00e1ria","description":"Prefeitura de Manaus","potentialAction":[{"@type":"SearchAction","target":{"@type":"EntryPoint","urlTemplate":"https:\/\/www.manaus.am.gov.br\/fms\/?s={search_term_string}"},"query-input":"required name=search_term_string"}],"inLanguage":"pt-BR"}]}},"_links":{"self":[{"href":"https:\/\/www.manaus.am.gov.br\/fms\/wp-json\/wp\/v2\/pages\/592"}],"collection":[{"href":"https:\/\/www.manaus.am.gov.br\/fms\/wp-json\/wp\/v2\/pages"}],"about":[{"href":"https:\/\/www.manaus.am.gov.br\/fms\/wp-json\/wp\/v2\/types\/page"}],"author":[{"embeddable":true,"href":"https:\/\/www.manaus.am.gov.br\/fms\/wp-json\/wp\/v2\/users\/27"}],"replies":[{"embeddable":true,"href":"https:\/\/www.manaus.am.gov.br\/fms\/wp-json\/wp\/v2\/comments?post=592"}],"version-history":[{"count":2,"href":"https:\/\/www.manaus.am.gov.br\/fms\/wp-json\/wp\/v2\/pages\/592\/revisions"}],"predecessor-version":[{"id":1112,"href":"https:\/\/www.manaus.am.gov.br\/fms\/wp-json\/wp\/v2\/pages\/592\/revisions\/1112"}],"up":[{"embeddable":true,"href":"https:\/\/www.manaus.am.gov.br\/fms\/wp-json\/wp\/v2\/pages\/168"}],"wp:attachment":[{"href":"https:\/\/www.manaus.am.gov.br\/fms\/wp-json\/wp\/v2\/media?parent=592"}],"curies":[{"name":"wp","href":"https:\/\/api.w.org\/{rel}","templated":true}]}}