{"id":3356,"date":"2026-03-02T09:00:00","date_gmt":"2026-03-02T13:00:00","guid":{"rendered":"https:\/\/www.manaus.am.gov.br\/fdt\/?page_id=3356"},"modified":"2026-03-02T08:25:14","modified_gmt":"2026-03-02T12:25:14","slug":"curso-profissional-de-cuidador-da-pessoa-idosa","status":"publish","type":"page","link":"https:\/\/www.manaus.am.gov.br\/fdt\/a-fundacao-doutor-thomas\/curso-profissional-de-cuidador-da-pessoa-idosa\/","title":{"rendered":"Curso Profissional de Cuidador da Pessoa Idosa"},"content":{"rendered":"\n<p>A Prefeitura de Manaus, por meio da Funda\u00e7\u00e3o de Apoio ao Idoso Dr. Thomas (FDT), em parceria com a Escola de Servi\u00e7o P\u00fablico Municipal e Inclus\u00e3o Socioeducacional (Espi), informa a abertura das inscri\u00e7\u00f5es para o Curso Profissional de Cuidador da Pessoa Idosa, a ser realizado no primeiro semestre de 2026.<\/p>\n\n\n\n<p>As pr\u00e9-inscri\u00e7\u00f5es ter\u00e3o in\u00edcio na segunda-feira, 9 de fevereiro, \u00e0s 9h, e ser\u00e3o realizadas exclusivamente pelo site oficial da Funda\u00e7\u00e3o Dr. Thomas.<\/p>\n\n\n\n<p>O curso \u00e9 gratuito, destinado a pessoas com 18 anos ou mais e ensino m\u00e9dio completo.<\/p>\n\n\n\n<p><strong>Vagas e processo seletivo<\/strong><\/p>\n\n\n\n<p>Ser\u00e3o ofertadas 80 vagas, distribu\u00eddas da seguinte forma:<\/p>\n\n\n\n<p>40 vagas para o turno matutino;<\/p>\n\n\n\n<p>40 vagas para o turno vespertino.<\/p>\n\n\n\n<p>O processo seletivo contar\u00e1 com at\u00e9 200 pr\u00e9-inscri\u00e7\u00f5es, distribu\u00eddas igualmente entre os dois turnos. A pr\u00e9-inscri\u00e7\u00e3o n\u00e3o garante a vaga, constituindo apenas a etapa inicial para habilita\u00e7\u00e3o dos candidatos \u00e0 fase presencial de avalia\u00e7\u00e3o e entrevista.<\/p>\n\n\n\n<p><strong>O processo seletivo ser\u00e1 realizado conforme as normas estabelecidas em edital<\/strong>, que estar\u00e1 dispon\u00edvel para consulta a partir do dia 4 de fevereiro (quarta-feira), no site da Funda\u00e7\u00e3o Dr. Thomas.<\/p>\n\n\n\n<p>Desde 2014, o curso j\u00e1 qualificou mais de 1.300 cuidadores, contribuindo para a forma\u00e7\u00e3o profissional e para a melhoria da qualidade do atendimento \u00e0 popula\u00e7\u00e3o idosa de Manaus.<\/p>\n\n\n\n<p><strong>Edital<\/strong><\/p>\n\n\n\n<p><a href=\"https:\/\/www.manaus.am.gov.br\/fdt\/wp-content\/uploads\/sites\/18\/2026\/02\/EDITAL-No-001_2026.pdf\" target=\"_blank\" rel=\"noreferrer noopener\">\u27a1\ufe0f [Clique aqui para baixar o edital do Curso Profissional de Cuidador da Pessoa Idosa \u2013 2026]<\/a><\/p>\n\n\n\n<p><\/p>\n\n\n\n<p><strong>Pr\u00e9-inscri\u00e7\u00e3o<\/strong><\/p>\n\n\n\n<p>\u27a1\ufe0f [Pr\u00e9-inscri\u00e7\u00f5es encerradas]<\/p>\n\n\n\n<p><\/p>\n\n\n\n<p><strong>Lista dos pr\u00e9-inscritos convocados<\/strong><\/p>\n\n\n\n<p><a href=\"https:\/\/www.manaus.am.gov.br\/fdt\/wp-content\/uploads\/sites\/18\/2026\/02\/Pre-inscritos-convocados.pdf\">\u27a1\ufe0f [Clique aqui para baixar&nbsp;a&nbsp;lista dos candidatos pr\u00e9-inscritos convocados para a etapa de avalia\u00e7\u00e3o e entrevista presencial]<\/a><\/p>\n\n\n\n<p><\/p>\n\n\n\n<p><strong>Lista de Classificados<\/strong><\/p>\n\n\n\n<p><a href=\"https:\/\/www.manaus.am.gov.br\/fdt\/wp-content\/uploads\/sites\/18\/2026\/03\/Classificados-Cuidador-da-Pessoa-Idosa-2026.pdf\">\u27a1\ufe0f [<em>Clique aqui para baixar o resultado final do processo seletivo]<\/em><\/a><\/p>\n\n\n\n<p><\/p>\n\n\n\n<p><strong>Informa\u00e7\u00f5es<\/strong> Para mais informa\u00e7\u00f5es, os interessados podem entrar em contato com o N\u00facleo de Estudos e Pesquisas sobre o Envelhecimento em Manaus (NEPEM) pelo e-mail <a href=\"mailto:nepem.fdt@manaus.am.gov.br\">nepem.fdt@manaus.am.gov.br<\/a> ou pelos telefones (92) 3215-6007 e (92) 98844-5609.<\/p>\n","protected":false},"excerpt":{"rendered":"","protected":false},"author":8,"featured_media":0,"parent":202,"menu_order":0,"comment_status":"closed","ping_status":"closed","template":"templates\/turismo.php","meta":{"footnotes":""},"acf":[],"yoast_head":"<!-- This site is optimized with the Yoast SEO plugin v23.0 - https:\/\/yoast.com\/wordpress\/plugins\/seo\/ -->\n<title>Curso Profissional de Cuidador da Pessoa Idosa - FDT<\/title>\n<meta name=\"robots\" content=\"index, follow, max-snippet:-1, max-image-preview:large, max-video-preview:-1\" \/>\n<link rel=\"canonical\" href=\"https:\/\/www.manaus.am.gov.br\/fdt\/a-fundacao-doutor-thomas\/curso-profissional-de-cuidador-da-pessoa-idosa\/\" \/>\n<meta property=\"og:locale\" content=\"pt_BR\" \/>\n<meta property=\"og:type\" content=\"article\" \/>\n<meta property=\"og:title\" content=\"Curso Profissional de Cuidador da Pessoa Idosa - FDT\" \/>\n<meta property=\"og:url\" content=\"https:\/\/www.manaus.am.gov.br\/fdt\/a-fundacao-doutor-thomas\/curso-profissional-de-cuidador-da-pessoa-idosa\/\" \/>\n<meta property=\"og:site_name\" content=\"FDT\" \/>\n<meta property=\"article:modified_time\" content=\"2026-03-02T12:25:14+00:00\" \/>\n<meta name=\"twitter:card\" content=\"summary_large_image\" \/>\n<meta name=\"twitter:label1\" content=\"Est. reading time\" \/>\n\t<meta name=\"twitter:data1\" content=\"2 minutos\" \/>\n<script type=\"application\/ld+json\" class=\"yoast-schema-graph\">{\"@context\":\"https:\/\/schema.org\",\"@graph\":[{\"@type\":\"WebPage\",\"@id\":\"https:\/\/www.manaus.am.gov.br\/fdt\/a-fundacao-doutor-thomas\/curso-profissional-de-cuidador-da-pessoa-idosa\/\",\"url\":\"https:\/\/www.manaus.am.gov.br\/fdt\/a-fundacao-doutor-thomas\/curso-profissional-de-cuidador-da-pessoa-idosa\/\",\"name\":\"Curso Profissional de Cuidador da Pessoa Idosa - FDT\",\"isPartOf\":{\"@id\":\"https:\/\/www.manaus.am.gov.br\/fdt\/#website\"},\"datePublished\":\"2026-03-02T13:00:00+00:00\",\"dateModified\":\"2026-03-02T12:25:14+00:00\",\"breadcrumb\":{\"@id\":\"https:\/\/www.manaus.am.gov.br\/fdt\/a-fundacao-doutor-thomas\/curso-profissional-de-cuidador-da-pessoa-idosa\/#breadcrumb\"},\"inLanguage\":\"pt-BR\",\"potentialAction\":[{\"@type\":\"ReadAction\",\"target\":[\"https:\/\/www.manaus.am.gov.br\/fdt\/a-fundacao-doutor-thomas\/curso-profissional-de-cuidador-da-pessoa-idosa\/\"]}]},{\"@type\":\"BreadcrumbList\",\"@id\":\"https:\/\/www.manaus.am.gov.br\/fdt\/a-fundacao-doutor-thomas\/curso-profissional-de-cuidador-da-pessoa-idosa\/#breadcrumb\",\"itemListElement\":[{\"@type\":\"ListItem\",\"position\":1,\"name\":\"Home\",\"item\":\"https:\/\/www.manaus.am.gov.br\/fdt\/\"},{\"@type\":\"ListItem\",\"position\":2,\"name\":\"FUNDA\u00c7\u00c3O DOUTOR THOMAS\",\"item\":\"https:\/\/www.manaus.am.gov.br\/fdt\/a-fundacao-doutor-thomas\/\"},{\"@type\":\"ListItem\",\"position\":3,\"name\":\"Curso Profissional de Cuidador da Pessoa Idosa\"}]},{\"@type\":\"WebSite\",\"@id\":\"https:\/\/www.manaus.am.gov.br\/fdt\/#website\",\"url\":\"https:\/\/www.manaus.am.gov.br\/fdt\/\",\"name\":\"FDT\",\"description\":\"Funda\u00e7\u00e3o de Apoio ao Idoso Dr. Thomas\",\"potentialAction\":[{\"@type\":\"SearchAction\",\"target\":{\"@type\":\"EntryPoint\",\"urlTemplate\":\"https:\/\/www.manaus.am.gov.br\/fdt\/?s={search_term_string}\"},\"query-input\":\"required name=search_term_string\"}],\"inLanguage\":\"pt-BR\"}]}<\/script>\n<!-- \/ Yoast SEO plugin. -->","yoast_head_json":{"title":"Curso Profissional de Cuidador da Pessoa Idosa - FDT","robots":{"index":"index","follow":"follow","max-snippet":"max-snippet:-1","max-image-preview":"max-image-preview:large","max-video-preview":"max-video-preview:-1"},"canonical":"https:\/\/www.manaus.am.gov.br\/fdt\/a-fundacao-doutor-thomas\/curso-profissional-de-cuidador-da-pessoa-idosa\/","og_locale":"pt_BR","og_type":"article","og_title":"Curso Profissional de Cuidador da Pessoa Idosa - FDT","og_url":"https:\/\/www.manaus.am.gov.br\/fdt\/a-fundacao-doutor-thomas\/curso-profissional-de-cuidador-da-pessoa-idosa\/","og_site_name":"FDT","article_modified_time":"2026-03-02T12:25:14+00:00","twitter_card":"summary_large_image","twitter_misc":{"Est. reading time":"2 minutos"},"schema":{"@context":"https:\/\/schema.org","@graph":[{"@type":"WebPage","@id":"https:\/\/www.manaus.am.gov.br\/fdt\/a-fundacao-doutor-thomas\/curso-profissional-de-cuidador-da-pessoa-idosa\/","url":"https:\/\/www.manaus.am.gov.br\/fdt\/a-fundacao-doutor-thomas\/curso-profissional-de-cuidador-da-pessoa-idosa\/","name":"Curso Profissional de Cuidador da Pessoa Idosa - FDT","isPartOf":{"@id":"https:\/\/www.manaus.am.gov.br\/fdt\/#website"},"datePublished":"2026-03-02T13:00:00+00:00","dateModified":"2026-03-02T12:25:14+00:00","breadcrumb":{"@id":"https:\/\/www.manaus.am.gov.br\/fdt\/a-fundacao-doutor-thomas\/curso-profissional-de-cuidador-da-pessoa-idosa\/#breadcrumb"},"inLanguage":"pt-BR","potentialAction":[{"@type":"ReadAction","target":["https:\/\/www.manaus.am.gov.br\/fdt\/a-fundacao-doutor-thomas\/curso-profissional-de-cuidador-da-pessoa-idosa\/"]}]},{"@type":"BreadcrumbList","@id":"https:\/\/www.manaus.am.gov.br\/fdt\/a-fundacao-doutor-thomas\/curso-profissional-de-cuidador-da-pessoa-idosa\/#breadcrumb","itemListElement":[{"@type":"ListItem","position":1,"name":"Home","item":"https:\/\/www.manaus.am.gov.br\/fdt\/"},{"@type":"ListItem","position":2,"name":"FUNDA\u00c7\u00c3O DOUTOR THOMAS","item":"https:\/\/www.manaus.am.gov.br\/fdt\/a-fundacao-doutor-thomas\/"},{"@type":"ListItem","position":3,"name":"Curso Profissional de Cuidador da Pessoa Idosa"}]},{"@type":"WebSite","@id":"https:\/\/www.manaus.am.gov.br\/fdt\/#website","url":"https:\/\/www.manaus.am.gov.br\/fdt\/","name":"FDT","description":"Funda\u00e7\u00e3o de Apoio ao Idoso Dr. Thomas","potentialAction":[{"@type":"SearchAction","target":{"@type":"EntryPoint","urlTemplate":"https:\/\/www.manaus.am.gov.br\/fdt\/?s={search_term_string}"},"query-input":"required name=search_term_string"}],"inLanguage":"pt-BR"}]}},"_links":{"self":[{"href":"https:\/\/www.manaus.am.gov.br\/fdt\/wp-json\/wp\/v2\/pages\/3356"}],"collection":[{"href":"https:\/\/www.manaus.am.gov.br\/fdt\/wp-json\/wp\/v2\/pages"}],"about":[{"href":"https:\/\/www.manaus.am.gov.br\/fdt\/wp-json\/wp\/v2\/types\/page"}],"author":[{"embeddable":true,"href":"https:\/\/www.manaus.am.gov.br\/fdt\/wp-json\/wp\/v2\/users\/8"}],"replies":[{"embeddable":true,"href":"https:\/\/www.manaus.am.gov.br\/fdt\/wp-json\/wp\/v2\/comments?post=3356"}],"version-history":[{"count":12,"href":"https:\/\/www.manaus.am.gov.br\/fdt\/wp-json\/wp\/v2\/pages\/3356\/revisions"}],"predecessor-version":[{"id":3439,"href":"https:\/\/www.manaus.am.gov.br\/fdt\/wp-json\/wp\/v2\/pages\/3356\/revisions\/3439"}],"up":[{"embeddable":true,"href":"https:\/\/www.manaus.am.gov.br\/fdt\/wp-json\/wp\/v2\/pages\/202"}],"wp:attachment":[{"href":"https:\/\/www.manaus.am.gov.br\/fdt\/wp-json\/wp\/v2\/media?parent=3356"}],"curies":[{"name":"wp","href":"https:\/\/api.w.org\/{rel}","templated":true}]}}