{"id":2934,"date":"2025-10-09T13:29:36","date_gmt":"2025-10-09T17:29:36","guid":{"rendered":"https:\/\/www.manaus.am.gov.br\/fmdpi\/?page_id=2934"},"modified":"2025-10-09T13:29:36","modified_gmt":"2025-10-09T17:29:36","slug":"nossa-historia","status":"publish","type":"page","link":"https:\/\/www.manaus.am.gov.br\/fdt\/fundo-municipal-do-idoso\/nossa-historia\/","title":{"rendered":"Nossa Hist\u00f3ria"},"content":{"rendered":"\n<p>O Fundo Municipal de Direitos do Idoso (FMDI) foi criado pela Lei Municipal n\u00ba 1.515, de 06 de outubro de 2010 e institu\u00eddo pela Lei 12.213\/2010 que vigora desde 2011, autorizando a deduzir do imposto de renda devido pelas pessoas f\u00edsicas e jur\u00eddicas as doa\u00e7\u00f5es efetuadas aos respectivos fundos municipais, estaduais e nacional.<\/p>\n\n\n\n<p>O Fundo Municipal dos Direitos do Idoso foi criado com o objetivo de financiar programas e a\u00e7\u00f5es que assegurem os direitos desse p\u00fablico, al\u00e9m de criar condi\u00e7\u00f5es para promover a autonomia, integra\u00e7\u00e3o e participa\u00e7\u00e3o efetiva desse segmento na sociedade.<\/p>\n\n\n\n<p><strong>QUAIS AS FONTES DE RECURSOS DO FUNDO?<\/strong><\/p>\n\n\n\n<p>As receitas do fundo est\u00e3o discriminadas no art. 2\u2070 da Lei n. 1.515\/2010, que prev\u00ea, al\u00e9m de outros recursos que lhe forem destinados, que ser\u00e3o constitu\u00eddas por:<\/p>\n\n\n\n<p>a) Recursos p\u00fablicos que lhe forem destinados por \u00f3rg\u00e3os da Uni\u00e3o ou dos Estados, vinculados \u00e0 Pol\u00edtica Nacional do Idoso;<br>b) Transfer\u00eancias do Munic\u00edpio;<br>c) Contribui\u00e7\u00f5es de governos e organismos estrangeiros e internacionais;<br>d) Provenientes das multas aplicadas com base no Estatuto do Idoso;<br>e) Advindas de acordos e conv\u00eanios;<br>f) Rendimentos eventuais, inclusive de aplica\u00e7\u00f5es financeiras dos recursos dispon\u00edveis;<br>g) Resultado de aplica\u00e7\u00f5es dos organismos estrangeiros e internacionais e no mercado financeiro;<br>h) Doa\u00e7\u00f5es do setor privado, realizadas por pessoas f\u00edsicas e jur\u00eddicas, que s\u00e3o dedut\u00edveis do Imposto de Renda.<\/p>\n\n\n\n<h3 class=\"wp-block-heading\">OBJETIVO<\/h3>\n\n\n\n<p>Este site tem por objetivo divulgar informa\u00e7\u00f5es sobre o Fundo Municipal de Direitos do Idoso em Manaus, no sentido de esclarecer e conscientizar a todos da possibilidade de utiliza\u00e7\u00e3o da ren\u00fancia fiscal do Imposto de Renda em benef\u00edcio da popula\u00e7\u00e3o idosa do munic\u00edpio.<\/p>\n\n\n\n<p>A possibilidade da utiliza\u00e7\u00e3o de renuncia fiscal do Imposto de Renda para beneficiar a\u00e7\u00f5es voltadas a grupos espec\u00edficos alinha-se \u00e0 ideia, cada vez mais crescente, de que os indiv\u00edduos podem atuar como agentes ativos na constru\u00e7\u00e3o de uma cidadania respons\u00e1vel e produtiva, mediante participa\u00e7\u00e3o volunt\u00e1ria no desenvolvimento de programas financiados pelo Fundo Municipal dos Direitos do Idoso (FMDI).<\/p>\n\n\n\n<p>A participa\u00e7\u00e3o, por meio de contribui\u00e7\u00e3o ao FMDI, poder\u00e1 ocorrer, a crit\u00e9rio de contribuinte, na forma de m\u00faltiplas contribui\u00e7\u00f5es ao FMDI durante o ano ou por meio de uma \u00fanica contribui\u00e7\u00e3o anual. Todos os recursos adquiridos pelo FMDI ser\u00e3o aplicados na implanta\u00e7\u00e3o, manuten\u00e7\u00e3o e desenvolvimento de planos, programas, projetos e a\u00e7\u00f5es voltadas \u00e0 popula\u00e7\u00e3o idosa do Munic\u00edpio de Manaus.<\/p>\n","protected":false},"excerpt":{"rendered":"","protected":false},"author":8,"featured_media":0,"parent":274,"menu_order":0,"comment_status":"closed","ping_status":"closed","template":"templates\/turismo.php","meta":{"footnotes":""},"acf":[],"yoast_head":"<!-- This site is optimized with the Yoast SEO plugin v23.0 - https:\/\/yoast.com\/wordpress\/plugins\/seo\/ -->\n<title>Nossa Hist\u00f3ria - FDT<\/title>\n<meta name=\"robots\" content=\"index, follow, max-snippet:-1, max-image-preview:large, max-video-preview:-1\" \/>\n<link rel=\"canonical\" href=\"https:\/\/www.manaus.am.gov.br\/fdt\/fundo-municipal-do-idoso\/nossa-historia\/\" \/>\n<meta property=\"og:locale\" content=\"pt_BR\" \/>\n<meta property=\"og:type\" content=\"article\" \/>\n<meta property=\"og:title\" content=\"Nossa Hist\u00f3ria - FDT\" \/>\n<meta property=\"og:url\" content=\"https:\/\/www.manaus.am.gov.br\/fdt\/fundo-municipal-do-idoso\/nossa-historia\/\" \/>\n<meta property=\"og:site_name\" content=\"FDT\" \/>\n<meta name=\"twitter:card\" content=\"summary_large_image\" \/>\n<meta name=\"twitter:label1\" content=\"Est. reading time\" \/>\n\t<meta name=\"twitter:data1\" content=\"3 minutos\" \/>\n<script type=\"application\/ld+json\" class=\"yoast-schema-graph\">{\"@context\":\"https:\/\/schema.org\",\"@graph\":[{\"@type\":\"WebPage\",\"@id\":\"https:\/\/www.manaus.am.gov.br\/fdt\/fundo-municipal-do-idoso\/nossa-historia\/\",\"url\":\"https:\/\/www.manaus.am.gov.br\/fdt\/fundo-municipal-do-idoso\/nossa-historia\/\",\"name\":\"Nossa Hist\u00f3ria - FDT\",\"isPartOf\":{\"@id\":\"https:\/\/www.manaus.am.gov.br\/fdt\/#website\"},\"datePublished\":\"2025-10-09T17:29:36+00:00\",\"dateModified\":\"2025-10-09T17:29:36+00:00\",\"breadcrumb\":{\"@id\":\"https:\/\/www.manaus.am.gov.br\/fdt\/fundo-municipal-do-idoso\/nossa-historia\/#breadcrumb\"},\"inLanguage\":\"pt-BR\",\"potentialAction\":[{\"@type\":\"ReadAction\",\"target\":[\"https:\/\/www.manaus.am.gov.br\/fdt\/fundo-municipal-do-idoso\/nossa-historia\/\"]}]},{\"@type\":\"BreadcrumbList\",\"@id\":\"https:\/\/www.manaus.am.gov.br\/fdt\/fundo-municipal-do-idoso\/nossa-historia\/#breadcrumb\",\"itemListElement\":[{\"@type\":\"ListItem\",\"position\":1,\"name\":\"Home\",\"item\":\"https:\/\/www.manaus.am.gov.br\/fdt\/\"},{\"@type\":\"ListItem\",\"position\":2,\"name\":\"Fundo Municipal do Idoso\",\"item\":\"https:\/\/www.manaus.am.gov.br\/fdt\/fundo-municipal-do-idoso\/\"},{\"@type\":\"ListItem\",\"position\":3,\"name\":\"Nossa Hist\u00f3ria\"}]},{\"@type\":\"WebSite\",\"@id\":\"https:\/\/www.manaus.am.gov.br\/fdt\/#website\",\"url\":\"https:\/\/www.manaus.am.gov.br\/fdt\/\",\"name\":\"FDT\",\"description\":\"Funda\u00e7\u00e3o de Apoio ao Idoso Dr. Thomas\",\"potentialAction\":[{\"@type\":\"SearchAction\",\"target\":{\"@type\":\"EntryPoint\",\"urlTemplate\":\"https:\/\/www.manaus.am.gov.br\/fdt\/?s={search_term_string}\"},\"query-input\":\"required name=search_term_string\"}],\"inLanguage\":\"pt-BR\"}]}<\/script>\n<!-- \/ Yoast SEO plugin. -->","yoast_head_json":{"title":"Nossa Hist\u00f3ria - FDT","robots":{"index":"index","follow":"follow","max-snippet":"max-snippet:-1","max-image-preview":"max-image-preview:large","max-video-preview":"max-video-preview:-1"},"canonical":"https:\/\/www.manaus.am.gov.br\/fdt\/fundo-municipal-do-idoso\/nossa-historia\/","og_locale":"pt_BR","og_type":"article","og_title":"Nossa Hist\u00f3ria - FDT","og_url":"https:\/\/www.manaus.am.gov.br\/fdt\/fundo-municipal-do-idoso\/nossa-historia\/","og_site_name":"FDT","twitter_card":"summary_large_image","twitter_misc":{"Est. reading time":"3 minutos"},"schema":{"@context":"https:\/\/schema.org","@graph":[{"@type":"WebPage","@id":"https:\/\/www.manaus.am.gov.br\/fdt\/fundo-municipal-do-idoso\/nossa-historia\/","url":"https:\/\/www.manaus.am.gov.br\/fdt\/fundo-municipal-do-idoso\/nossa-historia\/","name":"Nossa Hist\u00f3ria - FDT","isPartOf":{"@id":"https:\/\/www.manaus.am.gov.br\/fdt\/#website"},"datePublished":"2025-10-09T17:29:36+00:00","dateModified":"2025-10-09T17:29:36+00:00","breadcrumb":{"@id":"https:\/\/www.manaus.am.gov.br\/fdt\/fundo-municipal-do-idoso\/nossa-historia\/#breadcrumb"},"inLanguage":"pt-BR","potentialAction":[{"@type":"ReadAction","target":["https:\/\/www.manaus.am.gov.br\/fdt\/fundo-municipal-do-idoso\/nossa-historia\/"]}]},{"@type":"BreadcrumbList","@id":"https:\/\/www.manaus.am.gov.br\/fdt\/fundo-municipal-do-idoso\/nossa-historia\/#breadcrumb","itemListElement":[{"@type":"ListItem","position":1,"name":"Home","item":"https:\/\/www.manaus.am.gov.br\/fdt\/"},{"@type":"ListItem","position":2,"name":"Fundo Municipal do Idoso","item":"https:\/\/www.manaus.am.gov.br\/fdt\/fundo-municipal-do-idoso\/"},{"@type":"ListItem","position":3,"name":"Nossa Hist\u00f3ria"}]},{"@type":"WebSite","@id":"https:\/\/www.manaus.am.gov.br\/fdt\/#website","url":"https:\/\/www.manaus.am.gov.br\/fdt\/","name":"FDT","description":"Funda\u00e7\u00e3o de Apoio ao Idoso Dr. Thomas","potentialAction":[{"@type":"SearchAction","target":{"@type":"EntryPoint","urlTemplate":"https:\/\/www.manaus.am.gov.br\/fdt\/?s={search_term_string}"},"query-input":"required name=search_term_string"}],"inLanguage":"pt-BR"}]}},"_links":{"self":[{"href":"https:\/\/www.manaus.am.gov.br\/fdt\/wp-json\/wp\/v2\/pages\/2934"}],"collection":[{"href":"https:\/\/www.manaus.am.gov.br\/fdt\/wp-json\/wp\/v2\/pages"}],"about":[{"href":"https:\/\/www.manaus.am.gov.br\/fdt\/wp-json\/wp\/v2\/types\/page"}],"author":[{"embeddable":true,"href":"https:\/\/www.manaus.am.gov.br\/fdt\/wp-json\/wp\/v2\/users\/8"}],"replies":[{"embeddable":true,"href":"https:\/\/www.manaus.am.gov.br\/fdt\/wp-json\/wp\/v2\/comments?post=2934"}],"version-history":[{"count":2,"href":"https:\/\/www.manaus.am.gov.br\/fdt\/wp-json\/wp\/v2\/pages\/2934\/revisions"}],"predecessor-version":[{"id":2936,"href":"https:\/\/www.manaus.am.gov.br\/fdt\/wp-json\/wp\/v2\/pages\/2934\/revisions\/2936"}],"up":[{"embeddable":true,"href":"https:\/\/www.manaus.am.gov.br\/fdt\/wp-json\/wp\/v2\/pages\/274"}],"wp:attachment":[{"href":"https:\/\/www.manaus.am.gov.br\/fdt\/wp-json\/wp\/v2\/media?parent=2934"}],"curies":[{"name":"wp","href":"https:\/\/api.w.org\/{rel}","templated":true}]}}