{"id":2924,"date":"2025-10-09T13:26:32","date_gmt":"2025-10-09T17:26:32","guid":{"rendered":"https:\/\/www.manaus.am.gov.br\/fmdpi\/?page_id=2924"},"modified":"2025-10-09T13:26:33","modified_gmt":"2025-10-09T17:26:33","slug":"legislacao","status":"publish","type":"page","link":"https:\/\/www.manaus.am.gov.br\/fdt\/fundo-municipal-do-idoso\/legislacao\/","title":{"rendered":"Legisla\u00e7\u00e3o"},"content":{"rendered":"\n<h3 class=\"wp-block-heading\"><strong>Legisla\u00e7\u00e3o Federal<\/strong><\/h3>\n\n\n\n<p>\u2022&nbsp;<strong>ESTATUTO DO IDOSO<\/strong><\/p>\n\n\n\n<p><a href=\"http:\/\/www.planalto.gov.br\/ccivil_03\/Leis\/2003\/L10.741.htm\">Lei n\u00ba 10.741, de 1o de outubro de 2003.<\/a><\/p>\n\n\n\n<p>\u2022&nbsp;<strong>POL\u00cdTICA NACIONAL DO IDOSO<\/strong><\/p>\n\n\n\n<p><a href=\"http:\/\/www.planalto.gov.br\/ccivil_03\/Leis\/L8842.htm\">Lei n\u00ba 8.842, de 4 de janeiro de 1994.<\/a><br><a href=\"http:\/\/www.planalto.gov.br\/ccivil_03\/decreto\/D1948.htm\">Decreto n\u00ba 1.948, de 3 de julho de 1996.<\/a><\/p>\n\n\n\n<p>\u2022&nbsp;<strong>FUNDO NACIONAL DO IDOSO<\/strong><\/p>\n\n\n\n<p><a href=\"http:\/\/www.planalto.gov.br\/ccivil_03\/_Ato2007-2010\/2010\/Lei\/L12213.htm\">Lei n\u00ba 12.213, de 20 de janeiro de 2010.<\/a><\/p>\n\n\n\n<h3 class=\"wp-block-heading\"><strong>Legisla\u00e7\u00e3o Municipal<\/strong><\/h3>\n\n\n\n<p>\u2022 POL\u00cdTICA MUNICIPAL DO IDOSO<\/p>\n\n\n\n<p><a href=\"http:\/\/dom.manaus.am.gov.br\/pdf\/2001\/marco\/dom20010309cad1.pdf\/view\">Decreto no 5.482, de 7 de mar\u00e7o de 2001.<\/a><\/p>\n\n\n\n<p>\u2022 FUNDO MUNICIPAL DE DIREITOS DO IDOSO-FMDI<\/p>\n\n\n\n<p><a href=\"http:\/\/dom.manaus.am.gov.br\/pdf\/2010\/outubro\/DOM%202542%2006.10.2010.pdf\/view\">Lei Municipal no 1.515, de 06 de outubro de 2010.<\/a><\/p>\n\n\n\n<p>\u2022 Conselho Municipal do Idoso<\/p>\n\n\n\n<p><a href=\"http:\/\/dom.manaus.am.gov.br\/pdf\/2001\/novembro\/dom20011109cad1.pdf\/view\">Lei n. 628, de 8 de novembro de 2001.<\/a><\/p>\n\n\n\n<p>\u2022&nbsp;Regulamenta a gest\u00e3o e a operacionaliza\u00e7\u00e3o do Fundo Municipal de Direitos do Idoso.<\/p>\n\n\n\n<p><a href=\"https:\/\/www.manaus.am.gov.br\/fmdpi\/wp-content\/uploads\/sites\/18\/2025\/10\/DOM-3771-12.11.2015-CAD-1.pdf\">DOM 3771 12.11.2015 CAD 1<\/a><\/p>\n","protected":false},"excerpt":{"rendered":"","protected":false},"author":8,"featured_media":0,"parent":274,"menu_order":0,"comment_status":"closed","ping_status":"closed","template":"templates\/turismo.php","meta":{"footnotes":""},"acf":[],"yoast_head":"<!-- This site is optimized with the Yoast SEO plugin v23.0 - https:\/\/yoast.com\/wordpress\/plugins\/seo\/ -->\n<title>Legisla\u00e7\u00e3o - FDT<\/title>\n<meta name=\"robots\" content=\"index, follow, max-snippet:-1, max-image-preview:large, max-video-preview:-1\" \/>\n<link rel=\"canonical\" href=\"https:\/\/www.manaus.am.gov.br\/fdt\/fundo-municipal-do-idoso\/legislacao\/\" \/>\n<meta property=\"og:locale\" content=\"pt_BR\" \/>\n<meta property=\"og:type\" content=\"article\" \/>\n<meta property=\"og:title\" content=\"Legisla\u00e7\u00e3o - FDT\" \/>\n<meta property=\"og:url\" content=\"https:\/\/www.manaus.am.gov.br\/fdt\/fundo-municipal-do-idoso\/legislacao\/\" \/>\n<meta property=\"og:site_name\" content=\"FDT\" \/>\n<meta property=\"article:modified_time\" content=\"2025-10-09T17:26:33+00:00\" \/>\n<meta name=\"twitter:card\" content=\"summary_large_image\" \/>\n<meta name=\"twitter:label1\" content=\"Est. reading time\" \/>\n\t<meta name=\"twitter:data1\" content=\"1 minuto\" \/>\n<script type=\"application\/ld+json\" class=\"yoast-schema-graph\">{\"@context\":\"https:\/\/schema.org\",\"@graph\":[{\"@type\":\"WebPage\",\"@id\":\"https:\/\/www.manaus.am.gov.br\/fdt\/fundo-municipal-do-idoso\/legislacao\/\",\"url\":\"https:\/\/www.manaus.am.gov.br\/fdt\/fundo-municipal-do-idoso\/legislacao\/\",\"name\":\"Legisla\u00e7\u00e3o - FDT\",\"isPartOf\":{\"@id\":\"https:\/\/www.manaus.am.gov.br\/fdt\/#website\"},\"datePublished\":\"2025-10-09T17:26:32+00:00\",\"dateModified\":\"2025-10-09T17:26:33+00:00\",\"breadcrumb\":{\"@id\":\"https:\/\/www.manaus.am.gov.br\/fdt\/fundo-municipal-do-idoso\/legislacao\/#breadcrumb\"},\"inLanguage\":\"pt-BR\",\"potentialAction\":[{\"@type\":\"ReadAction\",\"target\":[\"https:\/\/www.manaus.am.gov.br\/fdt\/fundo-municipal-do-idoso\/legislacao\/\"]}]},{\"@type\":\"BreadcrumbList\",\"@id\":\"https:\/\/www.manaus.am.gov.br\/fdt\/fundo-municipal-do-idoso\/legislacao\/#breadcrumb\",\"itemListElement\":[{\"@type\":\"ListItem\",\"position\":1,\"name\":\"Home\",\"item\":\"https:\/\/www.manaus.am.gov.br\/fdt\/\"},{\"@type\":\"ListItem\",\"position\":2,\"name\":\"Fundo Municipal do Idoso\",\"item\":\"https:\/\/www.manaus.am.gov.br\/fdt\/fundo-municipal-do-idoso\/\"},{\"@type\":\"ListItem\",\"position\":3,\"name\":\"Legisla\u00e7\u00e3o\"}]},{\"@type\":\"WebSite\",\"@id\":\"https:\/\/www.manaus.am.gov.br\/fdt\/#website\",\"url\":\"https:\/\/www.manaus.am.gov.br\/fdt\/\",\"name\":\"FDT\",\"description\":\"Funda\u00e7\u00e3o de Apoio ao Idoso Dr. Thomas\",\"potentialAction\":[{\"@type\":\"SearchAction\",\"target\":{\"@type\":\"EntryPoint\",\"urlTemplate\":\"https:\/\/www.manaus.am.gov.br\/fdt\/?s={search_term_string}\"},\"query-input\":\"required name=search_term_string\"}],\"inLanguage\":\"pt-BR\"}]}<\/script>\n<!-- \/ Yoast SEO plugin. -->","yoast_head_json":{"title":"Legisla\u00e7\u00e3o - FDT","robots":{"index":"index","follow":"follow","max-snippet":"max-snippet:-1","max-image-preview":"max-image-preview:large","max-video-preview":"max-video-preview:-1"},"canonical":"https:\/\/www.manaus.am.gov.br\/fdt\/fundo-municipal-do-idoso\/legislacao\/","og_locale":"pt_BR","og_type":"article","og_title":"Legisla\u00e7\u00e3o - FDT","og_url":"https:\/\/www.manaus.am.gov.br\/fdt\/fundo-municipal-do-idoso\/legislacao\/","og_site_name":"FDT","article_modified_time":"2025-10-09T17:26:33+00:00","twitter_card":"summary_large_image","twitter_misc":{"Est. reading time":"1 minuto"},"schema":{"@context":"https:\/\/schema.org","@graph":[{"@type":"WebPage","@id":"https:\/\/www.manaus.am.gov.br\/fdt\/fundo-municipal-do-idoso\/legislacao\/","url":"https:\/\/www.manaus.am.gov.br\/fdt\/fundo-municipal-do-idoso\/legislacao\/","name":"Legisla\u00e7\u00e3o - FDT","isPartOf":{"@id":"https:\/\/www.manaus.am.gov.br\/fdt\/#website"},"datePublished":"2025-10-09T17:26:32+00:00","dateModified":"2025-10-09T17:26:33+00:00","breadcrumb":{"@id":"https:\/\/www.manaus.am.gov.br\/fdt\/fundo-municipal-do-idoso\/legislacao\/#breadcrumb"},"inLanguage":"pt-BR","potentialAction":[{"@type":"ReadAction","target":["https:\/\/www.manaus.am.gov.br\/fdt\/fundo-municipal-do-idoso\/legislacao\/"]}]},{"@type":"BreadcrumbList","@id":"https:\/\/www.manaus.am.gov.br\/fdt\/fundo-municipal-do-idoso\/legislacao\/#breadcrumb","itemListElement":[{"@type":"ListItem","position":1,"name":"Home","item":"https:\/\/www.manaus.am.gov.br\/fdt\/"},{"@type":"ListItem","position":2,"name":"Fundo Municipal do Idoso","item":"https:\/\/www.manaus.am.gov.br\/fdt\/fundo-municipal-do-idoso\/"},{"@type":"ListItem","position":3,"name":"Legisla\u00e7\u00e3o"}]},{"@type":"WebSite","@id":"https:\/\/www.manaus.am.gov.br\/fdt\/#website","url":"https:\/\/www.manaus.am.gov.br\/fdt\/","name":"FDT","description":"Funda\u00e7\u00e3o de Apoio ao Idoso Dr. Thomas","potentialAction":[{"@type":"SearchAction","target":{"@type":"EntryPoint","urlTemplate":"https:\/\/www.manaus.am.gov.br\/fdt\/?s={search_term_string}"},"query-input":"required name=search_term_string"}],"inLanguage":"pt-BR"}]}},"_links":{"self":[{"href":"https:\/\/www.manaus.am.gov.br\/fdt\/wp-json\/wp\/v2\/pages\/2924"}],"collection":[{"href":"https:\/\/www.manaus.am.gov.br\/fdt\/wp-json\/wp\/v2\/pages"}],"about":[{"href":"https:\/\/www.manaus.am.gov.br\/fdt\/wp-json\/wp\/v2\/types\/page"}],"author":[{"embeddable":true,"href":"https:\/\/www.manaus.am.gov.br\/fdt\/wp-json\/wp\/v2\/users\/8"}],"replies":[{"embeddable":true,"href":"https:\/\/www.manaus.am.gov.br\/fdt\/wp-json\/wp\/v2\/comments?post=2924"}],"version-history":[{"count":2,"href":"https:\/\/www.manaus.am.gov.br\/fdt\/wp-json\/wp\/v2\/pages\/2924\/revisions"}],"predecessor-version":[{"id":2927,"href":"https:\/\/www.manaus.am.gov.br\/fdt\/wp-json\/wp\/v2\/pages\/2924\/revisions\/2927"}],"up":[{"embeddable":true,"href":"https:\/\/www.manaus.am.gov.br\/fdt\/wp-json\/wp\/v2\/pages\/274"}],"wp:attachment":[{"href":"https:\/\/www.manaus.am.gov.br\/fdt\/wp-json\/wp\/v2\/media?parent=2924"}],"curies":[{"name":"wp","href":"https:\/\/api.w.org\/{rel}","templated":true}]}}