{"id":274,"date":"2023-02-28T15:30:31","date_gmt":"2023-02-28T19:30:31","guid":{"rendered":"https:\/\/www.manaus.am.gov.br\/fdt\/?page_id=274"},"modified":"2025-10-09T13:35:41","modified_gmt":"2025-10-09T17:35:41","slug":"fundo-municipal-do-idoso","status":"publish","type":"page","link":"https:\/\/www.manaus.am.gov.br\/fdt\/fundo-municipal-do-idoso\/","title":{"rendered":"Fundo Municipal do Idoso"},"content":{"rendered":"\n<figure class=\"wp-block-video aligncenter\"><video controls src=\"https:\/\/www.manaus.am.gov.br\/fmdpi\/wp-content\/uploads\/sites\/18\/2025\/10\/fundomunicipaldoidoso.mp4\"><\/video><\/figure>\n\n\n\n<p><\/p>\n\n\n\n<p>O Fundo Municipal de Direitos do Idoso (FMDI) \u00e9 um fundo destinado a arrecadar e destinar recursos a serem aplicados em programas, projetos e a\u00e7\u00f5es voltadas \u00e0 popula\u00e7\u00e3o idosa do Munic\u00edpio de Manaus. Agora, qualquer um poder\u00e1 contribuir para a melhoria da qualidade de vida de in\u00fameros idosos de sua cidade e ainda deduzir as doa\u00e7\u00f5es do Imposto de Renda! Neste site voc\u00ea encontrar\u00e1 informa\u00e7\u00f5es sobre o Fundo e como fazer doa\u00e7\u00f5es.<\/p>\n\n\n\n<figure class=\"wp-block-image size-full\"><img loading=\"lazy\" decoding=\"async\" width=\"1100\" height=\"90\" src=\"https:\/\/www.manaus.am.gov.br\/fmdpi\/wp-content\/uploads\/sites\/18\/2025\/10\/BANNER-1100X90-2.png\" alt=\"\" class=\"wp-image-2940\" srcset=\"https:\/\/www.manaus.am.gov.br\/fdt\/wp-content\/uploads\/sites\/18\/2025\/10\/BANNER-1100X90-2.png 1100w, https:\/\/www.manaus.am.gov.br\/fdt\/wp-content\/uploads\/sites\/18\/2025\/10\/BANNER-1100X90-2-300x25.png 300w, https:\/\/www.manaus.am.gov.br\/fdt\/wp-content\/uploads\/sites\/18\/2025\/10\/BANNER-1100X90-2-1024x84.png 1024w, https:\/\/www.manaus.am.gov.br\/fdt\/wp-content\/uploads\/sites\/18\/2025\/10\/BANNER-1100X90-2-768x63.png 768w\" sizes=\"(max-width: 1100px) 100vw, 1100px\" \/><\/figure>\n","protected":false},"excerpt":{"rendered":"","protected":false},"author":27,"featured_media":0,"parent":0,"menu_order":0,"comment_status":"closed","ping_status":"closed","template":"templates\/turismo.php","meta":{"footnotes":""},"acf":[],"yoast_head":"<!-- This site is optimized with the Yoast SEO plugin v23.0 - https:\/\/yoast.com\/wordpress\/plugins\/seo\/ -->\n<title>Fundo Municipal do Idoso - FDT<\/title>\n<meta name=\"robots\" content=\"index, follow, max-snippet:-1, max-image-preview:large, max-video-preview:-1\" \/>\n<link rel=\"canonical\" href=\"https:\/\/www.manaus.am.gov.br\/fdt\/fundo-municipal-do-idoso\/\" \/>\n<meta property=\"og:locale\" content=\"pt_BR\" \/>\n<meta property=\"og:type\" content=\"article\" \/>\n<meta property=\"og:title\" content=\"Fundo Municipal do Idoso - FDT\" \/>\n<meta property=\"og:url\" content=\"https:\/\/www.manaus.am.gov.br\/fdt\/fundo-municipal-do-idoso\/\" \/>\n<meta property=\"og:site_name\" content=\"FDT\" \/>\n<meta property=\"article:modified_time\" content=\"2025-10-09T17:35:41+00:00\" \/>\n<meta property=\"og:image\" content=\"https:\/\/www.manaus.am.gov.br\/fmdpi\/wp-content\/uploads\/sites\/18\/2025\/10\/BANNER-1100X90-2.png\" \/>\n<meta name=\"twitter:card\" content=\"summary_large_image\" \/>\n<meta name=\"twitter:label1\" content=\"Est. reading time\" \/>\n\t<meta name=\"twitter:data1\" content=\"1 minuto\" \/>\n<script type=\"application\/ld+json\" class=\"yoast-schema-graph\">{\"@context\":\"https:\/\/schema.org\",\"@graph\":[{\"@type\":\"WebPage\",\"@id\":\"https:\/\/www.manaus.am.gov.br\/fdt\/fundo-municipal-do-idoso\/\",\"url\":\"https:\/\/www.manaus.am.gov.br\/fdt\/fundo-municipal-do-idoso\/\",\"name\":\"Fundo Municipal do Idoso - FDT\",\"isPartOf\":{\"@id\":\"https:\/\/www.manaus.am.gov.br\/fdt\/#website\"},\"primaryImageOfPage\":{\"@id\":\"https:\/\/www.manaus.am.gov.br\/fdt\/fundo-municipal-do-idoso\/#primaryimage\"},\"image\":{\"@id\":\"https:\/\/www.manaus.am.gov.br\/fdt\/fundo-municipal-do-idoso\/#primaryimage\"},\"thumbnailUrl\":\"https:\/\/www.manaus.am.gov.br\/fmdpi\/wp-content\/uploads\/sites\/18\/2025\/10\/BANNER-1100X90-2.png\",\"datePublished\":\"2023-02-28T19:30:31+00:00\",\"dateModified\":\"2025-10-09T17:35:41+00:00\",\"breadcrumb\":{\"@id\":\"https:\/\/www.manaus.am.gov.br\/fdt\/fundo-municipal-do-idoso\/#breadcrumb\"},\"inLanguage\":\"pt-BR\",\"potentialAction\":[{\"@type\":\"ReadAction\",\"target\":[\"https:\/\/www.manaus.am.gov.br\/fdt\/fundo-municipal-do-idoso\/\"]}]},{\"@type\":\"ImageObject\",\"inLanguage\":\"pt-BR\",\"@id\":\"https:\/\/www.manaus.am.gov.br\/fdt\/fundo-municipal-do-idoso\/#primaryimage\",\"url\":\"https:\/\/www.manaus.am.gov.br\/fmdpi\/wp-content\/uploads\/sites\/18\/2025\/10\/BANNER-1100X90-2.png\",\"contentUrl\":\"https:\/\/www.manaus.am.gov.br\/fmdpi\/wp-content\/uploads\/sites\/18\/2025\/10\/BANNER-1100X90-2.png\"},{\"@type\":\"BreadcrumbList\",\"@id\":\"https:\/\/www.manaus.am.gov.br\/fdt\/fundo-municipal-do-idoso\/#breadcrumb\",\"itemListElement\":[{\"@type\":\"ListItem\",\"position\":1,\"name\":\"Home\",\"item\":\"https:\/\/www.manaus.am.gov.br\/fdt\/\"},{\"@type\":\"ListItem\",\"position\":2,\"name\":\"Fundo Municipal do Idoso\"}]},{\"@type\":\"WebSite\",\"@id\":\"https:\/\/www.manaus.am.gov.br\/fdt\/#website\",\"url\":\"https:\/\/www.manaus.am.gov.br\/fdt\/\",\"name\":\"FDT\",\"description\":\"Funda\u00e7\u00e3o de Apoio ao Idoso Dr. Thomas\",\"potentialAction\":[{\"@type\":\"SearchAction\",\"target\":{\"@type\":\"EntryPoint\",\"urlTemplate\":\"https:\/\/www.manaus.am.gov.br\/fdt\/?s={search_term_string}\"},\"query-input\":\"required name=search_term_string\"}],\"inLanguage\":\"pt-BR\"}]}<\/script>\n<!-- \/ Yoast SEO plugin. -->","yoast_head_json":{"title":"Fundo Municipal do Idoso - FDT","robots":{"index":"index","follow":"follow","max-snippet":"max-snippet:-1","max-image-preview":"max-image-preview:large","max-video-preview":"max-video-preview:-1"},"canonical":"https:\/\/www.manaus.am.gov.br\/fdt\/fundo-municipal-do-idoso\/","og_locale":"pt_BR","og_type":"article","og_title":"Fundo Municipal do Idoso - FDT","og_url":"https:\/\/www.manaus.am.gov.br\/fdt\/fundo-municipal-do-idoso\/","og_site_name":"FDT","article_modified_time":"2025-10-09T17:35:41+00:00","og_image":[{"url":"https:\/\/www.manaus.am.gov.br\/fmdpi\/wp-content\/uploads\/sites\/18\/2025\/10\/BANNER-1100X90-2.png"}],"twitter_card":"summary_large_image","twitter_misc":{"Est. reading time":"1 minuto"},"schema":{"@context":"https:\/\/schema.org","@graph":[{"@type":"WebPage","@id":"https:\/\/www.manaus.am.gov.br\/fdt\/fundo-municipal-do-idoso\/","url":"https:\/\/www.manaus.am.gov.br\/fdt\/fundo-municipal-do-idoso\/","name":"Fundo Municipal do Idoso - FDT","isPartOf":{"@id":"https:\/\/www.manaus.am.gov.br\/fdt\/#website"},"primaryImageOfPage":{"@id":"https:\/\/www.manaus.am.gov.br\/fdt\/fundo-municipal-do-idoso\/#primaryimage"},"image":{"@id":"https:\/\/www.manaus.am.gov.br\/fdt\/fundo-municipal-do-idoso\/#primaryimage"},"thumbnailUrl":"https:\/\/www.manaus.am.gov.br\/fmdpi\/wp-content\/uploads\/sites\/18\/2025\/10\/BANNER-1100X90-2.png","datePublished":"2023-02-28T19:30:31+00:00","dateModified":"2025-10-09T17:35:41+00:00","breadcrumb":{"@id":"https:\/\/www.manaus.am.gov.br\/fdt\/fundo-municipal-do-idoso\/#breadcrumb"},"inLanguage":"pt-BR","potentialAction":[{"@type":"ReadAction","target":["https:\/\/www.manaus.am.gov.br\/fdt\/fundo-municipal-do-idoso\/"]}]},{"@type":"ImageObject","inLanguage":"pt-BR","@id":"https:\/\/www.manaus.am.gov.br\/fdt\/fundo-municipal-do-idoso\/#primaryimage","url":"https:\/\/www.manaus.am.gov.br\/fmdpi\/wp-content\/uploads\/sites\/18\/2025\/10\/BANNER-1100X90-2.png","contentUrl":"https:\/\/www.manaus.am.gov.br\/fmdpi\/wp-content\/uploads\/sites\/18\/2025\/10\/BANNER-1100X90-2.png"},{"@type":"BreadcrumbList","@id":"https:\/\/www.manaus.am.gov.br\/fdt\/fundo-municipal-do-idoso\/#breadcrumb","itemListElement":[{"@type":"ListItem","position":1,"name":"Home","item":"https:\/\/www.manaus.am.gov.br\/fdt\/"},{"@type":"ListItem","position":2,"name":"Fundo Municipal do Idoso"}]},{"@type":"WebSite","@id":"https:\/\/www.manaus.am.gov.br\/fdt\/#website","url":"https:\/\/www.manaus.am.gov.br\/fdt\/","name":"FDT","description":"Funda\u00e7\u00e3o de Apoio ao Idoso Dr. Thomas","potentialAction":[{"@type":"SearchAction","target":{"@type":"EntryPoint","urlTemplate":"https:\/\/www.manaus.am.gov.br\/fdt\/?s={search_term_string}"},"query-input":"required name=search_term_string"}],"inLanguage":"pt-BR"}]}},"_links":{"self":[{"href":"https:\/\/www.manaus.am.gov.br\/fdt\/wp-json\/wp\/v2\/pages\/274"}],"collection":[{"href":"https:\/\/www.manaus.am.gov.br\/fdt\/wp-json\/wp\/v2\/pages"}],"about":[{"href":"https:\/\/www.manaus.am.gov.br\/fdt\/wp-json\/wp\/v2\/types\/page"}],"author":[{"embeddable":true,"href":"https:\/\/www.manaus.am.gov.br\/fdt\/wp-json\/wp\/v2\/users\/27"}],"replies":[{"embeddable":true,"href":"https:\/\/www.manaus.am.gov.br\/fdt\/wp-json\/wp\/v2\/comments?post=274"}],"version-history":[{"count":20,"href":"https:\/\/www.manaus.am.gov.br\/fdt\/wp-json\/wp\/v2\/pages\/274\/revisions"}],"predecessor-version":[{"id":2945,"href":"https:\/\/www.manaus.am.gov.br\/fdt\/wp-json\/wp\/v2\/pages\/274\/revisions\/2945"}],"wp:attachment":[{"href":"https:\/\/www.manaus.am.gov.br\/fdt\/wp-json\/wp\/v2\/media?parent=274"}],"curies":[{"name":"wp","href":"https:\/\/api.w.org\/{rel}","templated":true}]}}