{"id":260,"date":"2023-02-28T15:22:19","date_gmt":"2023-02-28T19:22:19","guid":{"rendered":"https:\/\/www.manaus.am.gov.br\/fdt\/?page_id=260"},"modified":"2025-07-03T21:19:46","modified_gmt":"2025-07-04T01:19:46","slug":"editais","status":"publish","type":"page","link":"https:\/\/www.manaus.am.gov.br\/fdt\/transparencia-fdt\/editais\/","title":{"rendered":"Editais"},"content":{"rendered":"\n<h2 class=\"wp-block-heading\">2025<\/h2>\n\n\n\n<h3 class=\"wp-block-heading\"><a href=\"https:\/\/www.manaus.am.gov.br\/fdt\/wp-content\/uploads\/sites\/18\/2025\/07\/DOM-6102-02.07.2025-CAD-1-PORTARIA-103_2025-GP_FDT.pdf\" target=\"_blank\" rel=\"noreferrer noopener\">Confirma\u00e7\u00e3o de<br>matr\u00edcula no Curso de Cuidador de Idoso<br>\u2013 \u201cCUIDADOSO\u201d<\/a><\/h3>\n\n\n\n<h2 class=\"wp-block-heading\">2024<\/h2>\n\n\n\n<h3 class=\"wp-block-heading\">CHAMAMENTO P\u00daBLICO N. 001\/2024-FDT<\/h3>\n\n\n\n<p><a href=\"https:\/\/www.manaus.am.gov.br\/fdt\/wp-content\/uploads\/sites\/18\/2024\/12\/EDITAL-DE-CHAMAMENTO-PUBLICO_APOIO-A-PESSOA-DA-3a-IDADE-EMPREENDEDORA.pdf\">EDITAL DE CHAMAMENTO P\u00daBLICO<\/a><br><a href=\"https:\/\/www.manaus.am.gov.br\/fdt\/wp-content\/uploads\/sites\/18\/2024\/12\/Anexo-I-\u2013-Modelo-de-Requerimento-para-Proposta.pdf\">Anexo I \u2013 Modelo de Requerimento para Proposta;<\/a><br><a href=\"https:\/\/www.manaus.am.gov.br\/fdt\/wp-content\/uploads\/sites\/18\/2024\/12\/Anexo-II-\u2013-Modelo-de-Requerimento-para-Habilitacao.pdf\">Anexo II \u2013 Modelo de Requerimento para Habilita\u00e7\u00e3o;<\/a><br><a href=\"https:\/\/www.manaus.am.gov.br\/fdt\/wp-content\/uploads\/sites\/18\/2024\/12\/Anexo-III-\u2013-Ficha-de-Cadastro.pdf\">Anexo III \u2013 Ficha de Cadastro;<\/a><br><a href=\"https:\/\/www.manaus.am.gov.br\/fdt\/wp-content\/uploads\/sites\/18\/2024\/12\/Anexo-IV-\u2013Modelo-das-Declaracoes.pdf\">Anexo IV \u2013Modelo das Declara\u00e7\u00f5es;<\/a><br><a href=\"https:\/\/www.manaus.am.gov.br\/fdt\/wp-content\/uploads\/sites\/18\/2024\/12\/Anexo-V-\u2013-Modelo-de-Plano-de-Trabalho.pdf\">Anexo V \u2013 Modelo de Plano de Trabalho;<\/a><br><a href=\"https:\/\/www.manaus.am.gov.br\/fdt\/wp-content\/uploads\/sites\/18\/2024\/12\/Anexo-VI-\u2013-Minuta-do-Termo-de-Fomento.pdf\">Anexo VI \u2013 Minuta do Termo de Fomento;<\/a><br><a href=\"https:\/\/www.manaus.am.gov.br\/fdt\/wp-content\/uploads\/sites\/18\/2024\/12\/Anexo-VII-\u2013-Roteiro-para-Apresentacao-das-Justificativas-das-Notas-Atribuidas-pela-Comissao-De-Avaliacao.pdf\">Anexo VII \u2013 Roteiro para Apresenta\u00e7\u00e3o das Justificativas das Notas Atribu\u00eddas pela Comiss\u00e3o De Avalia\u00e7\u00e3o.<\/a><br><a href=\"https:\/\/www.manaus.am.gov.br\/fdt\/wp-content\/uploads\/sites\/18\/2025\/02\/DOM-6006_AVISO-RESULTADO-PRELIMINAR-DO-CHAMAMENTO-PUBLICO-N.-001-2024-FDT.pdf\">RESULTADO PRELIMINAR DO CHAMAMENTO P\u00daBLICO N. 001-2024-FDT<\/a><br><a href=\"https:\/\/www.manaus.am.gov.br\/fdt\/wp-content\/uploads\/sites\/18\/2025\/02\/DPM-6011_SEGUNDO-AVISO-DO-RESULTADO-DO-CHAMAMENTO-PUBLICO-N.-001-2024-FDT.pdf\">2\u00ba AVISO DO RESULTADO PRELIMINAR DO CHAMAMENTO P\u00daBLICO N. 001-2024-FDT<\/a><br><a href=\"https:\/\/www.manaus.am.gov.br\/fdt\/wp-content\/uploads\/sites\/18\/2025\/02\/DOM-6015_Aviso-da-Homologacao-Resultado-Final-Chamamento-Publico-n.001-2024-FDT.pdf\">RESULTADO FINAL DO CHAMAMENTO P\u00daBLICO N. 001-2024-FDT<\/a><\/p>\n\n\n\n<h2 class=\"wp-block-heading\">2023<\/h2>\n\n\n\n<h3 class=\"wp-block-heading\">Chamamento P\u00fablico<\/h3>\n\n\n\n<h3 class=\"wp-block-heading\"><a href=\"https:\/\/www.manaus.am.gov.br\/fdt\/wp-content\/uploads\/sites\/18\/2023\/11\/Edital-de-Chamamento-Publico_VIVER-BEM-2023.pdf\" target=\"_blank\" rel=\"noreferrer noopener\">EDITAL CHAMAMENTO P\u00daBLICO N. 001\/2023-FDT<\/a><\/h3>\n\n\n\n<h3 class=\"wp-block-heading\">Processo Seletivo<\/h3>\n\n\n\n<h3 class=\"wp-block-heading\"><a href=\"https:\/\/www.manaus.am.gov.br\/fdt\/wp-content\/uploads\/sites\/18\/2023\/08\/1.1-EDITAL-_PSS_SERVIC\u0327O-SOCIAL-SEGURANCA-DO-TRABALHO-_-DOM-AMP_-1.pdf\">EDITAL PSS -SERVI\u00c7O SOCIAL E TEC. SEGURAN\u00c7A DO TRABALHO<\/a><\/h3>\n\n\n\n<h3 class=\"wp-block-heading\">Concorr\u00eancia<\/h3>\n\n\n\n<p>Nenhuma<\/p>\n\n\n\n<h3 class=\"wp-block-heading\">Preg\u00e3o Presencial<\/h3>\n\n\n\n<h3 class=\"wp-block-heading\"><a href=\"https:\/\/www.manaus.am.gov.br\/fdt\/wp-content\/uploads\/sites\/18\/2023\/12\/EDITAL-PP-n.-014-2023-ESTIVAS.pdf\">EDITAL PP N 014\/2023-CL\/FDT &#8211; ESTIVAS<\/a><\/h3>\n\n\n\n<h3 class=\"wp-block-heading\"><a href=\"https:\/\/www.manaus.am.gov.br\/fdt\/wp-content\/uploads\/sites\/18\/2023\/12\/EDITAL-PP-N.013_2023_MAT.DESCARTAVEL.pdf\">EDITAL PP N 013\/2023-CL\/FDT &#8211; MATERIAIS DESCART\u00c1VEIS<\/a><\/h3>\n\n\n\n<h3 class=\"wp-block-heading\"><a href=\"https:\/\/www.manaus.am.gov.br\/fdt\/wp-content\/uploads\/sites\/18\/2023\/12\/EDITAL-PP-n.-012-2023-PAES-FRANCES-E-DOCE.pdf\" target=\"_blank\" rel=\"noreferrer noopener\">EDITAL PP N 012-2023 &#8211; PAES FRANCES E DOCE<\/a><\/h3>\n\n\n\n<h3 class=\"wp-block-heading\"><a href=\"https:\/\/www.manaus.am.gov.br\/fdt\/wp-content\/uploads\/sites\/18\/2023\/12\/EDITAL-PP-N.-011-2023-Servicos-Piscina-PMI.pdf\" target=\"_blank\" rel=\"noreferrer noopener\">EDITAL PP N 011-2023-SERVICOS-PISCINA-PMI<\/a><\/h3>\n\n\n\n<h3 class=\"wp-block-heading\"><a href=\"https:\/\/www.manaus.am.gov.br\/fdt\/wp-content\/uploads\/sites\/18\/2023\/02\/EDITAL-PP-n.-001-2023-ESTIVAS-EM-GERAL-SIGED_7_2.pdf\" target=\"_blank\" rel=\"noreferrer noopener\">EDITAL PP N 001-2023 &#8211; ESTIVAS EM GERAL<\/a><\/h3>\n\n\n\n<h3 class=\"wp-block-heading\"><a href=\"https:\/\/www.manaus.am.gov.br\/fdt\/wp-content\/uploads\/sites\/18\/2023\/02\/Edital-PP-n.-002-2023-Gas-Medicinal-SIGED.pdf\" target=\"_blank\" rel=\"noreferrer noopener\">EDITAL PP N 002-2023 &#8211; G\u00c1S MEDICINAL<\/a><\/h3>\n\n\n\n<h3 class=\"wp-block-heading\"><a href=\"https:\/\/www.manaus.am.gov.br\/fdt\/wp-content\/uploads\/sites\/18\/2023\/05\/EDITAL-PP-N.-003-2023-Gas-Medicinal-OXIGENIO-REPETIC\u0327A\u0303O.pdf\" target=\"_blank\" rel=\"noreferrer noopener\">EDITAL PP N 003-2023 &#8211; G\u00c1S MEDICIAL OXIG\u00caNIO (REPETI\u00c7\u00c3O)<\/a><\/h3>\n\n\n\n<h3 class=\"wp-block-heading\"><a href=\"https:\/\/www.manaus.am.gov.br\/fdt\/wp-content\/uploads\/sites\/18\/2023\/05\/EDITAL_PP-N.-004_2023_COMBATE-A-INCENDIO-SIGED.pdf\" target=\"_blank\" rel=\"noreferrer noopener\">EDITAL PP N 004-2023 &#8211; CL\/FDT (COMBATE A INC\u00caNDIO) &#8211; IMPUGNADO<\/a><\/h3>\n\n\n\n<h3 class=\"wp-block-heading\"><a href=\"https:\/\/www.manaus.am.gov.br\/fdt\/wp-content\/uploads\/sites\/18\/2023\/05\/NOVO-EDITAL_PP-N.-004_2023_COMBATE-A-INCENDIO-SIGED-1.pdf\" target=\"_blank\" rel=\"noreferrer noopener\">NOVO EDITAL PP N 004-2023 &#8211; CL\/FDT (COMBATE A INC\u00caNDIO)<\/a><\/h3>\n\n\n\n<h3 class=\"wp-block-heading\"><a href=\"https:\/\/www.manaus.am.gov.br\/fdt\/wp-content\/uploads\/sites\/18\/2023\/07\/EDITAL-PP-n.-005-2023-GAS-GLP-SIGED.pdf\" target=\"_blank\" rel=\"noreferrer noopener\">EDITAL PP N 005-2023 &#8211; G\u00c1S GLP<\/a><\/h3>\n\n\n\n<h3 class=\"wp-block-heading\"><a href=\"https:\/\/www.manaus.am.gov.br\/fdt\/wp-content\/uploads\/sites\/18\/2023\/08\/EDITAL-PP-n.-006-2023-CL-FDT-Produtos-Saneantes-SIGED.pdf\" target=\"_blank\" rel=\"noreferrer noopener\">EDITAL PP N 006-2023-CL-FDT-PRODUTOS SANEANTES (SIGED)<\/a><\/h3>\n\n\n\n<h3 class=\"wp-block-heading\"><a href=\"https:\/\/www.manaus.am.gov.br\/fdt\/wp-content\/uploads\/sites\/18\/2023\/10\/EDITAL-PP-n.-007-2023-HORTIFRUTIS-SIGED.pdf\" target=\"_blank\" rel=\"noreferrer noopener\">EDITAL PP N 007-2023-HORTIFRUTIS<\/a><\/h3>\n\n\n\n<h3 class=\"wp-block-heading\"><a href=\"https:\/\/www.manaus.am.gov.br\/fdt\/wp-content\/uploads\/sites\/18\/2023\/11\/EDITAL-PP-N.008-2023-PROTEINAS.pdf\" target=\"_blank\" rel=\"noreferrer noopener\"><\/a><a href=\"https:\/\/www.manaus.am.gov.br\/fdt\/wp-content\/uploads\/sites\/18\/2023\/11\/EDITAL-PP-N.008-2023-PROTEINAS.pdf\">EDITAL PP N 008-2023-PROTE\u00cdNAS<\/a><\/h3>\n\n\n\n<h3 class=\"wp-block-heading\"><a href=\"https:\/\/www.manaus.am.gov.br\/fdt\/wp-content\/uploads\/sites\/18\/2023\/11\/EDITAL-PP-N.009-2023-PROD.-SANEANTES-DETERGENTE-SIGED.pdf\" target=\"_blank\" rel=\"noreferrer noopener\">EDITAL PP N 009-2023-CL\/FDT &#8211; PRODUTO<\/a><\/h3>\n\n\n\n<h3 class=\"wp-block-heading\"><a href=\"https:\/\/www.manaus.am.gov.br\/fdt\/wp-content\/uploads\/sites\/18\/2023\/11\/EDITAL-PP-N.-010-2023-CESTAS-BASICAS-SIGED-1.pdf\" target=\"_blank\" rel=\"noreferrer noopener\">EDITAL PP N 010-2023-CL\/FDT &#8211; CESTAS B\u00c1SICAS (SIGED)<\/a><\/h3>\n\n\n\n<h2 class=\"wp-block-heading\"><\/h2>\n\n\n\n<h2 class=\"wp-block-heading\">2022<\/h2>\n\n\n\n<h3 class=\"wp-block-heading\">Concorr\u00eancia<\/h3>\n\n\n\n<h3 class=\"wp-block-heading\"><a href=\"https:\/\/www.manaus.am.gov.br\/fdt\/wp-content\/uploads\/sites\/18\/2023\/02\/SIGED-Edital-Concorrencia-n.-03-2022-Permissao-de-Uso-Salao-de-Beleza_3.pdf\" target=\"_blank\" rel=\"noreferrer noopener\">SIGED &#8211; EDITAL CONCORR\u00caNCIA N 03-2022 &#8211; PERMISS\u00c3O DE USO (SAL\u00c3O DE BELEZA) <\/a><\/h3>\n\n\n\n<h3 class=\"wp-block-heading\">Preg\u00e3o Presencial<\/h3>\n\n\n\n<h3 class=\"wp-block-heading\"><a href=\"https:\/\/www.manaus.am.gov.br\/fdt\/wp-content\/uploads\/sites\/18\/2023\/02\/DOM-5489-Errata-Aviso-de-Licitacao-PP-n.-09-2022-ESTIVAS.pdf\" target=\"_blank\" rel=\"noreferrer noopener\">DOM 5489-Errata Aviso De Licita\u00e7\u00e3o &#8211; PP N 09-2022 &#8211; ESTIVAS<\/a><\/h3>\n\n\n\n<h3 class=\"wp-block-heading\"><a href=\"https:\/\/www.manaus.am.gov.br\/fdt\/wp-content\/uploads\/sites\/18\/2023\/02\/EDITAL-PP-n.-08_2022-MAT.-DESCARTAVEL.pdf\" target=\"_blank\" rel=\"noreferrer noopener\">EDITAL PP N 08 2022 &#8211; MAT DESCARTAVEL<\/a><\/h3>\n\n\n\n<h3 class=\"wp-block-heading\"><a href=\"https:\/\/www.manaus.am.gov.br\/fdt\/wp-content\/uploads\/sites\/18\/2023\/02\/EDITAL-PP-N.-06-2022-PAES-DIVERSOS-E-GOMA.pdf\" target=\"_blank\" rel=\"noreferrer noopener\">EDITAL PP N 06-2022 &#8211; PAES DIVERSOS E GOMA<\/a><\/h3>\n\n\n\n<h3 class=\"wp-block-heading\"><a href=\"https:\/\/www.manaus.am.gov.br\/fdt\/wp-content\/uploads\/sites\/18\/2023\/02\/EDITAL-PP-N.-02-2022-CL-FDT-GAS-GLP.pdf\" target=\"_blank\" rel=\"noreferrer noopener\">EDITAL PP N 02-2022-CL-FDT &#8211; G\u00c1S GLP<\/a><\/h3>\n\n\n\n<h3 class=\"wp-block-heading\"><a href=\"https:\/\/www.manaus.am.gov.br\/fdt\/wp-content\/uploads\/sites\/18\/2023\/02\/Edital-PP-n.-03-2022-Proteinas-SIGED.pdf\" target=\"_blank\" rel=\"noreferrer noopener\">EDITAL PP N 03-2022 &#8211; Prote\u00ednas (SIGED)<\/a><\/h3>\n\n\n\n<h3 class=\"wp-block-heading\"><a href=\"https:\/\/www.manaus.am.gov.br\/fdt\/wp-content\/uploads\/sites\/18\/2023\/02\/EDITAL-PP-n.-05-2022-Limpeza-e-Conservacao_SUSPENSO-E-RETIFICADO_13.12.22..pdf\" target=\"_blank\" rel=\"noreferrer noopener\">EDITAL PP N 05-2022 &#8211; Limpeza e Conserva\u00e7\u00e3o SUSPENSO E RETIFICADO 13.12.22.<\/a><\/h3>\n\n\n\n<h3 class=\"wp-block-heading\"><a href=\"https:\/\/www.manaus.am.gov.br\/fdt\/wp-content\/uploads\/sites\/18\/2023\/02\/EDITAL-PP-N.-07-2022-CESTAS-BASICAS_2.pdf\" target=\"_blank\" rel=\"noreferrer noopener\">EDITAL PP N 07-2022 &#8211; CESTAS BASICAS<\/a><\/h3>\n\n\n\n<h3 class=\"wp-block-heading\"><a href=\"https:\/\/www.manaus.am.gov.br\/fdt\/wp-content\/uploads\/sites\/18\/2023\/02\/EDITAL-PP-n.-09-2022_ESTIVAS.pdf\" target=\"_blank\" rel=\"noreferrer noopener\">EDITAL PP N 09-2022 ESTIVAS<\/a><\/h3>\n\n\n\n<h3 class=\"wp-block-heading\"><a href=\"https:\/\/www.manaus.am.gov.br\/fdt\/wp-content\/uploads\/sites\/18\/2023\/02\/EDITAL-PP-n.-09-2022_ESTIVAS-ALTERADA-DATA.pdf\" target=\"_blank\" rel=\"noreferrer noopener\">EDITAL PP N 09-2022 ESTIVAS &#8211; ALTERADA DATA<\/a><\/h3>\n\n\n\n<h3 class=\"wp-block-heading\"><a href=\"https:\/\/www.manaus.am.gov.br\/fdt\/wp-content\/uploads\/sites\/18\/2023\/02\/Edital-PP-N-05-2022-CL-FDT-Limpeza-e-Conservacao.pdf\" target=\"_blank\" rel=\"noreferrer noopener\">EDITAL PP N 05-2022-CL-FDT &#8211; Limpeza e Conserva\u00e7\u00e3o<\/a><\/h3>\n\n\n\n<h3 class=\"wp-block-heading\"><a href=\"https:\/\/www.manaus.am.gov.br\/fdt\/wp-content\/uploads\/sites\/18\/2023\/02\/EDITAL-PP-N-05-2022-CL-FDT-Limpeza-e-Conservacao-27.10.22-Retificado-E-Suspenso.pdf\" target=\"_blank\" rel=\"noreferrer noopener\">EDITAL PP N 05-2022-CL-FDT &#8211; Limpeza E Conservacao-27.10.22- Retificado E Suspenso<\/a><\/h3>\n\n\n\n<h3 class=\"wp-block-heading\"><a href=\"https:\/\/www.manaus.am.gov.br\/fdt\/wp-content\/uploads\/sites\/18\/2023\/02\/edital-pp-n-05-2022-cl-fdt-limpeza-e-convervacao-retificado.pdf\" target=\"_blank\" rel=\"noreferrer noopener\">EDITAL-PP-n-05-2022-cl-fdt-limpeza-e-convervacao-retificado<\/a><\/h3>\n\n\n\n<h3 class=\"wp-block-heading\"><a href=\"https:\/\/www.manaus.am.gov.br\/fdt\/wp-content\/uploads\/sites\/18\/2023\/02\/ERRATA-EDITAL-PP-n.-06-2022-PAES.pdf\" target=\"_blank\" rel=\"noreferrer noopener\">ERRATA EDITAL PP N 06-2022 -P\u00c3ES<\/a><\/h3>\n\n\n\n<h3 class=\"wp-block-heading\"><a href=\"https:\/\/www.manaus.am.gov.br\/fdt\/wp-content\/uploads\/sites\/18\/2023\/02\/ERRATA-EDITAL-PP-n.-08-2022-MAT.DESCARTAVEIS.pdf\" target=\"_blank\" rel=\"noreferrer noopener\">ERRATA EDITAL PP N 08-2022 &#8211; MAT DESCART\u00c1VEIS<\/a><\/h3>\n\n\n\n<h3 class=\"wp-block-heading\"><a href=\"https:\/\/www.manaus.am.gov.br\/fdt\/wp-content\/uploads\/sites\/18\/2023\/02\/SIGED-Edital-PP-n.-04-22-Hortifrutis.pdf\" target=\"_blank\" rel=\"noreferrer noopener\">SIGED-Edital PP N 04-22 &#8211; Hortifr\u00fatis<\/a><\/h3>\n","protected":false},"excerpt":{"rendered":"","protected":false},"author":27,"featured_media":0,"parent":2115,"menu_order":0,"comment_status":"closed","ping_status":"closed","template":"templates\/turismo.php","meta":{"footnotes":""},"acf":[],"yoast_head":"<!-- This site is optimized with the Yoast SEO plugin v23.0 - https:\/\/yoast.com\/wordpress\/plugins\/seo\/ -->\n<title>Editais - FDT<\/title>\n<meta name=\"robots\" content=\"index, follow, max-snippet:-1, max-image-preview:large, max-video-preview:-1\" \/>\n<link rel=\"canonical\" href=\"https:\/\/www.manaus.am.gov.br\/fdt\/transparencia-fdt\/editais\/\" \/>\n<meta property=\"og:locale\" content=\"pt_BR\" \/>\n<meta property=\"og:type\" content=\"article\" \/>\n<meta property=\"og:title\" content=\"Editais - FDT\" \/>\n<meta property=\"og:url\" content=\"https:\/\/www.manaus.am.gov.br\/fdt\/transparencia-fdt\/editais\/\" \/>\n<meta property=\"og:site_name\" content=\"FDT\" \/>\n<meta property=\"article:modified_time\" content=\"2025-07-04T01:19:46+00:00\" \/>\n<meta name=\"twitter:card\" content=\"summary_large_image\" \/>\n<meta name=\"twitter:label1\" content=\"Est. reading time\" \/>\n\t<meta name=\"twitter:data1\" content=\"2 minutos\" \/>\n<script type=\"application\/ld+json\" class=\"yoast-schema-graph\">{\"@context\":\"https:\/\/schema.org\",\"@graph\":[{\"@type\":\"WebPage\",\"@id\":\"https:\/\/www.manaus.am.gov.br\/fdt\/transparencia-fdt\/editais\/\",\"url\":\"https:\/\/www.manaus.am.gov.br\/fdt\/transparencia-fdt\/editais\/\",\"name\":\"Editais - FDT\",\"isPartOf\":{\"@id\":\"https:\/\/www.manaus.am.gov.br\/fdt\/#website\"},\"datePublished\":\"2023-02-28T19:22:19+00:00\",\"dateModified\":\"2025-07-04T01:19:46+00:00\",\"breadcrumb\":{\"@id\":\"https:\/\/www.manaus.am.gov.br\/fdt\/transparencia-fdt\/editais\/#breadcrumb\"},\"inLanguage\":\"pt-BR\",\"potentialAction\":[{\"@type\":\"ReadAction\",\"target\":[\"https:\/\/www.manaus.am.gov.br\/fdt\/transparencia-fdt\/editais\/\"]}]},{\"@type\":\"BreadcrumbList\",\"@id\":\"https:\/\/www.manaus.am.gov.br\/fdt\/transparencia-fdt\/editais\/#breadcrumb\",\"itemListElement\":[{\"@type\":\"ListItem\",\"position\":1,\"name\":\"Home\",\"item\":\"https:\/\/www.manaus.am.gov.br\/fdt\/\"},{\"@type\":\"ListItem\",\"position\":2,\"name\":\"Transpar\u00eancia &#8211; FMDPI\",\"item\":\"https:\/\/www.manaus.am.gov.br\/fdt\/transparencia-fdt\/\"},{\"@type\":\"ListItem\",\"position\":3,\"name\":\"Editais\"}]},{\"@type\":\"WebSite\",\"@id\":\"https:\/\/www.manaus.am.gov.br\/fdt\/#website\",\"url\":\"https:\/\/www.manaus.am.gov.br\/fdt\/\",\"name\":\"FDT\",\"description\":\"Funda\u00e7\u00e3o de Apoio ao Idoso Dr. Thomas\",\"potentialAction\":[{\"@type\":\"SearchAction\",\"target\":{\"@type\":\"EntryPoint\",\"urlTemplate\":\"https:\/\/www.manaus.am.gov.br\/fdt\/?s={search_term_string}\"},\"query-input\":\"required name=search_term_string\"}],\"inLanguage\":\"pt-BR\"}]}<\/script>\n<!-- \/ Yoast SEO plugin. -->","yoast_head_json":{"title":"Editais - FDT","robots":{"index":"index","follow":"follow","max-snippet":"max-snippet:-1","max-image-preview":"max-image-preview:large","max-video-preview":"max-video-preview:-1"},"canonical":"https:\/\/www.manaus.am.gov.br\/fdt\/transparencia-fdt\/editais\/","og_locale":"pt_BR","og_type":"article","og_title":"Editais - FDT","og_url":"https:\/\/www.manaus.am.gov.br\/fdt\/transparencia-fdt\/editais\/","og_site_name":"FDT","article_modified_time":"2025-07-04T01:19:46+00:00","twitter_card":"summary_large_image","twitter_misc":{"Est. reading time":"2 minutos"},"schema":{"@context":"https:\/\/schema.org","@graph":[{"@type":"WebPage","@id":"https:\/\/www.manaus.am.gov.br\/fdt\/transparencia-fdt\/editais\/","url":"https:\/\/www.manaus.am.gov.br\/fdt\/transparencia-fdt\/editais\/","name":"Editais - FDT","isPartOf":{"@id":"https:\/\/www.manaus.am.gov.br\/fdt\/#website"},"datePublished":"2023-02-28T19:22:19+00:00","dateModified":"2025-07-04T01:19:46+00:00","breadcrumb":{"@id":"https:\/\/www.manaus.am.gov.br\/fdt\/transparencia-fdt\/editais\/#breadcrumb"},"inLanguage":"pt-BR","potentialAction":[{"@type":"ReadAction","target":["https:\/\/www.manaus.am.gov.br\/fdt\/transparencia-fdt\/editais\/"]}]},{"@type":"BreadcrumbList","@id":"https:\/\/www.manaus.am.gov.br\/fdt\/transparencia-fdt\/editais\/#breadcrumb","itemListElement":[{"@type":"ListItem","position":1,"name":"Home","item":"https:\/\/www.manaus.am.gov.br\/fdt\/"},{"@type":"ListItem","position":2,"name":"Transpar\u00eancia &#8211; FMDPI","item":"https:\/\/www.manaus.am.gov.br\/fdt\/transparencia-fdt\/"},{"@type":"ListItem","position":3,"name":"Editais"}]},{"@type":"WebSite","@id":"https:\/\/www.manaus.am.gov.br\/fdt\/#website","url":"https:\/\/www.manaus.am.gov.br\/fdt\/","name":"FDT","description":"Funda\u00e7\u00e3o de Apoio ao Idoso Dr. Thomas","potentialAction":[{"@type":"SearchAction","target":{"@type":"EntryPoint","urlTemplate":"https:\/\/www.manaus.am.gov.br\/fdt\/?s={search_term_string}"},"query-input":"required name=search_term_string"}],"inLanguage":"pt-BR"}]}},"_links":{"self":[{"href":"https:\/\/www.manaus.am.gov.br\/fdt\/wp-json\/wp\/v2\/pages\/260"}],"collection":[{"href":"https:\/\/www.manaus.am.gov.br\/fdt\/wp-json\/wp\/v2\/pages"}],"about":[{"href":"https:\/\/www.manaus.am.gov.br\/fdt\/wp-json\/wp\/v2\/types\/page"}],"author":[{"embeddable":true,"href":"https:\/\/www.manaus.am.gov.br\/fdt\/wp-json\/wp\/v2\/users\/27"}],"replies":[{"embeddable":true,"href":"https:\/\/www.manaus.am.gov.br\/fdt\/wp-json\/wp\/v2\/comments?post=260"}],"version-history":[{"count":34,"href":"https:\/\/www.manaus.am.gov.br\/fdt\/wp-json\/wp\/v2\/pages\/260\/revisions"}],"predecessor-version":[{"id":2591,"href":"https:\/\/www.manaus.am.gov.br\/fdt\/wp-json\/wp\/v2\/pages\/260\/revisions\/2591"}],"up":[{"embeddable":true,"href":"https:\/\/www.manaus.am.gov.br\/fdt\/wp-json\/wp\/v2\/pages\/2115"}],"wp:attachment":[{"href":"https:\/\/www.manaus.am.gov.br\/fdt\/wp-json\/wp\/v2\/media?parent=260"}],"curies":[{"name":"wp","href":"https:\/\/api.w.org\/{rel}","templated":true}]}}