{"id":2516,"date":"2025-05-29T10:20:23","date_gmt":"2025-05-29T14:20:23","guid":{"rendered":"https:\/\/www.manaus.am.gov.br\/fdt\/?page_id=2516"},"modified":"2025-05-30T15:25:33","modified_gmt":"2025-05-30T19:25:33","slug":"junho-violeta","status":"publish","type":"page","link":"https:\/\/www.manaus.am.gov.br\/fdt\/junho-violeta\/","title":{"rendered":"Junho Violeta"},"content":{"rendered":"\n<p>A <strong>Prefeitura de Manaus<\/strong>, por meio da <strong>Funda\u00e7\u00e3o de Apoio ao Idoso Dr. Thomas (FDT)<\/strong>, promove durante todo o m\u00eas de junho a campanha <strong>\u201cJunho Violeta \u2013 M\u00eas de Conscientiza\u00e7\u00e3o sobre a Viol\u00eancia Contra a Pessoa Idosa\u201d<\/strong>.<\/p>\n\n\n\n<p>O objetivo \u00e9 mobilizar a sociedade manauara para o enfrentamento de todos os tipos de viol\u00eancia contra pessoas idosas, refor\u00e7ando que respeitar e proteger quem envelheceu \u00e9 um dever coletivo.<\/p>\n\n\n\n<p><strong>POR QUE O \u201cJUNHO VIOLETA\u201d \u00c9 IMPORTANTE?<\/strong><\/p>\n\n\n\n<p>A campanha \u00e9 uma resposta ao aumento dos casos de viol\u00eancia contra a pessoa idosa em todo o pa\u00eds e busca informar, sensibilizar e fortalecer redes de prote\u00e7\u00e3o.<\/p>\n\n\n\n<p>O dia 15 de junho marca o Dia Mundial de Conscientiza\u00e7\u00e3o da Viol\u00eancia Contra a Pessoa Idosa, data institu\u00edda pela Organiza\u00e7\u00e3o das Na\u00e7\u00f5es Unidas (ONU).<\/p>\n\n\n\n<p><strong>TIPOS DE VIOL\u00caNCIA CONTRA A PESSOA IDOSA<\/strong><\/p>\n\n\n\n<p>\u00c9 fundamental conhecer para combater. Os principais tipos de viol\u00eancia s\u00e3o:<\/p>\n\n\n\n<p><strong>VIOL\u00caNCIA F\u00cdSICA<\/strong><\/p>\n\n\n\n<p>&#8211; Agress\u00f5es, empurr\u00f5es, les\u00f5es vis\u00edveis ou for\u00e7ar mobilidade sem necessidade.<\/p>\n\n\n\n<p><strong>VIOL\u00caNCIA PSIC\u00d3LOGA<\/strong><\/p>\n\n\n\n<p>&#8211; Amea\u00e7as, humilha\u00e7\u00f5es, isolamento, gritos, intimida\u00e7\u00f5es e desvaloriza\u00e7\u00e3o.<\/p>\n\n\n\n<p><strong>VIOL\u00caNCIA PATRIMONIAL&nbsp;<\/strong><\/p>\n\n\n\n<p>&#8211; Uso indevido ou apropria\u00e7\u00e3o de bens, pens\u00f5es ou recursos financeiros do idoso.<\/p>\n\n\n\n<p><strong>NEGLIG\u00caNCIA<\/strong><\/p>\n\n\n\n<p>&#8211; Falta de cuidados b\u00e1sicos com alimenta\u00e7\u00e3o, higiene, sa\u00fade e seguran\u00e7a.<\/p>\n\n\n\n<p><strong>ABANDONO<\/strong><\/p>\n\n\n\n<p>&#8211; Quando h\u00e1 omiss\u00e3o dos respons\u00e1veis legais, familiares ou institui\u00e7\u00f5es.<\/p>\n\n\n\n<p><strong>VIOL\u00caNCIA SEXUAL<\/strong><\/p>\n\n\n\n<p>&#8211; Qualquer tipo de abuso ou contato sexual sem consentimento.&nbsp;<\/p>\n\n\n\n<p><strong>CANAIS DE DEN\u00daNCIA&nbsp;<\/strong><\/p>\n\n\n\n<p>Se voc\u00ea presenciar ou suspeitar de qualquer forma de viol\u00eancia contra uma pessoa idosa, denuncie anonimamente:<\/p>\n\n\n\n<p><strong>Disque 165<\/strong> \u2013&nbsp;Disque Idoso da Funda\u00e7ao Dr. Thomas&nbsp;<\/p>\n\n\n\n<p><strong>Disque 100<\/strong> \u2013 Ouvidoria Nacional de Direitos Humanos<\/p>\n\n\n\n<p>Toda den\u00fancia \u00e9 sigilosa e pode salvar vidas.<\/p>\n\n\n\n<p><strong>PROGRAMA\u00c7\u00c3O \u2013 JUNHO VIOLETA DA FDT<\/strong><\/p>\n\n\n\n<p>M\u00eas de Conscientiza\u00e7\u00e3o sobre a Viol\u00eancia Contra a Pessoa Idosa<\/p>\n\n\n\n<p><strong>30\/05\/2025 (Sexta-feira)<\/strong><\/p>\n\n\n\n<p><strong>Abertura Oficial da Campanha \u201cJunho Violeta\u201d<\/strong><\/p>\n\n\n\n<p>Ato p\u00fablico em parceria com a Rede de Prote\u00e7\u00e3o \u00e0 Pessoa Idosa e Conselho Municipal do Idoso (CMI).<br><strong>Hor\u00e1rio:<\/strong> 7h<br><strong>Local:<\/strong> Av. Ita\u00faba, Jorge Teixeira (pr\u00f3ximo ao Mercadinho John)<\/p>\n\n\n\n<p><strong>31\/05\/2025 (S\u00e1bado)<\/strong><br><strong>Ato P\u00fablico: Jogo Manaus x Independ\u00eancia<\/strong><br>A\u00e7\u00e3o com idosos durante a partida, com faixas e camisas da campanha.<br><strong>Hor\u00e1rio: <\/strong>16h<br><strong>Local: <\/strong>Est\u00e1dio Ismael Benigno (Colina)<\/p>\n\n\n\n<p><strong>31\/05\/2025 (S\u00e1bado)<\/strong><br><strong>Participa\u00e7\u00e3o na abertura do 67\u00ba Festival Folcl\u00f3rico do Amazonas<\/strong><br>Hor\u00e1rio: 19h<br>Local: Centro\u00a0Cultural dos\u00a0Povos\u00a0da\u00a0Amaz\u00f4nia<\/p>\n\n\n\n<p><strong>02\/06\/2025 (Segunda-feira)<\/strong><br><strong>Sensibiliza\u00e7\u00e3o nas Garagens de \u00d4nibus<\/strong><br>Abordagens e rodas de conversa com motoristas em 7 garagens, com distribui\u00e7\u00e3o de materiais informativos e afixa\u00e7\u00e3o de cartazes.<\/p>\n\n\n\n<p><strong>03\/06\/2025 (Ter\u00e7a-feira)<\/strong><br><strong>Sensibiliza\u00e7\u00e3o nos Terminais de \u00d4nibus<\/strong><br>Continua\u00e7\u00e3o da a\u00e7\u00e3o educativa junto aos usu\u00e1rios do transporte p\u00fablico.<\/p>\n\n\n\n<p><strong>06\/06\/2025 (Sexta-feira)<\/strong><br><strong>Festa Junina \u201cRespeito N\u00c3O Tem Idade\u201d \u2013 FDT<\/strong><br>Evento gratuito em apoio \u00e0 campanha.<br><strong>Hor\u00e1rio: <\/strong>17h \u00e0s 21h<br><strong>Local:<\/strong> Estacionamento da ILPI\/FDT<\/p>\n\n\n\n<p><strong>09 e 11\/06\/2025 (Segunda e Quarta-feira)<\/strong><br><strong>Sensibiliza\u00e7\u00e3o nas Escolas P\u00fablicas Municipais<\/strong><\/p>\n\n\n\n<p>Encontros intergeracionais e rodas de conversa com alunos, em parceria com a SEMED.<br>Distribui\u00e7\u00e3o de materiais para escolas n\u00e3o contempladas presencialmente.<\/p>\n\n\n\n<p><strong>12\/06\/2025 (Quinta-feira)<\/strong><\/p>\n\n\n\n<p><strong>Festa Junina \u201cRespeito N\u00c3O Tem Idade\u201d \u2013 PMI<\/strong><br>Evento gratuito com tema alusivo ao Junho Violeta.<br><strong>Hor\u00e1rio:<\/strong> 15h \u00e0s 20h<br><strong>Local:<\/strong> Parque Municipal do Idoso PMI\/FDT<\/p>\n\n\n\n<p><strong>14\/06\/2025 (S\u00e1bado)<\/strong><br><strong>Caminhada da Inclus\u00e3o \u2013 FOPI<\/strong><br>Com o tema \u201cRespeito Nunca Envelhece\u201d.<br><strong>Hor\u00e1rio: <\/strong>7h<br><strong>Local: <\/strong>Centro de Conviv\u00eancia da Fam\u00edlia Padre Pedro Vignola<\/p>\n\n\n\n<p><strong>15\/06\/2025 (Domingo)<\/strong><\/p>\n\n\n\n<p><strong>Panfletagem no Parque Gigantes da Floresta<\/strong><br>Entrega de material de conscientiza\u00e7\u00e3o.<br><strong>Hor\u00e1rio:<\/strong> 16h \u00e0s 18h<br><strong>Local:<\/strong> Av. Alphaville, Novo Aleixo<\/p>\n\n\n\n<p><strong>16\/06\/2025 (Segunda-feira)<\/strong><br><strong>Caminhada na Zona Leste<\/strong><br>A\u00e7\u00e3o de combate \u00e0 viol\u00eancia contra a pessoa idosa, com apoio do CMI.<br><strong>Hor\u00e1rio: <\/strong>7h<br><strong>Local: <\/strong>CEMEJA Prof. Samuel Benchimol \u2013 Rua Edmundo Soares, S\u00e3o Jos\u00e9<\/p>\n\n\n\n<p><strong>17\/06\/2025 (Ter\u00e7a-feira)<\/strong><br><strong>Encontro Intergeracional \u2013 PMI<\/strong><br>Pe\u00e7a teatral \u201cO Grito\u201d com participa\u00e7\u00e3o de alunos da rede p\u00fablica e particular.<br><strong>Hor\u00e1rio: <\/strong>8h \u00e0s 10h<br><strong>Local:<\/strong> Gin\u00e1sio do PMI<\/p>\n\n\n\n<p><strong>18\/06\/2025 (Quarta-feira)<\/strong><br><strong>Tribuna Popular na CMM<\/strong><br>Promo\u00e7\u00e3o da campanha na C\u00e2mara Municipal de Manaus, com participa\u00e7\u00e3o de autoridades.<br><strong>Hor\u00e1rio:<\/strong> 8h30<br><strong>Local: <\/strong>C\u00e2mara Municipal de Manaus<\/p>\n\n\n\n<p><strong>23 e 24\/06\/2025 (Segunda e Ter\u00e7a-feira)<\/strong><br><strong>Sensibiliza\u00e7\u00e3o nos Shoppings<\/strong><br>Campanha com espa\u00e7o de mini jogos para idosos.<br><strong>Hor\u00e1rio: <\/strong>18h \u00e0s 20h<br><strong>Locais: <\/strong>Shoppings de Manaus<\/p>\n\n\n\n<p><strong>25 e 26\/06\/2025 (Quarta e Quinta-feira)<\/strong><br><strong>Palestra \u2013 FDT<\/strong><br>Tema: \u201cViol\u00eancia Institucional\u201d, com a delegada Andr\u00e9a Nascimento.<br><strong>Hor\u00e1rio:<\/strong> 18h<br><strong>Local: <\/strong>ILPI\/FDT<\/p>\n\n\n\n<p><strong>30\/06\/2025 (Segunda-feira)<\/strong><br><strong>Passeio com Idosos ao Cinema<\/strong><br>Intera\u00e7\u00e3o social dos residentes da FDT.<br><strong>Local:<\/strong> Amazonas Shopping \u2013 Cinema Kinoplex<\/p>\n\n\n\n<p><\/p>\n\n\n\n<p><\/p>\n\n\n\n<p><strong>BAIXE AQUI OS GIBIS EDUCATIVOS<\/strong><\/p>\n\n\n\n<p><strong><a href=\"https:\/\/www.gov.br\/mdh\/pt-br\/assuntos\/noticias\/2025\/marco\/novo-gibi-da-turma-da-monica-aborda-dialogo-entre-diferentes-geracoes-como-enfrentamento-ao-etarismo\/Revista_Portugues_versao_WEB.pdf\" target=\"_blank\" rel=\"noreferrer noopener\">Gibi Turma da M\u00f4nica em: Intergeracionalidade&nbsp;<\/a><\/strong><\/p>\n\n\n<div class=\"wp-block-image\">\n<figure class=\"aligncenter size-large is-resized\"><img loading=\"lazy\" decoding=\"async\" width=\"729\" height=\"1024\" src=\"https:\/\/www.manaus.am.gov.br\/fdt\/wp-content\/uploads\/sites\/18\/2025\/05\/turmadamonica-729x1024.jpeg\" alt=\"\" class=\"wp-image-2536\" style=\"width:474px;height:auto\" srcset=\"https:\/\/www.manaus.am.gov.br\/fdt\/wp-content\/uploads\/sites\/18\/2025\/05\/turmadamonica-729x1024.jpeg 729w, https:\/\/www.manaus.am.gov.br\/fdt\/wp-content\/uploads\/sites\/18\/2025\/05\/turmadamonica-214x300.jpeg 214w, https:\/\/www.manaus.am.gov.br\/fdt\/wp-content\/uploads\/sites\/18\/2025\/05\/turmadamonica-768x1078.jpeg 768w, https:\/\/www.manaus.am.gov.br\/fdt\/wp-content\/uploads\/sites\/18\/2025\/05\/turmadamonica-1094x1536.jpeg 1094w, https:\/\/www.manaus.am.gov.br\/fdt\/wp-content\/uploads\/sites\/18\/2025\/05\/turmadamonica.jpeg 1284w\" sizes=\"(max-width: 729px) 100vw, 729px\" \/><\/figure><\/div>\n\n\n<p>Produzido pelo Minist\u00e9rio dos Direitos Humanos e da Cidadania (MDHC)em parceria com o Instituto Mauricio de Sousa.<\/p>\n\n\n\n<p><\/p>\n\n\n\n<p><strong><a href=\"https:\/\/www.manaus.am.gov.br\/fdt\/wp-content\/uploads\/sites\/18\/2025\/05\/PMM-0045-23-GIBI-FDT-CONSC.-DA-VIOL.-PESSOA-ID.pdf\">Gibi Dr. Thominhas e Dona Linda em: Respeito e Amor<\/a><\/strong><\/p>\n\n\n<div class=\"wp-block-image\">\n<figure class=\"aligncenter size-large is-resized\"><a href=\"https:\/\/www.manaus.am.gov.br\/fdt\/wp-content\/uploads\/sites\/18\/2025\/05\/PMM-0045-23-GIBI-FDT-CONSC.-DA-VIOL.-PESSOA-ID.pdf\" target=\"_blank\" rel=\"noreferrer noopener\"><img loading=\"lazy\" decoding=\"async\" width=\"743\" height=\"1024\" src=\"https:\/\/www.manaus.am.gov.br\/fdt\/wp-content\/uploads\/sites\/18\/2025\/05\/respeitoeamor-743x1024.jpeg\" alt=\"\" class=\"wp-image-2529\" style=\"width:577px;height:auto\" srcset=\"https:\/\/www.manaus.am.gov.br\/fdt\/wp-content\/uploads\/sites\/18\/2025\/05\/respeitoeamor-743x1024.jpeg 743w, https:\/\/www.manaus.am.gov.br\/fdt\/wp-content\/uploads\/sites\/18\/2025\/05\/respeitoeamor-218x300.jpeg 218w, https:\/\/www.manaus.am.gov.br\/fdt\/wp-content\/uploads\/sites\/18\/2025\/05\/respeitoeamor-768x1058.jpeg 768w, https:\/\/www.manaus.am.gov.br\/fdt\/wp-content\/uploads\/sites\/18\/2025\/05\/respeitoeamor-1115x1536.jpeg 1115w, https:\/\/www.manaus.am.gov.br\/fdt\/wp-content\/uploads\/sites\/18\/2025\/05\/respeitoeamor.jpeg 1161w\" sizes=\"(max-width: 743px) 100vw, 743px\" \/><\/a><\/figure><\/div>\n\n\n<p>Produzido pela Prefeitura de Manaus, por meio da Funda\u00e7\u00e3o de Apoio ao Idoso Dr.\u00a0Thomas\u00a0(FDT)<\/p>\n","protected":false},"excerpt":{"rendered":"","protected":false},"author":8,"featured_media":0,"parent":0,"menu_order":0,"comment_status":"closed","ping_status":"closed","template":"","meta":{"footnotes":""},"acf":[],"yoast_head":"<!-- This site is optimized with the Yoast SEO plugin v23.0 - https:\/\/yoast.com\/wordpress\/plugins\/seo\/ -->\n<title>Junho Violeta - FDT<\/title>\n<meta name=\"robots\" content=\"index, follow, max-snippet:-1, max-image-preview:large, max-video-preview:-1\" \/>\n<link rel=\"canonical\" href=\"https:\/\/www.manaus.am.gov.br\/fdt\/junho-violeta\/\" \/>\n<meta property=\"og:locale\" content=\"pt_BR\" \/>\n<meta property=\"og:type\" content=\"article\" \/>\n<meta property=\"og:title\" content=\"Junho Violeta - FDT\" \/>\n<meta property=\"og:url\" content=\"https:\/\/www.manaus.am.gov.br\/fdt\/junho-violeta\/\" \/>\n<meta property=\"og:site_name\" content=\"FDT\" \/>\n<meta property=\"article:modified_time\" content=\"2025-05-30T19:25:33+00:00\" \/>\n<meta property=\"og:image\" content=\"https:\/\/www.manaus.am.gov.br\/fdt\/wp-content\/uploads\/sites\/18\/2025\/05\/turmadamonica-729x1024.jpeg\" \/>\n<meta name=\"twitter:card\" content=\"summary_large_image\" \/>\n<meta name=\"twitter:label1\" content=\"Est. reading time\" \/>\n\t<meta name=\"twitter:data1\" content=\"5 minutos\" \/>\n<script type=\"application\/ld+json\" class=\"yoast-schema-graph\">{\"@context\":\"https:\/\/schema.org\",\"@graph\":[{\"@type\":\"WebPage\",\"@id\":\"https:\/\/www.manaus.am.gov.br\/fdt\/junho-violeta\/\",\"url\":\"https:\/\/www.manaus.am.gov.br\/fdt\/junho-violeta\/\",\"name\":\"Junho Violeta - FDT\",\"isPartOf\":{\"@id\":\"https:\/\/www.manaus.am.gov.br\/fdt\/#website\"},\"primaryImageOfPage\":{\"@id\":\"https:\/\/www.manaus.am.gov.br\/fdt\/junho-violeta\/#primaryimage\"},\"image\":{\"@id\":\"https:\/\/www.manaus.am.gov.br\/fdt\/junho-violeta\/#primaryimage\"},\"thumbnailUrl\":\"https:\/\/www.manaus.am.gov.br\/fdt\/wp-content\/uploads\/sites\/18\/2025\/05\/turmadamonica-729x1024.jpeg\",\"datePublished\":\"2025-05-29T14:20:23+00:00\",\"dateModified\":\"2025-05-30T19:25:33+00:00\",\"breadcrumb\":{\"@id\":\"https:\/\/www.manaus.am.gov.br\/fdt\/junho-violeta\/#breadcrumb\"},\"inLanguage\":\"pt-BR\",\"potentialAction\":[{\"@type\":\"ReadAction\",\"target\":[\"https:\/\/www.manaus.am.gov.br\/fdt\/junho-violeta\/\"]}]},{\"@type\":\"ImageObject\",\"inLanguage\":\"pt-BR\",\"@id\":\"https:\/\/www.manaus.am.gov.br\/fdt\/junho-violeta\/#primaryimage\",\"url\":\"https:\/\/www.manaus.am.gov.br\/fdt\/wp-content\/uploads\/sites\/18\/2025\/05\/turmadamonica.jpeg\",\"contentUrl\":\"https:\/\/www.manaus.am.gov.br\/fdt\/wp-content\/uploads\/sites\/18\/2025\/05\/turmadamonica.jpeg\",\"width\":1284,\"height\":1803},{\"@type\":\"BreadcrumbList\",\"@id\":\"https:\/\/www.manaus.am.gov.br\/fdt\/junho-violeta\/#breadcrumb\",\"itemListElement\":[{\"@type\":\"ListItem\",\"position\":1,\"name\":\"Home\",\"item\":\"https:\/\/www.manaus.am.gov.br\/fdt\/\"},{\"@type\":\"ListItem\",\"position\":2,\"name\":\"Junho Violeta\"}]},{\"@type\":\"WebSite\",\"@id\":\"https:\/\/www.manaus.am.gov.br\/fdt\/#website\",\"url\":\"https:\/\/www.manaus.am.gov.br\/fdt\/\",\"name\":\"FDT\",\"description\":\"Funda\u00e7\u00e3o de Apoio ao Idoso Dr. Thomas\",\"potentialAction\":[{\"@type\":\"SearchAction\",\"target\":{\"@type\":\"EntryPoint\",\"urlTemplate\":\"https:\/\/www.manaus.am.gov.br\/fdt\/?s={search_term_string}\"},\"query-input\":\"required name=search_term_string\"}],\"inLanguage\":\"pt-BR\"}]}<\/script>\n<!-- \/ Yoast SEO plugin. -->","yoast_head_json":{"title":"Junho Violeta - FDT","robots":{"index":"index","follow":"follow","max-snippet":"max-snippet:-1","max-image-preview":"max-image-preview:large","max-video-preview":"max-video-preview:-1"},"canonical":"https:\/\/www.manaus.am.gov.br\/fdt\/junho-violeta\/","og_locale":"pt_BR","og_type":"article","og_title":"Junho Violeta - FDT","og_url":"https:\/\/www.manaus.am.gov.br\/fdt\/junho-violeta\/","og_site_name":"FDT","article_modified_time":"2025-05-30T19:25:33+00:00","og_image":[{"url":"https:\/\/www.manaus.am.gov.br\/fdt\/wp-content\/uploads\/sites\/18\/2025\/05\/turmadamonica-729x1024.jpeg"}],"twitter_card":"summary_large_image","twitter_misc":{"Est. reading time":"5 minutos"},"schema":{"@context":"https:\/\/schema.org","@graph":[{"@type":"WebPage","@id":"https:\/\/www.manaus.am.gov.br\/fdt\/junho-violeta\/","url":"https:\/\/www.manaus.am.gov.br\/fdt\/junho-violeta\/","name":"Junho Violeta - FDT","isPartOf":{"@id":"https:\/\/www.manaus.am.gov.br\/fdt\/#website"},"primaryImageOfPage":{"@id":"https:\/\/www.manaus.am.gov.br\/fdt\/junho-violeta\/#primaryimage"},"image":{"@id":"https:\/\/www.manaus.am.gov.br\/fdt\/junho-violeta\/#primaryimage"},"thumbnailUrl":"https:\/\/www.manaus.am.gov.br\/fdt\/wp-content\/uploads\/sites\/18\/2025\/05\/turmadamonica-729x1024.jpeg","datePublished":"2025-05-29T14:20:23+00:00","dateModified":"2025-05-30T19:25:33+00:00","breadcrumb":{"@id":"https:\/\/www.manaus.am.gov.br\/fdt\/junho-violeta\/#breadcrumb"},"inLanguage":"pt-BR","potentialAction":[{"@type":"ReadAction","target":["https:\/\/www.manaus.am.gov.br\/fdt\/junho-violeta\/"]}]},{"@type":"ImageObject","inLanguage":"pt-BR","@id":"https:\/\/www.manaus.am.gov.br\/fdt\/junho-violeta\/#primaryimage","url":"https:\/\/www.manaus.am.gov.br\/fdt\/wp-content\/uploads\/sites\/18\/2025\/05\/turmadamonica.jpeg","contentUrl":"https:\/\/www.manaus.am.gov.br\/fdt\/wp-content\/uploads\/sites\/18\/2025\/05\/turmadamonica.jpeg","width":1284,"height":1803},{"@type":"BreadcrumbList","@id":"https:\/\/www.manaus.am.gov.br\/fdt\/junho-violeta\/#breadcrumb","itemListElement":[{"@type":"ListItem","position":1,"name":"Home","item":"https:\/\/www.manaus.am.gov.br\/fdt\/"},{"@type":"ListItem","position":2,"name":"Junho Violeta"}]},{"@type":"WebSite","@id":"https:\/\/www.manaus.am.gov.br\/fdt\/#website","url":"https:\/\/www.manaus.am.gov.br\/fdt\/","name":"FDT","description":"Funda\u00e7\u00e3o de Apoio ao Idoso Dr. Thomas","potentialAction":[{"@type":"SearchAction","target":{"@type":"EntryPoint","urlTemplate":"https:\/\/www.manaus.am.gov.br\/fdt\/?s={search_term_string}"},"query-input":"required name=search_term_string"}],"inLanguage":"pt-BR"}]}},"_links":{"self":[{"href":"https:\/\/www.manaus.am.gov.br\/fdt\/wp-json\/wp\/v2\/pages\/2516"}],"collection":[{"href":"https:\/\/www.manaus.am.gov.br\/fdt\/wp-json\/wp\/v2\/pages"}],"about":[{"href":"https:\/\/www.manaus.am.gov.br\/fdt\/wp-json\/wp\/v2\/types\/page"}],"author":[{"embeddable":true,"href":"https:\/\/www.manaus.am.gov.br\/fdt\/wp-json\/wp\/v2\/users\/8"}],"replies":[{"embeddable":true,"href":"https:\/\/www.manaus.am.gov.br\/fdt\/wp-json\/wp\/v2\/comments?post=2516"}],"version-history":[{"count":10,"href":"https:\/\/www.manaus.am.gov.br\/fdt\/wp-json\/wp\/v2\/pages\/2516\/revisions"}],"predecessor-version":[{"id":2538,"href":"https:\/\/www.manaus.am.gov.br\/fdt\/wp-json\/wp\/v2\/pages\/2516\/revisions\/2538"}],"wp:attachment":[{"href":"https:\/\/www.manaus.am.gov.br\/fdt\/wp-json\/wp\/v2\/media?parent=2516"}],"curies":[{"name":"wp","href":"https:\/\/api.w.org\/{rel}","templated":true}]}}