{"id":250,"date":"2023-02-28T15:17:35","date_gmt":"2023-02-28T19:17:35","guid":{"rendered":"https:\/\/www.manaus.am.gov.br\/fdt\/?page_id=250"},"modified":"2023-04-03T18:36:53","modified_gmt":"2023-04-03T22:36:53","slug":"programa-de-atendimento-domiciliar-padi","status":"publish","type":"page","link":"https:\/\/www.manaus.am.gov.br\/fdt\/a-fundacao-doutor-thomas\/programa-de-atendimento-domiciliar-padi\/","title":{"rendered":"Programa de Atendimento Domiciliar ao Idoso"},"content":{"rendered":"\n<p>O Programa de Atendimento Domiciliar ao Idoso (PADI) foi criado em setembro de 1997. \u00c9 um servi\u00e7o da Prefeitura Municipal de Manaus, executado pela Funda\u00e7\u00e3o de Apoio ao Idoso Dr. Thomas, fazendo parte da Pol\u00edtica Municipal do Idoso. Caracteriza-se pela realiza\u00e7\u00e3o de visita domiciliar com uma equipe multiprofissional.<\/p>\n\n\n\n<p>As visitas s\u00e3o realizadas quando solicitadas atrav\u00e9s do Disque Idoso 165, demanda espont\u00e2nea e ainda atrav\u00e9s da Rede de Prote\u00e7\u00e3o \u00e0 Pessoa Idosa. Por meio dessas visitas, a equipe do PADI tem como objetivo ceder informa\u00e7\u00f5es, propor interven\u00e7\u00f5es e pr\u00e1ticas de cuidados sobre o processo de envelhecimento, possibilitando uma melhor qualidade de vida para os cuidadores e familiares, contribuindo para que o idoso permane\u00e7a no seio da fam\u00edlia, melhorando o ambiente de conviv\u00eancia de ambas as partes envolvidas no processo e evitando a institucionaliza\u00e7\u00e3o.<\/p>\n\n\n\n<p>O Programa de Atendimento Domiciliar ao Idoso (PADI) atende pessoas de ambos os sexos a partir de 60 anos. Tendo como \u00e1rea de abrang\u00eancia todo o per\u00edmetro urbano da cidade de Manaus.<\/p>\n","protected":false},"excerpt":{"rendered":"","protected":false},"author":27,"featured_media":0,"parent":202,"menu_order":0,"comment_status":"closed","ping_status":"closed","template":"","meta":{"footnotes":""},"acf":[],"yoast_head":"<!-- This site is optimized with the Yoast SEO plugin v23.0 - https:\/\/yoast.com\/wordpress\/plugins\/seo\/ -->\n<title>Programa de Atendimento Domiciliar ao Idoso - FDT<\/title>\n<meta name=\"robots\" content=\"index, follow, max-snippet:-1, max-image-preview:large, max-video-preview:-1\" \/>\n<link rel=\"canonical\" href=\"https:\/\/www.manaus.am.gov.br\/fdt\/a-fundacao-doutor-thomas\/programa-de-atendimento-domiciliar-padi\/\" \/>\n<meta property=\"og:locale\" content=\"pt_BR\" \/>\n<meta property=\"og:type\" content=\"article\" \/>\n<meta property=\"og:title\" content=\"Programa de Atendimento Domiciliar ao Idoso - FDT\" \/>\n<meta property=\"og:url\" content=\"https:\/\/www.manaus.am.gov.br\/fdt\/a-fundacao-doutor-thomas\/programa-de-atendimento-domiciliar-padi\/\" \/>\n<meta property=\"og:site_name\" content=\"FDT\" \/>\n<meta property=\"article:modified_time\" content=\"2023-04-03T22:36:53+00:00\" \/>\n<meta name=\"twitter:card\" content=\"summary_large_image\" \/>\n<meta name=\"twitter:label1\" content=\"Est. reading time\" \/>\n\t<meta name=\"twitter:data1\" content=\"1 minuto\" \/>\n<script type=\"application\/ld+json\" class=\"yoast-schema-graph\">{\"@context\":\"https:\/\/schema.org\",\"@graph\":[{\"@type\":\"WebPage\",\"@id\":\"https:\/\/www.manaus.am.gov.br\/fdt\/a-fundacao-doutor-thomas\/programa-de-atendimento-domiciliar-padi\/\",\"url\":\"https:\/\/www.manaus.am.gov.br\/fdt\/a-fundacao-doutor-thomas\/programa-de-atendimento-domiciliar-padi\/\",\"name\":\"Programa de Atendimento Domiciliar ao Idoso - FDT\",\"isPartOf\":{\"@id\":\"https:\/\/www.manaus.am.gov.br\/fdt\/#website\"},\"datePublished\":\"2023-02-28T19:17:35+00:00\",\"dateModified\":\"2023-04-03T22:36:53+00:00\",\"breadcrumb\":{\"@id\":\"https:\/\/www.manaus.am.gov.br\/fdt\/a-fundacao-doutor-thomas\/programa-de-atendimento-domiciliar-padi\/#breadcrumb\"},\"inLanguage\":\"pt-BR\",\"potentialAction\":[{\"@type\":\"ReadAction\",\"target\":[\"https:\/\/www.manaus.am.gov.br\/fdt\/a-fundacao-doutor-thomas\/programa-de-atendimento-domiciliar-padi\/\"]}]},{\"@type\":\"BreadcrumbList\",\"@id\":\"https:\/\/www.manaus.am.gov.br\/fdt\/a-fundacao-doutor-thomas\/programa-de-atendimento-domiciliar-padi\/#breadcrumb\",\"itemListElement\":[{\"@type\":\"ListItem\",\"position\":1,\"name\":\"Home\",\"item\":\"https:\/\/www.manaus.am.gov.br\/fdt\/\"},{\"@type\":\"ListItem\",\"position\":2,\"name\":\"FUNDA\u00c7\u00c3O DOUTOR THOMAS\",\"item\":\"https:\/\/www.manaus.am.gov.br\/fdt\/a-fundacao-doutor-thomas\/\"},{\"@type\":\"ListItem\",\"position\":3,\"name\":\"Programa de Atendimento Domiciliar ao Idoso\"}]},{\"@type\":\"WebSite\",\"@id\":\"https:\/\/www.manaus.am.gov.br\/fdt\/#website\",\"url\":\"https:\/\/www.manaus.am.gov.br\/fdt\/\",\"name\":\"FDT\",\"description\":\"Funda\u00e7\u00e3o de Apoio ao Idoso Dr. Thomas\",\"potentialAction\":[{\"@type\":\"SearchAction\",\"target\":{\"@type\":\"EntryPoint\",\"urlTemplate\":\"https:\/\/www.manaus.am.gov.br\/fdt\/?s={search_term_string}\"},\"query-input\":\"required name=search_term_string\"}],\"inLanguage\":\"pt-BR\"}]}<\/script>\n<!-- \/ Yoast SEO plugin. -->","yoast_head_json":{"title":"Programa de Atendimento Domiciliar ao Idoso - FDT","robots":{"index":"index","follow":"follow","max-snippet":"max-snippet:-1","max-image-preview":"max-image-preview:large","max-video-preview":"max-video-preview:-1"},"canonical":"https:\/\/www.manaus.am.gov.br\/fdt\/a-fundacao-doutor-thomas\/programa-de-atendimento-domiciliar-padi\/","og_locale":"pt_BR","og_type":"article","og_title":"Programa de Atendimento Domiciliar ao Idoso - FDT","og_url":"https:\/\/www.manaus.am.gov.br\/fdt\/a-fundacao-doutor-thomas\/programa-de-atendimento-domiciliar-padi\/","og_site_name":"FDT","article_modified_time":"2023-04-03T22:36:53+00:00","twitter_card":"summary_large_image","twitter_misc":{"Est. reading time":"1 minuto"},"schema":{"@context":"https:\/\/schema.org","@graph":[{"@type":"WebPage","@id":"https:\/\/www.manaus.am.gov.br\/fdt\/a-fundacao-doutor-thomas\/programa-de-atendimento-domiciliar-padi\/","url":"https:\/\/www.manaus.am.gov.br\/fdt\/a-fundacao-doutor-thomas\/programa-de-atendimento-domiciliar-padi\/","name":"Programa de Atendimento Domiciliar ao Idoso - FDT","isPartOf":{"@id":"https:\/\/www.manaus.am.gov.br\/fdt\/#website"},"datePublished":"2023-02-28T19:17:35+00:00","dateModified":"2023-04-03T22:36:53+00:00","breadcrumb":{"@id":"https:\/\/www.manaus.am.gov.br\/fdt\/a-fundacao-doutor-thomas\/programa-de-atendimento-domiciliar-padi\/#breadcrumb"},"inLanguage":"pt-BR","potentialAction":[{"@type":"ReadAction","target":["https:\/\/www.manaus.am.gov.br\/fdt\/a-fundacao-doutor-thomas\/programa-de-atendimento-domiciliar-padi\/"]}]},{"@type":"BreadcrumbList","@id":"https:\/\/www.manaus.am.gov.br\/fdt\/a-fundacao-doutor-thomas\/programa-de-atendimento-domiciliar-padi\/#breadcrumb","itemListElement":[{"@type":"ListItem","position":1,"name":"Home","item":"https:\/\/www.manaus.am.gov.br\/fdt\/"},{"@type":"ListItem","position":2,"name":"FUNDA\u00c7\u00c3O DOUTOR THOMAS","item":"https:\/\/www.manaus.am.gov.br\/fdt\/a-fundacao-doutor-thomas\/"},{"@type":"ListItem","position":3,"name":"Programa de Atendimento Domiciliar ao Idoso"}]},{"@type":"WebSite","@id":"https:\/\/www.manaus.am.gov.br\/fdt\/#website","url":"https:\/\/www.manaus.am.gov.br\/fdt\/","name":"FDT","description":"Funda\u00e7\u00e3o de Apoio ao Idoso Dr. Thomas","potentialAction":[{"@type":"SearchAction","target":{"@type":"EntryPoint","urlTemplate":"https:\/\/www.manaus.am.gov.br\/fdt\/?s={search_term_string}"},"query-input":"required name=search_term_string"}],"inLanguage":"pt-BR"}]}},"_links":{"self":[{"href":"https:\/\/www.manaus.am.gov.br\/fdt\/wp-json\/wp\/v2\/pages\/250"}],"collection":[{"href":"https:\/\/www.manaus.am.gov.br\/fdt\/wp-json\/wp\/v2\/pages"}],"about":[{"href":"https:\/\/www.manaus.am.gov.br\/fdt\/wp-json\/wp\/v2\/types\/page"}],"author":[{"embeddable":true,"href":"https:\/\/www.manaus.am.gov.br\/fdt\/wp-json\/wp\/v2\/users\/27"}],"replies":[{"embeddable":true,"href":"https:\/\/www.manaus.am.gov.br\/fdt\/wp-json\/wp\/v2\/comments?post=250"}],"version-history":[{"count":3,"href":"https:\/\/www.manaus.am.gov.br\/fdt\/wp-json\/wp\/v2\/pages\/250\/revisions"}],"predecessor-version":[{"id":934,"href":"https:\/\/www.manaus.am.gov.br\/fdt\/wp-json\/wp\/v2\/pages\/250\/revisions\/934"}],"up":[{"embeddable":true,"href":"https:\/\/www.manaus.am.gov.br\/fdt\/wp-json\/wp\/v2\/pages\/202"}],"wp:attachment":[{"href":"https:\/\/www.manaus.am.gov.br\/fdt\/wp-json\/wp\/v2\/media?parent=250"}],"curies":[{"name":"wp","href":"https:\/\/api.w.org\/{rel}","templated":true}]}}