{"id":248,"date":"2023-02-28T15:17:23","date_gmt":"2023-02-28T19:17:23","guid":{"rendered":"https:\/\/www.manaus.am.gov.br\/fdt\/?page_id=248"},"modified":"2024-11-04T10:52:46","modified_gmt":"2024-11-04T14:52:46","slug":"conselho-municipal-do-idoso","status":"publish","type":"page","link":"https:\/\/www.manaus.am.gov.br\/fdt\/a-fundacao-doutor-thomas\/conselho-municipal-do-idoso\/","title":{"rendered":"Conselho Municipal do Idoso"},"content":{"rendered":"\n<p>O Conselho Municipal do Idoso \u2013 CMI \u2013, foi criado pela Lei n\u00ba 628, de 8 de novembro de 2001. \u00c9 um \u00f3rg\u00e3o colegiado de car\u00e1ter consultivo, deliberativo e controlador da pol\u00edtica de defesa dos direitos do idoso, veiculado \u00e0 Funda\u00e7\u00e3o Dr. Thomas, respons\u00e1vel pela coordena\u00e7\u00e3o e execu\u00e7\u00e3o da pol\u00edtica municipal de defesa dos direitos do idoso.<\/p>\n\n\n\n<p>S\u00e3o compet\u00eancias do Conselho Municipal do Idoso:<br>I \u2013 a defini\u00e7\u00e3o de diretrizes, delibera\u00e7\u00e3o, acompanhamento e controle da Pol\u00edtica Municipal do Idoso;<br>II \u2013 a prote\u00e7\u00e3o e defesa dos direitos do Idoso, observada a legisla\u00e7\u00e3o em vigor, corroborando para a sua plena inser\u00e7\u00e3o na vida s\u00f3cio-econ\u00f4mica e pol\u00edtico-cultural do Munic\u00edpio de Manaus, objetivando, ainda, a elimina\u00e7\u00e3o de preconceitos;<br>III \u2013 a indica\u00e7\u00e3o de prioridades de atua\u00e7\u00e3o e de defini\u00e7\u00e3o da aplica\u00e7\u00e3o dos recursos p\u00fablicos municipais destinados \u00e0s pol\u00edticas sociais b\u00e1sicas de aten\u00e7\u00e3o ao Idoso;<br>IV \u2013 a aprova\u00e7\u00e3o da proposta or\u00e7ament\u00e1ria do Munic\u00edpio a ser encaminhada pelo \u00f3rg\u00e3o coordenador da Pol\u00edtica Municipal do Idoso;<br>V \u2013 a proposi\u00e7\u00e3o aos poderes constitu\u00eddos de modifica\u00e7\u00f5es nas estruturas dos \u00f3rg\u00e3os governamentais diretamente ligados \u00e0 promo\u00e7\u00e3o, prote\u00e7\u00e3o e defesa dos direitos do Idoso;<br>VI \u2013 o oferecimento de subs\u00eddios para a elabora\u00e7\u00e3o de leis atinentes aos interesses dos Idosos;<br>VII \u2013 a constante interface com os Conselhos de Direitos e de Pol\u00edticas Setoriais;<br>VIII \u2013 o incentivo e o apoio \u00e0 realiza\u00e7\u00e3o de eventos, estudos e pesquisas no campo da promo\u00e7\u00e3o, da prote\u00e7\u00e3o e da defesa dos direitos do Idoso;<br>IX \u2013 a promo\u00e7\u00e3o de interc\u00e2mbio com entidades p\u00fablicas, particulares, organismos nacionais, internacionais e estrangeiros, visando atender a seus objetivos;<br>X \u2013 o pronunciamento, a emiss\u00e3o de pareceres e a presta\u00e7\u00e3o de informa\u00e7\u00f5es sobre assuntos que digam respeito \u00e0 promo\u00e7\u00e3o, \u00e0 prote\u00e7\u00e3o e \u00e0 defesa dos direitos do idoso;<br>XI \u2013 a elabora\u00e7\u00e3o e aprova\u00e7\u00e3o do seu Regimento Interno;<br>XII \u2013 a aprova\u00e7\u00e3o, de acordo com crit\u00e9rios estabelecidos em seu regimento interno, do cadastramento de entidades de defesa ou de atendimento ao Idoso que pretendam integrar o Conselho;<br>XIII \u2013 o recebimento de peti\u00e7\u00f5es, den\u00fancias, reclama\u00e7\u00f5es, representa\u00e7\u00f5es ou queixas de qualquer pessoa por desrespeito aos direitos assegurados aos Idosos, adotando as medidas cab\u00edveis;<br>XIV \u2013 a convoca\u00e7\u00e3o a F\u00f3rum das Entidades N\u00e3o-Governamentais, para elei\u00e7\u00e3o dos seus representantes no Conselho;<\/p>\n\n\n\n<p>O Conselho \u00e9 constitu\u00eddo, paritariamente, por 08 (oito) representantes de Organiza\u00e7\u00f5es Governamentais e 08 (oito) de Organiza\u00e7\u00e3o n\u00e3o-governamentais.<\/p>\n\n\n\n<p>Presidente: Cl\u00e9lia Maia Ferreira.<\/p>\n\n\n\n<p>O Conselho Municipal do Idoso funciona no Centro Social Urbano \u2013 Parque 10 de Novembro, na avenida Perimetral, n\u00ba 22 \u2013 Conjunto Castelo Branco. Telefone para contato: (92) 98844-5148<\/p>\n","protected":false},"excerpt":{"rendered":"","protected":false},"author":27,"featured_media":0,"parent":202,"menu_order":0,"comment_status":"closed","ping_status":"closed","template":"templates\/turismo.php","meta":{"footnotes":""},"acf":[],"yoast_head":"<!-- This site is optimized with the Yoast SEO plugin v23.0 - https:\/\/yoast.com\/wordpress\/plugins\/seo\/ -->\n<title>Conselho Municipal do Idoso - FDT<\/title>\n<meta name=\"robots\" content=\"index, follow, max-snippet:-1, max-image-preview:large, max-video-preview:-1\" \/>\n<link rel=\"canonical\" href=\"https:\/\/www.manaus.am.gov.br\/fdt\/a-fundacao-doutor-thomas\/conselho-municipal-do-idoso\/\" \/>\n<meta property=\"og:locale\" content=\"pt_BR\" \/>\n<meta property=\"og:type\" content=\"article\" \/>\n<meta property=\"og:title\" content=\"Conselho Municipal do Idoso - FDT\" \/>\n<meta property=\"og:url\" content=\"https:\/\/www.manaus.am.gov.br\/fdt\/a-fundacao-doutor-thomas\/conselho-municipal-do-idoso\/\" \/>\n<meta property=\"og:site_name\" content=\"FDT\" \/>\n<meta property=\"article:modified_time\" content=\"2024-11-04T14:52:46+00:00\" \/>\n<meta name=\"twitter:card\" content=\"summary_large_image\" \/>\n<meta name=\"twitter:label1\" content=\"Est. reading time\" \/>\n\t<meta name=\"twitter:data1\" content=\"3 minutos\" \/>\n<script type=\"application\/ld+json\" class=\"yoast-schema-graph\">{\"@context\":\"https:\/\/schema.org\",\"@graph\":[{\"@type\":\"WebPage\",\"@id\":\"https:\/\/www.manaus.am.gov.br\/fdt\/a-fundacao-doutor-thomas\/conselho-municipal-do-idoso\/\",\"url\":\"https:\/\/www.manaus.am.gov.br\/fdt\/a-fundacao-doutor-thomas\/conselho-municipal-do-idoso\/\",\"name\":\"Conselho Municipal do Idoso - FDT\",\"isPartOf\":{\"@id\":\"https:\/\/www.manaus.am.gov.br\/fdt\/#website\"},\"datePublished\":\"2023-02-28T19:17:23+00:00\",\"dateModified\":\"2024-11-04T14:52:46+00:00\",\"breadcrumb\":{\"@id\":\"https:\/\/www.manaus.am.gov.br\/fdt\/a-fundacao-doutor-thomas\/conselho-municipal-do-idoso\/#breadcrumb\"},\"inLanguage\":\"pt-BR\",\"potentialAction\":[{\"@type\":\"ReadAction\",\"target\":[\"https:\/\/www.manaus.am.gov.br\/fdt\/a-fundacao-doutor-thomas\/conselho-municipal-do-idoso\/\"]}]},{\"@type\":\"BreadcrumbList\",\"@id\":\"https:\/\/www.manaus.am.gov.br\/fdt\/a-fundacao-doutor-thomas\/conselho-municipal-do-idoso\/#breadcrumb\",\"itemListElement\":[{\"@type\":\"ListItem\",\"position\":1,\"name\":\"Home\",\"item\":\"https:\/\/www.manaus.am.gov.br\/fdt\/\"},{\"@type\":\"ListItem\",\"position\":2,\"name\":\"FUNDA\u00c7\u00c3O DOUTOR THOMAS\",\"item\":\"https:\/\/www.manaus.am.gov.br\/fdt\/a-fundacao-doutor-thomas\/\"},{\"@type\":\"ListItem\",\"position\":3,\"name\":\"Conselho Municipal do Idoso\"}]},{\"@type\":\"WebSite\",\"@id\":\"https:\/\/www.manaus.am.gov.br\/fdt\/#website\",\"url\":\"https:\/\/www.manaus.am.gov.br\/fdt\/\",\"name\":\"FDT\",\"description\":\"Funda\u00e7\u00e3o de Apoio ao Idoso Dr. Thomas\",\"potentialAction\":[{\"@type\":\"SearchAction\",\"target\":{\"@type\":\"EntryPoint\",\"urlTemplate\":\"https:\/\/www.manaus.am.gov.br\/fdt\/?s={search_term_string}\"},\"query-input\":\"required name=search_term_string\"}],\"inLanguage\":\"pt-BR\"}]}<\/script>\n<!-- \/ Yoast SEO plugin. -->","yoast_head_json":{"title":"Conselho Municipal do Idoso - FDT","robots":{"index":"index","follow":"follow","max-snippet":"max-snippet:-1","max-image-preview":"max-image-preview:large","max-video-preview":"max-video-preview:-1"},"canonical":"https:\/\/www.manaus.am.gov.br\/fdt\/a-fundacao-doutor-thomas\/conselho-municipal-do-idoso\/","og_locale":"pt_BR","og_type":"article","og_title":"Conselho Municipal do Idoso - FDT","og_url":"https:\/\/www.manaus.am.gov.br\/fdt\/a-fundacao-doutor-thomas\/conselho-municipal-do-idoso\/","og_site_name":"FDT","article_modified_time":"2024-11-04T14:52:46+00:00","twitter_card":"summary_large_image","twitter_misc":{"Est. reading time":"3 minutos"},"schema":{"@context":"https:\/\/schema.org","@graph":[{"@type":"WebPage","@id":"https:\/\/www.manaus.am.gov.br\/fdt\/a-fundacao-doutor-thomas\/conselho-municipal-do-idoso\/","url":"https:\/\/www.manaus.am.gov.br\/fdt\/a-fundacao-doutor-thomas\/conselho-municipal-do-idoso\/","name":"Conselho Municipal do Idoso - FDT","isPartOf":{"@id":"https:\/\/www.manaus.am.gov.br\/fdt\/#website"},"datePublished":"2023-02-28T19:17:23+00:00","dateModified":"2024-11-04T14:52:46+00:00","breadcrumb":{"@id":"https:\/\/www.manaus.am.gov.br\/fdt\/a-fundacao-doutor-thomas\/conselho-municipal-do-idoso\/#breadcrumb"},"inLanguage":"pt-BR","potentialAction":[{"@type":"ReadAction","target":["https:\/\/www.manaus.am.gov.br\/fdt\/a-fundacao-doutor-thomas\/conselho-municipal-do-idoso\/"]}]},{"@type":"BreadcrumbList","@id":"https:\/\/www.manaus.am.gov.br\/fdt\/a-fundacao-doutor-thomas\/conselho-municipal-do-idoso\/#breadcrumb","itemListElement":[{"@type":"ListItem","position":1,"name":"Home","item":"https:\/\/www.manaus.am.gov.br\/fdt\/"},{"@type":"ListItem","position":2,"name":"FUNDA\u00c7\u00c3O DOUTOR THOMAS","item":"https:\/\/www.manaus.am.gov.br\/fdt\/a-fundacao-doutor-thomas\/"},{"@type":"ListItem","position":3,"name":"Conselho Municipal do Idoso"}]},{"@type":"WebSite","@id":"https:\/\/www.manaus.am.gov.br\/fdt\/#website","url":"https:\/\/www.manaus.am.gov.br\/fdt\/","name":"FDT","description":"Funda\u00e7\u00e3o de Apoio ao Idoso Dr. Thomas","potentialAction":[{"@type":"SearchAction","target":{"@type":"EntryPoint","urlTemplate":"https:\/\/www.manaus.am.gov.br\/fdt\/?s={search_term_string}"},"query-input":"required name=search_term_string"}],"inLanguage":"pt-BR"}]}},"_links":{"self":[{"href":"https:\/\/www.manaus.am.gov.br\/fdt\/wp-json\/wp\/v2\/pages\/248"}],"collection":[{"href":"https:\/\/www.manaus.am.gov.br\/fdt\/wp-json\/wp\/v2\/pages"}],"about":[{"href":"https:\/\/www.manaus.am.gov.br\/fdt\/wp-json\/wp\/v2\/types\/page"}],"author":[{"embeddable":true,"href":"https:\/\/www.manaus.am.gov.br\/fdt\/wp-json\/wp\/v2\/users\/27"}],"replies":[{"embeddable":true,"href":"https:\/\/www.manaus.am.gov.br\/fdt\/wp-json\/wp\/v2\/comments?post=248"}],"version-history":[{"count":7,"href":"https:\/\/www.manaus.am.gov.br\/fdt\/wp-json\/wp\/v2\/pages\/248\/revisions"}],"predecessor-version":[{"id":2242,"href":"https:\/\/www.manaus.am.gov.br\/fdt\/wp-json\/wp\/v2\/pages\/248\/revisions\/2242"}],"up":[{"embeddable":true,"href":"https:\/\/www.manaus.am.gov.br\/fdt\/wp-json\/wp\/v2\/pages\/202"}],"wp:attachment":[{"href":"https:\/\/www.manaus.am.gov.br\/fdt\/wp-json\/wp\/v2\/media?parent=248"}],"curies":[{"name":"wp","href":"https:\/\/api.w.org\/{rel}","templated":true}]}}