{"id":246,"date":"2023-02-28T15:17:06","date_gmt":"2023-02-28T19:17:06","guid":{"rendered":"https:\/\/www.manaus.am.gov.br\/fdt\/?page_id=246"},"modified":"2023-04-05T16:47:43","modified_gmt":"2023-04-05T20:47:43","slug":"programa-conviver-parque-municipal-do-idoso","status":"publish","type":"page","link":"https:\/\/www.manaus.am.gov.br\/fdt\/a-fundacao-doutor-thomas\/programa-conviver-parque-municipal-do-idoso\/","title":{"rendered":"Programa Conviver \u2013 Parque Municipal do Idoso"},"content":{"rendered":"\n<p>Executado nas depend\u00eancias do Parque Municipal do Idoso (PMI), o Programa Conviver beneficia milhares de idosos todos os dias com atividades f\u00edsicas, laborativas, recreativas, culturais e de educa\u00e7\u00e3o para a cidadania.<\/p>\n\n\n\n<h3 class=\"wp-block-heading\">Estrutura:<\/h3>\n\n\n\n<p>O Parque disp\u00f5e de piscina t\u00e9rmica, gin\u00e1sio coberto, audit\u00f3rio com 200 lugares, pista de caminhada, salas de aula, dan\u00e7a e arte, lanchonete e sal\u00e3o de beleza.<\/p>\n\n\n\n<h3 class=\"wp-block-heading\">Atividades Oferecidas:<\/h3>\n\n\n\n<p>Pilates funcional, caminhada orientada, pilates solo, gin\u00e1stica, alongamento, hidrogin\u00e1stica, nata\u00e7\u00e3o, gin\u00e1stica elaborada, gin\u00e1stica terap\u00eautica, yoga, medita\u00e7\u00e3o, dan\u00e7a de sal\u00e3o, dan\u00e7a coreogr\u00e1fica, academia ao ar livre, sala de muscula\u00e7\u00e3o, studio de pilates, teatro, canto, coral, flauta doce, viol\u00e3o, oficina da mem\u00f3ria e da cidadania, artesanato, Seresta Prosa e Poesia, domin\u00f3 e sinuca.<\/p>\n\n\n\n<p>Uma equipe multiprofissional, formada por assistentes sociais, psic\u00f3logos, professores de educa\u00e7\u00e3o f\u00edsica, instrutores, auxiliares de enfermagem, funcion\u00e1rios dos setores t\u00e9cnico e administrativo, orienta as atividades.<\/p>\n\n\n\n<h3 class=\"wp-block-heading\">Crit\u00e9rios para admiss\u00e3o:<\/h3>\n\n\n\n<p>No turno da manh\u00e3 s\u00e3o admitidos idosos a partir de 60 anos, no hor\u00e1rio da tarde, com o projeto envelhecer feliz, s\u00e3o admitidos adultos a partir de 50 anos.<\/p>\n\n\n\n<h3 class=\"wp-block-heading\">Documenta\u00e7\u00e3o Necess\u00e1ria:<\/h3>\n\n\n\n<p>Atestado m\u00e9dico (cardiol\u00f3gico ou geri\u00e1trico) indicando o grau de intensidade<br>RG<br>2 fotos 3\u00d74<br>Comprovante de resid\u00eancia<br>Triagem:<br>Ap\u00f3s a admiss\u00e3o o idoso dever\u00e1 ser encaminhado para entrevista nos setores de psicologia e servi\u00e7o social.<\/p>\n\n\n\n<h3 class=\"wp-block-heading\">Exames recomendados para obten\u00e7\u00e3o do atestado:<\/h3>\n\n\n\n<p>Hemograma Completo<br>Eletrocardiograma com laudo<br>EAS<br>EPF<br>Raio X do t\u00f3rax com laudo e glicemia.<\/p>\n","protected":false},"excerpt":{"rendered":"","protected":false},"author":27,"featured_media":0,"parent":202,"menu_order":0,"comment_status":"closed","ping_status":"closed","template":"templates\/prefeitura.php","meta":{"footnotes":""},"acf":[],"yoast_head":"<!-- This site is optimized with the Yoast SEO plugin v23.0 - https:\/\/yoast.com\/wordpress\/plugins\/seo\/ -->\n<title>Programa Conviver \u2013 Parque Municipal do Idoso - FDT<\/title>\n<meta name=\"robots\" content=\"index, follow, max-snippet:-1, max-image-preview:large, max-video-preview:-1\" \/>\n<link rel=\"canonical\" href=\"https:\/\/www.manaus.am.gov.br\/fdt\/a-fundacao-doutor-thomas\/programa-conviver-parque-municipal-do-idoso\/\" \/>\n<meta property=\"og:locale\" content=\"pt_BR\" \/>\n<meta property=\"og:type\" content=\"article\" \/>\n<meta property=\"og:title\" content=\"Programa Conviver \u2013 Parque Municipal do Idoso - FDT\" \/>\n<meta property=\"og:url\" content=\"https:\/\/www.manaus.am.gov.br\/fdt\/a-fundacao-doutor-thomas\/programa-conviver-parque-municipal-do-idoso\/\" \/>\n<meta property=\"og:site_name\" content=\"FDT\" \/>\n<meta property=\"article:modified_time\" content=\"2023-04-05T20:47:43+00:00\" \/>\n<meta name=\"twitter:card\" content=\"summary_large_image\" \/>\n<meta name=\"twitter:label1\" content=\"Est. reading time\" \/>\n\t<meta name=\"twitter:data1\" content=\"2 minutos\" \/>\n<script type=\"application\/ld+json\" class=\"yoast-schema-graph\">{\"@context\":\"https:\/\/schema.org\",\"@graph\":[{\"@type\":\"WebPage\",\"@id\":\"https:\/\/www.manaus.am.gov.br\/fdt\/a-fundacao-doutor-thomas\/programa-conviver-parque-municipal-do-idoso\/\",\"url\":\"https:\/\/www.manaus.am.gov.br\/fdt\/a-fundacao-doutor-thomas\/programa-conviver-parque-municipal-do-idoso\/\",\"name\":\"Programa Conviver \u2013 Parque Municipal do Idoso - FDT\",\"isPartOf\":{\"@id\":\"https:\/\/www.manaus.am.gov.br\/fdt\/#website\"},\"datePublished\":\"2023-02-28T19:17:06+00:00\",\"dateModified\":\"2023-04-05T20:47:43+00:00\",\"breadcrumb\":{\"@id\":\"https:\/\/www.manaus.am.gov.br\/fdt\/a-fundacao-doutor-thomas\/programa-conviver-parque-municipal-do-idoso\/#breadcrumb\"},\"inLanguage\":\"pt-BR\",\"potentialAction\":[{\"@type\":\"ReadAction\",\"target\":[\"https:\/\/www.manaus.am.gov.br\/fdt\/a-fundacao-doutor-thomas\/programa-conviver-parque-municipal-do-idoso\/\"]}]},{\"@type\":\"BreadcrumbList\",\"@id\":\"https:\/\/www.manaus.am.gov.br\/fdt\/a-fundacao-doutor-thomas\/programa-conviver-parque-municipal-do-idoso\/#breadcrumb\",\"itemListElement\":[{\"@type\":\"ListItem\",\"position\":1,\"name\":\"Home\",\"item\":\"https:\/\/www.manaus.am.gov.br\/fdt\/\"},{\"@type\":\"ListItem\",\"position\":2,\"name\":\"FUNDA\u00c7\u00c3O DOUTOR THOMAS\",\"item\":\"https:\/\/www.manaus.am.gov.br\/fdt\/a-fundacao-doutor-thomas\/\"},{\"@type\":\"ListItem\",\"position\":3,\"name\":\"Programa Conviver \u2013 Parque Municipal do Idoso\"}]},{\"@type\":\"WebSite\",\"@id\":\"https:\/\/www.manaus.am.gov.br\/fdt\/#website\",\"url\":\"https:\/\/www.manaus.am.gov.br\/fdt\/\",\"name\":\"FDT\",\"description\":\"Funda\u00e7\u00e3o de Apoio ao Idoso Dr. Thomas\",\"potentialAction\":[{\"@type\":\"SearchAction\",\"target\":{\"@type\":\"EntryPoint\",\"urlTemplate\":\"https:\/\/www.manaus.am.gov.br\/fdt\/?s={search_term_string}\"},\"query-input\":\"required name=search_term_string\"}],\"inLanguage\":\"pt-BR\"}]}<\/script>\n<!-- \/ Yoast SEO plugin. -->","yoast_head_json":{"title":"Programa Conviver \u2013 Parque Municipal do Idoso - FDT","robots":{"index":"index","follow":"follow","max-snippet":"max-snippet:-1","max-image-preview":"max-image-preview:large","max-video-preview":"max-video-preview:-1"},"canonical":"https:\/\/www.manaus.am.gov.br\/fdt\/a-fundacao-doutor-thomas\/programa-conviver-parque-municipal-do-idoso\/","og_locale":"pt_BR","og_type":"article","og_title":"Programa Conviver \u2013 Parque Municipal do Idoso - FDT","og_url":"https:\/\/www.manaus.am.gov.br\/fdt\/a-fundacao-doutor-thomas\/programa-conviver-parque-municipal-do-idoso\/","og_site_name":"FDT","article_modified_time":"2023-04-05T20:47:43+00:00","twitter_card":"summary_large_image","twitter_misc":{"Est. reading time":"2 minutos"},"schema":{"@context":"https:\/\/schema.org","@graph":[{"@type":"WebPage","@id":"https:\/\/www.manaus.am.gov.br\/fdt\/a-fundacao-doutor-thomas\/programa-conviver-parque-municipal-do-idoso\/","url":"https:\/\/www.manaus.am.gov.br\/fdt\/a-fundacao-doutor-thomas\/programa-conviver-parque-municipal-do-idoso\/","name":"Programa Conviver \u2013 Parque Municipal do Idoso - FDT","isPartOf":{"@id":"https:\/\/www.manaus.am.gov.br\/fdt\/#website"},"datePublished":"2023-02-28T19:17:06+00:00","dateModified":"2023-04-05T20:47:43+00:00","breadcrumb":{"@id":"https:\/\/www.manaus.am.gov.br\/fdt\/a-fundacao-doutor-thomas\/programa-conviver-parque-municipal-do-idoso\/#breadcrumb"},"inLanguage":"pt-BR","potentialAction":[{"@type":"ReadAction","target":["https:\/\/www.manaus.am.gov.br\/fdt\/a-fundacao-doutor-thomas\/programa-conviver-parque-municipal-do-idoso\/"]}]},{"@type":"BreadcrumbList","@id":"https:\/\/www.manaus.am.gov.br\/fdt\/a-fundacao-doutor-thomas\/programa-conviver-parque-municipal-do-idoso\/#breadcrumb","itemListElement":[{"@type":"ListItem","position":1,"name":"Home","item":"https:\/\/www.manaus.am.gov.br\/fdt\/"},{"@type":"ListItem","position":2,"name":"FUNDA\u00c7\u00c3O DOUTOR THOMAS","item":"https:\/\/www.manaus.am.gov.br\/fdt\/a-fundacao-doutor-thomas\/"},{"@type":"ListItem","position":3,"name":"Programa Conviver \u2013 Parque Municipal do Idoso"}]},{"@type":"WebSite","@id":"https:\/\/www.manaus.am.gov.br\/fdt\/#website","url":"https:\/\/www.manaus.am.gov.br\/fdt\/","name":"FDT","description":"Funda\u00e7\u00e3o de Apoio ao Idoso Dr. Thomas","potentialAction":[{"@type":"SearchAction","target":{"@type":"EntryPoint","urlTemplate":"https:\/\/www.manaus.am.gov.br\/fdt\/?s={search_term_string}"},"query-input":"required name=search_term_string"}],"inLanguage":"pt-BR"}]}},"_links":{"self":[{"href":"https:\/\/www.manaus.am.gov.br\/fdt\/wp-json\/wp\/v2\/pages\/246"}],"collection":[{"href":"https:\/\/www.manaus.am.gov.br\/fdt\/wp-json\/wp\/v2\/pages"}],"about":[{"href":"https:\/\/www.manaus.am.gov.br\/fdt\/wp-json\/wp\/v2\/types\/page"}],"author":[{"embeddable":true,"href":"https:\/\/www.manaus.am.gov.br\/fdt\/wp-json\/wp\/v2\/users\/27"}],"replies":[{"embeddable":true,"href":"https:\/\/www.manaus.am.gov.br\/fdt\/wp-json\/wp\/v2\/comments?post=246"}],"version-history":[{"count":5,"href":"https:\/\/www.manaus.am.gov.br\/fdt\/wp-json\/wp\/v2\/pages\/246\/revisions"}],"predecessor-version":[{"id":952,"href":"https:\/\/www.manaus.am.gov.br\/fdt\/wp-json\/wp\/v2\/pages\/246\/revisions\/952"}],"up":[{"embeddable":true,"href":"https:\/\/www.manaus.am.gov.br\/fdt\/wp-json\/wp\/v2\/pages\/202"}],"wp:attachment":[{"href":"https:\/\/www.manaus.am.gov.br\/fdt\/wp-json\/wp\/v2\/media?parent=246"}],"curies":[{"name":"wp","href":"https:\/\/api.w.org\/{rel}","templated":true}]}}