{"id":244,"date":"2023-02-28T15:16:48","date_gmt":"2023-02-28T19:16:48","guid":{"rendered":"https:\/\/www.manaus.am.gov.br\/fdt\/?page_id=244"},"modified":"2026-03-17T12:39:02","modified_gmt":"2026-03-17T16:39:02","slug":"nucleo-de-estudo-e-pesquisas-sobre-o-envelhecimento-em-manaus","status":"publish","type":"page","link":"https:\/\/www.manaus.am.gov.br\/fdt\/a-fundacao-doutor-thomas\/nucleo-de-estudo-e-pesquisas-sobre-o-envelhecimento-em-manaus\/","title":{"rendered":"N\u00facleo de Estudo e Pesquisas sobre o Envelhecimento em Manaus"},"content":{"rendered":"\n<p>A Funda\u00e7\u00e3o de Apoio \u00e0 Pessoa Idosa Doutor Thomas implantou o N\u00facleo de Estudos e Pesquisas sobre o Envelhecimento em Manaus (NEPEM), por meio do qual busca atender e orientar os grupos acad\u00eamicos universit\u00e1rios, escolas estaduais, municipais e privadas; elaborar instrumentos e estudos t\u00e9cnicos operacionais para profissionais que atuam diretamente com a pessoa idosa; realizar e participar de congressos, confer\u00eancias, semanas cient\u00edficas, simp\u00f3sios e demais eventos para a forma\u00e7\u00e3o e divulga\u00e7\u00e3o; organizar e executar pesquisa e capacita\u00e7\u00e3o, visando \u00e0 inser\u00e7\u00e3o da sociedade civil na tem\u00e1tica do envelhecimento; elaborar instrumentos t\u00e9cnicos operacionais para os profissionais que atuam diretamente com a pessoa idosa e; desenvolver outras atividades correlatas (Artigo 23 e incisos, Decreto n\u00ba 2584, de 23 de outubro de 2013).<\/p>\n\n\n\n<p>Nesse sentido, o N\u00facleo de Estudos e Pesquisas sobre o Envelhecimento em Manaus promove a produ\u00e7\u00e3o de conhecimento cient\u00edfico de car\u00e1ter multidisciplinar e interdisciplinar, promovendo a integra\u00e7\u00e3o, a socializa\u00e7\u00e3o e a divulga\u00e7\u00e3o de a\u00e7\u00f5es voltadas \u00e0 capacita\u00e7\u00e3o de equipes multiprofissionais e cuidadores de pessoas idosas, realiza\u00e7\u00e3o de cursos, oficinas, palestras, semin\u00e1rios, acompanhamento de pesquisas acad\u00eamicas, bem como a intera\u00e7\u00e3o, socializa\u00e7\u00e3o e divulga\u00e7\u00e3o das a\u00e7\u00f5es institucionais e interinstitucionais desenvolvidas por profissionais do segmento geri\u00e1trico.<\/p>\n\n\n\n<p>Entre as responsabilidades do NEPEM, est\u00e1 a coordena\u00e7\u00e3o do <strong>Curso Profissional de Cuidador da Pessoa Idosa<\/strong> e do <strong>Curso de Cuidados B\u00e1sicos da Pessoa Idosa<\/strong>, assim como outras capacita\u00e7\u00f5es voltadas para o bem-estar da pessoa idosa e do servidor da institui\u00e7\u00e3o, tamb\u00e9m tem a responsabilidade de coordenar <strong>Est\u00e1gio Curricular Obrigat\u00f3rio<\/strong>, <strong>Pesquisa Cient\u00edfica<\/strong> e <strong>Projeto de Extens\u00e3o<\/strong>.<\/p>\n\n\n\n<p><strong>CURSO PROFISSIONAL DE CUIDADOR DA PESSOA IDOSA<\/strong><\/p>\n\n\n\n<p><em>(Curso Profissional de Cuidador da Pessoa Idosa)<\/em><\/p>\n\n\n\n<p>O Curso Profissional de Cuidador da Pessoa Idosa \u00e9 oferecido pela Funda\u00e7\u00e3o Municipal de Apoio \u00e0 Pessoa Idosa Doutor Thomas desde 2006, inicialmente em parceria com a Secretaria Municipal de Sa\u00fade (SEMSA). Em 2014, passou a contar com a parceria da Escola de Servi\u00e7o P\u00fablico Municipal e Inclus\u00e3o Socioeducacional (ESPI\/SEMAD).<\/p>\n\n\n\n<p>O curso tem como objetivo proporcionar aos alunos conhecimentos e informa\u00e7\u00f5es fundamentais para o manejo adequado no cuidado \u00e0 pessoa idosa, zelando pelo bem-estar, sa\u00fade, alimenta\u00e7\u00e3o, higiene pessoal, educa\u00e7\u00e3o, cultura, recrea\u00e7\u00e3o e lazer da pessoa assistida.<\/p>\n\n\n\n<p>O curso \u00e9 gratuito, n\u00e3o \u00e9 cobrada nenhuma taxa de inscri\u00e7\u00e3o. Possui carga hor\u00e1ria total de 320 horas, sendo 240 horas te\u00f3ricas e 80 horas pr\u00e1ticas. O conte\u00fado te\u00f3rico \u00e9 dividido em 12 m\u00f3dulos, que abordam temas como primeiros socorros, nutri\u00e7\u00e3o, higiene pessoal, preven\u00e7\u00e3o de quedas e acidentes dom\u00e9sticos, acompanhamento em consultas m\u00e9dicas, no\u00e7\u00f5es de enfermagem, cidadania, entre outros aspectos relacionados ao cuidado integral da pessoa idosa. As aulas s\u00e3o ministradas por profissionais da Funda\u00e7\u00e3o Municipal de Apoio \u00e0 Pessoa Idosa Doutor Thomas e da Escola de Servi\u00e7o P\u00fablico Municipal e Inclus\u00e3o Socioeducacional. Ap\u00f3s a conclus\u00e3o das aulas te\u00f3ricas, os participantes cumprem a carga hor\u00e1ria pr\u00e1tica na Funda\u00e7\u00e3o Doutor Thomas.<\/p>\n\n\n\n<p>A atividade de cuidador de pessoas idosas foi classificada como ocupa\u00e7\u00e3o pelo Minist\u00e9rio do Trabalho e Emprego no ano de 2000, passando a constar na Classifica\u00e7\u00e3o Brasileira de Ocupa\u00e7\u00f5es (CBO), sob o c\u00f3digo 5162-10. Embora esse enquadramento n\u00e3o represente novos direitos trabalhistas, constitui um avan\u00e7o significativo para a categoria, por se tratar de um passo inicial para a regulamenta\u00e7\u00e3o da atividade.<\/p>\n\n\n\n<p>Os nomes dos cuidadores formados s\u00e3o inclu\u00eddos em um banco de dados da Funda\u00e7\u00e3o Doutor Thomas. Assim, familiares de pessoas idosas que necessitarem de apoio podem solicitar indica\u00e7\u00f5es pelo telefone (92) 3215-6007 e (92) 98844-5609, e-mail nepem.fdt@manaus.am.gov.br.<\/p>\n\n\n\n<p><strong>Crit\u00e9rios para sele\u00e7\u00e3o dos candidatos:<\/strong><\/p>\n\n\n\n<ol style=\"list-style-type:lower-alpha\">\n<li>Ser maior de idade;<\/li>\n\n\n\n<li>Possuir Ensino M\u00e9dio completo;<\/li>\n\n\n\n<li>Ter disponibilidade de tempo para frequentar os m\u00f3dulos, considerando que a certifica\u00e7\u00e3o ser\u00e1 concedida mediante comprova\u00e7\u00e3o de frequ\u00eancia no curso.<\/li>\n<\/ol>\n\n\n\n<p><strong>CURSO DE CUIDADOS B\u00c1SICOS DA PESSOA IDOSA<\/strong><\/p>\n\n\n\n<p><em>(Curso de Cuidados B\u00e1sicos da Pessoa Idosa)<\/em><\/p>\n\n\n\n<p>A capacita\u00e7\u00e3o \u00e9 resultado da parceria entre a Escola de Servi\u00e7o P\u00fablico Municipal e Inclus\u00e3o Socioeducacional (ESPI) e a Funda\u00e7\u00e3o Municipal de Apoio \u00e0 Pessoa Idosa Doutor Thomas (FMDPI). Com carga hor\u00e1ria de 30 horas, o curso tem como objetivo preparar moradores das comunidades em diferentes zonas da cidade de Manaus para oferecer um cuidado mais qualificado e humanizado \u00e0s pessoas idosas, fortalecendo a rede de apoio social e incentivando a conviv\u00eancia intergeracional nos territ\u00f3rios de Manaus.<\/p>\n\n\n\n<p>A a\u00e7\u00e3o integra o cronograma de forma\u00e7\u00f5es promovidas pela Prefeitura de Manaus, voltadas ao fortalecimento das pol\u00edticas p\u00fablicas de aten\u00e7\u00e3o \u00e0 pessoa idosa, refor\u00e7ando o compromisso da gest\u00e3o municipal com o cuidado, o respeito e a valoriza\u00e7\u00e3o das pessoas idosas em toda a cidade.<\/p>\n\n\n\n<p><strong>Est\u00e1gio Curricular Obrigat\u00f3rio<\/strong><\/p>\n\n\n\n<p>A Coordena\u00e7\u00e3o de Est\u00e1gio curricular obrigat\u00f3rio exerce um papel estrat\u00e9gico e fundamental na forma\u00e7\u00e3o acad\u00eamica e profissional dos estudantes. Atua como um verdadeiro elo de oportunidades entre a Funda\u00e7\u00e3o Dr. Thomas e as universidades, possibilitando a integra\u00e7\u00e3o entre teoria e pr\u00e1tica, conhecimento cient\u00edfico e realidade profissional.<\/p>\n\n\n\n<p>Cabe \u00e0 coordena\u00e7\u00e3o de est\u00e1gio assegurar que o ambiente proporcione condi\u00e7\u00f5es adequadas de aprendizagem, respeitando os objetivos pedag\u00f3gicos definidos nos projetos de curso. Um ambiente estruturado e acolhedor contribuem significativamente para a qualidade da experi\u00eancia formativa e para o fortalecimento da imagem institucional junto \u00e0s universidades parceiras.<\/p>\n\n\n\n<p>&nbsp;A supervis\u00e3o cont\u00ednua \u00e9 essencial para assegurar que o est\u00e1gio cumpra sua finalidade educativa, promovendo crescimento profissional, senso cr\u00edtico e postura \u00e9tica, fortalecendo o processo formativo e o di\u00e1logo interinstitucional.<\/p>\n\n\n\n<p>Dessa forma, a coordena\u00e7\u00e3o de est\u00e1gio curricular obrigat\u00f3rio da FDT, n\u00e3o apenas cumpre requisitos legais e acad\u00eamicos, mas se consolida como agente de transforma\u00e7\u00e3o e corresponsabilidade na forma\u00e7\u00e3o de futuros profissionais. Ao manter um relacionamento \u00e9tico, transparente e colaborativo com as institui\u00e7\u00f5es de ensino, reafirma seu compromisso com a educa\u00e7\u00e3o, a qualifica\u00e7\u00e3o profissional e a constru\u00e7\u00e3o de parcerias s\u00f3lidas e duradouras.<\/p>\n\n\n\n<p>Documentos necess\u00e1rios para Est\u00e1gio Curricular Obrigat\u00f3rio:<\/p>\n\n\n\n<ul>\n<li>Carta de apresenta\u00e7\u00e3o;<\/li>\n\n\n\n<li>Documentos pessoais: RG, CPF, ou a nova carteira de identidade, comprovante de resid\u00eancia (atual) e carteira de vacina pelo app ou site do gov.br (que comprove a vacina Covid19);<\/li>\n\n\n\n<li>Atestado de matr\u00edcula:&nbsp;Comprovando a frequ\u00eancia do curso;<\/li>\n\n\n\n<li>Termo de Compromisso de Est\u00e1gio (TCE):&nbsp;Instrumento que formaliza o contrato de est\u00e1gio, com as responsabilidades de cada parte e objetivos; plano de atividades, etc;<\/li>\n\n\n\n<li>Plano de atividades:&nbsp;Detalha as tarefas que o estagi\u00e1rio realizar\u00e1 durante o est\u00e1gio;<\/li>\n\n\n\n<li>Hist\u00f3rico escolar;<\/li>\n\n\n\n<li>Termo de conv\u00eanio;<\/li>\n\n\n\n<li>Ap\u00f3lice de seguro: Comprovante de cobertura.<\/li>\n\n\n\n<li>Relat\u00f3rio de atividades:&nbsp;Documento que registra as atividades realizadas pelo estagi\u00e1rio;<\/li>\n\n\n\n<li>Carta de encerramento:&nbsp;Comprovando a realiza\u00e7\u00e3o do est\u00e1gio e a conclus\u00e3o das atividades.&nbsp;<\/li>\n<\/ul>\n\n\n\n<p><strong>PESQUISA CIENT\u00cdFICA \u2013 NEPEM \/ FDT<\/strong><\/p>\n\n\n\n<p>A Funda\u00e7\u00e3o de Apoio ao Idoso Dr. Thomas (FDT) desenvolve e apoia pesquisas cient\u00edficas por meio do <strong>N\u00facleo de Estudos e Pesquisas sobre o Envelhecimento em Manaus \u2013 NEPEM<\/strong>, respons\u00e1vel pela coordena\u00e7\u00e3o, acompanhamento e regulamenta\u00e7\u00e3o das atividades de pesquisa realizadas no \u00e2mbito institucional.<\/p>\n\n\n\n<p>As pesquisas t\u00eam como finalidade contribuir para a produ\u00e7\u00e3o de conhecimento, o aprimoramento das pol\u00edticas p\u00fablicas e a qualifica\u00e7\u00e3o das a\u00e7\u00f5es voltadas \u00e0 pessoa idosa.<\/p>\n\n\n\n<p><strong>Como solicitar autoriza\u00e7\u00e3o para pesquisa<\/strong><\/p>\n\n\n\n<p>Os pesquisadores interessados em realizar estudos no \u00e2mbito da FDT\/NEPEM devem observar as orienta\u00e7\u00f5es abaixo.<\/p>\n\n\n\n<p><strong>Solicita\u00e7\u00e3o de Carta de Anu\u00eancia<\/strong><\/p>\n\n\n\n<p>Para solicitar a carta de anu\u00eancia institucional, \u00e9 necess\u00e1rio apresentar:<\/p>\n\n\n\n<ul>\n<li>Projeto detalhado, contendo objetivos, metodologia, instrumentos de coleta de dados e cronograma;<\/li>\n\n\n\n<li>Indica\u00e7\u00e3o clara do local e do per\u00edodo da pesquisa, descritos na metodologia;<\/li>\n\n\n\n<li>Folha de rosto da Plataforma Brasil, devidamente assinada, quando aplic\u00e1vel;<\/li>\n\n\n\n<li>Carta formal de solicita\u00e7\u00e3o de anu\u00eancia, em papel timbrado, com identifica\u00e7\u00e3o do projeto e do pesquisador.<\/li>\n<\/ul>\n\n\n\n<p><strong>Envio da documenta\u00e7\u00e3o<\/strong><br>Os documentos devem ser encaminhados para o e-mail:<br><strong>chefiagabinete.fdt@manaus.am.gov.br<\/strong>, contendo:<\/p>\n\n\n\n<ul>\n<li>T\u00edtulo da pesquisa;<\/li>\n\n\n\n<li>Nome do(s) pesquisador(es);<\/li>\n\n\n\n<li>Resumo conciso dos objetivos e da metodologia;<\/li>\n\n\n\n<li>Locais e per\u00edodo da coleta de dados;<\/li>\n\n\n\n<li>Projeto completo, folha de rosto assinada e CPF do pesquisador.<\/li>\n<\/ul>\n\n\n\n<p>&nbsp;<strong>Prazo de an\u00e1lise<\/strong><br>A an\u00e1lise de viabilidade institucional ocorrer\u00e1 em at\u00e9 <strong>30 dias \u00fateis<\/strong>, podendo sofrer altera\u00e7\u00f5es por motivo de for\u00e7a maior ou interesse institucional.<\/p>\n\n\n\n<p><strong>Solicita\u00e7\u00e3o de Autoriza\u00e7\u00e3o para Pesquisa<\/strong><\/p>\n\n\n\n<p>Para a autoriza\u00e7\u00e3o da pesquisa no \u00e2mbito da FDT\/NEPEM, dever\u00e3o ser apresentados:<\/p>\n\n\n\n<ul>\n<li>Of\u00edcio formal de solicita\u00e7\u00e3o;<\/li>\n\n\n\n<li>Projeto de pesquisa completo (introdu\u00e7\u00e3o, objetivos, metodologia, cronograma e bibliografia);<\/li>\n\n\n\n<li>Carta de apresenta\u00e7\u00e3o e declara\u00e7\u00e3o de matr\u00edcula, quando se tratar de pesquisador acad\u00eamico;<\/li>\n\n\n\n<li>Termo de Consentimento Livre e Esclarecido (TCLE), quando aplic\u00e1vel;<\/li>\n\n\n\n<li>Instrumentos de coleta de dados (question\u00e1rios, roteiros de entrevista, entre outros);<\/li>\n\n\n\n<li>Aprova\u00e7\u00e3o do Comit\u00ea de \u00c9tica em Pesquisa (CEP), inclusive para pesquisas com an\u00e1lise de prontu\u00e1rios ou dados secund\u00e1rios.<\/li>\n<\/ul>\n\n\n\n<p>Quando a pesquisa envolver dados institucionais, a solicita\u00e7\u00e3o dever\u00e1 estar em conformidade com a <strong>Lei de Acesso \u00e0 Informa\u00e7\u00e3o (LAI)<\/strong> e a <strong>Lei Geral de Prote\u00e7\u00e3o de Dados (LGPD)<\/strong>.<\/p>\n\n\n\n<p><strong>Envio da documenta\u00e7\u00e3o<\/strong><br>Os documentos devem ser encaminhados para: <a href=\"mailto:chefiagabinete.fdt@manaus.am.gov.br\">chefiagabinete.fdt@manaus.am.gov.br<\/a><\/p>\n\n\n\n<p><strong>Importante<\/strong><br>A coleta de dados somente poder\u00e1 ser iniciada ap\u00f3s a aprova\u00e7\u00e3o do CEP e a emiss\u00e3o da carta de libera\u00e7\u00e3o institucional.<\/p>\n\n\n\n<p><strong>Encerramento da Pesquisa<\/strong><\/p>\n\n\n\n<p>Ao t\u00e9rmino da pesquisa, o pesquisador dever\u00e1 comunicar formalmente o <strong>N\u00facleo de Estudos e Pesquisas sobre o Envelhecimento em Manaus \u2013 NEPEM<\/strong> e encaminhar o trabalho final, em formato PDF, para o e-mail: <a href=\"mailto:nepem.fdt@manaus.am.gov.br\">nepem.fdt@manaus.am.gov.br<\/a><\/p>\n\n\n\n<p><\/p>\n\n\n\n<h2 class=\"wp-block-heading\"><a href=\"https:\/\/www.manaus.am.gov.br\/fdt\/pcm-60\/\">Programa Conecta Manaus 60+<\/a><\/h2>\n","protected":false},"excerpt":{"rendered":"","protected":false},"author":27,"featured_media":0,"parent":202,"menu_order":0,"comment_status":"closed","ping_status":"closed","template":"templates\/turismo.php","meta":{"footnotes":""},"acf":[],"yoast_head":"<!-- This site is optimized with the Yoast SEO plugin v23.0 - https:\/\/yoast.com\/wordpress\/plugins\/seo\/ -->\n<title>N\u00facleo de Estudo e Pesquisas sobre o Envelhecimento em Manaus - FDT<\/title>\n<meta name=\"robots\" content=\"index, follow, max-snippet:-1, max-image-preview:large, max-video-preview:-1\" \/>\n<link rel=\"canonical\" href=\"https:\/\/www.manaus.am.gov.br\/fdt\/a-fundacao-doutor-thomas\/nucleo-de-estudo-e-pesquisas-sobre-o-envelhecimento-em-manaus\/\" \/>\n<meta property=\"og:locale\" content=\"pt_BR\" \/>\n<meta property=\"og:type\" content=\"article\" \/>\n<meta property=\"og:title\" content=\"N\u00facleo de Estudo e Pesquisas sobre o Envelhecimento em Manaus - FDT\" \/>\n<meta property=\"og:url\" content=\"https:\/\/www.manaus.am.gov.br\/fdt\/a-fundacao-doutor-thomas\/nucleo-de-estudo-e-pesquisas-sobre-o-envelhecimento-em-manaus\/\" \/>\n<meta property=\"og:site_name\" content=\"FDT\" \/>\n<meta property=\"article:modified_time\" content=\"2026-03-17T16:39:02+00:00\" \/>\n<meta name=\"twitter:card\" content=\"summary_large_image\" \/>\n<meta name=\"twitter:label1\" content=\"Est. reading time\" \/>\n\t<meta name=\"twitter:data1\" content=\"8 minutos\" \/>\n<script type=\"application\/ld+json\" class=\"yoast-schema-graph\">{\"@context\":\"https:\/\/schema.org\",\"@graph\":[{\"@type\":\"WebPage\",\"@id\":\"https:\/\/www.manaus.am.gov.br\/fdt\/a-fundacao-doutor-thomas\/nucleo-de-estudo-e-pesquisas-sobre-o-envelhecimento-em-manaus\/\",\"url\":\"https:\/\/www.manaus.am.gov.br\/fdt\/a-fundacao-doutor-thomas\/nucleo-de-estudo-e-pesquisas-sobre-o-envelhecimento-em-manaus\/\",\"name\":\"N\u00facleo de Estudo e Pesquisas sobre o Envelhecimento em Manaus - FDT\",\"isPartOf\":{\"@id\":\"https:\/\/www.manaus.am.gov.br\/fdt\/#website\"},\"datePublished\":\"2023-02-28T19:16:48+00:00\",\"dateModified\":\"2026-03-17T16:39:02+00:00\",\"breadcrumb\":{\"@id\":\"https:\/\/www.manaus.am.gov.br\/fdt\/a-fundacao-doutor-thomas\/nucleo-de-estudo-e-pesquisas-sobre-o-envelhecimento-em-manaus\/#breadcrumb\"},\"inLanguage\":\"pt-BR\",\"potentialAction\":[{\"@type\":\"ReadAction\",\"target\":[\"https:\/\/www.manaus.am.gov.br\/fdt\/a-fundacao-doutor-thomas\/nucleo-de-estudo-e-pesquisas-sobre-o-envelhecimento-em-manaus\/\"]}]},{\"@type\":\"BreadcrumbList\",\"@id\":\"https:\/\/www.manaus.am.gov.br\/fdt\/a-fundacao-doutor-thomas\/nucleo-de-estudo-e-pesquisas-sobre-o-envelhecimento-em-manaus\/#breadcrumb\",\"itemListElement\":[{\"@type\":\"ListItem\",\"position\":1,\"name\":\"Home\",\"item\":\"https:\/\/www.manaus.am.gov.br\/fdt\/\"},{\"@type\":\"ListItem\",\"position\":2,\"name\":\"FUNDA\u00c7\u00c3O DOUTOR THOMAS\",\"item\":\"https:\/\/www.manaus.am.gov.br\/fdt\/a-fundacao-doutor-thomas\/\"},{\"@type\":\"ListItem\",\"position\":3,\"name\":\"N\u00facleo de Estudo e Pesquisas sobre o Envelhecimento em Manaus\"}]},{\"@type\":\"WebSite\",\"@id\":\"https:\/\/www.manaus.am.gov.br\/fdt\/#website\",\"url\":\"https:\/\/www.manaus.am.gov.br\/fdt\/\",\"name\":\"FDT\",\"description\":\"Funda\u00e7\u00e3o de Apoio ao Idoso Dr. Thomas\",\"potentialAction\":[{\"@type\":\"SearchAction\",\"target\":{\"@type\":\"EntryPoint\",\"urlTemplate\":\"https:\/\/www.manaus.am.gov.br\/fdt\/?s={search_term_string}\"},\"query-input\":\"required name=search_term_string\"}],\"inLanguage\":\"pt-BR\"}]}<\/script>\n<!-- \/ Yoast SEO plugin. -->","yoast_head_json":{"title":"N\u00facleo de Estudo e Pesquisas sobre o Envelhecimento em Manaus - FDT","robots":{"index":"index","follow":"follow","max-snippet":"max-snippet:-1","max-image-preview":"max-image-preview:large","max-video-preview":"max-video-preview:-1"},"canonical":"https:\/\/www.manaus.am.gov.br\/fdt\/a-fundacao-doutor-thomas\/nucleo-de-estudo-e-pesquisas-sobre-o-envelhecimento-em-manaus\/","og_locale":"pt_BR","og_type":"article","og_title":"N\u00facleo de Estudo e Pesquisas sobre o Envelhecimento em Manaus - FDT","og_url":"https:\/\/www.manaus.am.gov.br\/fdt\/a-fundacao-doutor-thomas\/nucleo-de-estudo-e-pesquisas-sobre-o-envelhecimento-em-manaus\/","og_site_name":"FDT","article_modified_time":"2026-03-17T16:39:02+00:00","twitter_card":"summary_large_image","twitter_misc":{"Est. reading time":"8 minutos"},"schema":{"@context":"https:\/\/schema.org","@graph":[{"@type":"WebPage","@id":"https:\/\/www.manaus.am.gov.br\/fdt\/a-fundacao-doutor-thomas\/nucleo-de-estudo-e-pesquisas-sobre-o-envelhecimento-em-manaus\/","url":"https:\/\/www.manaus.am.gov.br\/fdt\/a-fundacao-doutor-thomas\/nucleo-de-estudo-e-pesquisas-sobre-o-envelhecimento-em-manaus\/","name":"N\u00facleo de Estudo e Pesquisas sobre o Envelhecimento em Manaus - FDT","isPartOf":{"@id":"https:\/\/www.manaus.am.gov.br\/fdt\/#website"},"datePublished":"2023-02-28T19:16:48+00:00","dateModified":"2026-03-17T16:39:02+00:00","breadcrumb":{"@id":"https:\/\/www.manaus.am.gov.br\/fdt\/a-fundacao-doutor-thomas\/nucleo-de-estudo-e-pesquisas-sobre-o-envelhecimento-em-manaus\/#breadcrumb"},"inLanguage":"pt-BR","potentialAction":[{"@type":"ReadAction","target":["https:\/\/www.manaus.am.gov.br\/fdt\/a-fundacao-doutor-thomas\/nucleo-de-estudo-e-pesquisas-sobre-o-envelhecimento-em-manaus\/"]}]},{"@type":"BreadcrumbList","@id":"https:\/\/www.manaus.am.gov.br\/fdt\/a-fundacao-doutor-thomas\/nucleo-de-estudo-e-pesquisas-sobre-o-envelhecimento-em-manaus\/#breadcrumb","itemListElement":[{"@type":"ListItem","position":1,"name":"Home","item":"https:\/\/www.manaus.am.gov.br\/fdt\/"},{"@type":"ListItem","position":2,"name":"FUNDA\u00c7\u00c3O DOUTOR THOMAS","item":"https:\/\/www.manaus.am.gov.br\/fdt\/a-fundacao-doutor-thomas\/"},{"@type":"ListItem","position":3,"name":"N\u00facleo de Estudo e Pesquisas sobre o Envelhecimento em Manaus"}]},{"@type":"WebSite","@id":"https:\/\/www.manaus.am.gov.br\/fdt\/#website","url":"https:\/\/www.manaus.am.gov.br\/fdt\/","name":"FDT","description":"Funda\u00e7\u00e3o de Apoio ao Idoso Dr. Thomas","potentialAction":[{"@type":"SearchAction","target":{"@type":"EntryPoint","urlTemplate":"https:\/\/www.manaus.am.gov.br\/fdt\/?s={search_term_string}"},"query-input":"required name=search_term_string"}],"inLanguage":"pt-BR"}]}},"_links":{"self":[{"href":"https:\/\/www.manaus.am.gov.br\/fdt\/wp-json\/wp\/v2\/pages\/244"}],"collection":[{"href":"https:\/\/www.manaus.am.gov.br\/fdt\/wp-json\/wp\/v2\/pages"}],"about":[{"href":"https:\/\/www.manaus.am.gov.br\/fdt\/wp-json\/wp\/v2\/types\/page"}],"author":[{"embeddable":true,"href":"https:\/\/www.manaus.am.gov.br\/fdt\/wp-json\/wp\/v2\/users\/27"}],"replies":[{"embeddable":true,"href":"https:\/\/www.manaus.am.gov.br\/fdt\/wp-json\/wp\/v2\/comments?post=244"}],"version-history":[{"count":5,"href":"https:\/\/www.manaus.am.gov.br\/fdt\/wp-json\/wp\/v2\/pages\/244\/revisions"}],"predecessor-version":[{"id":3493,"href":"https:\/\/www.manaus.am.gov.br\/fdt\/wp-json\/wp\/v2\/pages\/244\/revisions\/3493"}],"up":[{"embeddable":true,"href":"https:\/\/www.manaus.am.gov.br\/fdt\/wp-json\/wp\/v2\/pages\/202"}],"wp:attachment":[{"href":"https:\/\/www.manaus.am.gov.br\/fdt\/wp-json\/wp\/v2\/media?parent=244"}],"curies":[{"name":"wp","href":"https:\/\/api.w.org\/{rel}","templated":true}]}}