{"id":215,"date":"2023-02-28T11:46:12","date_gmt":"2023-02-28T15:46:12","guid":{"rendered":"https:\/\/www.manaus.am.gov.br\/fdt\/?page_id=215"},"modified":"2023-03-29T16:47:23","modified_gmt":"2023-03-29T20:47:23","slug":"sobre","status":"publish","type":"page","link":"https:\/\/www.manaus.am.gov.br\/fdt\/a-fundacao-doutor-thomas\/sobre\/","title":{"rendered":"Sobre"},"content":{"rendered":"\n<p>A Funda\u00e7\u00e3o Dr. Thomas tem a responsabilidade de coordenar e avaliar a execu\u00e7\u00e3o da Pol\u00edtica Municipal do Idoso, mediante o desenvolvimento de a\u00e7\u00f5es estrat\u00e9gicas capazes de garantir os direitos sociais da popula\u00e7\u00e3o idosa do munic\u00edpio de Manaus e assegurar a promo\u00e7\u00e3o de sua autonomia, integra\u00e7\u00e3o e participa\u00e7\u00e3o efetiva na sociedade.<\/p>\n\n\n\n<h2 class=\"wp-block-heading\">Hist\u00f3ria<\/h2>\n\n\n\n<p>A Funda\u00e7\u00e3o de Apoio ao Idoso \u201cDr. Thomas\u201d surgiu em 1909, com o nome de SOCIEDADE ASILO DE MENDICIDADE DE MANAUS. Em 1932 passou a chamar-se ASILO DE MENDICIDADE \u201cDOUTOR THOMAS\u201d, em homenagem ao m\u00e9dico canadense Harold Howard Shearme Wolferstan Thomas.<\/p>\n\n\n\n<p>Dr. Thomas pertencia \u00e0 Escola de Medicina Tropical de Liverpool, na Inglaterra, institui\u00e7\u00e3o dedicada \u00e0 medicina e sa\u00fade p\u00fablica nos tr\u00f3picos. Ele foi enviado a Manaus, em 1905, para estudar a febre amarela na regi\u00e3o amaz\u00f4nica. Chegando aqui, ele trabalhou no laborat\u00f3rio do m\u00e9dico Dr. Figueiredo Rodrigues. Depois montou seu pr\u00f3prio laborat\u00f3rio de an\u00e1lises cl\u00ednicas, chamado de The Yellow Fever Research Laboratory e posteriormente de Man\u00e1os Research Laboratory. Situava-se no pr\u00e9dio onde hoje funciona a Biblioteca P\u00fablica Municipal, na Pra\u00e7a do Congresso.<\/p>\n\n\n\n<p>O m\u00e9dico canadense sempre demonstrou seu comprometimento pela cidade, seja na pesquisa das doen\u00e7as tropicais ou no atendimento de doentes. Ele trabalhava gratuitamente na Santa Casa de Miseric\u00f3rdia, de onde \u00e9 s\u00f3cio benem\u00e9rito.<\/p>\n\n\n\n<p>M\u00e9dico humanit\u00e1rio, Dr. Thomas residia em Adrian\u00f3polis, onde hoje funciona a Escola de Enfermagem. Parte da casa foi transformada em enfermaria para o tratamento de cidad\u00e3os ingleses da Companhia de Transporte e Trabalhadores do Porto.<\/p>\n\n\n\n<p>Dr. Thomas faleceu em 1931, com 56 anos. O mausol\u00e9u est\u00e1 localizado na quadra 08, sepultura n\u00ba 698, do cemit\u00e9rio S\u00e3o Jo\u00e3o Batista.<\/p>\n\n\n\n<p>Durante todo o tempo que viveu em Manaus, o m\u00e9dico canadense se dedicou a ajudar pessoas carentes. Abrigava pessoas de v\u00e1rias idades em estado de mendic\u00e2ncia e moradores de rua, sendo a maioria idosa. Por identificar essa demanda, passou a desenvolver o trabalho de assist\u00eancia direcionando o atendimento \u00e0 popula\u00e7\u00e3o idosa da cidade.<\/p>\n\n\n\n<h2 class=\"wp-block-heading\">Miss\u00e3o<\/h2>\n\n\n\n<p>Coordenar, acompanhar e avaliar a execu\u00e7\u00e3o da Pol\u00edtica Municipal do Idoso, mediante desenvolvimento de a\u00e7\u00f5es estrat\u00e9gicas capazes de garantir os direitos sociais da popula\u00e7\u00e3o idosa do Munic\u00edpio de Manaus, e assegurar a promo\u00e7\u00e3o de sua autonomia, integra\u00e7\u00e3o e participa\u00e7\u00e3o efetiva na sociedade.<\/p>\n\n\n\n<h2 class=\"wp-block-heading\">Vis\u00e3o<\/h2>\n\n\n\n<p>Ser refer\u00eancia nacional pela excel\u00eancia no atendimento \u00e0 pessoa idosa.<\/p>\n","protected":false},"excerpt":{"rendered":"","protected":false},"author":27,"featured_media":0,"parent":202,"menu_order":0,"comment_status":"closed","ping_status":"closed","template":"templates\/turismo.php","meta":{"footnotes":""},"acf":[],"yoast_head":"<!-- This site is optimized with the Yoast SEO plugin v23.0 - https:\/\/yoast.com\/wordpress\/plugins\/seo\/ -->\n<title>Sobre - FDT<\/title>\n<meta name=\"robots\" content=\"index, follow, max-snippet:-1, max-image-preview:large, max-video-preview:-1\" \/>\n<link rel=\"canonical\" href=\"https:\/\/www.manaus.am.gov.br\/fdt\/a-fundacao-doutor-thomas\/sobre\/\" \/>\n<meta property=\"og:locale\" content=\"pt_BR\" \/>\n<meta property=\"og:type\" content=\"article\" \/>\n<meta property=\"og:title\" content=\"Sobre - FDT\" \/>\n<meta property=\"og:url\" content=\"https:\/\/www.manaus.am.gov.br\/fdt\/a-fundacao-doutor-thomas\/sobre\/\" \/>\n<meta property=\"og:site_name\" content=\"FDT\" \/>\n<meta property=\"article:modified_time\" content=\"2023-03-29T20:47:23+00:00\" \/>\n<meta name=\"twitter:card\" content=\"summary_large_image\" \/>\n<meta name=\"twitter:label1\" content=\"Est. reading time\" \/>\n\t<meta name=\"twitter:data1\" content=\"3 minutos\" \/>\n<script type=\"application\/ld+json\" class=\"yoast-schema-graph\">{\"@context\":\"https:\/\/schema.org\",\"@graph\":[{\"@type\":\"WebPage\",\"@id\":\"https:\/\/www.manaus.am.gov.br\/fdt\/a-fundacao-doutor-thomas\/sobre\/\",\"url\":\"https:\/\/www.manaus.am.gov.br\/fdt\/a-fundacao-doutor-thomas\/sobre\/\",\"name\":\"Sobre - FDT\",\"isPartOf\":{\"@id\":\"https:\/\/www.manaus.am.gov.br\/fdt\/#website\"},\"datePublished\":\"2023-02-28T15:46:12+00:00\",\"dateModified\":\"2023-03-29T20:47:23+00:00\",\"breadcrumb\":{\"@id\":\"https:\/\/www.manaus.am.gov.br\/fdt\/a-fundacao-doutor-thomas\/sobre\/#breadcrumb\"},\"inLanguage\":\"pt-BR\",\"potentialAction\":[{\"@type\":\"ReadAction\",\"target\":[\"https:\/\/www.manaus.am.gov.br\/fdt\/a-fundacao-doutor-thomas\/sobre\/\"]}]},{\"@type\":\"BreadcrumbList\",\"@id\":\"https:\/\/www.manaus.am.gov.br\/fdt\/a-fundacao-doutor-thomas\/sobre\/#breadcrumb\",\"itemListElement\":[{\"@type\":\"ListItem\",\"position\":1,\"name\":\"Home\",\"item\":\"https:\/\/www.manaus.am.gov.br\/fdt\/\"},{\"@type\":\"ListItem\",\"position\":2,\"name\":\"FUNDA\u00c7\u00c3O DOUTOR THOMAS\",\"item\":\"https:\/\/www.manaus.am.gov.br\/fdt\/a-fundacao-doutor-thomas\/\"},{\"@type\":\"ListItem\",\"position\":3,\"name\":\"Sobre\"}]},{\"@type\":\"WebSite\",\"@id\":\"https:\/\/www.manaus.am.gov.br\/fdt\/#website\",\"url\":\"https:\/\/www.manaus.am.gov.br\/fdt\/\",\"name\":\"FDT\",\"description\":\"Funda\u00e7\u00e3o de Apoio ao Idoso Dr. Thomas\",\"potentialAction\":[{\"@type\":\"SearchAction\",\"target\":{\"@type\":\"EntryPoint\",\"urlTemplate\":\"https:\/\/www.manaus.am.gov.br\/fdt\/?s={search_term_string}\"},\"query-input\":\"required name=search_term_string\"}],\"inLanguage\":\"pt-BR\"}]}<\/script>\n<!-- \/ Yoast SEO plugin. -->","yoast_head_json":{"title":"Sobre - FDT","robots":{"index":"index","follow":"follow","max-snippet":"max-snippet:-1","max-image-preview":"max-image-preview:large","max-video-preview":"max-video-preview:-1"},"canonical":"https:\/\/www.manaus.am.gov.br\/fdt\/a-fundacao-doutor-thomas\/sobre\/","og_locale":"pt_BR","og_type":"article","og_title":"Sobre - FDT","og_url":"https:\/\/www.manaus.am.gov.br\/fdt\/a-fundacao-doutor-thomas\/sobre\/","og_site_name":"FDT","article_modified_time":"2023-03-29T20:47:23+00:00","twitter_card":"summary_large_image","twitter_misc":{"Est. reading time":"3 minutos"},"schema":{"@context":"https:\/\/schema.org","@graph":[{"@type":"WebPage","@id":"https:\/\/www.manaus.am.gov.br\/fdt\/a-fundacao-doutor-thomas\/sobre\/","url":"https:\/\/www.manaus.am.gov.br\/fdt\/a-fundacao-doutor-thomas\/sobre\/","name":"Sobre - FDT","isPartOf":{"@id":"https:\/\/www.manaus.am.gov.br\/fdt\/#website"},"datePublished":"2023-02-28T15:46:12+00:00","dateModified":"2023-03-29T20:47:23+00:00","breadcrumb":{"@id":"https:\/\/www.manaus.am.gov.br\/fdt\/a-fundacao-doutor-thomas\/sobre\/#breadcrumb"},"inLanguage":"pt-BR","potentialAction":[{"@type":"ReadAction","target":["https:\/\/www.manaus.am.gov.br\/fdt\/a-fundacao-doutor-thomas\/sobre\/"]}]},{"@type":"BreadcrumbList","@id":"https:\/\/www.manaus.am.gov.br\/fdt\/a-fundacao-doutor-thomas\/sobre\/#breadcrumb","itemListElement":[{"@type":"ListItem","position":1,"name":"Home","item":"https:\/\/www.manaus.am.gov.br\/fdt\/"},{"@type":"ListItem","position":2,"name":"FUNDA\u00c7\u00c3O DOUTOR THOMAS","item":"https:\/\/www.manaus.am.gov.br\/fdt\/a-fundacao-doutor-thomas\/"},{"@type":"ListItem","position":3,"name":"Sobre"}]},{"@type":"WebSite","@id":"https:\/\/www.manaus.am.gov.br\/fdt\/#website","url":"https:\/\/www.manaus.am.gov.br\/fdt\/","name":"FDT","description":"Funda\u00e7\u00e3o de Apoio ao Idoso Dr. Thomas","potentialAction":[{"@type":"SearchAction","target":{"@type":"EntryPoint","urlTemplate":"https:\/\/www.manaus.am.gov.br\/fdt\/?s={search_term_string}"},"query-input":"required name=search_term_string"}],"inLanguage":"pt-BR"}]}},"_links":{"self":[{"href":"https:\/\/www.manaus.am.gov.br\/fdt\/wp-json\/wp\/v2\/pages\/215"}],"collection":[{"href":"https:\/\/www.manaus.am.gov.br\/fdt\/wp-json\/wp\/v2\/pages"}],"about":[{"href":"https:\/\/www.manaus.am.gov.br\/fdt\/wp-json\/wp\/v2\/types\/page"}],"author":[{"embeddable":true,"href":"https:\/\/www.manaus.am.gov.br\/fdt\/wp-json\/wp\/v2\/users\/27"}],"replies":[{"embeddable":true,"href":"https:\/\/www.manaus.am.gov.br\/fdt\/wp-json\/wp\/v2\/comments?post=215"}],"version-history":[{"count":2,"href":"https:\/\/www.manaus.am.gov.br\/fdt\/wp-json\/wp\/v2\/pages\/215\/revisions"}],"predecessor-version":[{"id":811,"href":"https:\/\/www.manaus.am.gov.br\/fdt\/wp-json\/wp\/v2\/pages\/215\/revisions\/811"}],"up":[{"embeddable":true,"href":"https:\/\/www.manaus.am.gov.br\/fdt\/wp-json\/wp\/v2\/pages\/202"}],"wp:attachment":[{"href":"https:\/\/www.manaus.am.gov.br\/fdt\/wp-json\/wp\/v2\/media?parent=215"}],"curies":[{"name":"wp","href":"https:\/\/api.w.org\/{rel}","templated":true}]}}