{"id":2115,"date":"2024-09-02T15:10:53","date_gmt":"2024-09-02T19:10:53","guid":{"rendered":"https:\/\/www.manaus.am.gov.br\/fdt\/?page_id=2115"},"modified":"2025-10-10T12:08:58","modified_gmt":"2025-10-10T16:08:58","slug":"transparencia-fdt","status":"publish","type":"page","link":"https:\/\/www.manaus.am.gov.br\/fdt\/transparencia-fdt\/","title":{"rendered":"Transpar\u00eancia &#8211; FMDPI"},"content":{"rendered":"\n<p><strong><em><u>Portal Transpar\u00eancia \u2013 FDT:<\/u><\/em><\/strong> Iniciativa da Funda\u00e7\u00e3o de Apoio ao Idoso \u201cDr. Thomas\u201d no prop\u00f3sito de tornar acess\u00edvel \u00e0 popula\u00e7\u00e3o dados e informa\u00e7\u00f5es p\u00fablicas, quanto aos Relat\u00f3rios Cont\u00e1beis que demonstre a <strong><em>Execu\u00e7\u00e3o Or\u00e7ament\u00e1ria, Financeira e Patrimonial<\/em><\/strong>, bem como os Editais de licita\u00e7\u00f5es, Dispensas \/ Inexigibilidades de Licita\u00e7\u00e3o e Concurso P\u00fablico, em complemento as informa\u00e7\u00f5es contidas no Portal da Transpar\u00eancia Municipal da Prefeitura de Manaus \u00a0(<a href=\"https:\/\/transparencia.manaus.am.gov.br\/transparencia\/v2\/#\/home\" target=\"_blank\" rel=\"noreferrer noopener\">https:\/\/transparencia.manaus.am.gov.br\/transparencia\/v2\/#\/home<\/a>), em cumprimento a Lei de Acesso \u00e0 Informa\u00e7\u00e3o (Lei 12.527 de 18\/11\/2011).<\/p>\n\n\n\n<p><strong><em><u>Lei de Acesso \u00e0 Informa\u00e7\u00e3o (LAI), Lei n\u00ba 12.527\/2011:<\/u><\/em><\/strong> Tem como objetivo garantir o direito constitucional de solicitar e obter informa\u00e7\u00f5es dos \u00f3rg\u00e3os e entidades p\u00fablicas. Podem pedir informa\u00e7\u00f5es pessoas de qualquer idade e nacionalidade, al\u00e9m de empresas e organiza\u00e7\u00f5es. O acesso \u00e0 informa\u00e7\u00e3o \u00e9 um direito de todos e um dever do Estado!&nbsp;&nbsp;<\/p>\n\n\n\n<p><strong><em><u>Decreto Municipal n\u00ba 4.157 de 20\/09\/2018:<\/u><\/em><\/strong> Regulamenta o acesso \u00e0s informa\u00e7\u00f5es no \u00e2mbito do Poder Executivo do Munic\u00edpio de Manaus, estabelecendo procedimentos e outras provid\u00eancias correlatas a serem observados por seus \u00f3rg\u00e3os e entidades, bem como pelas entidades privadas sem fins lucrativos que recebam recursos do Munic\u00edpio para a realiza\u00e7\u00e3o de atividades de interesse p\u00fablico, visando garantir o direito de acesso \u00e0 informa\u00e7\u00e3o.<\/p>\n\n\n\n<p><strong><em><u>Servi\u00e7os de Informa\u00e7\u00f5es ao Cidad\u00e3o \u2013 SIC:<\/u><\/em><\/strong> Estrutura existente na FDT para atender as solicita\u00e7\u00f5es de demandas quanto \u00e0s informa\u00e7\u00f5es de car\u00e1ter p\u00fablico (a\u00e7\u00f5es, programas, receitas, despesas, contratos, pessoal e outros). No \u00e2mbito da Funda\u00e7\u00e3o de Apoio ao Idoso \u201cDr. Thomas\u201d, os servidores respons\u00e1veis foram designados pela Portaria n\u00ba 0038\/2021-GP\/FDT:<\/p>\n\n\n\n<figure class=\"wp-block-table\"><table><tbody><tr><td class=\"has-text-align-center\" data-align=\"center\" colspan=\"4\"><strong>Fun\u00e7\u00e3o: Servi\u00e7o de Informa\u00e7\u00f5es ao Cidad\u00e3o \u2013 SIC \u2013 F\u00edsico\/Eletr\u00f4nico<\/strong><strong><\/strong><\/td><\/tr><tr><td class=\"has-text-align-center\" data-align=\"center\"><strong>Nome<\/strong><strong><\/strong><\/td><td class=\"has-text-align-center\" data-align=\"center\" colspan=\"2\"><strong>Cargo<\/strong><\/td><td><strong>Matricula<\/strong><\/td><\/tr><tr><td class=\"has-text-align-center\" data-align=\"center\" colspan=\"2\"><strong>Jos\u00e9 de Souza Melo Junior<\/strong><\/td><td class=\"has-text-align-center\" data-align=\"center\">Diretor de Departamento Financeiro\/Contabilidade<\/td><td>116.130-0I<\/td><\/tr><tr><td class=\"has-text-align-center\" data-align=\"center\" colspan=\"2\"><strong>Nelson Nazareno da Silva Rodrigues<\/strong><strong><\/strong><\/td><td class=\"has-text-align-center\" data-align=\"center\">Assistente Administrativo<\/td><td>080.549-1A<\/td><\/tr><\/tbody><\/table><\/figure>\n\n\n\n<figure class=\"wp-block-table\"><table><tbody><tr><td class=\"has-text-align-center\" data-align=\"center\" colspan=\"3\"><strong>Fun\u00e7\u00e3o: Servi\u00e7o de Informa\u00e7\u00f5es ao Cidad\u00e3o \u2013 SIC \u2013 Suplentes<\/strong><strong><\/strong><\/td><\/tr><tr><td class=\"has-text-align-center\" data-align=\"center\"><strong>Nome<\/strong><strong><\/strong><\/td><td class=\"has-text-align-center\" data-align=\"center\"><strong>Cargo<\/strong><\/td><td><strong>Matricula<\/strong><\/td><\/tr><tr><td class=\"has-text-align-center\" data-align=\"center\"><strong>Gracilene Costa Celestino<\/strong><\/td><td class=\"has-text-align-center\" data-align=\"center\">Diretora de \u00c1rea<\/td><td>112.159-6J<\/td><\/tr><tr><td class=\"has-text-align-center\" data-align=\"center\"><strong>Luciana Cabral Lopes<\/strong><strong><\/strong><\/td><td class=\"has-text-align-center\" data-align=\"center\">T\u00e9cnico Municipal Administrativo<\/td><td>123.602-4A<\/td><\/tr><tr><td class=\"has-text-align-center\" data-align=\"center\"><strong>&nbsp;<\/strong><\/td><td class=\"has-text-align-center\" data-align=\"center\">&nbsp;<\/td><td>&nbsp;<\/td><\/tr><tr><td class=\"has-text-align-center\" data-align=\"center\" colspan=\"3\"><strong><em>Contato: (92) 98842-1205 \/ (92) 98842-7872<\/em><\/strong> <strong><em>E-mail: <a href=\"mailto:financeiro.fdt@pmm.am.gov.br\">financeiro.fdt@pmm.am.gov.br<\/a><\/em><\/strong><\/td><\/tr><\/tbody><\/table><\/figure>\n","protected":false},"excerpt":{"rendered":"","protected":false},"author":8,"featured_media":0,"parent":0,"menu_order":0,"comment_status":"closed","ping_status":"closed","template":"templates\/turismo.php","meta":{"footnotes":""},"acf":[],"yoast_head":"<!-- This site is optimized with the Yoast SEO plugin v23.0 - https:\/\/yoast.com\/wordpress\/plugins\/seo\/ -->\n<title>Transpar\u00eancia - FMDPI - FDT<\/title>\n<meta name=\"robots\" content=\"index, follow, max-snippet:-1, max-image-preview:large, max-video-preview:-1\" \/>\n<link rel=\"canonical\" href=\"https:\/\/www.manaus.am.gov.br\/fdt\/transparencia-fdt\/\" \/>\n<meta property=\"og:locale\" content=\"pt_BR\" \/>\n<meta property=\"og:type\" content=\"article\" \/>\n<meta property=\"og:title\" content=\"Transpar\u00eancia - FMDPI - FDT\" \/>\n<meta property=\"og:url\" content=\"https:\/\/www.manaus.am.gov.br\/fdt\/transparencia-fdt\/\" \/>\n<meta property=\"og:site_name\" content=\"FDT\" \/>\n<meta property=\"article:modified_time\" content=\"2025-10-10T16:08:58+00:00\" \/>\n<meta name=\"twitter:card\" content=\"summary_large_image\" \/>\n<meta name=\"twitter:label1\" content=\"Est. reading time\" \/>\n\t<meta name=\"twitter:data1\" content=\"2 minutos\" \/>\n<script type=\"application\/ld+json\" class=\"yoast-schema-graph\">{\"@context\":\"https:\/\/schema.org\",\"@graph\":[{\"@type\":\"WebPage\",\"@id\":\"https:\/\/www.manaus.am.gov.br\/fdt\/transparencia-fdt\/\",\"url\":\"https:\/\/www.manaus.am.gov.br\/fdt\/transparencia-fdt\/\",\"name\":\"Transpar\u00eancia - FMDPI - FDT\",\"isPartOf\":{\"@id\":\"https:\/\/www.manaus.am.gov.br\/fdt\/#website\"},\"datePublished\":\"2024-09-02T19:10:53+00:00\",\"dateModified\":\"2025-10-10T16:08:58+00:00\",\"breadcrumb\":{\"@id\":\"https:\/\/www.manaus.am.gov.br\/fdt\/transparencia-fdt\/#breadcrumb\"},\"inLanguage\":\"pt-BR\",\"potentialAction\":[{\"@type\":\"ReadAction\",\"target\":[\"https:\/\/www.manaus.am.gov.br\/fdt\/transparencia-fdt\/\"]}]},{\"@type\":\"BreadcrumbList\",\"@id\":\"https:\/\/www.manaus.am.gov.br\/fdt\/transparencia-fdt\/#breadcrumb\",\"itemListElement\":[{\"@type\":\"ListItem\",\"position\":1,\"name\":\"Home\",\"item\":\"https:\/\/www.manaus.am.gov.br\/fdt\/\"},{\"@type\":\"ListItem\",\"position\":2,\"name\":\"Transpar\u00eancia &#8211; FMDPI\"}]},{\"@type\":\"WebSite\",\"@id\":\"https:\/\/www.manaus.am.gov.br\/fdt\/#website\",\"url\":\"https:\/\/www.manaus.am.gov.br\/fdt\/\",\"name\":\"FDT\",\"description\":\"Funda\u00e7\u00e3o de Apoio ao Idoso Dr. Thomas\",\"potentialAction\":[{\"@type\":\"SearchAction\",\"target\":{\"@type\":\"EntryPoint\",\"urlTemplate\":\"https:\/\/www.manaus.am.gov.br\/fdt\/?s={search_term_string}\"},\"query-input\":\"required name=search_term_string\"}],\"inLanguage\":\"pt-BR\"}]}<\/script>\n<!-- \/ Yoast SEO plugin. -->","yoast_head_json":{"title":"Transpar\u00eancia - FMDPI - FDT","robots":{"index":"index","follow":"follow","max-snippet":"max-snippet:-1","max-image-preview":"max-image-preview:large","max-video-preview":"max-video-preview:-1"},"canonical":"https:\/\/www.manaus.am.gov.br\/fdt\/transparencia-fdt\/","og_locale":"pt_BR","og_type":"article","og_title":"Transpar\u00eancia - FMDPI - FDT","og_url":"https:\/\/www.manaus.am.gov.br\/fdt\/transparencia-fdt\/","og_site_name":"FDT","article_modified_time":"2025-10-10T16:08:58+00:00","twitter_card":"summary_large_image","twitter_misc":{"Est. reading time":"2 minutos"},"schema":{"@context":"https:\/\/schema.org","@graph":[{"@type":"WebPage","@id":"https:\/\/www.manaus.am.gov.br\/fdt\/transparencia-fdt\/","url":"https:\/\/www.manaus.am.gov.br\/fdt\/transparencia-fdt\/","name":"Transpar\u00eancia - FMDPI - FDT","isPartOf":{"@id":"https:\/\/www.manaus.am.gov.br\/fdt\/#website"},"datePublished":"2024-09-02T19:10:53+00:00","dateModified":"2025-10-10T16:08:58+00:00","breadcrumb":{"@id":"https:\/\/www.manaus.am.gov.br\/fdt\/transparencia-fdt\/#breadcrumb"},"inLanguage":"pt-BR","potentialAction":[{"@type":"ReadAction","target":["https:\/\/www.manaus.am.gov.br\/fdt\/transparencia-fdt\/"]}]},{"@type":"BreadcrumbList","@id":"https:\/\/www.manaus.am.gov.br\/fdt\/transparencia-fdt\/#breadcrumb","itemListElement":[{"@type":"ListItem","position":1,"name":"Home","item":"https:\/\/www.manaus.am.gov.br\/fdt\/"},{"@type":"ListItem","position":2,"name":"Transpar\u00eancia &#8211; FMDPI"}]},{"@type":"WebSite","@id":"https:\/\/www.manaus.am.gov.br\/fdt\/#website","url":"https:\/\/www.manaus.am.gov.br\/fdt\/","name":"FDT","description":"Funda\u00e7\u00e3o de Apoio ao Idoso Dr. Thomas","potentialAction":[{"@type":"SearchAction","target":{"@type":"EntryPoint","urlTemplate":"https:\/\/www.manaus.am.gov.br\/fdt\/?s={search_term_string}"},"query-input":"required name=search_term_string"}],"inLanguage":"pt-BR"}]}},"_links":{"self":[{"href":"https:\/\/www.manaus.am.gov.br\/fdt\/wp-json\/wp\/v2\/pages\/2115"}],"collection":[{"href":"https:\/\/www.manaus.am.gov.br\/fdt\/wp-json\/wp\/v2\/pages"}],"about":[{"href":"https:\/\/www.manaus.am.gov.br\/fdt\/wp-json\/wp\/v2\/types\/page"}],"author":[{"embeddable":true,"href":"https:\/\/www.manaus.am.gov.br\/fdt\/wp-json\/wp\/v2\/users\/8"}],"replies":[{"embeddable":true,"href":"https:\/\/www.manaus.am.gov.br\/fdt\/wp-json\/wp\/v2\/comments?post=2115"}],"version-history":[{"count":6,"href":"https:\/\/www.manaus.am.gov.br\/fdt\/wp-json\/wp\/v2\/pages\/2115\/revisions"}],"predecessor-version":[{"id":2957,"href":"https:\/\/www.manaus.am.gov.br\/fdt\/wp-json\/wp\/v2\/pages\/2115\/revisions\/2957"}],"wp:attachment":[{"href":"https:\/\/www.manaus.am.gov.br\/fdt\/wp-json\/wp\/v2\/media?parent=2115"}],"curies":[{"name":"wp","href":"https:\/\/api.w.org\/{rel}","templated":true}]}}