{"id":138,"date":"2023-02-28T10:35:16","date_gmt":"2023-02-28T14:35:16","guid":{"rendered":"https:\/\/www.manaus.am.gov.br\/fdt\/?page_id=138"},"modified":"2026-02-24T09:52:19","modified_gmt":"2026-02-24T13:52:19","slug":"home","status":"publish","type":"page","link":"https:\/\/www.manaus.am.gov.br\/fdt\/","title":{"rendered":"Home"},"content":{"rendered":"","protected":false},"excerpt":{"rendered":"","protected":false},"author":27,"featured_media":0,"parent":0,"menu_order":0,"comment_status":"closed","ping_status":"closed","template":"templates\/home_novo_banner.php","meta":{"footnotes":""},"acf":[],"yoast_head":"<!-- This site is optimized with the Yoast SEO plugin v23.0 - https:\/\/yoast.com\/wordpress\/plugins\/seo\/ -->\n<title>Funda\u00e7\u00e3o Dr. Thomas - Prefeitura de Manaus<\/title>\n<meta name=\"description\" content=\"A Funda\u00e7\u00e3o Dr. Thomas tem a responsabilidade de coordenar e avaliar a execu\u00e7\u00e3o da Pol\u00edtica Municipal do Idoso, mediante o desenvolvimento de a\u00e7\u00f5es estrat\u00e9gicas capazes de garantir os direitos sociais da popula\u00e7\u00e3o idosa do munic\u00edpio de Manaus e assegurar a promo\u00e7\u00e3o de sua autonomia, integra\u00e7\u00e3o e participa\u00e7\u00e3o efetiva na sociedade.\" \/>\n<meta name=\"robots\" content=\"index, follow, max-snippet:-1, max-image-preview:large, max-video-preview:-1\" \/>\n<link rel=\"canonical\" href=\"https:\/\/www.manaus.am.gov.br\/fdt\/\" \/>\n<meta property=\"og:locale\" content=\"pt_BR\" \/>\n<meta property=\"og:type\" content=\"article\" \/>\n<meta property=\"og:title\" content=\"Funda\u00e7\u00e3o Dr. Thomas - Prefeitura de Manaus\" \/>\n<meta property=\"og:description\" content=\"A Funda\u00e7\u00e3o Dr. Thomas tem a responsabilidade de coordenar e avaliar a execu\u00e7\u00e3o da Pol\u00edtica Municipal do Idoso, mediante o desenvolvimento de a\u00e7\u00f5es estrat\u00e9gicas capazes de garantir os direitos sociais da popula\u00e7\u00e3o idosa do munic\u00edpio de Manaus e assegurar a promo\u00e7\u00e3o de sua autonomia, integra\u00e7\u00e3o e participa\u00e7\u00e3o efetiva na sociedade.\" \/>\n<meta property=\"og:url\" content=\"https:\/\/www.manaus.am.gov.br\/fdt\/\" \/>\n<meta property=\"og:site_name\" content=\"FDT\" \/>\n<meta property=\"article:modified_time\" content=\"2026-02-24T13:52:19+00:00\" \/>\n<meta name=\"twitter:card\" content=\"summary_large_image\" \/>\n<script type=\"application\/ld+json\" class=\"yoast-schema-graph\">{\"@context\":\"https:\/\/schema.org\",\"@graph\":[{\"@type\":\"WebPage\",\"@id\":\"https:\/\/www.manaus.am.gov.br\/fdt\/\",\"url\":\"https:\/\/www.manaus.am.gov.br\/fdt\/\",\"name\":\"Funda\u00e7\u00e3o Dr. Thomas - Prefeitura de Manaus\",\"isPartOf\":{\"@id\":\"https:\/\/www.manaus.am.gov.br\/fdt\/#website\"},\"datePublished\":\"2023-02-28T14:35:16+00:00\",\"dateModified\":\"2026-02-24T13:52:19+00:00\",\"description\":\"A Funda\u00e7\u00e3o Dr. Thomas tem a responsabilidade de coordenar e avaliar a execu\u00e7\u00e3o da Pol\u00edtica Municipal do Idoso, mediante o desenvolvimento de a\u00e7\u00f5es estrat\u00e9gicas capazes de garantir os direitos sociais da popula\u00e7\u00e3o idosa do munic\u00edpio de Manaus e assegurar a promo\u00e7\u00e3o de sua autonomia, integra\u00e7\u00e3o e participa\u00e7\u00e3o efetiva na sociedade.\",\"breadcrumb\":{\"@id\":\"https:\/\/www.manaus.am.gov.br\/fdt\/#breadcrumb\"},\"inLanguage\":\"pt-BR\",\"potentialAction\":[{\"@type\":\"ReadAction\",\"target\":[\"https:\/\/www.manaus.am.gov.br\/fdt\/\"]}]},{\"@type\":\"BreadcrumbList\",\"@id\":\"https:\/\/www.manaus.am.gov.br\/fdt\/#breadcrumb\",\"itemListElement\":[{\"@type\":\"ListItem\",\"position\":1,\"name\":\"Home\",\"item\":\"https:\/\/www.manaus.am.gov.br\/fdt\/\"},{\"@type\":\"ListItem\",\"position\":2,\"name\":\"Home\"}]},{\"@type\":\"WebSite\",\"@id\":\"https:\/\/www.manaus.am.gov.br\/fdt\/#website\",\"url\":\"https:\/\/www.manaus.am.gov.br\/fdt\/\",\"name\":\"FDT\",\"description\":\"Funda\u00e7\u00e3o de Apoio ao Idoso Dr. Thomas\",\"potentialAction\":[{\"@type\":\"SearchAction\",\"target\":{\"@type\":\"EntryPoint\",\"urlTemplate\":\"https:\/\/www.manaus.am.gov.br\/fdt\/?s={search_term_string}\"},\"query-input\":\"required name=search_term_string\"}],\"inLanguage\":\"pt-BR\"}]}<\/script>\n<!-- \/ Yoast SEO plugin. -->","yoast_head_json":{"title":"Funda\u00e7\u00e3o Dr. Thomas - Prefeitura de Manaus","description":"A Funda\u00e7\u00e3o Dr. Thomas tem a responsabilidade de coordenar e avaliar a execu\u00e7\u00e3o da Pol\u00edtica Municipal do Idoso, mediante o desenvolvimento de a\u00e7\u00f5es estrat\u00e9gicas capazes de garantir os direitos sociais da popula\u00e7\u00e3o idosa do munic\u00edpio de Manaus e assegurar a promo\u00e7\u00e3o de sua autonomia, integra\u00e7\u00e3o e participa\u00e7\u00e3o efetiva na sociedade.","robots":{"index":"index","follow":"follow","max-snippet":"max-snippet:-1","max-image-preview":"max-image-preview:large","max-video-preview":"max-video-preview:-1"},"canonical":"https:\/\/www.manaus.am.gov.br\/fdt\/","og_locale":"pt_BR","og_type":"article","og_title":"Funda\u00e7\u00e3o Dr. Thomas - Prefeitura de Manaus","og_description":"A Funda\u00e7\u00e3o Dr. Thomas tem a responsabilidade de coordenar e avaliar a execu\u00e7\u00e3o da Pol\u00edtica Municipal do Idoso, mediante o desenvolvimento de a\u00e7\u00f5es estrat\u00e9gicas capazes de garantir os direitos sociais da popula\u00e7\u00e3o idosa do munic\u00edpio de Manaus e assegurar a promo\u00e7\u00e3o de sua autonomia, integra\u00e7\u00e3o e participa\u00e7\u00e3o efetiva na sociedade.","og_url":"https:\/\/www.manaus.am.gov.br\/fdt\/","og_site_name":"FDT","article_modified_time":"2026-02-24T13:52:19+00:00","twitter_card":"summary_large_image","schema":{"@context":"https:\/\/schema.org","@graph":[{"@type":"WebPage","@id":"https:\/\/www.manaus.am.gov.br\/fdt\/","url":"https:\/\/www.manaus.am.gov.br\/fdt\/","name":"Funda\u00e7\u00e3o Dr. Thomas - Prefeitura de Manaus","isPartOf":{"@id":"https:\/\/www.manaus.am.gov.br\/fdt\/#website"},"datePublished":"2023-02-28T14:35:16+00:00","dateModified":"2026-02-24T13:52:19+00:00","description":"A Funda\u00e7\u00e3o Dr. Thomas tem a responsabilidade de coordenar e avaliar a execu\u00e7\u00e3o da Pol\u00edtica Municipal do Idoso, mediante o desenvolvimento de a\u00e7\u00f5es estrat\u00e9gicas capazes de garantir os direitos sociais da popula\u00e7\u00e3o idosa do munic\u00edpio de Manaus e assegurar a promo\u00e7\u00e3o de sua autonomia, integra\u00e7\u00e3o e participa\u00e7\u00e3o efetiva na sociedade.","breadcrumb":{"@id":"https:\/\/www.manaus.am.gov.br\/fdt\/#breadcrumb"},"inLanguage":"pt-BR","potentialAction":[{"@type":"ReadAction","target":["https:\/\/www.manaus.am.gov.br\/fdt\/"]}]},{"@type":"BreadcrumbList","@id":"https:\/\/www.manaus.am.gov.br\/fdt\/#breadcrumb","itemListElement":[{"@type":"ListItem","position":1,"name":"Home","item":"https:\/\/www.manaus.am.gov.br\/fdt\/"},{"@type":"ListItem","position":2,"name":"Home"}]},{"@type":"WebSite","@id":"https:\/\/www.manaus.am.gov.br\/fdt\/#website","url":"https:\/\/www.manaus.am.gov.br\/fdt\/","name":"FDT","description":"Funda\u00e7\u00e3o de Apoio ao Idoso Dr. Thomas","potentialAction":[{"@type":"SearchAction","target":{"@type":"EntryPoint","urlTemplate":"https:\/\/www.manaus.am.gov.br\/fdt\/?s={search_term_string}"},"query-input":"required name=search_term_string"}],"inLanguage":"pt-BR"}]}},"_links":{"self":[{"href":"https:\/\/www.manaus.am.gov.br\/fdt\/wp-json\/wp\/v2\/pages\/138"}],"collection":[{"href":"https:\/\/www.manaus.am.gov.br\/fdt\/wp-json\/wp\/v2\/pages"}],"about":[{"href":"https:\/\/www.manaus.am.gov.br\/fdt\/wp-json\/wp\/v2\/types\/page"}],"author":[{"embeddable":true,"href":"https:\/\/www.manaus.am.gov.br\/fdt\/wp-json\/wp\/v2\/users\/27"}],"replies":[{"embeddable":true,"href":"https:\/\/www.manaus.am.gov.br\/fdt\/wp-json\/wp\/v2\/comments?post=138"}],"version-history":[{"count":38,"href":"https:\/\/www.manaus.am.gov.br\/fdt\/wp-json\/wp\/v2\/pages\/138\/revisions"}],"predecessor-version":[{"id":3425,"href":"https:\/\/www.manaus.am.gov.br\/fdt\/wp-json\/wp\/v2\/pages\/138\/revisions\/3425"}],"wp:attachment":[{"href":"https:\/\/www.manaus.am.gov.br\/fdt\/wp-json\/wp\/v2\/media?parent=138"}],"curies":[{"name":"wp","href":"https:\/\/api.w.org\/{rel}","templated":true}]}}