{"id":994,"date":"2023-03-29T09:12:21","date_gmt":"2023-03-29T13:12:21","guid":{"rendered":"https:\/\/www.manaus.am.gov.br\/cgm\/?page_id=994"},"modified":"2023-03-31T08:04:08","modified_gmt":"2023-03-31T12:04:08","slug":"outros","status":"publish","type":"page","link":"https:\/\/www.manaus.am.gov.br\/cgm\/legislacao\/outros\/","title":{"rendered":"Outros"},"content":{"rendered":"\n<h2 class=\"wp-block-heading\"><a href=\"https:\/\/www.manaus.am.gov.br\/cgm\/wp-content\/uploads\/sites\/9\/2023\/01\/LEI-No-13019-2014-MROSC-1.pdf\" target=\"_blank\" rel=\"noreferrer noopener\">LEI N\u00ba 13.019 DE 31 DE JULHO DE 2014<\/a><\/h2>\n\n\n\n<p>Estabelece o regime jur\u00eddico das parcerias entre a administra\u00e7\u00e3o p\u00fablica e as organiza\u00e7\u00f5es da sociedade civil, em regime de m\u00fatua coopera\u00e7\u00e3o, para a consecu\u00e7\u00e3o de finalidades de interesse p\u00fablico e rec\u00edproco, mediante a execu\u00e7\u00e3o de atividades ou de projetos previamente estabelecidos em planos de trabalho inseridos em termos de colabora\u00e7\u00e3o, em termos de fomento ou em acordos de coopera\u00e7\u00e3o; define diretrizes para a pol\u00edtica de fomento, de colabora\u00e7\u00e3o e de coopera\u00e7\u00e3o com organiza\u00e7\u00f5es da sociedade civil; e altera as Leis nos 8.429, de 2 de junho de 1992, e 9.790, de 23 de mar\u00e7o de 1999. (Reda\u00e7\u00e3o dada pela Lei n\u00ba 13.204, de 2015).<\/p>\n\n\n\n<h2 class=\"wp-block-heading\"><a href=\"https:\/\/www.manaus.am.gov.br\/cgm\/wp-content\/uploads\/sites\/9\/2023\/01\/LEI-No-13204-DE-14-DE-DEZEMBRO-DE-2015-Alteracao-da-13019-2014-1.pdf\" target=\"_blank\" rel=\"noreferrer noopener\">LEI N\u00ba 13.204 DE 14 DE DEZEMBRO DE 2015<\/a><\/h2>\n\n\n\n<p>Altera a Lei no 13.019, de 31 de julho de 2014, \u201cque estabelece o regime jur\u00eddico das parcerias volunt\u00e1rias, envolvendo ou n\u00e3o transfer\u00eancias de recursos financeiros, entre a administra\u00e7\u00e3o p\u00fablica e as  organiza\u00e7\u00f5es da sociedade civil, em regime de m\u00fatua coopera\u00e7\u00e3o, para a consecu\u00e7\u00e3o de finalidades de interesse p\u00fablico; define diretrizes para a pol\u00edtica de fomento e de colabora\u00e7\u00e3o com organiza\u00e7\u00f5es<br>da sociedade civil; institui o termo de colabora\u00e7\u00e3o e o termo de fomento; e altera as Leis nos 8.429, de 2 de junho de 1992, e 9.790, de 23 de mar\u00e7o de 1999\u201d; altera as Leis nos 8.429, de 2 de junho de 1992, 9.790, de 23 de mar\u00e7o de 1999, 9.249, de 26 de dezembro de 1995, 9.532, de 10 de dezembro de 1997, 12.101, de 27 de novembro de 2009, e 8.666, de 21 de junho de 1993; e revoga a Lei no 91, de 28 de agosto de 1935.<\/p>\n\n\n\n<h2 class=\"wp-block-heading\"><a href=\"https:\/\/www.manaus.am.gov.br\/cgm\/wp-content\/uploads\/sites\/9\/2023\/01\/RESOLUCAO-No-12-TCE-AM-1.pdf\" target=\"_blank\" rel=\"noreferrer noopener\">RESOLU\u00c7\u00c3O N\u00b0 12, DE 31 DE MAIO DE 2012<\/a><\/h2>\n\n\n\n<p>Estabelece normas sobre a formaliza\u00e7\u00e3o, publica\u00e7\u00e3o, execu\u00e7\u00e3o e presta\u00e7\u00e3o de contas das transfer\u00eancias volunt\u00e1rias e d\u00e1 outras provid\u00eancias.<\/p>\n\n\n\n<h2 class=\"wp-block-heading\"><a href=\"https:\/\/www.manaus.am.gov.br\/cgm\/wp-content\/uploads\/sites\/9\/2023\/01\/Tomadas-de-Contas-Especiais-DOM-4012-23.11.2016-CAD-1.pdf\" target=\"_blank\" rel=\"noreferrer noopener\">DECRETO N\u00ba 3.519, DE 23 DE NOVEMBRO DE 2016<\/a><\/h2>\n\n\n\n<p>Aprova o Manual de Procedimentos de Tomada de Contas Especial a ser adotado pela Administra\u00e7\u00e3o P\u00fablica Municipal.<\/p>\n\n\n\n<h2 class=\"wp-block-heading\"><a href=\"https:\/\/www.manaus.am.gov.br\/cgm\/wp-content\/uploads\/sites\/9\/2023\/01\/DOM-5278-03.02.2022-CAD-1.pdf\" target=\"_blank\" rel=\"noreferrer noopener\">DECRETO N\u00ba 5.254, DE 3 DE FEVEREIRO DE 2022<\/a><\/h2>\n\n\n\n<p>Confere car\u00e1ter normativo ao Parecer n\u00ba 004\/2022 \u2013 GPG\/PGM.<\/p>\n","protected":false},"excerpt":{"rendered":"","protected":false},"author":27,"featured_media":0,"parent":715,"menu_order":2,"comment_status":"closed","ping_status":"closed","template":"templates\/turismo.php","meta":{"footnotes":""},"acf":[],"yoast_head":"<!-- This site is optimized with the Yoast SEO plugin v23.0 - https:\/\/yoast.com\/wordpress\/plugins\/seo\/ -->\n<title>Outros - CGM<\/title>\n<meta name=\"robots\" content=\"index, follow, max-snippet:-1, max-image-preview:large, max-video-preview:-1\" \/>\n<link rel=\"canonical\" href=\"https:\/\/www.manaus.am.gov.br\/cgm\/legislacao\/outros\/\" \/>\n<meta property=\"og:locale\" content=\"pt_BR\" \/>\n<meta property=\"og:type\" content=\"article\" \/>\n<meta property=\"og:title\" content=\"Outros - CGM\" \/>\n<meta property=\"og:url\" content=\"https:\/\/www.manaus.am.gov.br\/cgm\/legislacao\/outros\/\" \/>\n<meta property=\"og:site_name\" content=\"CGM\" \/>\n<meta property=\"article:publisher\" content=\"https:\/\/www.facebook.com\/cgmmanaus\" \/>\n<meta property=\"article:modified_time\" content=\"2023-03-31T12:04:08+00:00\" \/>\n<meta property=\"og:image\" content=\"https:\/\/www.manaus.am.gov.br\/cgm\/wp-content\/uploads\/sites\/9\/2024\/07\/thumb-default-2.png\" \/>\n\t<meta property=\"og:image:width\" content=\"966\" \/>\n\t<meta property=\"og:image:height\" content=\"520\" \/>\n\t<meta property=\"og:image:type\" content=\"image\/png\" \/>\n<meta name=\"twitter:card\" content=\"summary_large_image\" \/>\n<meta name=\"twitter:label1\" content=\"Est. reading time\" \/>\n\t<meta name=\"twitter:data1\" content=\"2 minutos\" \/>\n<script type=\"application\/ld+json\" class=\"yoast-schema-graph\">{\"@context\":\"https:\/\/schema.org\",\"@graph\":[{\"@type\":\"WebPage\",\"@id\":\"https:\/\/www.manaus.am.gov.br\/cgm\/legislacao\/outros\/\",\"url\":\"https:\/\/www.manaus.am.gov.br\/cgm\/legislacao\/outros\/\",\"name\":\"Outros - CGM\",\"isPartOf\":{\"@id\":\"https:\/\/www.manaus.am.gov.br\/cgm\/#website\"},\"datePublished\":\"2023-03-29T13:12:21+00:00\",\"dateModified\":\"2023-03-31T12:04:08+00:00\",\"breadcrumb\":{\"@id\":\"https:\/\/www.manaus.am.gov.br\/cgm\/legislacao\/outros\/#breadcrumb\"},\"inLanguage\":\"pt-BR\",\"potentialAction\":[{\"@type\":\"ReadAction\",\"target\":[\"https:\/\/www.manaus.am.gov.br\/cgm\/legislacao\/outros\/\"]}]},{\"@type\":\"BreadcrumbList\",\"@id\":\"https:\/\/www.manaus.am.gov.br\/cgm\/legislacao\/outros\/#breadcrumb\",\"itemListElement\":[{\"@type\":\"ListItem\",\"position\":1,\"name\":\"Legisla\u00e7\u00e3o\",\"item\":\"https:\/\/www.manaus.am.gov.br\/cgm\/legislacao\/\"},{\"@type\":\"ListItem\",\"position\":2,\"name\":\"Outros\"}]},{\"@type\":\"WebSite\",\"@id\":\"https:\/\/www.manaus.am.gov.br\/cgm\/#website\",\"url\":\"https:\/\/www.manaus.am.gov.br\/cgm\/\",\"name\":\"CGM\",\"description\":\"Controladoria Geral do Munic\u00edpio\",\"publisher\":{\"@id\":\"https:\/\/www.manaus.am.gov.br\/cgm\/#organization\"},\"alternateName\":\"Controladoria-Geral do Munic\u00edpio\",\"potentialAction\":[{\"@type\":\"SearchAction\",\"target\":{\"@type\":\"EntryPoint\",\"urlTemplate\":\"https:\/\/www.manaus.am.gov.br\/cgm\/?s={search_term_string}\"},\"query-input\":\"required name=search_term_string\"}],\"inLanguage\":\"pt-BR\"},{\"@type\":\"Organization\",\"@id\":\"https:\/\/www.manaus.am.gov.br\/cgm\/#organization\",\"name\":\"Prefeitura de Manaus\",\"alternateName\":\"Prefeitura Municipal de Manaus\",\"url\":\"https:\/\/www.manaus.am.gov.br\/cgm\/\",\"logo\":{\"@type\":\"ImageObject\",\"inLanguage\":\"pt-BR\",\"@id\":\"https:\/\/www.manaus.am.gov.br\/cgm\/#\/schema\/logo\/image\/\",\"url\":\"https:\/\/www.manaus.am.gov.br\/cgm\/wp-content\/uploads\/sites\/9\/2024\/06\/favicon.png\",\"contentUrl\":\"https:\/\/www.manaus.am.gov.br\/cgm\/wp-content\/uploads\/sites\/9\/2024\/06\/favicon.png\",\"width\":300,\"height\":300,\"caption\":\"Prefeitura de Manaus\"},\"image\":{\"@id\":\"https:\/\/www.manaus.am.gov.br\/cgm\/#\/schema\/logo\/image\/\"},\"sameAs\":[\"https:\/\/www.facebook.com\/cgmmanaus\",\"https:\/\/www.instagram.com\/cgmmanaus\/\"]}]}<\/script>\n<!-- \/ Yoast SEO plugin. -->","yoast_head_json":{"title":"Outros - CGM","robots":{"index":"index","follow":"follow","max-snippet":"max-snippet:-1","max-image-preview":"max-image-preview:large","max-video-preview":"max-video-preview:-1"},"canonical":"https:\/\/www.manaus.am.gov.br\/cgm\/legislacao\/outros\/","og_locale":"pt_BR","og_type":"article","og_title":"Outros - CGM","og_url":"https:\/\/www.manaus.am.gov.br\/cgm\/legislacao\/outros\/","og_site_name":"CGM","article_publisher":"https:\/\/www.facebook.com\/cgmmanaus","article_modified_time":"2023-03-31T12:04:08+00:00","og_image":[{"width":966,"height":520,"url":"https:\/\/www.manaus.am.gov.br\/cgm\/wp-content\/uploads\/sites\/9\/2024\/07\/thumb-default-2.png","type":"image\/png"}],"twitter_card":"summary_large_image","twitter_misc":{"Est. reading time":"2 minutos"},"schema":{"@context":"https:\/\/schema.org","@graph":[{"@type":"WebPage","@id":"https:\/\/www.manaus.am.gov.br\/cgm\/legislacao\/outros\/","url":"https:\/\/www.manaus.am.gov.br\/cgm\/legislacao\/outros\/","name":"Outros - CGM","isPartOf":{"@id":"https:\/\/www.manaus.am.gov.br\/cgm\/#website"},"datePublished":"2023-03-29T13:12:21+00:00","dateModified":"2023-03-31T12:04:08+00:00","breadcrumb":{"@id":"https:\/\/www.manaus.am.gov.br\/cgm\/legislacao\/outros\/#breadcrumb"},"inLanguage":"pt-BR","potentialAction":[{"@type":"ReadAction","target":["https:\/\/www.manaus.am.gov.br\/cgm\/legislacao\/outros\/"]}]},{"@type":"BreadcrumbList","@id":"https:\/\/www.manaus.am.gov.br\/cgm\/legislacao\/outros\/#breadcrumb","itemListElement":[{"@type":"ListItem","position":1,"name":"Legisla\u00e7\u00e3o","item":"https:\/\/www.manaus.am.gov.br\/cgm\/legislacao\/"},{"@type":"ListItem","position":2,"name":"Outros"}]},{"@type":"WebSite","@id":"https:\/\/www.manaus.am.gov.br\/cgm\/#website","url":"https:\/\/www.manaus.am.gov.br\/cgm\/","name":"CGM","description":"Controladoria Geral do Munic\u00edpio","publisher":{"@id":"https:\/\/www.manaus.am.gov.br\/cgm\/#organization"},"alternateName":"Controladoria-Geral do Munic\u00edpio","potentialAction":[{"@type":"SearchAction","target":{"@type":"EntryPoint","urlTemplate":"https:\/\/www.manaus.am.gov.br\/cgm\/?s={search_term_string}"},"query-input":"required name=search_term_string"}],"inLanguage":"pt-BR"},{"@type":"Organization","@id":"https:\/\/www.manaus.am.gov.br\/cgm\/#organization","name":"Prefeitura de Manaus","alternateName":"Prefeitura Municipal de Manaus","url":"https:\/\/www.manaus.am.gov.br\/cgm\/","logo":{"@type":"ImageObject","inLanguage":"pt-BR","@id":"https:\/\/www.manaus.am.gov.br\/cgm\/#\/schema\/logo\/image\/","url":"https:\/\/www.manaus.am.gov.br\/cgm\/wp-content\/uploads\/sites\/9\/2024\/06\/favicon.png","contentUrl":"https:\/\/www.manaus.am.gov.br\/cgm\/wp-content\/uploads\/sites\/9\/2024\/06\/favicon.png","width":300,"height":300,"caption":"Prefeitura de Manaus"},"image":{"@id":"https:\/\/www.manaus.am.gov.br\/cgm\/#\/schema\/logo\/image\/"},"sameAs":["https:\/\/www.facebook.com\/cgmmanaus","https:\/\/www.instagram.com\/cgmmanaus\/"]}]}},"_links":{"self":[{"href":"https:\/\/www.manaus.am.gov.br\/cgm\/wp-json\/wp\/v2\/pages\/994"}],"collection":[{"href":"https:\/\/www.manaus.am.gov.br\/cgm\/wp-json\/wp\/v2\/pages"}],"about":[{"href":"https:\/\/www.manaus.am.gov.br\/cgm\/wp-json\/wp\/v2\/types\/page"}],"author":[{"embeddable":true,"href":"https:\/\/www.manaus.am.gov.br\/cgm\/wp-json\/wp\/v2\/users\/27"}],"replies":[{"embeddable":true,"href":"https:\/\/www.manaus.am.gov.br\/cgm\/wp-json\/wp\/v2\/comments?post=994"}],"version-history":[{"count":4,"href":"https:\/\/www.manaus.am.gov.br\/cgm\/wp-json\/wp\/v2\/pages\/994\/revisions"}],"predecessor-version":[{"id":1071,"href":"https:\/\/www.manaus.am.gov.br\/cgm\/wp-json\/wp\/v2\/pages\/994\/revisions\/1071"}],"up":[{"embeddable":true,"href":"https:\/\/www.manaus.am.gov.br\/cgm\/wp-json\/wp\/v2\/pages\/715"}],"wp:attachment":[{"href":"https:\/\/www.manaus.am.gov.br\/cgm\/wp-json\/wp\/v2\/media?parent=994"}],"curies":[{"name":"wp","href":"https:\/\/api.w.org\/{rel}","templated":true}]}}