{"id":755,"date":"2023-01-04T16:20:59","date_gmt":"2023-01-04T20:20:59","guid":{"rendered":"https:\/\/www.manaus.am.gov.br\/cgm\/?page_id=755"},"modified":"2025-10-16T08:55:37","modified_gmt":"2025-10-16T12:55:37","slug":"competencia","status":"publish","type":"page","link":"https:\/\/www.manaus.am.gov.br\/cgm\/a-controladoria\/competencia\/","title":{"rendered":"Compet\u00eancia"},"content":{"rendered":"\n<h2 class=\"wp-block-heading\"><a href=\"https:\/\/leismunicipais.com.br\/a\/am\/m\/manaus\/lei-ordinaria\/2025\/355\/3546\/lei-ordinaria-n-3546-2025-dispoe-sobre-a-estrutura-organizacional-da-controladoria-geral-do-municipio-cgm-e-da-outras-providencias\">Art. 3\u00ba da Lei n. 3.546 de 01\/10\/2025<\/a><\/h2>\n\n\n\n<p>DISP\u00d5E sobre a estrutura organizacional da Controladoria-Geral do Munic\u00edpio &#8211; CGM e d\u00e1 outras provid\u00eancias.<\/p>\n\n\n\n<h2 class=\"wp-block-heading\">Da Compet\u00eancia<\/h2>\n\n\n\n<p>Para o cumprimento de suas finalidades, compete \u00e0 CGM:<br><br>I &#8211; o gerenciamento, como \u00f3rg\u00e3o central, do Sistema de Controle Interno e de Auditoria no \u00e2mbito do Poder Executivo Municipal;<br><br>II &#8211; a fiscaliza\u00e7\u00e3o e o controle das \u00e1reas patrimonial, financeira, operacional, or\u00e7ament\u00e1ria, cont\u00e1bil, de pessoal e programas de governo da Administra\u00e7\u00e3o Direta e Indireta, auxiliando os \u00f3rg\u00e3os de Controle Externo no exerc\u00edcio de suas atua\u00e7\u00f5es;<br><br>III &#8211; a ado\u00e7\u00e3o de medidas com vistas \u00e0 racionaliza\u00e7\u00e3o dos gastos p\u00fablicos, proporcionando economia e redu\u00e7\u00e3o de custos com a m\u00e1quina administrativa;<br><br>IV &#8211; o exerc\u00edcio do controle das opera\u00e7\u00f5es de cr\u00e9dito, avais, garantias, direitos e haveres do Munic\u00edpio;<br><br>V &#8211; a avalia\u00e7\u00e3o das informa\u00e7\u00f5es sobre a situa\u00e7\u00e3o f\u00edsico-financeira dos projetos e das atividades constantes do or\u00e7amento do Munic\u00edpio;<br><br>VI &#8211; a realiza\u00e7\u00e3o de auditorias sobre a gest\u00e3o dos recursos p\u00fablicos municipais sob a responsabilidade de \u00f3rg\u00e3os e entidades p\u00fablicos e privados;<br><br>VII &#8211; a realiza\u00e7\u00e3o de auditorias nos sistemas cont\u00e1bil, financeiro, or\u00e7ament\u00e1rio, de pessoal e demais sistemas administrativos e operacionais;<br><br>VIII &#8211; a assessoria direta ao Chefe do Poder Executivo e aos gestores da Administra\u00e7\u00e3o Direta, Aut\u00e1rquica e Fundacional, de forma aut\u00f4noma, no \u00e2mbito de sua compet\u00eancia;<br><br>IX &#8211; propor ao Chefe do Executivo Municipal a tomada de provid\u00eancias visando ao aprimoramento da gest\u00e3o, de acordo com os princ\u00edpios da legalidade, impessoalidade, moralidade, publicidade, razoabilidade, efici\u00eancia, efic\u00e1cia e economicidade;<br><br>X &#8211; dar ci\u00eancia \u00e0 autoridade administrativa competente e ao Controle Externo, no que couber, sobre atos ou fatos ilegais ou irregulares, praticados por agentes p\u00fablicos ou privados, de que tiver conhecimento, no exerc\u00edcio do controle das atividades da administra\u00e7\u00e3o e na utiliza\u00e7\u00e3o de recursos p\u00fablicos municipais com vistas \u00e0 aplica\u00e7\u00e3o das medidas cab\u00edveis;<br><br>XI &#8211; emitir Relat\u00f3rio e Certificado de Auditoria relativo \u00e0 Presta\u00e7\u00e3o de Contas do Prefeito e dos \u00f3rg\u00e3os e entidades que comp\u00f5em a estrutura administrativa da Prefeitura de Manaus;<br><br>XII &#8211; realizar a gest\u00e3o do Portal da Transpar\u00eancia do Poder Executivo Municipal;<br><br>XIII &#8211; avaliar as propostas de pre\u00e7os, no caso de inexigibilidade para loca\u00e7\u00e3o de im\u00f3veis, com base na legisla\u00e7\u00e3o vigente;<br><br>XIV &#8211; realizar a gest\u00e3o das atividades de Ouvidoria do Poder Executivo Municipal; e<br><br>XV &#8211; executar outras a\u00e7\u00f5es e atividades dispostas em lei e em atos normativos ou regulamentares, ou determinadas pelo Chefe do Poder Executivo Municipal, em raz\u00e3o da natureza do \u00f3rg\u00e3o.<\/p>\n\n\n\n<p><\/p>\n\n\n\n<h2 class=\"wp-block-heading\"><a href=\"http:\/\/DOM-5419_Lei-n\u00b0-2.944-de-01.09_CGM\" target=\"_blank\" rel=\"noreferrer noopener\">Art. 3\u00ba da Lei N\u00ba 2944, de 01 de setembro de 2022<\/a><\/h2>\n\n\n\n<p>Que cria a a Controladoria-Geral do Munic\u00edpio (CGM) e d\u00e1 outras provid\u00eancias.<\/p>\n\n\n\n<h2 class=\"wp-block-heading\">Da Compet\u00eancia<\/h2>\n\n\n\n<p>Para o cumprimento de suas finalidades, compete \u00e0 CGM:<\/p>\n\n\n\n<p>I \u2013 o gerenciamento, como \u00f3rg\u00e3o central, do Sistema de Controle Interno e de Auditoria no \u00e2mbito do Poder Executivo Municipal;<\/p>\n\n\n\n<p>II \u2013 a fiscaliza\u00e7\u00e3o e o controle das \u00e1reas patrimonial, financeira, operacional, or\u00e7ament\u00e1ria, cont\u00e1bil, de pessoal e programas de governo da Administra\u00e7\u00e3o Direta e Indireta, auxiliando os \u00f3rg\u00e3os de Controle Externo no exerc\u00edcio de suas atua\u00e7\u00f5es;<\/p>\n\n\n\n<p>III \u2013 a ado\u00e7\u00e3o de medidas com vistas \u00e0 racionaliza\u00e7\u00e3o dos gastos p\u00fablicos, proporcionando economia e redu\u00e7\u00e3o de custos com a m\u00e1quina administrativa;<\/p>\n\n\n\n<p>IV \u2013 o exerc\u00edcio do controle das opera\u00e7\u00f5es de cr\u00e9dito, avais, garantias, direitos e haveres do Munic\u00edpio;<\/p>\n\n\n\n<p>V \u2013 a avalia\u00e7\u00e3o das informa\u00e7\u00f5es sobre a situa\u00e7\u00e3o f\u00edsicofinanceira dos projetos e das atividades constantes do or\u00e7amento do Munic\u00edpio;<\/p>\n\n\n\n<p>VI \u2013 a realiza\u00e7\u00e3o de auditorias sobre a gest\u00e3o dos recursos p\u00fablicos municipais sob a responsabilidade de \u00f3rg\u00e3os e entidades p\u00fablicos e privados;<\/p>\n\n\n\n<p>VII \u2013 a realiza\u00e7\u00e3o de auditorias nos sistemas cont\u00e1bil, financeiro, or\u00e7ament\u00e1rio, de pessoal e demais sistemas administrativos e operacionais;<\/p>\n\n\n\n<p>VIII \u2013 a assessoria direta ao Chefe do Poder Executivo e aos gestores da Administra\u00e7\u00e3o Direta, Aut\u00e1rquica e Fundacional, de forma aut\u00f4noma, no \u00e2mbito de sua compet\u00eancia;<\/p>\n\n\n\n<p>IX \u2013 propor ao Chefe do Executivo Municipal a tomada de provid\u00eancias visando ao aprimoramento da gest\u00e3o, de acordo com os princ\u00edpios da legalidade, impessoalidade, moralidade, publicidade, razoabilidade, efici\u00eancia, efic\u00e1cia e economicidade;<\/p>\n\n\n\n<p>X \u2013 dar ci\u00eancia \u00e0 autoridade administrativa competente e ao Controle Externo, no que couber, sobre atos ou fatos ilegais ou irregulares, praticados por agentes p\u00fablicos ou privados, de que tiver conhecimento no exerc\u00edcio do controle das atividades da administra\u00e7\u00e3o, na utiliza\u00e7\u00e3o de recursos p\u00fablicos municipais com vistas \u00e0 aplica\u00e7\u00e3o das medidas cab\u00edveis;<\/p>\n\n\n\n<p>XI \u2013 emitir Relat\u00f3rio e Certificado de Auditoria relativo \u00e0 Presta\u00e7\u00e3o de Contas do Prefeito e dos \u00f3rg\u00e3os e entidades que comp\u00f5em a estrutura administrativa da Prefeitura de Manaus;<\/p>\n\n\n\n<p>XII \u2013 realizar a gest\u00e3o do Portal da Transpar\u00eancia do Poder Executivo Municipal;<\/p>\n\n\n\n<p>XIII \u2013 avaliar as propostas de pre\u00e7os nos casos de dispensa de licita\u00e7\u00e3o e\/ou inexigibilidade para loca\u00e7\u00e3o de im\u00f3veis, com base na legisla\u00e7\u00e3o vigente;<\/p>\n\n\n\n<p>XIV \u2013 a execu\u00e7\u00e3o de outras a\u00e7\u00f5es e atividades dispostas em lei e em atos normativos ou regulamentares, ou determinadas pelo Chefe do Poder Executivo Municipal, em raz\u00e3o da natureza do \u00f3rg\u00e3o; e<\/p>\n\n\n\n<p>XV \u2013 realizar a gest\u00e3o das atividades de Ouvidoria do Poder Executivo Municipal.<\/p>\n","protected":false},"excerpt":{"rendered":"","protected":false},"author":27,"featured_media":0,"parent":839,"menu_order":4,"comment_status":"closed","ping_status":"closed","template":"templates\/turismo.php","meta":{"footnotes":""},"acf":[],"yoast_head":"<!-- This site is optimized with the Yoast SEO plugin v23.0 - https:\/\/yoast.com\/wordpress\/plugins\/seo\/ -->\n<title>Compet\u00eancia - CGM<\/title>\n<meta name=\"robots\" content=\"index, follow, max-snippet:-1, max-image-preview:large, max-video-preview:-1\" \/>\n<link rel=\"canonical\" href=\"https:\/\/www.manaus.am.gov.br\/cgm\/a-controladoria\/competencia\/\" \/>\n<meta property=\"og:locale\" content=\"pt_BR\" \/>\n<meta property=\"og:type\" content=\"article\" \/>\n<meta property=\"og:title\" content=\"Compet\u00eancia - CGM\" \/>\n<meta property=\"og:url\" content=\"https:\/\/www.manaus.am.gov.br\/cgm\/a-controladoria\/competencia\/\" \/>\n<meta property=\"og:site_name\" content=\"CGM\" \/>\n<meta property=\"article:publisher\" content=\"https:\/\/www.facebook.com\/cgmmanaus\" \/>\n<meta property=\"article:modified_time\" content=\"2025-10-16T12:55:37+00:00\" \/>\n<meta property=\"og:image\" content=\"https:\/\/www.manaus.am.gov.br\/cgm\/wp-content\/uploads\/sites\/9\/2024\/07\/thumb-default-2.png\" \/>\n\t<meta property=\"og:image:width\" content=\"966\" \/>\n\t<meta property=\"og:image:height\" content=\"520\" \/>\n\t<meta property=\"og:image:type\" content=\"image\/png\" \/>\n<meta name=\"twitter:card\" content=\"summary_large_image\" \/>\n<meta name=\"twitter:label1\" content=\"Est. reading time\" \/>\n\t<meta name=\"twitter:data1\" content=\"5 minutos\" \/>\n<script type=\"application\/ld+json\" class=\"yoast-schema-graph\">{\"@context\":\"https:\/\/schema.org\",\"@graph\":[{\"@type\":\"WebPage\",\"@id\":\"https:\/\/www.manaus.am.gov.br\/cgm\/a-controladoria\/competencia\/\",\"url\":\"https:\/\/www.manaus.am.gov.br\/cgm\/a-controladoria\/competencia\/\",\"name\":\"Compet\u00eancia - CGM\",\"isPartOf\":{\"@id\":\"https:\/\/www.manaus.am.gov.br\/cgm\/#website\"},\"datePublished\":\"2023-01-04T20:20:59+00:00\",\"dateModified\":\"2025-10-16T12:55:37+00:00\",\"breadcrumb\":{\"@id\":\"https:\/\/www.manaus.am.gov.br\/cgm\/a-controladoria\/competencia\/#breadcrumb\"},\"inLanguage\":\"pt-BR\",\"potentialAction\":[{\"@type\":\"ReadAction\",\"target\":[\"https:\/\/www.manaus.am.gov.br\/cgm\/a-controladoria\/competencia\/\"]}]},{\"@type\":\"BreadcrumbList\",\"@id\":\"https:\/\/www.manaus.am.gov.br\/cgm\/a-controladoria\/competencia\/#breadcrumb\",\"itemListElement\":[{\"@type\":\"ListItem\",\"position\":1,\"name\":\"A CONTROLADORIA\",\"item\":\"https:\/\/www.manaus.am.gov.br\/cgm\/a-controladoria\/\"},{\"@type\":\"ListItem\",\"position\":2,\"name\":\"Compet\u00eancia\"}]},{\"@type\":\"WebSite\",\"@id\":\"https:\/\/www.manaus.am.gov.br\/cgm\/#website\",\"url\":\"https:\/\/www.manaus.am.gov.br\/cgm\/\",\"name\":\"CGM\",\"description\":\"Controladoria Geral do Munic\u00edpio\",\"publisher\":{\"@id\":\"https:\/\/www.manaus.am.gov.br\/cgm\/#organization\"},\"alternateName\":\"Controladoria-Geral do Munic\u00edpio\",\"potentialAction\":[{\"@type\":\"SearchAction\",\"target\":{\"@type\":\"EntryPoint\",\"urlTemplate\":\"https:\/\/www.manaus.am.gov.br\/cgm\/?s={search_term_string}\"},\"query-input\":\"required name=search_term_string\"}],\"inLanguage\":\"pt-BR\"},{\"@type\":\"Organization\",\"@id\":\"https:\/\/www.manaus.am.gov.br\/cgm\/#organization\",\"name\":\"Prefeitura de Manaus\",\"alternateName\":\"Prefeitura Municipal de Manaus\",\"url\":\"https:\/\/www.manaus.am.gov.br\/cgm\/\",\"logo\":{\"@type\":\"ImageObject\",\"inLanguage\":\"pt-BR\",\"@id\":\"https:\/\/www.manaus.am.gov.br\/cgm\/#\/schema\/logo\/image\/\",\"url\":\"https:\/\/www.manaus.am.gov.br\/cgm\/wp-content\/uploads\/sites\/9\/2024\/06\/favicon.png\",\"contentUrl\":\"https:\/\/www.manaus.am.gov.br\/cgm\/wp-content\/uploads\/sites\/9\/2024\/06\/favicon.png\",\"width\":300,\"height\":300,\"caption\":\"Prefeitura de Manaus\"},\"image\":{\"@id\":\"https:\/\/www.manaus.am.gov.br\/cgm\/#\/schema\/logo\/image\/\"},\"sameAs\":[\"https:\/\/www.facebook.com\/cgmmanaus\",\"https:\/\/www.instagram.com\/cgmmanaus\/\"]}]}<\/script>\n<!-- \/ Yoast SEO plugin. -->","yoast_head_json":{"title":"Compet\u00eancia - CGM","robots":{"index":"index","follow":"follow","max-snippet":"max-snippet:-1","max-image-preview":"max-image-preview:large","max-video-preview":"max-video-preview:-1"},"canonical":"https:\/\/www.manaus.am.gov.br\/cgm\/a-controladoria\/competencia\/","og_locale":"pt_BR","og_type":"article","og_title":"Compet\u00eancia - CGM","og_url":"https:\/\/www.manaus.am.gov.br\/cgm\/a-controladoria\/competencia\/","og_site_name":"CGM","article_publisher":"https:\/\/www.facebook.com\/cgmmanaus","article_modified_time":"2025-10-16T12:55:37+00:00","og_image":[{"width":966,"height":520,"url":"https:\/\/www.manaus.am.gov.br\/cgm\/wp-content\/uploads\/sites\/9\/2024\/07\/thumb-default-2.png","type":"image\/png"}],"twitter_card":"summary_large_image","twitter_misc":{"Est. reading time":"5 minutos"},"schema":{"@context":"https:\/\/schema.org","@graph":[{"@type":"WebPage","@id":"https:\/\/www.manaus.am.gov.br\/cgm\/a-controladoria\/competencia\/","url":"https:\/\/www.manaus.am.gov.br\/cgm\/a-controladoria\/competencia\/","name":"Compet\u00eancia - CGM","isPartOf":{"@id":"https:\/\/www.manaus.am.gov.br\/cgm\/#website"},"datePublished":"2023-01-04T20:20:59+00:00","dateModified":"2025-10-16T12:55:37+00:00","breadcrumb":{"@id":"https:\/\/www.manaus.am.gov.br\/cgm\/a-controladoria\/competencia\/#breadcrumb"},"inLanguage":"pt-BR","potentialAction":[{"@type":"ReadAction","target":["https:\/\/www.manaus.am.gov.br\/cgm\/a-controladoria\/competencia\/"]}]},{"@type":"BreadcrumbList","@id":"https:\/\/www.manaus.am.gov.br\/cgm\/a-controladoria\/competencia\/#breadcrumb","itemListElement":[{"@type":"ListItem","position":1,"name":"A CONTROLADORIA","item":"https:\/\/www.manaus.am.gov.br\/cgm\/a-controladoria\/"},{"@type":"ListItem","position":2,"name":"Compet\u00eancia"}]},{"@type":"WebSite","@id":"https:\/\/www.manaus.am.gov.br\/cgm\/#website","url":"https:\/\/www.manaus.am.gov.br\/cgm\/","name":"CGM","description":"Controladoria Geral do Munic\u00edpio","publisher":{"@id":"https:\/\/www.manaus.am.gov.br\/cgm\/#organization"},"alternateName":"Controladoria-Geral do Munic\u00edpio","potentialAction":[{"@type":"SearchAction","target":{"@type":"EntryPoint","urlTemplate":"https:\/\/www.manaus.am.gov.br\/cgm\/?s={search_term_string}"},"query-input":"required name=search_term_string"}],"inLanguage":"pt-BR"},{"@type":"Organization","@id":"https:\/\/www.manaus.am.gov.br\/cgm\/#organization","name":"Prefeitura de Manaus","alternateName":"Prefeitura Municipal de Manaus","url":"https:\/\/www.manaus.am.gov.br\/cgm\/","logo":{"@type":"ImageObject","inLanguage":"pt-BR","@id":"https:\/\/www.manaus.am.gov.br\/cgm\/#\/schema\/logo\/image\/","url":"https:\/\/www.manaus.am.gov.br\/cgm\/wp-content\/uploads\/sites\/9\/2024\/06\/favicon.png","contentUrl":"https:\/\/www.manaus.am.gov.br\/cgm\/wp-content\/uploads\/sites\/9\/2024\/06\/favicon.png","width":300,"height":300,"caption":"Prefeitura de Manaus"},"image":{"@id":"https:\/\/www.manaus.am.gov.br\/cgm\/#\/schema\/logo\/image\/"},"sameAs":["https:\/\/www.facebook.com\/cgmmanaus","https:\/\/www.instagram.com\/cgmmanaus\/"]}]}},"_links":{"self":[{"href":"https:\/\/www.manaus.am.gov.br\/cgm\/wp-json\/wp\/v2\/pages\/755"}],"collection":[{"href":"https:\/\/www.manaus.am.gov.br\/cgm\/wp-json\/wp\/v2\/pages"}],"about":[{"href":"https:\/\/www.manaus.am.gov.br\/cgm\/wp-json\/wp\/v2\/types\/page"}],"author":[{"embeddable":true,"href":"https:\/\/www.manaus.am.gov.br\/cgm\/wp-json\/wp\/v2\/users\/27"}],"replies":[{"embeddable":true,"href":"https:\/\/www.manaus.am.gov.br\/cgm\/wp-json\/wp\/v2\/comments?post=755"}],"version-history":[{"count":9,"href":"https:\/\/www.manaus.am.gov.br\/cgm\/wp-json\/wp\/v2\/pages\/755\/revisions"}],"predecessor-version":[{"id":2748,"href":"https:\/\/www.manaus.am.gov.br\/cgm\/wp-json\/wp\/v2\/pages\/755\/revisions\/2748"}],"up":[{"embeddable":true,"href":"https:\/\/www.manaus.am.gov.br\/cgm\/wp-json\/wp\/v2\/pages\/839"}],"wp:attachment":[{"href":"https:\/\/www.manaus.am.gov.br\/cgm\/wp-json\/wp\/v2\/media?parent=755"}],"curies":[{"name":"wp","href":"https:\/\/api.w.org\/{rel}","templated":true}]}}