{"id":1900,"date":"2024-11-28T15:47:30","date_gmt":"2024-11-28T19:47:30","guid":{"rendered":"https:\/\/www.manaus.am.gov.br\/cgm\/?page_id=1900"},"modified":"2025-10-28T13:32:44","modified_gmt":"2025-10-28T17:32:44","slug":"tabela-remuneratoria","status":"publish","type":"page","link":"https:\/\/www.manaus.am.gov.br\/cgm\/tabela-remuneratoria\/","title":{"rendered":"Tabela Remunerat\u00f3ria &#8211; Tabela Vigente para o exerc\u00edcio atual"},"content":{"rendered":"\n<p><a href=\"https:\/\/www.manaus.am.gov.br\/cgm\/wp-content\/uploads\/sites\/9\/2025\/02\/Indice-de-reajuste-salarial-2022-2023-do-IMMU.pdf\">Instituto Municipal de Mobilidade Urbana &#8211; IMMU \u2013 Tabela Vigente<\/a><\/p>\n\n\n\n<p><\/p>\n\n\n\n<p><a href=\"https:\/\/www.manaus.am.gov.br\/cgm\/wp-content\/uploads\/sites\/9\/2024\/11\/DOM-5419_Lei-n\u00b0-2.944-de-01.09_CGM.pdf\">Controladoria Geral do Munic\u00edpio &#8211; CGM \u2013 Tabela Vigente<\/a><\/p>\n\n\n\n<p><\/p>\n\n\n\n<p><a href=\"https:\/\/www.manaus.am.gov.br\/cgm\/wp-content\/uploads\/sites\/9\/2024\/11\/DOM-5379-07.07.2022-Lei-no-2928-07.07.2022-Dispoe-sobre-o-PCCR-Area-nao-especifica-e-revoga-a-Lei-no-2556-18.12.19.pdf\">CASA CIVIL\u2013 Tabela Vigente<\/a><\/p>\n\n\n\n<p><\/p>\n\n\n\n<p><a href=\"https:\/\/www.manaus.am.gov.br\/cgm\/wp-content\/uploads\/sites\/9\/2024\/11\/DOM-5379-07.07.2022-Lei-no-2928-07.07.2022-Dispoe-sobre-o-PCCR-Area-nao-especifica-e-revoga-a-Lei-no-2556-18.12.19.pdf\">Secretaria Municipal de Limpeza P\u00fablica &#8211; SEMUSLP \u2013 Tabela Vigente<\/a><\/p>\n\n\n\n<p><\/p>\n\n\n\n<p><a href=\"https:\/\/www.manaus.am.gov.br\/cgm\/wp-content\/uploads\/sites\/9\/2024\/11\/DOM-5379-07.07.2022-Lei-no-2928-07.07.2022-Dispoe-sobre-o-PCCR-Area-nao-especifica-e-revoga-a-Lei-no-2556-18.12.19.pdf\">Secretaria Municipal de Infraestrutura &#8211; SEMINF<\/a><a href=\"https:\/\/www.manaus.am.gov.br\/cgm\/wp-content\/uploads\/sites\/9\/2024\/11\/DOM-5379-07.07.2022-Lei-no-2928-07.07.2022-Dispoe-sobre-o-PCCR-Area-nao-especifica-e-revoga-a-Lei-no-2556-18.12.19.pdf\"> \u2013 Tabela Vigente<\/a><\/p>\n\n\n\n<p><\/p>\n\n\n\n<p><a href=\"https:\/\/www.manaus.am.gov.br\/cgm\/wp-content\/uploads\/sites\/9\/2024\/11\/DOM-5379-07.07.2022-Lei-no-2928-07.07.2022-Dispoe-sobre-o-PCCR-Area-nao-especifica-e-revoga-a-Lei-no-2556-18.12.19.pdf\">Secretaria Municipal de Administra\u00e7\u00e3o, Planejamento e Gest\u00e3o \u2013<\/a> <a href=\"https:\/\/www.manaus.am.gov.br\/cgm\/wp-content\/uploads\/sites\/9\/2024\/11\/DOM-5379-07.07.2022-Lei-no-2928-07.07.2022-Dispoe-sobre-o-PCCR-Area-nao-especifica-e-revoga-a-Lei-no-2556-18.12.19.pdf\">SEMAD<\/a><a href=\"https:\/\/www.manaus.am.gov.br\/cgm\/wp-content\/uploads\/sites\/9\/2024\/11\/DOM-5379-07.07.2022-Lei-no-2928-07.07.2022-Dispoe-sobre-o-PCCR-Area-nao-especifica-e-revoga-a-Lei-no-2556-18.12.19.pdf\"> \u2013 Tabela Vigente<\/a><\/p>\n\n\n\n<p><\/p>\n\n\n\n<p><a href=\"https:\/\/www.manaus.am.gov.br\/cgm\/wp-content\/uploads\/sites\/9\/2024\/11\/DOM-5379-07.07.2022-Lei-no-2928-07.07.2022-Dispoe-sobre-o-PCCR-Area-nao-especifica-e-revoga-a-Lei-no-2556-18.12.19.pdf\">Secretaria Municipal de Meio Ambiente, Sustentabilidade e Mudan\u00e7a do Clima &#8211; SEMMAS<\/a><a href=\"https:\/\/www.manaus.am.gov.br\/cgm\/wp-content\/uploads\/sites\/9\/2024\/11\/DOM-5379-07.07.2022-Lei-no-2928-07.07.2022-Dispoe-sobre-o-PCCR-Area-nao-especifica-e-revoga-a-Lei-no-2556-18.12.19.pdf\"> \u2013 Tabela Vigente<\/a><\/p>\n\n\n\n<p><\/p>\n\n\n\n<p><a href=\"https:\/\/www.manaus.am.gov.br\/cgm\/wp-content\/uploads\/sites\/9\/2024\/11\/DOM-5379-07.07.2022-Lei-no-2928-07.07.2022-Dispoe-sobre-o-PCCR-Area-nao-especifica-e-revoga-a-Lei-no-2556-18.12.19.pdf\">Secretaria Municipal de Comunica\u00e7\u00e3o &#8211; SEMCOM<\/a><a href=\"https:\/\/www.manaus.am.gov.br\/cgm\/wp-content\/uploads\/sites\/9\/2024\/11\/DOM-5379-07.07.2022-Lei-no-2928-07.07.2022-Dispoe-sobre-o-PCCR-Area-nao-especifica-e-revoga-a-Lei-no-2556-18.12.19.pdf\"> \u2013 Tabela Vigente<\/a><\/p>\n\n\n\n<p><\/p>\n\n\n\n<p><a href=\"https:\/\/www.manaus.am.gov.br\/cgm\/wp-content\/uploads\/sites\/9\/2024\/11\/DOM-5379-07.07.2022-Lei-no-2928-07.07.2022-Dispoe-sobre-o-PCCR-Area-nao-especifica-e-revoga-a-Lei-no-2556-18.12.19.pdf\">Secretaria Municipal de Seguran\u00e7a P\u00fablica e Defesa Social &#8211; SEMSEG<\/a><a href=\"https:\/\/www.manaus.am.gov.br\/cgm\/wp-content\/uploads\/sites\/9\/2024\/11\/DOM-5379-07.07.2022-Lei-no-2928-07.07.2022-Dispoe-sobre-o-PCCR-Area-nao-especifica-e-revoga-a-Lei-no-2556-18.12.19.pdf\"> \u2013 Tabela Vigente<\/a><\/p>\n\n\n\n<p><\/p>\n\n\n\n<p><a href=\"https:\/\/www.manaus.am.gov.br\/cgm\/wp-content\/uploads\/sites\/9\/2024\/11\/DOM-5379-07.07.2022-Lei-no-2928-07.07.2022-Dispoe-sobre-o-PCCR-Area-nao-especifica-e-revoga-a-Lei-no-2556-18.12.19.pdf\">CASA MILITAR<\/a><a href=\"https:\/\/www.manaus.am.gov.br\/cgm\/wp-content\/uploads\/sites\/9\/2024\/11\/DOM-5379-07.07.2022-Lei-no-2928-07.07.2022-Dispoe-sobre-o-PCCR-Area-nao-especifica-e-revoga-a-Lei-no-2556-18.12.19.pdf\"> \u2013 Tabela Vigente<\/a><\/p>\n\n\n\n<p><\/p>\n\n\n\n<p><a href=\"https:\/\/www.manaus.am.gov.br\/cgm\/wp-content\/uploads\/sites\/9\/2024\/11\/DOM-5379-07.07.2022-Lei-no-2928-07.07.2022-Dispoe-sobre-o-PCCR-Area-nao-especifica-e-revoga-a-Lei-no-2556-18.12.19.pdf\">Secretaria Municipal de Trabalho, Empreendedorismo e Inova\u00e7\u00e3o &#8211; SEMTEPI<\/a><a href=\"https:\/\/www.manaus.am.gov.br\/cgm\/wp-content\/uploads\/sites\/9\/2024\/11\/DOM-5379-07.07.2022-Lei-no-2928-07.07.2022-Dispoe-sobre-o-PCCR-Area-nao-especifica-e-revoga-a-Lei-no-2556-18.12.19.pdf\"> \u2013 Tabela Vigente<\/a><\/p>\n\n\n\n<p><\/p>\n\n\n\n<p><a href=\"https:\/\/www.manaus.am.gov.br\/cgm\/wp-content\/uploads\/sites\/9\/2024\/11\/DOM-5614-27.06.2023-Lei-no-3081-27.06.2023-PCCR-Analista-e-Tecnico-Previdenciario.pdf\">Manaus Previd\u00eancia<\/a><a href=\"https:\/\/www.manaus.am.gov.br\/cgm\/wp-content\/uploads\/sites\/9\/2024\/11\/DOM-5379-07.07.2022-Lei-no-2928-07.07.2022-Dispoe-sobre-o-PCCR-Area-nao-especifica-e-revoga-a-Lei-no-2556-18.12.19.pdf\"> \u2013 Tabela Vigente<\/a><\/p>\n\n\n\n<p><\/p>\n\n\n\n<p><a href=\"https:\/\/www.manaus.am.gov.br\/cgm\/wp-content\/uploads\/sites\/9\/2024\/11\/DOM-5855-27.06.2024-Lei-no-3353-27.06.2024-Fixa-reajuste-ManausPrev-2024-Procurador-Analista-e-Tecnico.pdf\">Manaus Previd\u00eancia<\/a><a href=\"https:\/\/www.manaus.am.gov.br\/cgm\/wp-content\/uploads\/sites\/9\/2025\/10\/DOM-6093-17.06.2025-ED-EXTRA-LEIS-REAJUSTES.pdf\"> \u2013 Tabela Vigente<\/a><\/p>\n\n\n\n<p><\/p>\n\n\n\n<p><a href=\"https:\/\/www.manaus.am.gov.br\/cgm\/wp-content\/uploads\/sites\/9\/2024\/11\/DOM-5846-14.06.2024-Lei-no-3342-14.06.2024-Reajuste-Salarial-2024.pdf\">Secretaria Municipal de Educa\u00e7\u00e3o &#8211; SEMED<\/a><a href=\"https:\/\/www.manaus.am.gov.br\/cgm\/wp-content\/uploads\/sites\/9\/2024\/11\/DOM-5379-07.07.2022-Lei-no-2928-07.07.2022-Dispoe-sobre-o-PCCR-Area-nao-especifica-e-revoga-a-Lei-no-2556-18.12.19.pdf\"> \u2013 Tabela Vigente<\/a><\/p>\n\n\n\n<p><\/p>\n\n\n\n<p><a href=\"https:\/\/www.manaus.am.gov.br\/cgm\/wp-content\/uploads\/sites\/9\/2024\/11\/DOM-5782-11.03.2024-Lei-n\u00b0-3284-de-11.03.2024-Reajuste-salarial-e-Ponto-Fazendario-2024-ref-2023.pdf\">Secretaria Municipal de Finan\u00e7as e Tecnologia da Informa\u00e7\u00e3o &#8211; SEMEF<\/a><a href=\"https:\/\/www.manaus.am.gov.br\/cgm\/wp-content\/uploads\/sites\/9\/2024\/11\/DOM-5379-07.07.2022-Lei-no-2928-07.07.2022-Dispoe-sobre-o-PCCR-Area-nao-especifica-e-revoga-a-Lei-no-2556-18.12.19.pdf\"> \u2013 Tabela Vigente<\/a><\/p>\n\n\n\n<p><\/p>\n\n\n\n<p><a href=\"https:\/\/www.manaus.am.gov.br\/cgm\/wp-content\/uploads\/sites\/9\/2024\/11\/DOM-5845-13.06.2024-Lei-no-3339-13.06.2024-Concede-Reajuste-2024-periodo-jan-a-mar-2024.pdf\">Secretaria Municipal de Sa\u00fade &#8211; SEMSA<\/a><a href=\"https:\/\/www.manaus.am.gov.br\/cgm\/wp-content\/uploads\/sites\/9\/2024\/11\/DOM-5379-07.07.2022-Lei-no-2928-07.07.2022-Dispoe-sobre-o-PCCR-Area-nao-especifica-e-revoga-a-Lei-no-2556-18.12.19.pdf\"> \u2013 Tabela Vigente<\/a><\/p>\n","protected":false},"excerpt":{"rendered":"","protected":false},"author":8,"featured_media":0,"parent":0,"menu_order":0,"comment_status":"closed","ping_status":"closed","template":"","meta":{"footnotes":""},"acf":[],"yoast_head":"<!-- This site is optimized with the Yoast SEO plugin v23.0 - https:\/\/yoast.com\/wordpress\/plugins\/seo\/ -->\n<title>Tabela Remunerat\u00f3ria - Tabela Vigente para o exerc\u00edcio atual - CGM<\/title>\n<meta name=\"robots\" content=\"index, follow, max-snippet:-1, max-image-preview:large, max-video-preview:-1\" \/>\n<link rel=\"canonical\" href=\"https:\/\/www.manaus.am.gov.br\/cgm\/tabela-remuneratoria\/\" \/>\n<meta property=\"og:locale\" content=\"pt_BR\" \/>\n<meta property=\"og:type\" content=\"article\" \/>\n<meta property=\"og:title\" content=\"Tabela Remunerat\u00f3ria - Tabela Vigente para o exerc\u00edcio atual - CGM\" \/>\n<meta property=\"og:url\" content=\"https:\/\/www.manaus.am.gov.br\/cgm\/tabela-remuneratoria\/\" \/>\n<meta property=\"og:site_name\" content=\"CGM\" \/>\n<meta property=\"article:publisher\" content=\"https:\/\/www.facebook.com\/cgmmanaus\" \/>\n<meta property=\"article:modified_time\" content=\"2025-10-28T17:32:44+00:00\" \/>\n<meta property=\"og:image\" content=\"https:\/\/www.manaus.am.gov.br\/cgm\/wp-content\/uploads\/sites\/9\/2024\/07\/thumb-default-2.png\" \/>\n\t<meta property=\"og:image:width\" content=\"966\" \/>\n\t<meta property=\"og:image:height\" content=\"520\" \/>\n\t<meta property=\"og:image:type\" content=\"image\/png\" \/>\n<meta name=\"twitter:card\" content=\"summary_large_image\" \/>\n<meta name=\"twitter:label1\" content=\"Est. reading time\" \/>\n\t<meta name=\"twitter:data1\" content=\"1 minuto\" \/>\n<script type=\"application\/ld+json\" class=\"yoast-schema-graph\">{\"@context\":\"https:\/\/schema.org\",\"@graph\":[{\"@type\":\"WebPage\",\"@id\":\"https:\/\/www.manaus.am.gov.br\/cgm\/tabela-remuneratoria\/\",\"url\":\"https:\/\/www.manaus.am.gov.br\/cgm\/tabela-remuneratoria\/\",\"name\":\"Tabela Remunerat\u00f3ria - Tabela Vigente para o exerc\u00edcio atual - CGM\",\"isPartOf\":{\"@id\":\"https:\/\/www.manaus.am.gov.br\/cgm\/#website\"},\"datePublished\":\"2024-11-28T19:47:30+00:00\",\"dateModified\":\"2025-10-28T17:32:44+00:00\",\"inLanguage\":\"pt-BR\",\"potentialAction\":[{\"@type\":\"ReadAction\",\"target\":[\"https:\/\/www.manaus.am.gov.br\/cgm\/tabela-remuneratoria\/\"]}]},{\"@type\":\"WebSite\",\"@id\":\"https:\/\/www.manaus.am.gov.br\/cgm\/#website\",\"url\":\"https:\/\/www.manaus.am.gov.br\/cgm\/\",\"name\":\"CGM\",\"description\":\"Controladoria Geral do Munic\u00edpio\",\"publisher\":{\"@id\":\"https:\/\/www.manaus.am.gov.br\/cgm\/#organization\"},\"alternateName\":\"Controladoria-Geral do Munic\u00edpio\",\"potentialAction\":[{\"@type\":\"SearchAction\",\"target\":{\"@type\":\"EntryPoint\",\"urlTemplate\":\"https:\/\/www.manaus.am.gov.br\/cgm\/?s={search_term_string}\"},\"query-input\":\"required name=search_term_string\"}],\"inLanguage\":\"pt-BR\"},{\"@type\":\"Organization\",\"@id\":\"https:\/\/www.manaus.am.gov.br\/cgm\/#organization\",\"name\":\"Prefeitura de Manaus\",\"alternateName\":\"Prefeitura Municipal de Manaus\",\"url\":\"https:\/\/www.manaus.am.gov.br\/cgm\/\",\"logo\":{\"@type\":\"ImageObject\",\"inLanguage\":\"pt-BR\",\"@id\":\"https:\/\/www.manaus.am.gov.br\/cgm\/#\/schema\/logo\/image\/\",\"url\":\"https:\/\/www.manaus.am.gov.br\/cgm\/wp-content\/uploads\/sites\/9\/2024\/06\/favicon.png\",\"contentUrl\":\"https:\/\/www.manaus.am.gov.br\/cgm\/wp-content\/uploads\/sites\/9\/2024\/06\/favicon.png\",\"width\":300,\"height\":300,\"caption\":\"Prefeitura de Manaus\"},\"image\":{\"@id\":\"https:\/\/www.manaus.am.gov.br\/cgm\/#\/schema\/logo\/image\/\"},\"sameAs\":[\"https:\/\/www.facebook.com\/cgmmanaus\",\"https:\/\/www.instagram.com\/cgmmanaus\/\"]}]}<\/script>\n<!-- \/ Yoast SEO plugin. -->","yoast_head_json":{"title":"Tabela Remunerat\u00f3ria - Tabela Vigente para o exerc\u00edcio atual - CGM","robots":{"index":"index","follow":"follow","max-snippet":"max-snippet:-1","max-image-preview":"max-image-preview:large","max-video-preview":"max-video-preview:-1"},"canonical":"https:\/\/www.manaus.am.gov.br\/cgm\/tabela-remuneratoria\/","og_locale":"pt_BR","og_type":"article","og_title":"Tabela Remunerat\u00f3ria - Tabela Vigente para o exerc\u00edcio atual - CGM","og_url":"https:\/\/www.manaus.am.gov.br\/cgm\/tabela-remuneratoria\/","og_site_name":"CGM","article_publisher":"https:\/\/www.facebook.com\/cgmmanaus","article_modified_time":"2025-10-28T17:32:44+00:00","og_image":[{"width":966,"height":520,"url":"https:\/\/www.manaus.am.gov.br\/cgm\/wp-content\/uploads\/sites\/9\/2024\/07\/thumb-default-2.png","type":"image\/png"}],"twitter_card":"summary_large_image","twitter_misc":{"Est. reading time":"1 minuto"},"schema":{"@context":"https:\/\/schema.org","@graph":[{"@type":"WebPage","@id":"https:\/\/www.manaus.am.gov.br\/cgm\/tabela-remuneratoria\/","url":"https:\/\/www.manaus.am.gov.br\/cgm\/tabela-remuneratoria\/","name":"Tabela Remunerat\u00f3ria - Tabela Vigente para o exerc\u00edcio atual - CGM","isPartOf":{"@id":"https:\/\/www.manaus.am.gov.br\/cgm\/#website"},"datePublished":"2024-11-28T19:47:30+00:00","dateModified":"2025-10-28T17:32:44+00:00","inLanguage":"pt-BR","potentialAction":[{"@type":"ReadAction","target":["https:\/\/www.manaus.am.gov.br\/cgm\/tabela-remuneratoria\/"]}]},{"@type":"WebSite","@id":"https:\/\/www.manaus.am.gov.br\/cgm\/#website","url":"https:\/\/www.manaus.am.gov.br\/cgm\/","name":"CGM","description":"Controladoria Geral do Munic\u00edpio","publisher":{"@id":"https:\/\/www.manaus.am.gov.br\/cgm\/#organization"},"alternateName":"Controladoria-Geral do Munic\u00edpio","potentialAction":[{"@type":"SearchAction","target":{"@type":"EntryPoint","urlTemplate":"https:\/\/www.manaus.am.gov.br\/cgm\/?s={search_term_string}"},"query-input":"required name=search_term_string"}],"inLanguage":"pt-BR"},{"@type":"Organization","@id":"https:\/\/www.manaus.am.gov.br\/cgm\/#organization","name":"Prefeitura de Manaus","alternateName":"Prefeitura Municipal de Manaus","url":"https:\/\/www.manaus.am.gov.br\/cgm\/","logo":{"@type":"ImageObject","inLanguage":"pt-BR","@id":"https:\/\/www.manaus.am.gov.br\/cgm\/#\/schema\/logo\/image\/","url":"https:\/\/www.manaus.am.gov.br\/cgm\/wp-content\/uploads\/sites\/9\/2024\/06\/favicon.png","contentUrl":"https:\/\/www.manaus.am.gov.br\/cgm\/wp-content\/uploads\/sites\/9\/2024\/06\/favicon.png","width":300,"height":300,"caption":"Prefeitura de Manaus"},"image":{"@id":"https:\/\/www.manaus.am.gov.br\/cgm\/#\/schema\/logo\/image\/"},"sameAs":["https:\/\/www.facebook.com\/cgmmanaus","https:\/\/www.instagram.com\/cgmmanaus\/"]}]}},"_links":{"self":[{"href":"https:\/\/www.manaus.am.gov.br\/cgm\/wp-json\/wp\/v2\/pages\/1900"}],"collection":[{"href":"https:\/\/www.manaus.am.gov.br\/cgm\/wp-json\/wp\/v2\/pages"}],"about":[{"href":"https:\/\/www.manaus.am.gov.br\/cgm\/wp-json\/wp\/v2\/types\/page"}],"author":[{"embeddable":true,"href":"https:\/\/www.manaus.am.gov.br\/cgm\/wp-json\/wp\/v2\/users\/8"}],"replies":[{"embeddable":true,"href":"https:\/\/www.manaus.am.gov.br\/cgm\/wp-json\/wp\/v2\/comments?post=1900"}],"version-history":[{"count":10,"href":"https:\/\/www.manaus.am.gov.br\/cgm\/wp-json\/wp\/v2\/pages\/1900\/revisions"}],"predecessor-version":[{"id":2804,"href":"https:\/\/www.manaus.am.gov.br\/cgm\/wp-json\/wp\/v2\/pages\/1900\/revisions\/2804"}],"wp:attachment":[{"href":"https:\/\/www.manaus.am.gov.br\/cgm\/wp-json\/wp\/v2\/media?parent=1900"}],"curies":[{"name":"wp","href":"https:\/\/api.w.org\/{rel}","templated":true}]}}