{"id":144,"date":"2022-12-21T09:13:35","date_gmt":"2022-12-21T13:13:35","guid":{"rendered":"https:\/\/www.manaus.am.gov.br\/ccc\/?page_id=144"},"modified":"2023-11-07T11:20:39","modified_gmt":"2023-11-07T15:20:39","slug":"boletins","status":"publish","type":"page","link":"https:\/\/www.manaus.am.gov.br\/ccc\/boletins\/","title":{"rendered":"Boletins"},"content":{"rendered":"\n<figure class=\"wp-block-table is-style-regular\"><table><thead><tr><th>Data<\/th><th>Boletins<\/th><th>Arquivos<\/th><\/tr><\/thead><tbody><tr><td>08\/02\/2022<\/td><td>Boletins 2022\/006<\/td><td><\/td><\/tr><tr><td>08\/02\/2022<\/td><td>Boletins 2022\/006<\/td><td><\/td><\/tr><tr><td>08\/02\/2022<\/td><td>Boletins 2022\/006<\/td><td><\/td><\/tr><tr><td>08\/02\/2022<\/td><td>Boletins 2022\/006<\/td><td><\/td><\/tr><tr><td>08\/02\/2022<\/td><td>Boletins 2022\/006<\/td><td><\/td><\/tr><tr><td>08\/02\/2022<\/td><td>Boletins 2022\/006<\/td><td><\/td><\/tr><tr><td>08\/02\/2022<\/td><td>Boletins 2022\/006<\/td><td><\/td><\/tr><tr><td>08\/02\/2022<\/td><td>Boletins 2022\/006<\/td><td><\/td><\/tr><tr><td>08\/02\/2022<\/td><td>Boletins 2022\/006<\/td><td><\/td><\/tr><\/tbody><\/table><\/figure>\n","protected":false},"excerpt":{"rendered":"","protected":false},"author":27,"featured_media":0,"parent":0,"menu_order":0,"comment_status":"closed","ping_status":"closed","template":"templates\/cameras.php","meta":{"footnotes":""},"acf":[],"yoast_head":"<!-- This site is optimized with the Yoast SEO plugin v23.0 - https:\/\/yoast.com\/wordpress\/plugins\/seo\/ -->\n<title>Boletins - CCC<\/title>\n<meta name=\"robots\" content=\"index, follow, max-snippet:-1, max-image-preview:large, max-video-preview:-1\" \/>\n<link rel=\"canonical\" href=\"https:\/\/www.manaus.am.gov.br\/ccc\/boletins\/\" \/>\n<meta property=\"og:locale\" content=\"pt_BR\" \/>\n<meta property=\"og:type\" content=\"article\" \/>\n<meta property=\"og:title\" content=\"Boletins - CCC\" \/>\n<meta property=\"og:url\" content=\"https:\/\/www.manaus.am.gov.br\/ccc\/boletins\/\" \/>\n<meta property=\"og:site_name\" content=\"CCC\" \/>\n<meta property=\"article:modified_time\" content=\"2023-11-07T15:20:39+00:00\" \/>\n<meta property=\"og:image\" content=\"https:\/\/www.manaus.am.gov.br\/ccc\/wp-content\/uploads\/sites\/4\/2024\/07\/thumb-default-2.png\" \/>\n\t<meta property=\"og:image:width\" content=\"966\" \/>\n\t<meta property=\"og:image:height\" content=\"520\" \/>\n\t<meta property=\"og:image:type\" content=\"image\/png\" \/>\n<meta name=\"twitter:card\" content=\"summary_large_image\" \/>\n<meta name=\"twitter:label1\" content=\"Est. reading time\" \/>\n\t<meta name=\"twitter:data1\" content=\"1 minuto\" \/>\n<script type=\"application\/ld+json\" class=\"yoast-schema-graph\">{\"@context\":\"https:\/\/schema.org\",\"@graph\":[{\"@type\":\"WebPage\",\"@id\":\"https:\/\/www.manaus.am.gov.br\/ccc\/boletins\/\",\"url\":\"https:\/\/www.manaus.am.gov.br\/ccc\/boletins\/\",\"name\":\"Boletins - CCC\",\"isPartOf\":{\"@id\":\"https:\/\/www.manaus.am.gov.br\/ccc\/#website\"},\"datePublished\":\"2022-12-21T13:13:35+00:00\",\"dateModified\":\"2023-11-07T15:20:39+00:00\",\"inLanguage\":\"pt-BR\",\"potentialAction\":[{\"@type\":\"ReadAction\",\"target\":[\"https:\/\/www.manaus.am.gov.br\/ccc\/boletins\/\"]}]},{\"@type\":\"WebSite\",\"@id\":\"https:\/\/www.manaus.am.gov.br\/ccc\/#website\",\"url\":\"https:\/\/www.manaus.am.gov.br\/ccc\/\",\"name\":\"CCC\",\"description\":\"Centro de Coopera\u00e7\u00e3o da Cidade\",\"alternateName\":\"Centro de Coopera\u00e7\u00e3o da Cidade\",\"potentialAction\":[{\"@type\":\"SearchAction\",\"target\":{\"@type\":\"EntryPoint\",\"urlTemplate\":\"https:\/\/www.manaus.am.gov.br\/ccc\/?s={search_term_string}\"},\"query-input\":\"required name=search_term_string\"}],\"inLanguage\":\"pt-BR\"}]}<\/script>\n<!-- \/ Yoast SEO plugin. -->","yoast_head_json":{"title":"Boletins - CCC","robots":{"index":"index","follow":"follow","max-snippet":"max-snippet:-1","max-image-preview":"max-image-preview:large","max-video-preview":"max-video-preview:-1"},"canonical":"https:\/\/www.manaus.am.gov.br\/ccc\/boletins\/","og_locale":"pt_BR","og_type":"article","og_title":"Boletins - CCC","og_url":"https:\/\/www.manaus.am.gov.br\/ccc\/boletins\/","og_site_name":"CCC","article_modified_time":"2023-11-07T15:20:39+00:00","og_image":[{"width":966,"height":520,"url":"https:\/\/www.manaus.am.gov.br\/ccc\/wp-content\/uploads\/sites\/4\/2024\/07\/thumb-default-2.png","type":"image\/png"}],"twitter_card":"summary_large_image","twitter_misc":{"Est. reading time":"1 minuto"},"schema":{"@context":"https:\/\/schema.org","@graph":[{"@type":"WebPage","@id":"https:\/\/www.manaus.am.gov.br\/ccc\/boletins\/","url":"https:\/\/www.manaus.am.gov.br\/ccc\/boletins\/","name":"Boletins - CCC","isPartOf":{"@id":"https:\/\/www.manaus.am.gov.br\/ccc\/#website"},"datePublished":"2022-12-21T13:13:35+00:00","dateModified":"2023-11-07T15:20:39+00:00","inLanguage":"pt-BR","potentialAction":[{"@type":"ReadAction","target":["https:\/\/www.manaus.am.gov.br\/ccc\/boletins\/"]}]},{"@type":"WebSite","@id":"https:\/\/www.manaus.am.gov.br\/ccc\/#website","url":"https:\/\/www.manaus.am.gov.br\/ccc\/","name":"CCC","description":"Centro de Coopera\u00e7\u00e3o da Cidade","alternateName":"Centro de Coopera\u00e7\u00e3o da Cidade","potentialAction":[{"@type":"SearchAction","target":{"@type":"EntryPoint","urlTemplate":"https:\/\/www.manaus.am.gov.br\/ccc\/?s={search_term_string}"},"query-input":"required name=search_term_string"}],"inLanguage":"pt-BR"}]}},"_links":{"self":[{"href":"https:\/\/www.manaus.am.gov.br\/ccc\/wp-json\/wp\/v2\/pages\/144"}],"collection":[{"href":"https:\/\/www.manaus.am.gov.br\/ccc\/wp-json\/wp\/v2\/pages"}],"about":[{"href":"https:\/\/www.manaus.am.gov.br\/ccc\/wp-json\/wp\/v2\/types\/page"}],"author":[{"embeddable":true,"href":"https:\/\/www.manaus.am.gov.br\/ccc\/wp-json\/wp\/v2\/users\/27"}],"replies":[{"embeddable":true,"href":"https:\/\/www.manaus.am.gov.br\/ccc\/wp-json\/wp\/v2\/comments?post=144"}],"version-history":[{"count":3,"href":"https:\/\/www.manaus.am.gov.br\/ccc\/wp-json\/wp\/v2\/pages\/144\/revisions"}],"predecessor-version":[{"id":208,"href":"https:\/\/www.manaus.am.gov.br\/ccc\/wp-json\/wp\/v2\/pages\/144\/revisions\/208"}],"wp:attachment":[{"href":"https:\/\/www.manaus.am.gov.br\/ccc\/wp-json\/wp\/v2\/media?parent=144"}],"curies":[{"name":"wp","href":"https:\/\/api.w.org\/{rel}","templated":true}]}}