{"id":125,"date":"2022-12-21T08:58:18","date_gmt":"2022-12-21T12:58:18","guid":{"rendered":"https:\/\/www.manaus.am.gov.br\/ccc\/?page_id=125"},"modified":"2023-07-07T08:24:09","modified_gmt":"2023-07-07T12:24:09","slug":"sobre","status":"publish","type":"page","link":"https:\/\/www.manaus.am.gov.br\/ccc\/centro-de-cooperacao-da-cidade-de-manaus-ccc\/sobre\/","title":{"rendered":"Sobre"},"content":{"rendered":"\n<p>O Centro de Coopera\u00e7\u00e3o da Cidade foi criado a partir da Lei N.\u00ba 2.621, de 1\u00ba de julho de 2020, publicada na edi\u00e7\u00e3o 4.872 do Di\u00e1rio Oficial. O CCC faz parte da estrutura administrativa da Casa Civil para cumprimento das seguintes finalidades:<\/p>\n\n\n\n<p>Atender \u00e0s crescentes demandas de Manaus, especialmente nas \u00e1reas de tr\u00e2nsito, transporte p\u00fablico, sa\u00fade, educa\u00e7\u00e3o, defesa civil e meio ambiente, por meio de uso de recursos de tecnologia da informa\u00e7\u00e3o de integra\u00e7\u00e3o entre \u00f3rg\u00e3os e entidades do Executivo Municipal;<\/p>\n\n\n\n<p>Atuar, de forma centralizada e integrada, nas ocorr\u00eancias de crises, urg\u00eancias e emerg\u00eancias, por meio de mobiliza\u00e7\u00e3o de equipes e recursos necess\u00e1rios, divulga\u00e7\u00e3o de informa\u00e7\u00f5es aos meios de comunica\u00e7\u00e3o e demais a\u00e7\u00f5es correlacionadas, assim como preventivamente, por meio de proposi\u00e7\u00e3o de planos de gest\u00e3o e opera\u00e7\u00e3o, gera\u00e7\u00e3o de dados e informa\u00e7\u00f5es, planejamento, gest\u00e3o de riscos, gest\u00e3o de mudan\u00e7as e gerenciamento de desastres naturais.<\/p>\n\n\n\n<p>Inaugurado em agosto de 2020, o local veio para funcionar como uma grande sala de monitoramento e gerenciamento de crise, integrando o trabalho de diversas secretarias municipais, dando maior celeridade \u00e0s demandas da capital.<\/p>\n","protected":false},"excerpt":{"rendered":"","protected":false},"author":27,"featured_media":0,"parent":137,"menu_order":0,"comment_status":"closed","ping_status":"closed","template":"templates\/turismo.php","meta":{"footnotes":""},"acf":[],"yoast_head":"<!-- This site is optimized with the Yoast SEO plugin v23.0 - https:\/\/yoast.com\/wordpress\/plugins\/seo\/ -->\n<title>Sobre - Centro de Coopera\u00e7\u00e3o da Cidade - CCC<\/title>\n<meta name=\"robots\" content=\"index, follow, max-snippet:-1, max-image-preview:large, max-video-preview:-1\" \/>\n<link rel=\"canonical\" href=\"https:\/\/www.manaus.am.gov.br\/ccc\/centro-de-cooperacao-da-cidade-de-manaus-ccc\/sobre\/\" \/>\n<meta property=\"og:locale\" content=\"pt_BR\" \/>\n<meta property=\"og:type\" content=\"article\" \/>\n<meta property=\"og:title\" content=\"Sobre - Centro de Coopera\u00e7\u00e3o da Cidade - CCC\" \/>\n<meta property=\"og:url\" content=\"https:\/\/www.manaus.am.gov.br\/ccc\/centro-de-cooperacao-da-cidade-de-manaus-ccc\/sobre\/\" \/>\n<meta property=\"og:site_name\" content=\"CCC\" \/>\n<meta property=\"article:modified_time\" content=\"2023-07-07T12:24:09+00:00\" \/>\n<meta property=\"og:image\" content=\"https:\/\/www.manaus.am.gov.br\/ccc\/wp-content\/uploads\/sites\/4\/2024\/07\/thumb-default-2.png\" \/>\n\t<meta property=\"og:image:width\" content=\"966\" \/>\n\t<meta property=\"og:image:height\" content=\"520\" \/>\n\t<meta property=\"og:image:type\" content=\"image\/png\" \/>\n<meta name=\"twitter:card\" content=\"summary_large_image\" \/>\n<meta name=\"twitter:label1\" content=\"Est. reading time\" \/>\n\t<meta name=\"twitter:data1\" content=\"1 minuto\" \/>\n<script type=\"application\/ld+json\" class=\"yoast-schema-graph\">{\"@context\":\"https:\/\/schema.org\",\"@graph\":[{\"@type\":\"WebPage\",\"@id\":\"https:\/\/www.manaus.am.gov.br\/ccc\/centro-de-cooperacao-da-cidade-de-manaus-ccc\/sobre\/\",\"url\":\"https:\/\/www.manaus.am.gov.br\/ccc\/centro-de-cooperacao-da-cidade-de-manaus-ccc\/sobre\/\",\"name\":\"Sobre - Centro de Coopera\u00e7\u00e3o da Cidade - CCC\",\"isPartOf\":{\"@id\":\"https:\/\/www.manaus.am.gov.br\/ccc\/#website\"},\"datePublished\":\"2022-12-21T12:58:18+00:00\",\"dateModified\":\"2023-07-07T12:24:09+00:00\",\"breadcrumb\":{\"@id\":\"https:\/\/www.manaus.am.gov.br\/ccc\/centro-de-cooperacao-da-cidade-de-manaus-ccc\/sobre\/#breadcrumb\"},\"inLanguage\":\"pt-BR\",\"potentialAction\":[{\"@type\":\"ReadAction\",\"target\":[\"https:\/\/www.manaus.am.gov.br\/ccc\/centro-de-cooperacao-da-cidade-de-manaus-ccc\/sobre\/\"]}]},{\"@type\":\"BreadcrumbList\",\"@id\":\"https:\/\/www.manaus.am.gov.br\/ccc\/centro-de-cooperacao-da-cidade-de-manaus-ccc\/sobre\/#breadcrumb\",\"itemListElement\":[{\"@type\":\"ListItem\",\"position\":1,\"name\":\"CENTRO DE COOPERA\u00c7\u00c3O DA CIDADE (CCC)\",\"item\":\"https:\/\/www.manaus.am.gov.br\/ccc\/centro-de-cooperacao-da-cidade-de-manaus-ccc\/\"},{\"@type\":\"ListItem\",\"position\":2,\"name\":\"Sobre\"}]},{\"@type\":\"WebSite\",\"@id\":\"https:\/\/www.manaus.am.gov.br\/ccc\/#website\",\"url\":\"https:\/\/www.manaus.am.gov.br\/ccc\/\",\"name\":\"CCC\",\"description\":\"Centro de Coopera\u00e7\u00e3o da Cidade\",\"alternateName\":\"Centro de Coopera\u00e7\u00e3o da Cidade\",\"potentialAction\":[{\"@type\":\"SearchAction\",\"target\":{\"@type\":\"EntryPoint\",\"urlTemplate\":\"https:\/\/www.manaus.am.gov.br\/ccc\/?s={search_term_string}\"},\"query-input\":\"required name=search_term_string\"}],\"inLanguage\":\"pt-BR\"}]}<\/script>\n<!-- \/ Yoast SEO plugin. -->","yoast_head_json":{"title":"Sobre - Centro de Coopera\u00e7\u00e3o da Cidade - CCC","robots":{"index":"index","follow":"follow","max-snippet":"max-snippet:-1","max-image-preview":"max-image-preview:large","max-video-preview":"max-video-preview:-1"},"canonical":"https:\/\/www.manaus.am.gov.br\/ccc\/centro-de-cooperacao-da-cidade-de-manaus-ccc\/sobre\/","og_locale":"pt_BR","og_type":"article","og_title":"Sobre - Centro de Coopera\u00e7\u00e3o da Cidade - CCC","og_url":"https:\/\/www.manaus.am.gov.br\/ccc\/centro-de-cooperacao-da-cidade-de-manaus-ccc\/sobre\/","og_site_name":"CCC","article_modified_time":"2023-07-07T12:24:09+00:00","og_image":[{"width":966,"height":520,"url":"https:\/\/www.manaus.am.gov.br\/ccc\/wp-content\/uploads\/sites\/4\/2024\/07\/thumb-default-2.png","type":"image\/png"}],"twitter_card":"summary_large_image","twitter_misc":{"Est. reading time":"1 minuto"},"schema":{"@context":"https:\/\/schema.org","@graph":[{"@type":"WebPage","@id":"https:\/\/www.manaus.am.gov.br\/ccc\/centro-de-cooperacao-da-cidade-de-manaus-ccc\/sobre\/","url":"https:\/\/www.manaus.am.gov.br\/ccc\/centro-de-cooperacao-da-cidade-de-manaus-ccc\/sobre\/","name":"Sobre - Centro de Coopera\u00e7\u00e3o da Cidade - CCC","isPartOf":{"@id":"https:\/\/www.manaus.am.gov.br\/ccc\/#website"},"datePublished":"2022-12-21T12:58:18+00:00","dateModified":"2023-07-07T12:24:09+00:00","breadcrumb":{"@id":"https:\/\/www.manaus.am.gov.br\/ccc\/centro-de-cooperacao-da-cidade-de-manaus-ccc\/sobre\/#breadcrumb"},"inLanguage":"pt-BR","potentialAction":[{"@type":"ReadAction","target":["https:\/\/www.manaus.am.gov.br\/ccc\/centro-de-cooperacao-da-cidade-de-manaus-ccc\/sobre\/"]}]},{"@type":"BreadcrumbList","@id":"https:\/\/www.manaus.am.gov.br\/ccc\/centro-de-cooperacao-da-cidade-de-manaus-ccc\/sobre\/#breadcrumb","itemListElement":[{"@type":"ListItem","position":1,"name":"CENTRO DE COOPERA\u00c7\u00c3O DA CIDADE (CCC)","item":"https:\/\/www.manaus.am.gov.br\/ccc\/centro-de-cooperacao-da-cidade-de-manaus-ccc\/"},{"@type":"ListItem","position":2,"name":"Sobre"}]},{"@type":"WebSite","@id":"https:\/\/www.manaus.am.gov.br\/ccc\/#website","url":"https:\/\/www.manaus.am.gov.br\/ccc\/","name":"CCC","description":"Centro de Coopera\u00e7\u00e3o da Cidade","alternateName":"Centro de Coopera\u00e7\u00e3o da Cidade","potentialAction":[{"@type":"SearchAction","target":{"@type":"EntryPoint","urlTemplate":"https:\/\/www.manaus.am.gov.br\/ccc\/?s={search_term_string}"},"query-input":"required name=search_term_string"}],"inLanguage":"pt-BR"}]}},"_links":{"self":[{"href":"https:\/\/www.manaus.am.gov.br\/ccc\/wp-json\/wp\/v2\/pages\/125"}],"collection":[{"href":"https:\/\/www.manaus.am.gov.br\/ccc\/wp-json\/wp\/v2\/pages"}],"about":[{"href":"https:\/\/www.manaus.am.gov.br\/ccc\/wp-json\/wp\/v2\/types\/page"}],"author":[{"embeddable":true,"href":"https:\/\/www.manaus.am.gov.br\/ccc\/wp-json\/wp\/v2\/users\/27"}],"replies":[{"embeddable":true,"href":"https:\/\/www.manaus.am.gov.br\/ccc\/wp-json\/wp\/v2\/comments?post=125"}],"version-history":[{"count":5,"href":"https:\/\/www.manaus.am.gov.br\/ccc\/wp-json\/wp\/v2\/pages\/125\/revisions"}],"predecessor-version":[{"id":414,"href":"https:\/\/www.manaus.am.gov.br\/ccc\/wp-json\/wp\/v2\/pages\/125\/revisions\/414"}],"up":[{"embeddable":true,"href":"https:\/\/www.manaus.am.gov.br\/ccc\/wp-json\/wp\/v2\/pages\/137"}],"wp:attachment":[{"href":"https:\/\/www.manaus.am.gov.br\/ccc\/wp-json\/wp\/v2\/media?parent=125"}],"curies":[{"name":"wp","href":"https:\/\/api.w.org\/{rel}","templated":true}]}}