{"id":114,"date":"2023-02-01T09:57:12","date_gmt":"2023-02-01T13:57:12","guid":{"rendered":"https:\/\/www.manaus.am.gov.br\/casa-militar\/?page_id=114"},"modified":"2024-07-15T08:25:33","modified_gmt":"2024-07-15T12:25:33","slug":"alistamento-militar","status":"publish","type":"page","link":"https:\/\/www.manaus.am.gov.br\/casa-militar\/junta-do-servico-militar\/alistamento-militar\/","title":{"rendered":"Alistamento Militar"},"content":{"rendered":"\n<h2 class=\"wp-block-heading\"><a href=\"https:\/\/agendamentomilitar.manaus.am.gov.br\/cadastro\" target=\"_blank\" rel=\"noreferrer noopener\">Fa\u00e7a seu agendamento aqui<\/a><\/h2>\n\n\n\n<p>O certificado de alistamento militar (CAM) \u00e9 um documento expedido pela Junta de Servi\u00e7o Militar aos jovens do sexo masculino no ano em que completam 18 anos. O Alistamento ser\u00e1 realizado de forma online no site: www.alistamento.eb.mil.br, o per\u00edodo para que o jovem se aliste decorre de 1\u00ba de janeiro a 30 de junho do ano em que completa 18 anos. Os jovens que t\u00eam mais de 18 anos devem realizar seu alistamento de forma presencial, para isso deve agendar previamente o seu atendimento.<\/p>\n\n\n\n<h3 class=\"wp-block-heading\">Servi\u00e7os:<\/h3>\n\n\n\n<p>Alistamento Militar;<br>Certificado de Dispensa de Incorpora\u00e7\u00e3o;<br>Certificado de Isen\u00e7\u00e3o;<br>Certificado de Dispensa do Servi\u00e7o Alternativo;<br>Atestado de desobrigado do Servi\u00e7o Militar;<br>Adiamento de Incorpora\u00e7\u00e3o;<br>2\u00aa Via de reservistas de cidad\u00e3os que Serviram em outros munic\u00edpios ou Estados<\/p>\n\n\n\n<h3 class=\"wp-block-heading\">Hor\u00e1rio de Funcionamento:<\/h3>\n\n\n\n<p>Segunda \u00e0 Sexta \u2013 08h00 \u00e0s 13h00<\/p>\n\n\n\n<h3 class=\"wp-block-heading\">Endere\u00e7o:<\/h3>\n\n\n\n<p>Endere\u00e7o: Avenida Compensa, N\u00b0 770, Vila da Prata &#8211; Manaus, AM &#8211; 69030 575<\/p>\n\n\n\n<h3 class=\"wp-block-heading\">Informa\u00e7\u00f5es:<\/h3>\n\n\n\n<p>(92) 98842-1342<\/p>\n","protected":false},"excerpt":{"rendered":"","protected":false},"author":27,"featured_media":0,"parent":107,"menu_order":2,"comment_status":"closed","ping_status":"closed","template":"templates\/turismo.php","meta":{"footnotes":""},"acf":[],"yoast_head":"<!-- This site is optimized with the Yoast SEO plugin v23.0 - https:\/\/yoast.com\/wordpress\/plugins\/seo\/ -->\n<title>Alistamento Militar - CASA MILITAR<\/title>\n<meta name=\"robots\" content=\"noindex, follow\" \/>\n<meta property=\"og:locale\" content=\"pt_BR\" \/>\n<meta property=\"og:type\" content=\"article\" \/>\n<meta property=\"og:title\" content=\"Alistamento Militar - CASA MILITAR\" \/>\n<meta property=\"og:url\" content=\"https:\/\/www.manaus.am.gov.br\/casa-militar\/junta-do-servico-militar\/alistamento-militar\/\" \/>\n<meta property=\"og:site_name\" content=\"CASA MILITAR\" \/>\n<meta property=\"article:modified_time\" content=\"2024-07-15T12:25:33+00:00\" \/>\n<meta name=\"twitter:card\" content=\"summary_large_image\" \/>\n<meta name=\"twitter:label1\" content=\"Est. reading time\" \/>\n\t<meta name=\"twitter:data1\" content=\"1 minuto\" \/>\n<script type=\"application\/ld+json\" class=\"yoast-schema-graph\">{\"@context\":\"https:\/\/schema.org\",\"@graph\":[{\"@type\":\"WebPage\",\"@id\":\"https:\/\/www.manaus.am.gov.br\/casa-militar\/junta-do-servico-militar\/alistamento-militar\/\",\"url\":\"https:\/\/www.manaus.am.gov.br\/casa-militar\/junta-do-servico-militar\/alistamento-militar\/\",\"name\":\"Alistamento Militar - CASA MILITAR\",\"isPartOf\":{\"@id\":\"https:\/\/www.manaus.am.gov.br\/casa-militar\/#website\"},\"datePublished\":\"2023-02-01T13:57:12+00:00\",\"dateModified\":\"2024-07-15T12:25:33+00:00\",\"breadcrumb\":{\"@id\":\"https:\/\/www.manaus.am.gov.br\/casa-militar\/junta-do-servico-militar\/alistamento-militar\/#breadcrumb\"},\"inLanguage\":\"pt-BR\",\"potentialAction\":[{\"@type\":\"ReadAction\",\"target\":[\"https:\/\/www.manaus.am.gov.br\/casa-militar\/junta-do-servico-militar\/alistamento-militar\/\"]}]},{\"@type\":\"BreadcrumbList\",\"@id\":\"https:\/\/www.manaus.am.gov.br\/casa-militar\/junta-do-servico-militar\/alistamento-militar\/#breadcrumb\",\"itemListElement\":[{\"@type\":\"ListItem\",\"position\":1,\"name\":\"JUNTA DO SERVI\u00c7O MILITAR\",\"item\":\"https:\/\/www.manaus.am.gov.br\/casa-militar\/junta-do-servico-militar\/\"},{\"@type\":\"ListItem\",\"position\":2,\"name\":\"Alistamento Militar\"}]},{\"@type\":\"WebSite\",\"@id\":\"https:\/\/www.manaus.am.gov.br\/casa-militar\/#website\",\"url\":\"https:\/\/www.manaus.am.gov.br\/casa-militar\/\",\"name\":\"CASA MILITAR\",\"description\":\"Casa Militar\",\"alternateName\":\"Casa Militar\",\"potentialAction\":[{\"@type\":\"SearchAction\",\"target\":{\"@type\":\"EntryPoint\",\"urlTemplate\":\"https:\/\/www.manaus.am.gov.br\/casa-militar\/?s={search_term_string}\"},\"query-input\":\"required name=search_term_string\"}],\"inLanguage\":\"pt-BR\"}]}<\/script>\n<!-- \/ Yoast SEO plugin. -->","yoast_head_json":{"title":"Alistamento Militar - CASA MILITAR","robots":{"index":"noindex","follow":"follow"},"og_locale":"pt_BR","og_type":"article","og_title":"Alistamento Militar - CASA MILITAR","og_url":"https:\/\/www.manaus.am.gov.br\/casa-militar\/junta-do-servico-militar\/alistamento-militar\/","og_site_name":"CASA MILITAR","article_modified_time":"2024-07-15T12:25:33+00:00","twitter_card":"summary_large_image","twitter_misc":{"Est. reading time":"1 minuto"},"schema":{"@context":"https:\/\/schema.org","@graph":[{"@type":"WebPage","@id":"https:\/\/www.manaus.am.gov.br\/casa-militar\/junta-do-servico-militar\/alistamento-militar\/","url":"https:\/\/www.manaus.am.gov.br\/casa-militar\/junta-do-servico-militar\/alistamento-militar\/","name":"Alistamento Militar - CASA MILITAR","isPartOf":{"@id":"https:\/\/www.manaus.am.gov.br\/casa-militar\/#website"},"datePublished":"2023-02-01T13:57:12+00:00","dateModified":"2024-07-15T12:25:33+00:00","breadcrumb":{"@id":"https:\/\/www.manaus.am.gov.br\/casa-militar\/junta-do-servico-militar\/alistamento-militar\/#breadcrumb"},"inLanguage":"pt-BR","potentialAction":[{"@type":"ReadAction","target":["https:\/\/www.manaus.am.gov.br\/casa-militar\/junta-do-servico-militar\/alistamento-militar\/"]}]},{"@type":"BreadcrumbList","@id":"https:\/\/www.manaus.am.gov.br\/casa-militar\/junta-do-servico-militar\/alistamento-militar\/#breadcrumb","itemListElement":[{"@type":"ListItem","position":1,"name":"JUNTA DO SERVI\u00c7O MILITAR","item":"https:\/\/www.manaus.am.gov.br\/casa-militar\/junta-do-servico-militar\/"},{"@type":"ListItem","position":2,"name":"Alistamento Militar"}]},{"@type":"WebSite","@id":"https:\/\/www.manaus.am.gov.br\/casa-militar\/#website","url":"https:\/\/www.manaus.am.gov.br\/casa-militar\/","name":"CASA MILITAR","description":"Casa Militar","alternateName":"Casa Militar","potentialAction":[{"@type":"SearchAction","target":{"@type":"EntryPoint","urlTemplate":"https:\/\/www.manaus.am.gov.br\/casa-militar\/?s={search_term_string}"},"query-input":"required name=search_term_string"}],"inLanguage":"pt-BR"}]}},"_links":{"self":[{"href":"https:\/\/www.manaus.am.gov.br\/casa-militar\/wp-json\/wp\/v2\/pages\/114"}],"collection":[{"href":"https:\/\/www.manaus.am.gov.br\/casa-militar\/wp-json\/wp\/v2\/pages"}],"about":[{"href":"https:\/\/www.manaus.am.gov.br\/casa-militar\/wp-json\/wp\/v2\/types\/page"}],"author":[{"embeddable":true,"href":"https:\/\/www.manaus.am.gov.br\/casa-militar\/wp-json\/wp\/v2\/users\/27"}],"replies":[{"embeddable":true,"href":"https:\/\/www.manaus.am.gov.br\/casa-militar\/wp-json\/wp\/v2\/comments?post=114"}],"version-history":[{"count":9,"href":"https:\/\/www.manaus.am.gov.br\/casa-militar\/wp-json\/wp\/v2\/pages\/114\/revisions"}],"predecessor-version":[{"id":208156,"href":"https:\/\/www.manaus.am.gov.br\/casa-militar\/wp-json\/wp\/v2\/pages\/114\/revisions\/208156"}],"up":[{"embeddable":true,"href":"https:\/\/www.manaus.am.gov.br\/casa-militar\/wp-json\/wp\/v2\/pages\/107"}],"wp:attachment":[{"href":"https:\/\/www.manaus.am.gov.br\/casa-militar\/wp-json\/wp\/v2\/media?parent=114"}],"curies":[{"name":"wp","href":"https:\/\/api.w.org\/{rel}","templated":true}]}}