{"id":109,"date":"2023-02-01T09:53:51","date_gmt":"2023-02-01T13:53:51","guid":{"rendered":"https:\/\/www.manaus.am.gov.br\/casa-militar\/?page_id=109"},"modified":"2024-07-15T08:25:20","modified_gmt":"2024-07-15T12:25:20","slug":"sobre-a-junta-do-servico-militar","status":"publish","type":"page","link":"https:\/\/www.manaus.am.gov.br\/casa-militar\/junta-do-servico-militar\/sobre-a-junta-do-servico-militar\/","title":{"rendered":"Sobre"},"content":{"rendered":"\n<p>A Junta do Servi\u00e7o Militar \u00e9 um \u00f3rg\u00e3o administrado pela prefeitura, onde \u00e9 poss\u00edvel fazer o alistamento militar, obrigat\u00f3rio para os jovens do sexo masculino que estejam completando 18 anos no ano do alistamento. Respons\u00e1vel por toda a etapa burocr\u00e1tica no processo de alistamento, a 34\u00aa Junta do Servi\u00e7o Militar de Manaus atendeu, em 2021, aproximadamente, 150 mil jovens e adultos.<\/p>\n\n\n\n<p>Para atender essa demanda, al\u00e9m da sede pr\u00f3pria, foram instalados 4 postos de atendimentos pela cidade. Esses postos est\u00e3o localizados nos PAC\u2019s dos bairros Alvorada, Cidade Nova, Compensa e S\u00e3o Jos\u00e9.<\/p>\n\n\n\n<p>Al\u00e9m do servi\u00e7o de alistamento militar, a 34\u00aa JSM oferece outros servi\u00e7os \u00e0 popula\u00e7\u00e3o, como a emiss\u00e3o de documentos militares e a regulariza\u00e7\u00e3o militar.<\/p>\n","protected":false},"excerpt":{"rendered":"","protected":false},"author":27,"featured_media":0,"parent":107,"menu_order":0,"comment_status":"closed","ping_status":"closed","template":"templates\/turismo.php","meta":{"footnotes":""},"acf":[],"yoast_head":"<!-- This site is optimized with the Yoast SEO plugin v23.0 - https:\/\/yoast.com\/wordpress\/plugins\/seo\/ -->\n<title>Sobre - CASA MILITAR<\/title>\n<meta name=\"robots\" content=\"noindex, follow\" \/>\n<meta property=\"og:locale\" content=\"pt_BR\" \/>\n<meta property=\"og:type\" content=\"article\" \/>\n<meta property=\"og:title\" content=\"Sobre - CASA MILITAR\" \/>\n<meta property=\"og:url\" content=\"https:\/\/www.manaus.am.gov.br\/casa-militar\/junta-do-servico-militar\/sobre-a-junta-do-servico-militar\/\" \/>\n<meta property=\"og:site_name\" content=\"CASA MILITAR\" \/>\n<meta property=\"article:modified_time\" content=\"2024-07-15T12:25:20+00:00\" \/>\n<meta name=\"twitter:card\" content=\"summary_large_image\" \/>\n<meta name=\"twitter:label1\" content=\"Est. reading time\" \/>\n\t<meta name=\"twitter:data1\" content=\"1 minuto\" \/>\n<script type=\"application\/ld+json\" class=\"yoast-schema-graph\">{\"@context\":\"https:\/\/schema.org\",\"@graph\":[{\"@type\":\"WebPage\",\"@id\":\"https:\/\/www.manaus.am.gov.br\/casa-militar\/junta-do-servico-militar\/sobre-a-junta-do-servico-militar\/\",\"url\":\"https:\/\/www.manaus.am.gov.br\/casa-militar\/junta-do-servico-militar\/sobre-a-junta-do-servico-militar\/\",\"name\":\"Sobre - CASA MILITAR\",\"isPartOf\":{\"@id\":\"https:\/\/www.manaus.am.gov.br\/casa-militar\/#website\"},\"datePublished\":\"2023-02-01T13:53:51+00:00\",\"dateModified\":\"2024-07-15T12:25:20+00:00\",\"breadcrumb\":{\"@id\":\"https:\/\/www.manaus.am.gov.br\/casa-militar\/junta-do-servico-militar\/sobre-a-junta-do-servico-militar\/#breadcrumb\"},\"inLanguage\":\"pt-BR\",\"potentialAction\":[{\"@type\":\"ReadAction\",\"target\":[\"https:\/\/www.manaus.am.gov.br\/casa-militar\/junta-do-servico-militar\/sobre-a-junta-do-servico-militar\/\"]}]},{\"@type\":\"BreadcrumbList\",\"@id\":\"https:\/\/www.manaus.am.gov.br\/casa-militar\/junta-do-servico-militar\/sobre-a-junta-do-servico-militar\/#breadcrumb\",\"itemListElement\":[{\"@type\":\"ListItem\",\"position\":1,\"name\":\"JUNTA DO SERVI\u00c7O MILITAR\",\"item\":\"https:\/\/www.manaus.am.gov.br\/casa-militar\/junta-do-servico-militar\/\"},{\"@type\":\"ListItem\",\"position\":2,\"name\":\"Sobre\"}]},{\"@type\":\"WebSite\",\"@id\":\"https:\/\/www.manaus.am.gov.br\/casa-militar\/#website\",\"url\":\"https:\/\/www.manaus.am.gov.br\/casa-militar\/\",\"name\":\"CASA MILITAR\",\"description\":\"Casa Militar\",\"alternateName\":\"Casa Militar\",\"potentialAction\":[{\"@type\":\"SearchAction\",\"target\":{\"@type\":\"EntryPoint\",\"urlTemplate\":\"https:\/\/www.manaus.am.gov.br\/casa-militar\/?s={search_term_string}\"},\"query-input\":\"required name=search_term_string\"}],\"inLanguage\":\"pt-BR\"}]}<\/script>\n<!-- \/ Yoast SEO plugin. -->","yoast_head_json":{"title":"Sobre - CASA MILITAR","robots":{"index":"noindex","follow":"follow"},"og_locale":"pt_BR","og_type":"article","og_title":"Sobre - CASA MILITAR","og_url":"https:\/\/www.manaus.am.gov.br\/casa-militar\/junta-do-servico-militar\/sobre-a-junta-do-servico-militar\/","og_site_name":"CASA MILITAR","article_modified_time":"2024-07-15T12:25:20+00:00","twitter_card":"summary_large_image","twitter_misc":{"Est. reading time":"1 minuto"},"schema":{"@context":"https:\/\/schema.org","@graph":[{"@type":"WebPage","@id":"https:\/\/www.manaus.am.gov.br\/casa-militar\/junta-do-servico-militar\/sobre-a-junta-do-servico-militar\/","url":"https:\/\/www.manaus.am.gov.br\/casa-militar\/junta-do-servico-militar\/sobre-a-junta-do-servico-militar\/","name":"Sobre - CASA MILITAR","isPartOf":{"@id":"https:\/\/www.manaus.am.gov.br\/casa-militar\/#website"},"datePublished":"2023-02-01T13:53:51+00:00","dateModified":"2024-07-15T12:25:20+00:00","breadcrumb":{"@id":"https:\/\/www.manaus.am.gov.br\/casa-militar\/junta-do-servico-militar\/sobre-a-junta-do-servico-militar\/#breadcrumb"},"inLanguage":"pt-BR","potentialAction":[{"@type":"ReadAction","target":["https:\/\/www.manaus.am.gov.br\/casa-militar\/junta-do-servico-militar\/sobre-a-junta-do-servico-militar\/"]}]},{"@type":"BreadcrumbList","@id":"https:\/\/www.manaus.am.gov.br\/casa-militar\/junta-do-servico-militar\/sobre-a-junta-do-servico-militar\/#breadcrumb","itemListElement":[{"@type":"ListItem","position":1,"name":"JUNTA DO SERVI\u00c7O MILITAR","item":"https:\/\/www.manaus.am.gov.br\/casa-militar\/junta-do-servico-militar\/"},{"@type":"ListItem","position":2,"name":"Sobre"}]},{"@type":"WebSite","@id":"https:\/\/www.manaus.am.gov.br\/casa-militar\/#website","url":"https:\/\/www.manaus.am.gov.br\/casa-militar\/","name":"CASA MILITAR","description":"Casa Militar","alternateName":"Casa Militar","potentialAction":[{"@type":"SearchAction","target":{"@type":"EntryPoint","urlTemplate":"https:\/\/www.manaus.am.gov.br\/casa-militar\/?s={search_term_string}"},"query-input":"required name=search_term_string"}],"inLanguage":"pt-BR"}]}},"_links":{"self":[{"href":"https:\/\/www.manaus.am.gov.br\/casa-militar\/wp-json\/wp\/v2\/pages\/109"}],"collection":[{"href":"https:\/\/www.manaus.am.gov.br\/casa-militar\/wp-json\/wp\/v2\/pages"}],"about":[{"href":"https:\/\/www.manaus.am.gov.br\/casa-militar\/wp-json\/wp\/v2\/types\/page"}],"author":[{"embeddable":true,"href":"https:\/\/www.manaus.am.gov.br\/casa-militar\/wp-json\/wp\/v2\/users\/27"}],"replies":[{"embeddable":true,"href":"https:\/\/www.manaus.am.gov.br\/casa-militar\/wp-json\/wp\/v2\/comments?post=109"}],"version-history":[{"count":5,"href":"https:\/\/www.manaus.am.gov.br\/casa-militar\/wp-json\/wp\/v2\/pages\/109\/revisions"}],"predecessor-version":[{"id":208154,"href":"https:\/\/www.manaus.am.gov.br\/casa-militar\/wp-json\/wp\/v2\/pages\/109\/revisions\/208154"}],"up":[{"embeddable":true,"href":"https:\/\/www.manaus.am.gov.br\/casa-militar\/wp-json\/wp\/v2\/pages\/107"}],"wp:attachment":[{"href":"https:\/\/www.manaus.am.gov.br\/casa-militar\/wp-json\/wp\/v2\/media?parent=109"}],"curies":[{"name":"wp","href":"https:\/\/api.w.org\/{rel}","templated":true}]}}